{"id":265,"date":"2022-11-02T08:12:51","date_gmt":"2022-11-02T08:12:51","guid":{"rendered":"https:\/\/www.grandhyamshotel.com\/about-us\/"},"modified":"2023-03-16T09:08:28","modified_gmt":"2023-03-16T09:08:28","slug":"about-us","status":"publish","type":"page","link":"https:\/\/www.grandhyamshotel.com\/vi\/about-us\/","title":{"rendered":"V\u1ec1 Ch\u00fang T\u00f4i"},"content":{"rendered":"<p style=\"text-align: center\">T\u1ecda l\u1ea1c t\u1ea1i trung t\u00e2m th\u00e0nh ph\u1ed1 Quy Nh\u01a1n, c\u00e1ch b\u1edd bi\u1ec3n ch\u1ec9 v\u00e0i b\u01b0\u1edbc ch\u00e2n, Grand Hyams Hotel \u2013 Quy Nh\u01a1n Beach l\u00e0 kh\u00e1ch s\u1ea1n mang \u0111\u1ebfn kh\u00f4ng gian ngh\u1ec9 d\u01b0\u1ee1ng y\u00ean b\u00ecnh, ti\u1ec7n nghi v\u00e0 d\u1ecbch v\u1ee5 chu\u1ea9n n\u0103m sao qu\u1ed1c t\u1ebf \u2013 n\u01a1i du kh\u00e1ch c\u00f3 th\u1ec3 t\u1ef1 do gi\u1ea3i ph\u00f3ng t\u00e2m tr\u00ed v\u00e0 t\u1eadn h\u01b0\u1edfng phong c\u00e1ch s\u1ed1ng theo chu\u1ea9n m\u1ef1c ri\u00eang, v\u01b0\u1ee3t l\u00ean tr\u00ean c\u00e1c nhu c\u1ea7u ngh\u1ec9 d\u01b0\u1ee1ng th\u00f4ng th\u01b0\u1eddng.<\/p>\n<p style=\"text-align: center\">T\u00ean g\u1ecdi l\u1ea5y c\u1ea3m h\u1ee9ng t\u1eeb b\u00e3i bi\u1ec3n Hyams c\u1ee7a v\u1ecbnh Jervis mi\u1ec1n Nam n\u01b0\u1edbc \u00dac, \u0111i\u1ec3m \u0111\u1ebfn du l\u1ecbch n\u1ed5i ti\u1ebfng \u0111\u01b0\u1ee3c s\u00e1ch k\u1ef7 l\u1ee5c Guiness c\u00f4ng nh\u1eadn c\u00f3 b\u1edd c\u00e1t tr\u1eafng nh\u1ea5t th\u1ebf gi\u1edbi, Grand Hyams Hotel Quy Nh\u01a1n Beach gi\u00fap du kh\u00e1ch d\u1ec5 d\u00e0ng t\u1eadn h\u01b0\u1edfng v\u1ebb \u0111\u1eb9p nguy\u00ean s\u01a1 c\u1ee7a Quy Nh\u01a1n, t\u00ecm hi\u1ec3u d\u1ea5u \u1ea5n v\u0103n h\u00f3a Ch\u0103m Pa, vi\u1ebfng th\u0103m c\u00e1c \u0111\u1ecba danh l\u1ecbch s\u1eed v\u00e0 th\u01b0\u1edfng th\u1ee9c \u1ea9m th\u1ef1c \u0111\u1eb7c s\u1eafc mi\u1ec1n duy\u00ean h\u1ea3i. \u201cHy-ams\u201d c\u00f2n l\u00e0 t\u1eeb \u0111\u1ed3ng \u00e2m v\u1edbi \u00fd ngh\u0129a \u201cXin ch\u00e0o t\u00f4i \u0111\u00e2y\u201d, th\u1ec3 hi\u1ec7n s\u1ef1 n\u1ed3ng h\u1eadu trong con ng\u01b0\u1eddi v\u00e0 phong c\u00e1ch d\u1ecbch v\u1ee5.<\/p>\n<p><img loading=\"lazy\" decoding=\"async\" class=\"aligncenter wp-image-1120 size-large\" src=\"https:\/\/www.grandhyamshotel.com\/wp-content\/uploads\/sites\/264\/2023\/03\/z4178054641572_4ccbed469f691e6560cc4f16b2cb81e8-1024x683.jpg\" alt=\"\" width=\"1024\" height=\"683\" srcset=\"https:\/\/www.grandhyamshotel.com\/wp-content\/uploads\/sites\/264\/2023\/03\/z4178054641572_4ccbed469f691e6560cc4f16b2cb81e8-1024x683.jpg 1024w, https:\/\/www.grandhyamshotel.com\/wp-content\/uploads\/sites\/264\/2023\/03\/z4178054641572_4ccbed469f691e6560cc4f16b2cb81e8-300x200.jpg 300w, https:\/\/www.grandhyamshotel.com\/wp-content\/uploads\/sites\/264\/2023\/03\/z4178054641572_4ccbed469f691e6560cc4f16b2cb81e8-768x512.jpg 768w, https:\/\/www.grandhyamshotel.com\/wp-content\/uploads\/sites\/264\/2023\/03\/z4178054641572_4ccbed469f691e6560cc4f16b2cb81e8-1536x1024.jpg 1536w, https:\/\/www.grandhyamshotel.com\/wp-content\/uploads\/sites\/264\/2023\/03\/z4178054641572_4ccbed469f691e6560cc4f16b2cb81e8-2048x1366.jpg 2048w, https:\/\/www.grandhyamshotel.com\/wp-content\/uploads\/sites\/264\/2023\/03\/z4178054641572_4ccbed469f691e6560cc4f16b2cb81e8-600x400.jpg 600w, https:\/\/www.grandhyamshotel.com\/wp-content\/uploads\/sites\/264\/2023\/03\/z4178054641572_4ccbed469f691e6560cc4f16b2cb81e8-1000x667.jpg 1000w\" sizes=\"(max-width: 1024px) 100vw, 1024px\" \/><\/p>\n<p style=\"text-align: center\">\n                <div class='gf_browser_gecko gform_wrapper' id='gform_wrapper_8' ><form method='post' enctype='multipart\/form-data'  id='gform_8'  action='\/vi\/wp-json\/wp\/v2\/pages\/265'>\n                        <div class='gform_heading'>\n                            <h3 class='gform_title'>Contact us (VN)<\/h3>\n                            <span class='gform_description'><\/span>\n                        <\/div>\n                        <div class='gform_body'><ul id='gform_fields_8' class='gform_fields top_label form_sublabel_below description_below'><li id='field_8_33'  class='gfield gfield_html gfield_html_formatted gfield_no_follows_desc field_sublabel_below field_description_below gfield_visibility_visible' >* H\u1ea1ng m\u1ee5c<\/li><li id='field_8_31'  class='gfield small gfield_contains_required field_sublabel_below field_description_below gfield_visibility_visible' ><label class='gfield_label' for='input_8_31' >T\u00ean<span class='gfield_required'>*<\/span><\/label><div class='ginput_container ginput_container_text'><input name='input_31' id='input_8_31' type='text' value='' class='small'    placeholder='\u0110i\u1ec1n t\u00ean c\u1ee7a b\u1ea1n' aria-required=\"true\" aria-invalid=\"false\" \/><\/div><\/li><li id='field_8_32'  class='gfield small gfield_contains_required field_sublabel_below field_description_below gfield_visibility_visible' ><label class='gfield_label' for='input_8_32' >H\u1ecd<span class='gfield_required'>*<\/span><\/label><div class='ginput_container ginput_container_text'><input name='input_32' id='input_8_32' type='text' value='' class='small'    placeholder='\u0110i\u1ec1n h\u1ecd c\u1ee7a b\u1ea1n' aria-required=\"true\" aria-invalid=\"false\" \/><\/div><\/li><li id='field_8_2'  class='gfield gfield_contains_required field_sublabel_below field_description_below gfield_visibility_visible' ><label class='gfield_label' for='input_8_2' >Email<span class='gfield_required'>*<\/span><\/label><div class='ginput_container ginput_container_email'>\n                            <input name='input_2' id='input_8_2' type='text' value='' class='small'   placeholder='\u0110i\u1ec1n email c\u1ee7a b\u1ea1n' aria-required=\"true\" aria-invalid=\"false\" \/>\n                        <\/div><\/li><li id='field_8_34'  class='gfield field_sublabel_below field_description_below gfield_visibility_visible' ><label class='gfield_label' for='input_8_34' >L\u1eddi nh\u1eafn<\/label><div class='ginput_container ginput_container_textarea'><textarea name='input_34' id='input_8_34' class='textarea medium'    placeholder='Vi\u1ebft l\u1eddi nh\u1eafn c\u1ee7a b\u1ea1n \u1edf \u0111\u00e2y'  aria-invalid=\"false\"   rows='10' cols='50'><\/textarea><\/div><\/li><li id='field_8_7'  class='gfield gfield_contains_required field_sublabel_below field_description_below hidden_label gfield_visibility_visible' ><label class='gfield_label'  >Privacy<span class='gfield_required'>*<\/span><\/label><div class='ginput_container ginput_container_checkbox'><ul class='gfield_checkbox' id='input_8_7'><li class='gchoice_8_7_1'>\n\t\t\t\t\t\t\t\t<input name='input_7.1' type='checkbox'  value='B\u1ea1n s\u1ebd m\u1eb7c \u0111\u1ecbnh ch\u1ea5p thu\u1eadn &lt;a href=&quot;https:\/\/www.grandhyamshotel.com\/vi\/legal-notice\/&quot;&gt;Ch\u00ednh s\u00e1ch &amp; \u0110i\u1ec1u ki\u1ec7n&lt;\/a&gt; c\u1ee7a ch\u00fang t\u00f4i sau khi nh\u1ea5n n\u00fat Theo d\u00f5i.*'  id='choice_8_7_1'   \/>\n\t\t\t\t\t\t\t\t<label for='choice_8_7_1' id='label_8_7_1'>B\u1ea1n s\u1ebd m\u1eb7c \u0111\u1ecbnh ch\u1ea5p thu\u1eadn <a href=\"https:\/\/www.grandhyamshotel.com\/vi\/legal-notice\/\">Ch\u00ednh s\u00e1ch & \u0110i\u1ec1u ki\u1ec7n<\/a> c\u1ee7a ch\u00fang t\u00f4i sau khi nh\u1ea5n n\u00fat Theo d\u00f5i.*<\/label>\n\t\t\t\t\t\t\t<\/li><\/ul><\/div><\/li><li id='field_8_30'  class='gfield field_sublabel_below field_description_below hidden_label gfield_visibility_visible' ><label class='gfield_label' for='input_8_30' >CAPTCHA<\/label><div id='input_8_30' class='ginput_container ginput_recaptcha' data-sitekey='6Ldax7YjAAAAAK7j-OVW8VjQ71xoBJRnrKfWzx9H' data-stoken='_xxY4ZTIJWOdbIGtt1GwfpHKe8Oew37QaJt4bE8yI8LjJ_JCO1oZ1kSeJVlq3A5AKjNnnqb2vGFDoT2YbxK3CeKd3rKKtWxICBCYGoXkhp4' data-theme='light' data-tabindex='0'  data-badge=''><\/div><\/li><li id='field_8_35'  class='gfield gform_validation_container field_sublabel_below field_description_below gfield_visibility_visible' ><label class='gfield_label' for='input_8_35' >Email<\/label><div class='ginput_container'><input name='input_35' id='input_8_35' type='text' value='' \/><\/div><div class='gfield_description' id='gfield_description_8_35'>This field is for validation purposes and should be left unchanged.<\/div><\/li>\n                            <\/ul><\/div>\n        <div class='gform_footer top_label'> <input type='submit' id='gform_submit_button_8' class='gform_button button' value='G\u1eedi'  onclick='if(window[\"gf_submitting_8\"]){return false;}  window[\"gf_submitting_8\"]=true;  ' onkeypress='if( event.keyCode == 13 ){ if(window[\"gf_submitting_8\"]){return false;} window[\"gf_submitting_8\"]=true;  jQuery(\"#gform_8\").trigger(\"submit\",[true]); }' \/> \n            <input type='hidden' class='gform_hidden' name='is_submit_8' value='1' \/>\n            <input type='hidden' class='gform_hidden' name='gform_submit' value='8' \/>\n            \n            <input type='hidden' class='gform_hidden' name='gform_unique_id' value='' \/>\n            <input type='hidden' class='gform_hidden' name='state_8' value='WyJbXSIsIjM1ZTgxYWNjZjM4ODgwYzdhMWRiNWI5ODFiNzYyNTdjIl0=' \/>\n            <input type='hidden' class='gform_hidden' name='gform_target_page_number_8' id='gform_target_page_number_8' value='0' \/>\n            <input type='hidden' class='gform_hidden' name='gform_source_page_number_8' id='gform_source_page_number_8' value='1' \/>\n            <input type='hidden' name='gform_field_values' value='' \/>\n            \n        <\/div>\n                        <\/form>\n                        <\/div><script type='text\/javascript'> jQuery(document).bind('gform_post_render', function(event, formId, currentPage){if(formId == 8) {if(typeof Placeholders != 'undefined'){\n                        Placeholders.enable();\n                    }} } );jQuery(document).bind('gform_post_conditional_logic', function(event, formId, fields, isInit){} );<\/script><script type='text\/javascript'> jQuery(document).ready(function(){jQuery(document).trigger('gform_post_render', [8, 1]) } ); <\/script><\/p>\n","protected":false},"excerpt":{"rendered":"<p>T\u1ecda l\u1ea1c t\u1ea1i trung t\u00e2m th\u00e0nh ph\u1ed1 Quy Nh\u01a1n, c\u00e1ch b\u1edd bi\u1ec3n ch\u1ec9 v\u00e0i b\u01b0\u1edbc ch\u00e2n, Grand Hyams Hotel \u2013 Quy Nh\u01a1n Beach l\u00e0 kh\u00e1ch s\u1ea1n mang \u0111\u1ebfn kh\u00f4ng gian ngh\u1ec9 d\u01b0\u1ee1ng y\u00ean b\u00ecnh, ti\u1ec7n nghi v\u00e0 d\u1ecbch v\u1ee5 chu\u1ea9n n\u0103m sao qu\u1ed1c t\u1ebf \u2013 n\u01a1i du kh\u00e1ch c\u00f3 th\u1ec3 t\u1ef1 do gi\u1ea3i ph\u00f3ng t\u00e2m [&hellip;]<\/p>\n","protected":false},"author":368,"featured_media":0,"parent":0,"menu_order":0,"comment_status":"closed","ping_status":"closed","template":"template-location.php","meta":{"footnotes":""},"acf":[],"yoast_head":"<!-- This site is optimized with the Yoast SEO plugin v22.3 - https:\/\/yoast.com\/wordpress\/plugins\/seo\/ -->\n<title>V\u1ec1 Ch\u00fang T\u00f4i - Grand Hyams Hotel<\/title>\n<meta name=\"description\" content=\"n\u01a1i du kh\u00e1ch c\u00f3 th\u1ec3 t\u1ef1 do gi\u1ea3i ph\u00f3ng t\u00e2m tr\u00ed v\u00e0 t\u1eadn h\u01b0\u1edfng phong c\u00e1ch s\u1ed1ng theo chu\u1ea9n m\u1ef1c ri\u00eang, v\u01b0\u1ee3t l\u00ean tr\u00ean c\u00e1c nhu c\u1ea7u ngh\u1ec9 d\u01b0\u1ee1ng th\u00f4ng th\u01b0\u1eddng.\" \/>\n<meta name=\"robots\" content=\"index, follow, max-snippet:-1, max-image-preview:large, max-video-preview:-1\" \/>\n<link rel=\"canonical\" href=\"https:\/\/www.grandhyamshotel.com\/vi\/about-us\/\" \/>\n<meta property=\"og:locale\" content=\"vi_VN\" \/>\n<meta property=\"og:type\" content=\"article\" \/>\n<meta property=\"og:title\" content=\"V\u1ec1 Ch\u00fang T\u00f4i - Grand Hyams Hotel\" \/>\n<meta property=\"og:description\" content=\"n\u01a1i du kh\u00e1ch c\u00f3 th\u1ec3 t\u1ef1 do gi\u1ea3i ph\u00f3ng t\u00e2m tr\u00ed v\u00e0 t\u1eadn h\u01b0\u1edfng phong c\u00e1ch s\u1ed1ng theo chu\u1ea9n m\u1ef1c ri\u00eang, v\u01b0\u1ee3t l\u00ean tr\u00ean c\u00e1c nhu c\u1ea7u ngh\u1ec9 d\u01b0\u1ee1ng th\u00f4ng th\u01b0\u1eddng.\" \/>\n<meta property=\"og:url\" content=\"https:\/\/www.grandhyamshotel.com\/vi\/about-us\/\" \/>\n<meta property=\"og:site_name\" content=\"Grand Hyams Hotel\" \/>\n<meta property=\"article:modified_time\" content=\"2023-03-16T09:08:28+00:00\" \/>\n<meta property=\"og:image\" content=\"https:\/\/www.grandhyamshotel.com\/wp-content\/uploads\/sites\/264\/2023\/03\/z4178054641572_4ccbed469f691e6560cc4f16b2cb81e8-1024x683.jpg\" \/>\n<meta name=\"twitter:card\" content=\"summary_large_image\" \/>\n<meta name=\"twitter:label1\" content=\"Est. reading time\" \/>\n\t<meta name=\"twitter:data1\" content=\"2 minutes\" \/>\n<script type=\"application\/ld+json\" class=\"yoast-schema-graph\">{\"@context\":\"https:\/\/schema.org\",\"@graph\":[{\"@type\":\"WebPage\",\"@id\":\"https:\/\/www.grandhyamshotel.com\/vi\/about-us\/\",\"url\":\"https:\/\/www.grandhyamshotel.com\/vi\/about-us\/\",\"name\":\"V\u1ec1 Ch\u00fang T\u00f4i - Grand Hyams Hotel\",\"isPartOf\":{\"@id\":\"https:\/\/www.grandhyamshotel.com\/vi\/#website\"},\"primaryImageOfPage\":{\"@id\":\"https:\/\/www.grandhyamshotel.com\/vi\/about-us\/#primaryimage\"},\"image\":{\"@id\":\"https:\/\/www.grandhyamshotel.com\/vi\/about-us\/#primaryimage\"},\"thumbnailUrl\":\"https:\/\/www.grandhyamshotel.com\/wp-content\/uploads\/sites\/264\/2023\/03\/z4178054641572_4ccbed469f691e6560cc4f16b2cb81e8-1024x683.jpg\",\"datePublished\":\"2022-11-02T08:12:51+00:00\",\"dateModified\":\"2023-03-16T09:08:28+00:00\",\"description\":\"n\u01a1i du kh\u00e1ch c\u00f3 th\u1ec3 t\u1ef1 do gi\u1ea3i ph\u00f3ng t\u00e2m tr\u00ed v\u00e0 t\u1eadn h\u01b0\u1edfng phong c\u00e1ch s\u1ed1ng theo chu\u1ea9n m\u1ef1c ri\u00eang, v\u01b0\u1ee3t l\u00ean tr\u00ean c\u00e1c nhu c\u1ea7u ngh\u1ec9 d\u01b0\u1ee1ng th\u00f4ng th\u01b0\u1eddng.\",\"breadcrumb\":{\"@id\":\"https:\/\/www.grandhyamshotel.com\/vi\/about-us\/#breadcrumb\"},\"inLanguage\":\"vi-VN\",\"potentialAction\":[{\"@type\":\"ReadAction\",\"target\":[\"https:\/\/www.grandhyamshotel.com\/vi\/about-us\/\"]}]},{\"@type\":\"ImageObject\",\"inLanguage\":\"vi-VN\",\"@id\":\"https:\/\/www.grandhyamshotel.com\/vi\/about-us\/#primaryimage\",\"url\":\"https:\/\/www.grandhyamshotel.com\/wp-content\/uploads\/sites\/264\/2023\/03\/z4178054641572_4ccbed469f691e6560cc4f16b2cb81e8-1024x683.jpg\",\"contentUrl\":\"https:\/\/www.grandhyamshotel.com\/wp-content\/uploads\/sites\/264\/2023\/03\/z4178054641572_4ccbed469f691e6560cc4f16b2cb81e8-1024x683.jpg\"},{\"@type\":\"BreadcrumbList\",\"@id\":\"https:\/\/www.grandhyamshotel.com\/vi\/about-us\/#breadcrumb\",\"itemListElement\":[{\"@type\":\"ListItem\",\"position\":1,\"name\":\"Home\",\"item\":\"https:\/\/www.grandhyamshotel.com\/vi\/\"},{\"@type\":\"ListItem\",\"position\":2,\"name\":\"V\u1ec1 Ch\u00fang T\u00f4i\"}]},{\"@type\":\"WebSite\",\"@id\":\"https:\/\/www.grandhyamshotel.com\/vi\/#website\",\"url\":\"https:\/\/www.grandhyamshotel.com\/vi\/\",\"name\":\"Grand Hyams Hotel\",\"description\":\"\",\"potentialAction\":[{\"@type\":\"SearchAction\",\"target\":{\"@type\":\"EntryPoint\",\"urlTemplate\":\"https:\/\/www.grandhyamshotel.com\/vi\/?s={search_term_string}\"},\"query-input\":\"required name=search_term_string\"}],\"inLanguage\":\"vi-VN\"}]}<\/script>\n<!-- \/ Yoast SEO plugin. -->","yoast_head_json":{"title":"V\u1ec1 Ch\u00fang T\u00f4i - Grand Hyams Hotel","description":"n\u01a1i du kh\u00e1ch c\u00f3 th\u1ec3 t\u1ef1 do gi\u1ea3i ph\u00f3ng t\u00e2m tr\u00ed v\u00e0 t\u1eadn h\u01b0\u1edfng phong c\u00e1ch s\u1ed1ng theo chu\u1ea9n m\u1ef1c ri\u00eang, v\u01b0\u1ee3t l\u00ean tr\u00ean c\u00e1c nhu c\u1ea7u ngh\u1ec9 d\u01b0\u1ee1ng th\u00f4ng th\u01b0\u1eddng.","robots":{"index":"index","follow":"follow","max-snippet":"max-snippet:-1","max-image-preview":"max-image-preview:large","max-video-preview":"max-video-preview:-1"},"canonical":"https:\/\/www.grandhyamshotel.com\/vi\/about-us\/","og_locale":"vi_VN","og_type":"article","og_title":"V\u1ec1 Ch\u00fang T\u00f4i - Grand Hyams Hotel","og_description":"n\u01a1i du kh\u00e1ch c\u00f3 th\u1ec3 t\u1ef1 do gi\u1ea3i ph\u00f3ng t\u00e2m tr\u00ed v\u00e0 t\u1eadn h\u01b0\u1edfng phong c\u00e1ch s\u1ed1ng theo chu\u1ea9n m\u1ef1c ri\u00eang, v\u01b0\u1ee3t l\u00ean tr\u00ean c\u00e1c nhu c\u1ea7u ngh\u1ec9 d\u01b0\u1ee1ng th\u00f4ng th\u01b0\u1eddng.","og_url":"https:\/\/www.grandhyamshotel.com\/vi\/about-us\/","og_site_name":"Grand Hyams Hotel","article_modified_time":"2023-03-16T09:08:28+00:00","og_image":[{"url":"https:\/\/www.grandhyamshotel.com\/wp-content\/uploads\/sites\/264\/2023\/03\/z4178054641572_4ccbed469f691e6560cc4f16b2cb81e8-1024x683.jpg"}],"twitter_card":"summary_large_image","twitter_misc":{"Est. reading time":"2 minutes"},"schema":{"@context":"https:\/\/schema.org","@graph":[{"@type":"WebPage","@id":"https:\/\/www.grandhyamshotel.com\/vi\/about-us\/","url":"https:\/\/www.grandhyamshotel.com\/vi\/about-us\/","name":"V\u1ec1 Ch\u00fang T\u00f4i - Grand Hyams Hotel","isPartOf":{"@id":"https:\/\/www.grandhyamshotel.com\/vi\/#website"},"primaryImageOfPage":{"@id":"https:\/\/www.grandhyamshotel.com\/vi\/about-us\/#primaryimage"},"image":{"@id":"https:\/\/www.grandhyamshotel.com\/vi\/about-us\/#primaryimage"},"thumbnailUrl":"https:\/\/www.grandhyamshotel.com\/wp-content\/uploads\/sites\/264\/2023\/03\/z4178054641572_4ccbed469f691e6560cc4f16b2cb81e8-1024x683.jpg","datePublished":"2022-11-02T08:12:51+00:00","dateModified":"2023-03-16T09:08:28+00:00","description":"n\u01a1i du kh\u00e1ch c\u00f3 th\u1ec3 t\u1ef1 do gi\u1ea3i ph\u00f3ng t\u00e2m tr\u00ed v\u00e0 t\u1eadn h\u01b0\u1edfng phong c\u00e1ch s\u1ed1ng theo chu\u1ea9n m\u1ef1c ri\u00eang, v\u01b0\u1ee3t l\u00ean tr\u00ean c\u00e1c nhu c\u1ea7u ngh\u1ec9 d\u01b0\u1ee1ng th\u00f4ng th\u01b0\u1eddng.","breadcrumb":{"@id":"https:\/\/www.grandhyamshotel.com\/vi\/about-us\/#breadcrumb"},"inLanguage":"vi-VN","potentialAction":[{"@type":"ReadAction","target":["https:\/\/www.grandhyamshotel.com\/vi\/about-us\/"]}]},{"@type":"ImageObject","inLanguage":"vi-VN","@id":"https:\/\/www.grandhyamshotel.com\/vi\/about-us\/#primaryimage","url":"https:\/\/www.grandhyamshotel.com\/wp-content\/uploads\/sites\/264\/2023\/03\/z4178054641572_4ccbed469f691e6560cc4f16b2cb81e8-1024x683.jpg","contentUrl":"https:\/\/www.grandhyamshotel.com\/wp-content\/uploads\/sites\/264\/2023\/03\/z4178054641572_4ccbed469f691e6560cc4f16b2cb81e8-1024x683.jpg"},{"@type":"BreadcrumbList","@id":"https:\/\/www.grandhyamshotel.com\/vi\/about-us\/#breadcrumb","itemListElement":[{"@type":"ListItem","position":1,"name":"Home","item":"https:\/\/www.grandhyamshotel.com\/vi\/"},{"@type":"ListItem","position":2,"name":"V\u1ec1 Ch\u00fang T\u00f4i"}]},{"@type":"WebSite","@id":"https:\/\/www.grandhyamshotel.com\/vi\/#website","url":"https:\/\/www.grandhyamshotel.com\/vi\/","name":"Grand Hyams Hotel","description":"","potentialAction":[{"@type":"SearchAction","target":{"@type":"EntryPoint","urlTemplate":"https:\/\/www.grandhyamshotel.com\/vi\/?s={search_term_string}"},"query-input":"required name=search_term_string"}],"inLanguage":"vi-VN"}]}},"_links":{"self":[{"href":"https:\/\/www.grandhyamshotel.com\/vi\/wp-json\/wp\/v2\/pages\/265"}],"collection":[{"href":"https:\/\/www.grandhyamshotel.com\/vi\/wp-json\/wp\/v2\/pages"}],"about":[{"href":"https:\/\/www.grandhyamshotel.com\/vi\/wp-json\/wp\/v2\/types\/page"}],"author":[{"embeddable":true,"href":"https:\/\/www.grandhyamshotel.com\/vi\/wp-json\/wp\/v2\/users\/368"}],"replies":[{"embeddable":true,"href":"https:\/\/www.grandhyamshotel.com\/vi\/wp-json\/wp\/v2\/comments?post=265"}],"version-history":[{"count":0,"href":"https:\/\/www.grandhyamshotel.com\/vi\/wp-json\/wp\/v2\/pages\/265\/revisions"}],"wp:attachment":[{"href":"https:\/\/www.grandhyamshotel.com\/vi\/wp-json\/wp\/v2\/media?parent=265"}],"curies":[{"name":"wp","href":"https:\/\/api.w.org\/{rel}","templated":true}]}}