{"id":269,"date":"2022-11-01T06:22:18","date_gmt":"2022-11-01T06:22:18","guid":{"rendered":"https:\/\/www.grandhyamshotel.com\/apartments-suites\/premium-oceanview\/"},"modified":"2023-12-14T09:45:46","modified_gmt":"2023-12-14T09:45:46","slug":"premium-oceanview","status":"publish","type":"page","link":"https:\/\/www.grandhyamshotel.com\/vi\/apartments-suites\/premium-oceanview\/","title":{"rendered":"Premium Oceanview"},"content":{"rendered":"<p>C\u0103n h\u1ed9 01 ph\u00f2ng ng\u1ee7 Premium Ocean ch\u1eafc ch\u1eafn s\u1ebd l\u00e0 \u01b0u ti\u00ean h\u00e0ng \u0111\u1ea7u cho c\u1ea3 du kh\u00e1ch c\u1eb7p \u0111\u00f4i v\u00e0 c\u00f4ng t\u00e1c \u0111\u1ec3 \u0111\u01b0\u1ee3c th\u1ee9c d\u1eady v\u1edbi cung \u0111\u01b0\u1eddng bi\u1ec3n tr\u1ea3i d\u00e0i th\u01a1 m\u1ed9ng, t\u1eadn h\u01b0\u1edfng ph\u00fat gi\u00e2y th\u01b0 gi\u00e3n c\u00f9ng ly r\u01b0\u1ee3u vang v\u00e0 ng\u1eafm nh\u00ecn th\u00e0nh ph\u1ed1 v\u1ec1 \u0111\u00eam.<\/p>\n<p>Trang thi\u1ebft b\u1ecb v\u00e0 n\u1ed9i th\u1ea5t trang nh\u00e3, hi\u1ec7n \u0111\u1ea1i s\u1ebd l\u00e0m b\u1ea1n nh\u1edb m\u00e3i kho\u1ea3nh kh\u1eafc th\u01b0 th\u00e1i nh\u1ea5t trong chuy\u1ebfn \u0111i l\u00e0 \u0111\u01b0\u1ee3c khoan kho\u00e1i th\u1ee9c d\u1eady v\u00e0 t\u1eadn h\u01b0\u1edfng tia n\u1eafng s\u1edbm ngay t\u1ea1i chi\u1ebfc gi\u01b0\u1eddng \u00eam \u00e1i ch\u1eb3ng mu\u1ed1n r\u1eddi.<\/p>\n<p>Di\u1ec7n t\u00edch: 38m2<\/p>\n","protected":false},"excerpt":{"rendered":"<p>C\u0103n h\u1ed9 01 ph\u00f2ng ng\u1ee7 Premium Ocean ch\u1eafc ch\u1eafn s\u1ebd l\u00e0 \u01b0u ti\u00ean h\u00e0ng \u0111\u1ea7u cho c\u1ea3 du kh\u00e1ch c\u1eb7p \u0111\u00f4i v\u00e0 c\u00f4ng t\u00e1c \u0111\u1ec3 \u0111\u01b0\u1ee3c th\u1ee9c d\u1eady v\u1edbi cung \u0111\u01b0\u1eddng bi\u1ec3n tr\u1ea3i d\u00e0i th\u01a1 m\u1ed9ng, t\u1eadn h\u01b0\u1edfng ph\u00fat gi\u00e2y th\u01b0 gi\u00e3n c\u00f9ng ly r\u01b0\u1ee3u vang v\u00e0 ng\u1eafm nh\u00ecn th\u00e0nh ph\u1ed1 v\u1ec1 \u0111\u00eam. Trang thi\u1ebft [&hellip;]<\/p>\n","protected":false},"author":368,"featured_media":1501,"parent":267,"menu_order":2,"comment_status":"closed","ping_status":"closed","template":"template-single-room.php","meta":{"footnotes":""},"acf":[],"yoast_head":"<!-- This site is optimized with the Yoast SEO plugin v22.3 - https:\/\/yoast.com\/wordpress\/plugins\/seo\/ -->\n<title>Premium Oceanview - Grand Hyams Hotel<\/title>\n<meta name=\"robots\" content=\"index, follow, max-snippet:-1, max-image-preview:large, max-video-preview:-1\" \/>\n<link rel=\"canonical\" href=\"https:\/\/www.grandhyamshotel.com\/vi\/apartments-suites\/premium-oceanview\/\" \/>\n<meta property=\"og:locale\" content=\"vi_VN\" \/>\n<meta property=\"og:type\" content=\"article\" \/>\n<meta property=\"og:title\" content=\"Premium Oceanview - Grand Hyams Hotel\" \/>\n<meta property=\"og:description\" content=\"C\u0103n h\u1ed9 01 ph\u00f2ng ng\u1ee7 Premium Ocean ch\u1eafc ch\u1eafn s\u1ebd l\u00e0 \u01b0u ti\u00ean h\u00e0ng \u0111\u1ea7u cho c\u1ea3 du kh\u00e1ch c\u1eb7p \u0111\u00f4i v\u00e0 c\u00f4ng t\u00e1c \u0111\u1ec3 \u0111\u01b0\u1ee3c th\u1ee9c d\u1eady v\u1edbi cung \u0111\u01b0\u1eddng bi\u1ec3n tr\u1ea3i d\u00e0i th\u01a1 m\u1ed9ng, t\u1eadn h\u01b0\u1edfng ph\u00fat gi\u00e2y th\u01b0 gi\u00e3n c\u00f9ng ly r\u01b0\u1ee3u vang v\u00e0 ng\u1eafm nh\u00ecn th\u00e0nh ph\u1ed1 v\u1ec1 \u0111\u00eam. Trang thi\u1ebft [&hellip;]\" \/>\n<meta property=\"og:url\" content=\"https:\/\/www.grandhyamshotel.com\/vi\/apartments-suites\/premium-oceanview\/\" \/>\n<meta property=\"og:site_name\" content=\"Grand Hyams Hotel\" \/>\n<meta property=\"article:modified_time\" content=\"2023-12-14T09:45:46+00:00\" \/>\n<meta property=\"og:image\" content=\"https:\/\/www.grandhyamshotel.com\/wp-content\/uploads\/sites\/264\/2023\/06\/IMG_2268-1.jpg\" \/>\n\t<meta property=\"og:image:width\" content=\"2200\" \/>\n\t<meta property=\"og:image:height\" content=\"1467\" \/>\n\t<meta property=\"og:image:type\" content=\"image\/jpeg\" \/>\n<meta name=\"twitter:card\" content=\"summary_large_image\" \/>\n<meta name=\"twitter:label1\" content=\"Est. reading time\" \/>\n\t<meta name=\"twitter:data1\" content=\"1 minute\" \/>\n<script type=\"application\/ld+json\" class=\"yoast-schema-graph\">{\"@context\":\"https:\/\/schema.org\",\"@graph\":[{\"@type\":\"WebPage\",\"@id\":\"https:\/\/www.grandhyamshotel.com\/vi\/apartments-suites\/premium-oceanview\/\",\"url\":\"https:\/\/www.grandhyamshotel.com\/vi\/apartments-suites\/premium-oceanview\/\",\"name\":\"Premium Oceanview - Grand Hyams Hotel\",\"isPartOf\":{\"@id\":\"https:\/\/www.grandhyamshotel.com\/vi\/#website\"},\"primaryImageOfPage\":{\"@id\":\"https:\/\/www.grandhyamshotel.com\/vi\/apartments-suites\/premium-oceanview\/#primaryimage\"},\"image\":{\"@id\":\"https:\/\/www.grandhyamshotel.com\/vi\/apartments-suites\/premium-oceanview\/#primaryimage\"},\"thumbnailUrl\":\"https:\/\/www.grandhyamshotel.com\/wp-content\/uploads\/sites\/264\/2023\/06\/IMG_2268-1.jpg\",\"datePublished\":\"2022-11-01T06:22:18+00:00\",\"dateModified\":\"2023-12-14T09:45:46+00:00\",\"breadcrumb\":{\"@id\":\"https:\/\/www.grandhyamshotel.com\/vi\/apartments-suites\/premium-oceanview\/#breadcrumb\"},\"inLanguage\":\"vi-VN\",\"potentialAction\":[{\"@type\":\"ReadAction\",\"target\":[\"https:\/\/www.grandhyamshotel.com\/vi\/apartments-suites\/premium-oceanview\/\"]}]},{\"@type\":\"ImageObject\",\"inLanguage\":\"vi-VN\",\"@id\":\"https:\/\/www.grandhyamshotel.com\/vi\/apartments-suites\/premium-oceanview\/#primaryimage\",\"url\":\"https:\/\/www.grandhyamshotel.com\/wp-content\/uploads\/sites\/264\/2023\/06\/IMG_2268-1.jpg\",\"contentUrl\":\"https:\/\/www.grandhyamshotel.com\/wp-content\/uploads\/sites\/264\/2023\/06\/IMG_2268-1.jpg\",\"width\":2200,\"height\":1467},{\"@type\":\"BreadcrumbList\",\"@id\":\"https:\/\/www.grandhyamshotel.com\/vi\/apartments-suites\/premium-oceanview\/#breadcrumb\",\"itemListElement\":[{\"@type\":\"ListItem\",\"position\":1,\"name\":\"Home\",\"item\":\"https:\/\/www.grandhyamshotel.com\/vi\/\"},{\"@type\":\"ListItem\",\"position\":2,\"name\":\"Ph\u00f2ng Ngh\u1ec9\",\"item\":\"https:\/\/www.grandhyamshotel.com\/vi\/apartments-suites\/\"},{\"@type\":\"ListItem\",\"position\":3,\"name\":\"Premium Oceanview\"}]},{\"@type\":\"WebSite\",\"@id\":\"https:\/\/www.grandhyamshotel.com\/vi\/#website\",\"url\":\"https:\/\/www.grandhyamshotel.com\/vi\/\",\"name\":\"Grand Hyams Hotel\",\"description\":\"\",\"potentialAction\":[{\"@type\":\"SearchAction\",\"target\":{\"@type\":\"EntryPoint\",\"urlTemplate\":\"https:\/\/www.grandhyamshotel.com\/vi\/?s={search_term_string}\"},\"query-input\":\"required name=search_term_string\"}],\"inLanguage\":\"vi-VN\"}]}<\/script>\n<!-- \/ Yoast SEO plugin. -->","yoast_head_json":{"title":"Premium Oceanview - Grand Hyams Hotel","robots":{"index":"index","follow":"follow","max-snippet":"max-snippet:-1","max-image-preview":"max-image-preview:large","max-video-preview":"max-video-preview:-1"},"canonical":"https:\/\/www.grandhyamshotel.com\/vi\/apartments-suites\/premium-oceanview\/","og_locale":"vi_VN","og_type":"article","og_title":"Premium Oceanview - Grand Hyams Hotel","og_description":"C\u0103n h\u1ed9 01 ph\u00f2ng ng\u1ee7 Premium Ocean ch\u1eafc ch\u1eafn s\u1ebd l\u00e0 \u01b0u ti\u00ean h\u00e0ng \u0111\u1ea7u cho c\u1ea3 du kh\u00e1ch c\u1eb7p \u0111\u00f4i v\u00e0 c\u00f4ng t\u00e1c \u0111\u1ec3 \u0111\u01b0\u1ee3c th\u1ee9c d\u1eady v\u1edbi cung \u0111\u01b0\u1eddng bi\u1ec3n tr\u1ea3i d\u00e0i th\u01a1 m\u1ed9ng, t\u1eadn h\u01b0\u1edfng ph\u00fat gi\u00e2y th\u01b0 gi\u00e3n c\u00f9ng ly r\u01b0\u1ee3u vang v\u00e0 ng\u1eafm nh\u00ecn th\u00e0nh ph\u1ed1 v\u1ec1 \u0111\u00eam. Trang thi\u1ebft [&hellip;]","og_url":"https:\/\/www.grandhyamshotel.com\/vi\/apartments-suites\/premium-oceanview\/","og_site_name":"Grand Hyams Hotel","article_modified_time":"2023-12-14T09:45:46+00:00","og_image":[{"width":2200,"height":1467,"url":"https:\/\/www.grandhyamshotel.com\/wp-content\/uploads\/sites\/264\/2023\/06\/IMG_2268-1.jpg","type":"image\/jpeg"}],"twitter_card":"summary_large_image","twitter_misc":{"Est. reading time":"1 minute"},"schema":{"@context":"https:\/\/schema.org","@graph":[{"@type":"WebPage","@id":"https:\/\/www.grandhyamshotel.com\/vi\/apartments-suites\/premium-oceanview\/","url":"https:\/\/www.grandhyamshotel.com\/vi\/apartments-suites\/premium-oceanview\/","name":"Premium Oceanview - Grand Hyams Hotel","isPartOf":{"@id":"https:\/\/www.grandhyamshotel.com\/vi\/#website"},"primaryImageOfPage":{"@id":"https:\/\/www.grandhyamshotel.com\/vi\/apartments-suites\/premium-oceanview\/#primaryimage"},"image":{"@id":"https:\/\/www.grandhyamshotel.com\/vi\/apartments-suites\/premium-oceanview\/#primaryimage"},"thumbnailUrl":"https:\/\/www.grandhyamshotel.com\/wp-content\/uploads\/sites\/264\/2023\/06\/IMG_2268-1.jpg","datePublished":"2022-11-01T06:22:18+00:00","dateModified":"2023-12-14T09:45:46+00:00","breadcrumb":{"@id":"https:\/\/www.grandhyamshotel.com\/vi\/apartments-suites\/premium-oceanview\/#breadcrumb"},"inLanguage":"vi-VN","potentialAction":[{"@type":"ReadAction","target":["https:\/\/www.grandhyamshotel.com\/vi\/apartments-suites\/premium-oceanview\/"]}]},{"@type":"ImageObject","inLanguage":"vi-VN","@id":"https:\/\/www.grandhyamshotel.com\/vi\/apartments-suites\/premium-oceanview\/#primaryimage","url":"https:\/\/www.grandhyamshotel.com\/wp-content\/uploads\/sites\/264\/2023\/06\/IMG_2268-1.jpg","contentUrl":"https:\/\/www.grandhyamshotel.com\/wp-content\/uploads\/sites\/264\/2023\/06\/IMG_2268-1.jpg","width":2200,"height":1467},{"@type":"BreadcrumbList","@id":"https:\/\/www.grandhyamshotel.com\/vi\/apartments-suites\/premium-oceanview\/#breadcrumb","itemListElement":[{"@type":"ListItem","position":1,"name":"Home","item":"https:\/\/www.grandhyamshotel.com\/vi\/"},{"@type":"ListItem","position":2,"name":"Ph\u00f2ng Ngh\u1ec9","item":"https:\/\/www.grandhyamshotel.com\/vi\/apartments-suites\/"},{"@type":"ListItem","position":3,"name":"Premium Oceanview"}]},{"@type":"WebSite","@id":"https:\/\/www.grandhyamshotel.com\/vi\/#website","url":"https:\/\/www.grandhyamshotel.com\/vi\/","name":"Grand Hyams Hotel","description":"","potentialAction":[{"@type":"SearchAction","target":{"@type":"EntryPoint","urlTemplate":"https:\/\/www.grandhyamshotel.com\/vi\/?s={search_term_string}"},"query-input":"required name=search_term_string"}],"inLanguage":"vi-VN"}]}},"_links":{"self":[{"href":"https:\/\/www.grandhyamshotel.com\/vi\/wp-json\/wp\/v2\/pages\/269"}],"collection":[{"href":"https:\/\/www.grandhyamshotel.com\/vi\/wp-json\/wp\/v2\/pages"}],"about":[{"href":"https:\/\/www.grandhyamshotel.com\/vi\/wp-json\/wp\/v2\/types\/page"}],"author":[{"embeddable":true,"href":"https:\/\/www.grandhyamshotel.com\/vi\/wp-json\/wp\/v2\/users\/368"}],"replies":[{"embeddable":true,"href":"https:\/\/www.grandhyamshotel.com\/vi\/wp-json\/wp\/v2\/comments?post=269"}],"version-history":[{"count":0,"href":"https:\/\/www.grandhyamshotel.com\/vi\/wp-json\/wp\/v2\/pages\/269\/revisions"}],"up":[{"embeddable":true,"href":"https:\/\/www.grandhyamshotel.com\/vi\/wp-json\/wp\/v2\/pages\/267"}],"wp:featuredmedia":[{"embeddable":true,"href":"https:\/\/www.grandhyamshotel.com\/vi\/wp-json\/wp\/v2\/media\/1501"}],"wp:attachment":[{"href":"https:\/\/www.grandhyamshotel.com\/vi\/wp-json\/wp\/v2\/media?parent=269"}],"curies":[{"name":"wp","href":"https:\/\/api.w.org\/{rel}","templated":true}]}}