{"id":271,"date":"2022-11-02T02:03:59","date_gmt":"2022-11-02T02:03:59","guid":{"rendered":"https:\/\/www.grandhyamshotel.com\/apartments-suites\/two-bedroom-family-oceanview\/"},"modified":"2023-12-15T03:03:09","modified_gmt":"2023-12-15T03:03:09","slug":"two-bedroom-family-oceanview","status":"publish","type":"page","link":"https:\/\/www.grandhyamshotel.com\/vi\/apartments-suites\/two-bedroom-family-oceanview\/","title":{"rendered":"Two-bedroom Family Oceanview"},"content":{"rendered":"<p>C\u0103n h\u1ed9 gia \u0111\u00ecnh 02 ph\u00f2ng ng\u1ee7 h\u01b0\u1edbng bi\u1ec3n s\u1ebd \u0111\u00e1nh th\u1ee9c t\u1ea5t c\u1ea3 c\u00e1c th\u00e0nh vi\u00ean v\u1edbi khung tr\u1eddi v\u00e0 m\u1eb7t bi\u1ec3n ng\u00e1t xanh bu\u1ed5i s\u1edbm mai, \u0111\u00f3n ch\u1edd gia \u0111\u00ecnh tr\u1edf v\u1ec1 sau ng\u00e0y d\u00e0i kh\u00e1m ph\u00e1 \u0111\u1ec3 ngh\u1ec9 ng\u01a1i trong kh\u00f4ng gian ti\u1ec7n nghi, tinh t\u1ebf.<\/p>\n<p>T\u1eeb ban c\u00f4ng tho\u00e1ng \u0111\u00e3ng, h\u00e3y c\u00f9ng con th\u01a1 chi\u00eam ng\u01b0\u1ee1ng tr\u1ecdn cung \u0111\u01b0\u1eddng bi\u1ec3n th\u00e0nh ph\u1ed1 Quy Nh\u01a1n \u0111\u01b0\u1ee3c n\u00fai non v\u1ed7 v\u1ec1, giao thoa v\u1edbi b\u00e1n \u0111\u1ea3o Ph\u01b0\u01a1ng Mai v\u00e0 c\u00e1nh \u0111\u1ed3ng phong \u0111i\u1ec7n t\u1eeb xa l\u00e0 c\u1ea7u Th\u1ecb N\u1ea1i &#8211; c\u1ea7u v\u01b0\u1ee3t bi\u1ec3n d\u00e0i nh\u1ea5t Vi\u1ec7t Nam.<br \/>\nDi\u1ec7n t\u00edch: 50m2<\/p>\n","protected":false},"excerpt":{"rendered":"<p>C\u0103n h\u1ed9 gia \u0111\u00ecnh 02 ph\u00f2ng ng\u1ee7 h\u01b0\u1edbng bi\u1ec3n s\u1ebd \u0111\u00e1nh th\u1ee9c t\u1ea5t c\u1ea3 c\u00e1c th\u00e0nh vi\u00ean v\u1edbi khung tr\u1eddi v\u00e0 m\u1eb7t bi\u1ec3n ng\u00e1t xanh bu\u1ed5i s\u1edbm mai, \u0111\u00f3n ch\u1edd gia \u0111\u00ecnh tr\u1edf v\u1ec1 sau ng\u00e0y d\u00e0i kh\u00e1m ph\u00e1 \u0111\u1ec3 ngh\u1ec9 ng\u01a1i trong kh\u00f4ng gian ti\u1ec7n nghi, tinh t\u1ebf. T\u1eeb ban c\u00f4ng tho\u00e1ng \u0111\u00e3ng, h\u00e3y [&hellip;]<\/p>\n","protected":false},"author":368,"featured_media":1532,"parent":267,"menu_order":4,"comment_status":"closed","ping_status":"closed","template":"template-single-room.php","meta":{"footnotes":""},"acf":[],"yoast_head":"<!-- This site is optimized with the Yoast SEO plugin v22.3 - https:\/\/yoast.com\/wordpress\/plugins\/seo\/ -->\n<title>Two-bedroom Family Oceanview - Grand Hyams Hotel<\/title>\n<meta name=\"robots\" content=\"index, follow, max-snippet:-1, max-image-preview:large, max-video-preview:-1\" \/>\n<link rel=\"canonical\" href=\"https:\/\/www.grandhyamshotel.com\/vi\/apartments-suites\/two-bedroom-family-oceanview\/\" \/>\n<meta property=\"og:locale\" content=\"vi_VN\" \/>\n<meta property=\"og:type\" content=\"article\" \/>\n<meta property=\"og:title\" content=\"Two-bedroom Family Oceanview - Grand Hyams Hotel\" \/>\n<meta property=\"og:description\" content=\"C\u0103n h\u1ed9 gia \u0111\u00ecnh 02 ph\u00f2ng ng\u1ee7 h\u01b0\u1edbng bi\u1ec3n s\u1ebd \u0111\u00e1nh th\u1ee9c t\u1ea5t c\u1ea3 c\u00e1c th\u00e0nh vi\u00ean v\u1edbi khung tr\u1eddi v\u00e0 m\u1eb7t bi\u1ec3n ng\u00e1t xanh bu\u1ed5i s\u1edbm mai, \u0111\u00f3n ch\u1edd gia \u0111\u00ecnh tr\u1edf v\u1ec1 sau ng\u00e0y d\u00e0i kh\u00e1m ph\u00e1 \u0111\u1ec3 ngh\u1ec9 ng\u01a1i trong kh\u00f4ng gian ti\u1ec7n nghi, tinh t\u1ebf. T\u1eeb ban c\u00f4ng tho\u00e1ng \u0111\u00e3ng, h\u00e3y [&hellip;]\" \/>\n<meta property=\"og:url\" content=\"https:\/\/www.grandhyamshotel.com\/vi\/apartments-suites\/two-bedroom-family-oceanview\/\" \/>\n<meta property=\"og:site_name\" content=\"Grand Hyams Hotel\" \/>\n<meta property=\"article:modified_time\" content=\"2023-12-15T03:03:09+00:00\" \/>\n<meta property=\"og:image\" content=\"https:\/\/www.grandhyamshotel.com\/wp-content\/uploads\/sites\/264\/2023\/06\/DSC01548.jpg\" \/>\n\t<meta property=\"og:image:width\" content=\"2200\" \/>\n\t<meta property=\"og:image:height\" content=\"1467\" \/>\n\t<meta property=\"og:image:type\" content=\"image\/jpeg\" \/>\n<meta name=\"twitter:card\" content=\"summary_large_image\" \/>\n<meta name=\"twitter:label1\" content=\"Est. reading time\" \/>\n\t<meta name=\"twitter:data1\" content=\"1 minute\" \/>\n<script type=\"application\/ld+json\" class=\"yoast-schema-graph\">{\"@context\":\"https:\/\/schema.org\",\"@graph\":[{\"@type\":\"WebPage\",\"@id\":\"https:\/\/www.grandhyamshotel.com\/vi\/apartments-suites\/two-bedroom-family-oceanview\/\",\"url\":\"https:\/\/www.grandhyamshotel.com\/vi\/apartments-suites\/two-bedroom-family-oceanview\/\",\"name\":\"Two-bedroom Family Oceanview - Grand Hyams Hotel\",\"isPartOf\":{\"@id\":\"https:\/\/www.grandhyamshotel.com\/vi\/#website\"},\"primaryImageOfPage\":{\"@id\":\"https:\/\/www.grandhyamshotel.com\/vi\/apartments-suites\/two-bedroom-family-oceanview\/#primaryimage\"},\"image\":{\"@id\":\"https:\/\/www.grandhyamshotel.com\/vi\/apartments-suites\/two-bedroom-family-oceanview\/#primaryimage\"},\"thumbnailUrl\":\"https:\/\/www.grandhyamshotel.com\/wp-content\/uploads\/sites\/264\/2023\/06\/DSC01548.jpg\",\"datePublished\":\"2022-11-02T02:03:59+00:00\",\"dateModified\":\"2023-12-15T03:03:09+00:00\",\"breadcrumb\":{\"@id\":\"https:\/\/www.grandhyamshotel.com\/vi\/apartments-suites\/two-bedroom-family-oceanview\/#breadcrumb\"},\"inLanguage\":\"vi-VN\",\"potentialAction\":[{\"@type\":\"ReadAction\",\"target\":[\"https:\/\/www.grandhyamshotel.com\/vi\/apartments-suites\/two-bedroom-family-oceanview\/\"]}]},{\"@type\":\"ImageObject\",\"inLanguage\":\"vi-VN\",\"@id\":\"https:\/\/www.grandhyamshotel.com\/vi\/apartments-suites\/two-bedroom-family-oceanview\/#primaryimage\",\"url\":\"https:\/\/www.grandhyamshotel.com\/wp-content\/uploads\/sites\/264\/2023\/06\/DSC01548.jpg\",\"contentUrl\":\"https:\/\/www.grandhyamshotel.com\/wp-content\/uploads\/sites\/264\/2023\/06\/DSC01548.jpg\",\"width\":2200,\"height\":1467},{\"@type\":\"BreadcrumbList\",\"@id\":\"https:\/\/www.grandhyamshotel.com\/vi\/apartments-suites\/two-bedroom-family-oceanview\/#breadcrumb\",\"itemListElement\":[{\"@type\":\"ListItem\",\"position\":1,\"name\":\"Home\",\"item\":\"https:\/\/www.grandhyamshotel.com\/vi\/\"},{\"@type\":\"ListItem\",\"position\":2,\"name\":\"Ph\u00f2ng Ngh\u1ec9\",\"item\":\"https:\/\/www.grandhyamshotel.com\/vi\/apartments-suites\/\"},{\"@type\":\"ListItem\",\"position\":3,\"name\":\"Two-bedroom Family Oceanview\"}]},{\"@type\":\"WebSite\",\"@id\":\"https:\/\/www.grandhyamshotel.com\/vi\/#website\",\"url\":\"https:\/\/www.grandhyamshotel.com\/vi\/\",\"name\":\"Grand Hyams Hotel\",\"description\":\"\",\"potentialAction\":[{\"@type\":\"SearchAction\",\"target\":{\"@type\":\"EntryPoint\",\"urlTemplate\":\"https:\/\/www.grandhyamshotel.com\/vi\/?s={search_term_string}\"},\"query-input\":\"required name=search_term_string\"}],\"inLanguage\":\"vi-VN\"}]}<\/script>\n<!-- \/ Yoast SEO plugin. -->","yoast_head_json":{"title":"Two-bedroom Family Oceanview - Grand Hyams Hotel","robots":{"index":"index","follow":"follow","max-snippet":"max-snippet:-1","max-image-preview":"max-image-preview:large","max-video-preview":"max-video-preview:-1"},"canonical":"https:\/\/www.grandhyamshotel.com\/vi\/apartments-suites\/two-bedroom-family-oceanview\/","og_locale":"vi_VN","og_type":"article","og_title":"Two-bedroom Family Oceanview - Grand Hyams Hotel","og_description":"C\u0103n h\u1ed9 gia \u0111\u00ecnh 02 ph\u00f2ng ng\u1ee7 h\u01b0\u1edbng bi\u1ec3n s\u1ebd \u0111\u00e1nh th\u1ee9c t\u1ea5t c\u1ea3 c\u00e1c th\u00e0nh vi\u00ean v\u1edbi khung tr\u1eddi v\u00e0 m\u1eb7t bi\u1ec3n ng\u00e1t xanh bu\u1ed5i s\u1edbm mai, \u0111\u00f3n ch\u1edd gia \u0111\u00ecnh tr\u1edf v\u1ec1 sau ng\u00e0y d\u00e0i kh\u00e1m ph\u00e1 \u0111\u1ec3 ngh\u1ec9 ng\u01a1i trong kh\u00f4ng gian ti\u1ec7n nghi, tinh t\u1ebf. T\u1eeb ban c\u00f4ng tho\u00e1ng \u0111\u00e3ng, h\u00e3y [&hellip;]","og_url":"https:\/\/www.grandhyamshotel.com\/vi\/apartments-suites\/two-bedroom-family-oceanview\/","og_site_name":"Grand Hyams Hotel","article_modified_time":"2023-12-15T03:03:09+00:00","og_image":[{"width":2200,"height":1467,"url":"https:\/\/www.grandhyamshotel.com\/wp-content\/uploads\/sites\/264\/2023\/06\/DSC01548.jpg","type":"image\/jpeg"}],"twitter_card":"summary_large_image","twitter_misc":{"Est. reading time":"1 minute"},"schema":{"@context":"https:\/\/schema.org","@graph":[{"@type":"WebPage","@id":"https:\/\/www.grandhyamshotel.com\/vi\/apartments-suites\/two-bedroom-family-oceanview\/","url":"https:\/\/www.grandhyamshotel.com\/vi\/apartments-suites\/two-bedroom-family-oceanview\/","name":"Two-bedroom Family Oceanview - Grand Hyams Hotel","isPartOf":{"@id":"https:\/\/www.grandhyamshotel.com\/vi\/#website"},"primaryImageOfPage":{"@id":"https:\/\/www.grandhyamshotel.com\/vi\/apartments-suites\/two-bedroom-family-oceanview\/#primaryimage"},"image":{"@id":"https:\/\/www.grandhyamshotel.com\/vi\/apartments-suites\/two-bedroom-family-oceanview\/#primaryimage"},"thumbnailUrl":"https:\/\/www.grandhyamshotel.com\/wp-content\/uploads\/sites\/264\/2023\/06\/DSC01548.jpg","datePublished":"2022-11-02T02:03:59+00:00","dateModified":"2023-12-15T03:03:09+00:00","breadcrumb":{"@id":"https:\/\/www.grandhyamshotel.com\/vi\/apartments-suites\/two-bedroom-family-oceanview\/#breadcrumb"},"inLanguage":"vi-VN","potentialAction":[{"@type":"ReadAction","target":["https:\/\/www.grandhyamshotel.com\/vi\/apartments-suites\/two-bedroom-family-oceanview\/"]}]},{"@type":"ImageObject","inLanguage":"vi-VN","@id":"https:\/\/www.grandhyamshotel.com\/vi\/apartments-suites\/two-bedroom-family-oceanview\/#primaryimage","url":"https:\/\/www.grandhyamshotel.com\/wp-content\/uploads\/sites\/264\/2023\/06\/DSC01548.jpg","contentUrl":"https:\/\/www.grandhyamshotel.com\/wp-content\/uploads\/sites\/264\/2023\/06\/DSC01548.jpg","width":2200,"height":1467},{"@type":"BreadcrumbList","@id":"https:\/\/www.grandhyamshotel.com\/vi\/apartments-suites\/two-bedroom-family-oceanview\/#breadcrumb","itemListElement":[{"@type":"ListItem","position":1,"name":"Home","item":"https:\/\/www.grandhyamshotel.com\/vi\/"},{"@type":"ListItem","position":2,"name":"Ph\u00f2ng Ngh\u1ec9","item":"https:\/\/www.grandhyamshotel.com\/vi\/apartments-suites\/"},{"@type":"ListItem","position":3,"name":"Two-bedroom Family Oceanview"}]},{"@type":"WebSite","@id":"https:\/\/www.grandhyamshotel.com\/vi\/#website","url":"https:\/\/www.grandhyamshotel.com\/vi\/","name":"Grand Hyams Hotel","description":"","potentialAction":[{"@type":"SearchAction","target":{"@type":"EntryPoint","urlTemplate":"https:\/\/www.grandhyamshotel.com\/vi\/?s={search_term_string}"},"query-input":"required name=search_term_string"}],"inLanguage":"vi-VN"}]}},"_links":{"self":[{"href":"https:\/\/www.grandhyamshotel.com\/vi\/wp-json\/wp\/v2\/pages\/271"}],"collection":[{"href":"https:\/\/www.grandhyamshotel.com\/vi\/wp-json\/wp\/v2\/pages"}],"about":[{"href":"https:\/\/www.grandhyamshotel.com\/vi\/wp-json\/wp\/v2\/types\/page"}],"author":[{"embeddable":true,"href":"https:\/\/www.grandhyamshotel.com\/vi\/wp-json\/wp\/v2\/users\/368"}],"replies":[{"embeddable":true,"href":"https:\/\/www.grandhyamshotel.com\/vi\/wp-json\/wp\/v2\/comments?post=271"}],"version-history":[{"count":0,"href":"https:\/\/www.grandhyamshotel.com\/vi\/wp-json\/wp\/v2\/pages\/271\/revisions"}],"up":[{"embeddable":true,"href":"https:\/\/www.grandhyamshotel.com\/vi\/wp-json\/wp\/v2\/pages\/267"}],"wp:featuredmedia":[{"embeddable":true,"href":"https:\/\/www.grandhyamshotel.com\/vi\/wp-json\/wp\/v2\/media\/1532"}],"wp:attachment":[{"href":"https:\/\/www.grandhyamshotel.com\/vi\/wp-json\/wp\/v2\/media?parent=271"}],"curies":[{"name":"wp","href":"https:\/\/api.w.org\/{rel}","templated":true}]}}