{"id":272,"date":"2022-12-01T08:59:40","date_gmt":"2022-12-01T08:59:40","guid":{"rendered":"https:\/\/www.grandhyamshotel.com\/apartments-suites\/two-bedroom-suite-oceanview\/"},"modified":"2023-06-22T07:55:14","modified_gmt":"2023-06-22T07:55:14","slug":"two-bedroom-suite-oceanview-2","status":"publish","type":"page","link":"https:\/\/www.grandhyamshotel.com\/vi\/apartments-suites\/two-bedroom-suite-oceanview-2\/","title":{"rendered":"Two-bedroom Suite Oceanview"},"content":{"rendered":"<p>C\u0103n h\u1ed9 02 ph\u00f2ng ng\u1ee7 h\u01b0\u1edbng bi\u1ec3n l\u00e0 l\u1ef1a ch\u1ecdn tuy\u1ec7t v\u1eddi n\u1ebfu b\u1ea1n \u0111i v\u1edbi nh\u00f3m b\u1ea1n ho\u1eb7c gia \u0111\u00ecnh nh\u1ecf v\u1edbi c\u00e1c th\u00e0nh vi\u00ean. B\u1ea1n s\u1ebd c\u00f3 c\u1ea3m gi\u00e1c nh\u01b0 trong \u1edf ch\u00ednh ng\u00f4i nh\u00e0 c\u1ee7a m\u00ecnh b\u1edfi s\u1ef1 \u0111\u1ea7y \u0111\u1ee7 ti\u1ec7n nghi thi\u1ebft k\u1ebf hi\u1ec7n \u0111\u1ea1i, n\u1ed9i th\u1ea5t trang nh\u00e3 c\u1ee7a m\u1ed9t c\u0103n h\u1ed9.<\/p>\n<p>Th\u00f4ng nhau v\u1edbi l\u1ed1i ra v\u00e0o chung, hai gian ph\u00f2ng ri\u00eang t\u01b0 v\u1edbi \u0111\u1ea7y \u0111\u1ee7 c\u00e1c ti\u1ec7n \u00edch v\u1edbi khung c\u1ea3nh th\u00e0nh ph\u1ed1 bi\u1ec3n thanh b\u00ecnh \u0111\u1ec3 b\u1ea1n \u0111\u01b0\u1ee3c th\u01b0 gi\u00e3n sau ng\u00e0y d\u00e0i rong ch\u01a1i c\u00f9ng n\u1eafng gi\u00f3 thi\u00ean \u0111\u01b0\u1eddng bi\u1ec3n Quy Nh\u01a1n<\/p>\n<p>Di\u1ec7n t\u00edch: 65m2<\/p>\n","protected":false},"excerpt":{"rendered":"<p>C\u0103n h\u1ed9 02 ph\u00f2ng ng\u1ee7 h\u01b0\u1edbng bi\u1ec3n l\u00e0 l\u1ef1a ch\u1ecdn tuy\u1ec7t v\u1eddi n\u1ebfu b\u1ea1n \u0111i v\u1edbi nh\u00f3m b\u1ea1n ho\u1eb7c gia \u0111\u00ecnh nh\u1ecf v\u1edbi c\u00e1c th\u00e0nh vi\u00ean. B\u1ea1n s\u1ebd c\u00f3 c\u1ea3m gi\u00e1c nh\u01b0 trong \u1edf ch\u00ednh ng\u00f4i nh\u00e0 c\u1ee7a m\u00ecnh b\u1edfi s\u1ef1 \u0111\u1ea7y \u0111\u1ee7 ti\u1ec7n nghi thi\u1ebft k\u1ebf hi\u1ec7n \u0111\u1ea1i, n\u1ed9i th\u1ea5t trang nh\u00e3 c\u1ee7a m\u1ed9t [&hellip;]<\/p>\n","protected":false},"author":368,"featured_media":1552,"parent":267,"menu_order":5,"comment_status":"closed","ping_status":"closed","template":"template-single-room.php","meta":{"footnotes":""},"acf":[],"yoast_head":"<!-- This site is optimized with the Yoast SEO plugin v22.3 - https:\/\/yoast.com\/wordpress\/plugins\/seo\/ -->\n<title>Two-bedroom Suite Oceanview - Grand Hyams Hotel<\/title>\n<meta name=\"robots\" content=\"index, follow, max-snippet:-1, max-image-preview:large, max-video-preview:-1\" \/>\n<link rel=\"canonical\" href=\"https:\/\/www.grandhyamshotel.com\/vi\/apartments-suites\/two-bedroom-suite-oceanview-2\/\" \/>\n<meta property=\"og:locale\" content=\"vi_VN\" \/>\n<meta property=\"og:type\" content=\"article\" \/>\n<meta property=\"og:title\" content=\"Two-bedroom Suite Oceanview - Grand Hyams Hotel\" \/>\n<meta property=\"og:description\" content=\"C\u0103n h\u1ed9 02 ph\u00f2ng ng\u1ee7 h\u01b0\u1edbng bi\u1ec3n l\u00e0 l\u1ef1a ch\u1ecdn tuy\u1ec7t v\u1eddi n\u1ebfu b\u1ea1n \u0111i v\u1edbi nh\u00f3m b\u1ea1n ho\u1eb7c gia \u0111\u00ecnh nh\u1ecf v\u1edbi c\u00e1c th\u00e0nh vi\u00ean. B\u1ea1n s\u1ebd c\u00f3 c\u1ea3m gi\u00e1c nh\u01b0 trong \u1edf ch\u00ednh ng\u00f4i nh\u00e0 c\u1ee7a m\u00ecnh b\u1edfi s\u1ef1 \u0111\u1ea7y \u0111\u1ee7 ti\u1ec7n nghi thi\u1ebft k\u1ebf hi\u1ec7n \u0111\u1ea1i, n\u1ed9i th\u1ea5t trang nh\u00e3 c\u1ee7a m\u1ed9t [&hellip;]\" \/>\n<meta property=\"og:url\" content=\"https:\/\/www.grandhyamshotel.com\/vi\/apartments-suites\/two-bedroom-suite-oceanview-2\/\" \/>\n<meta property=\"og:site_name\" content=\"Grand Hyams Hotel\" \/>\n<meta property=\"article:modified_time\" content=\"2023-06-22T07:55:14+00:00\" \/>\n<meta property=\"og:image\" content=\"https:\/\/www.grandhyamshotel.com\/wp-content\/uploads\/sites\/264\/2023\/06\/IMG_2428-1.jpg\" \/>\n\t<meta property=\"og:image:width\" content=\"2200\" \/>\n\t<meta property=\"og:image:height\" content=\"1467\" \/>\n\t<meta property=\"og:image:type\" content=\"image\/jpeg\" \/>\n<meta name=\"twitter:card\" content=\"summary_large_image\" \/>\n<meta name=\"twitter:label1\" content=\"Est. reading time\" \/>\n\t<meta name=\"twitter:data1\" content=\"1 minute\" \/>\n<script type=\"application\/ld+json\" class=\"yoast-schema-graph\">{\"@context\":\"https:\/\/schema.org\",\"@graph\":[{\"@type\":\"WebPage\",\"@id\":\"https:\/\/www.grandhyamshotel.com\/vi\/apartments-suites\/two-bedroom-suite-oceanview-2\/\",\"url\":\"https:\/\/www.grandhyamshotel.com\/vi\/apartments-suites\/two-bedroom-suite-oceanview-2\/\",\"name\":\"Two-bedroom Suite Oceanview - Grand Hyams Hotel\",\"isPartOf\":{\"@id\":\"https:\/\/www.grandhyamshotel.com\/vi\/#website\"},\"primaryImageOfPage\":{\"@id\":\"https:\/\/www.grandhyamshotel.com\/vi\/apartments-suites\/two-bedroom-suite-oceanview-2\/#primaryimage\"},\"image\":{\"@id\":\"https:\/\/www.grandhyamshotel.com\/vi\/apartments-suites\/two-bedroom-suite-oceanview-2\/#primaryimage\"},\"thumbnailUrl\":\"https:\/\/www.grandhyamshotel.com\/wp-content\/uploads\/sites\/264\/2023\/06\/IMG_2428-1.jpg\",\"datePublished\":\"2022-12-01T08:59:40+00:00\",\"dateModified\":\"2023-06-22T07:55:14+00:00\",\"breadcrumb\":{\"@id\":\"https:\/\/www.grandhyamshotel.com\/vi\/apartments-suites\/two-bedroom-suite-oceanview-2\/#breadcrumb\"},\"inLanguage\":\"vi-VN\",\"potentialAction\":[{\"@type\":\"ReadAction\",\"target\":[\"https:\/\/www.grandhyamshotel.com\/vi\/apartments-suites\/two-bedroom-suite-oceanview-2\/\"]}]},{\"@type\":\"ImageObject\",\"inLanguage\":\"vi-VN\",\"@id\":\"https:\/\/www.grandhyamshotel.com\/vi\/apartments-suites\/two-bedroom-suite-oceanview-2\/#primaryimage\",\"url\":\"https:\/\/www.grandhyamshotel.com\/wp-content\/uploads\/sites\/264\/2023\/06\/IMG_2428-1.jpg\",\"contentUrl\":\"https:\/\/www.grandhyamshotel.com\/wp-content\/uploads\/sites\/264\/2023\/06\/IMG_2428-1.jpg\",\"width\":2200,\"height\":1467},{\"@type\":\"BreadcrumbList\",\"@id\":\"https:\/\/www.grandhyamshotel.com\/vi\/apartments-suites\/two-bedroom-suite-oceanview-2\/#breadcrumb\",\"itemListElement\":[{\"@type\":\"ListItem\",\"position\":1,\"name\":\"Home\",\"item\":\"https:\/\/www.grandhyamshotel.com\/vi\/\"},{\"@type\":\"ListItem\",\"position\":2,\"name\":\"Ph\u00f2ng Ngh\u1ec9\",\"item\":\"https:\/\/www.grandhyamshotel.com\/vi\/apartments-suites\/\"},{\"@type\":\"ListItem\",\"position\":3,\"name\":\"Two-bedroom Suite Oceanview\"}]},{\"@type\":\"WebSite\",\"@id\":\"https:\/\/www.grandhyamshotel.com\/vi\/#website\",\"url\":\"https:\/\/www.grandhyamshotel.com\/vi\/\",\"name\":\"Grand Hyams Hotel\",\"description\":\"\",\"potentialAction\":[{\"@type\":\"SearchAction\",\"target\":{\"@type\":\"EntryPoint\",\"urlTemplate\":\"https:\/\/www.grandhyamshotel.com\/vi\/?s={search_term_string}\"},\"query-input\":\"required name=search_term_string\"}],\"inLanguage\":\"vi-VN\"}]}<\/script>\n<!-- \/ Yoast SEO plugin. -->","yoast_head_json":{"title":"Two-bedroom Suite Oceanview - Grand Hyams Hotel","robots":{"index":"index","follow":"follow","max-snippet":"max-snippet:-1","max-image-preview":"max-image-preview:large","max-video-preview":"max-video-preview:-1"},"canonical":"https:\/\/www.grandhyamshotel.com\/vi\/apartments-suites\/two-bedroom-suite-oceanview-2\/","og_locale":"vi_VN","og_type":"article","og_title":"Two-bedroom Suite Oceanview - Grand Hyams Hotel","og_description":"C\u0103n h\u1ed9 02 ph\u00f2ng ng\u1ee7 h\u01b0\u1edbng bi\u1ec3n l\u00e0 l\u1ef1a ch\u1ecdn tuy\u1ec7t v\u1eddi n\u1ebfu b\u1ea1n \u0111i v\u1edbi nh\u00f3m b\u1ea1n ho\u1eb7c gia \u0111\u00ecnh nh\u1ecf v\u1edbi c\u00e1c th\u00e0nh vi\u00ean. B\u1ea1n s\u1ebd c\u00f3 c\u1ea3m gi\u00e1c nh\u01b0 trong \u1edf ch\u00ednh ng\u00f4i nh\u00e0 c\u1ee7a m\u00ecnh b\u1edfi s\u1ef1 \u0111\u1ea7y \u0111\u1ee7 ti\u1ec7n nghi thi\u1ebft k\u1ebf hi\u1ec7n \u0111\u1ea1i, n\u1ed9i th\u1ea5t trang nh\u00e3 c\u1ee7a m\u1ed9t [&hellip;]","og_url":"https:\/\/www.grandhyamshotel.com\/vi\/apartments-suites\/two-bedroom-suite-oceanview-2\/","og_site_name":"Grand Hyams Hotel","article_modified_time":"2023-06-22T07:55:14+00:00","og_image":[{"width":2200,"height":1467,"url":"https:\/\/www.grandhyamshotel.com\/wp-content\/uploads\/sites\/264\/2023\/06\/IMG_2428-1.jpg","type":"image\/jpeg"}],"twitter_card":"summary_large_image","twitter_misc":{"Est. reading time":"1 minute"},"schema":{"@context":"https:\/\/schema.org","@graph":[{"@type":"WebPage","@id":"https:\/\/www.grandhyamshotel.com\/vi\/apartments-suites\/two-bedroom-suite-oceanview-2\/","url":"https:\/\/www.grandhyamshotel.com\/vi\/apartments-suites\/two-bedroom-suite-oceanview-2\/","name":"Two-bedroom Suite Oceanview - Grand Hyams Hotel","isPartOf":{"@id":"https:\/\/www.grandhyamshotel.com\/vi\/#website"},"primaryImageOfPage":{"@id":"https:\/\/www.grandhyamshotel.com\/vi\/apartments-suites\/two-bedroom-suite-oceanview-2\/#primaryimage"},"image":{"@id":"https:\/\/www.grandhyamshotel.com\/vi\/apartments-suites\/two-bedroom-suite-oceanview-2\/#primaryimage"},"thumbnailUrl":"https:\/\/www.grandhyamshotel.com\/wp-content\/uploads\/sites\/264\/2023\/06\/IMG_2428-1.jpg","datePublished":"2022-12-01T08:59:40+00:00","dateModified":"2023-06-22T07:55:14+00:00","breadcrumb":{"@id":"https:\/\/www.grandhyamshotel.com\/vi\/apartments-suites\/two-bedroom-suite-oceanview-2\/#breadcrumb"},"inLanguage":"vi-VN","potentialAction":[{"@type":"ReadAction","target":["https:\/\/www.grandhyamshotel.com\/vi\/apartments-suites\/two-bedroom-suite-oceanview-2\/"]}]},{"@type":"ImageObject","inLanguage":"vi-VN","@id":"https:\/\/www.grandhyamshotel.com\/vi\/apartments-suites\/two-bedroom-suite-oceanview-2\/#primaryimage","url":"https:\/\/www.grandhyamshotel.com\/wp-content\/uploads\/sites\/264\/2023\/06\/IMG_2428-1.jpg","contentUrl":"https:\/\/www.grandhyamshotel.com\/wp-content\/uploads\/sites\/264\/2023\/06\/IMG_2428-1.jpg","width":2200,"height":1467},{"@type":"BreadcrumbList","@id":"https:\/\/www.grandhyamshotel.com\/vi\/apartments-suites\/two-bedroom-suite-oceanview-2\/#breadcrumb","itemListElement":[{"@type":"ListItem","position":1,"name":"Home","item":"https:\/\/www.grandhyamshotel.com\/vi\/"},{"@type":"ListItem","position":2,"name":"Ph\u00f2ng Ngh\u1ec9","item":"https:\/\/www.grandhyamshotel.com\/vi\/apartments-suites\/"},{"@type":"ListItem","position":3,"name":"Two-bedroom Suite Oceanview"}]},{"@type":"WebSite","@id":"https:\/\/www.grandhyamshotel.com\/vi\/#website","url":"https:\/\/www.grandhyamshotel.com\/vi\/","name":"Grand Hyams Hotel","description":"","potentialAction":[{"@type":"SearchAction","target":{"@type":"EntryPoint","urlTemplate":"https:\/\/www.grandhyamshotel.com\/vi\/?s={search_term_string}"},"query-input":"required name=search_term_string"}],"inLanguage":"vi-VN"}]}},"_links":{"self":[{"href":"https:\/\/www.grandhyamshotel.com\/vi\/wp-json\/wp\/v2\/pages\/272"}],"collection":[{"href":"https:\/\/www.grandhyamshotel.com\/vi\/wp-json\/wp\/v2\/pages"}],"about":[{"href":"https:\/\/www.grandhyamshotel.com\/vi\/wp-json\/wp\/v2\/types\/page"}],"author":[{"embeddable":true,"href":"https:\/\/www.grandhyamshotel.com\/vi\/wp-json\/wp\/v2\/users\/368"}],"replies":[{"embeddable":true,"href":"https:\/\/www.grandhyamshotel.com\/vi\/wp-json\/wp\/v2\/comments?post=272"}],"version-history":[{"count":0,"href":"https:\/\/www.grandhyamshotel.com\/vi\/wp-json\/wp\/v2\/pages\/272\/revisions"}],"up":[{"embeddable":true,"href":"https:\/\/www.grandhyamshotel.com\/vi\/wp-json\/wp\/v2\/pages\/267"}],"wp:featuredmedia":[{"embeddable":true,"href":"https:\/\/www.grandhyamshotel.com\/vi\/wp-json\/wp\/v2\/media\/1552"}],"wp:attachment":[{"href":"https:\/\/www.grandhyamshotel.com\/vi\/wp-json\/wp\/v2\/media?parent=272"}],"curies":[{"name":"wp","href":"https:\/\/api.w.org\/{rel}","templated":true}]}}