{"id":273,"date":"2022-11-02T01:57:35","date_gmt":"2022-11-02T01:57:35","guid":{"rendered":"https:\/\/www.grandhyamshotel.com\/apartments-suites\/three-bedroom-suite-oceanview\/"},"modified":"2023-12-15T03:18:09","modified_gmt":"2023-12-15T03:18:09","slug":"three-bedroom-suite-oceanview","status":"publish","type":"page","link":"https:\/\/www.grandhyamshotel.com\/vi\/apartments-suites\/three-bedroom-suite-oceanview\/","title":{"rendered":"Three-bedroom Suite Oceanview"},"content":{"rendered":"<p>Chuy\u1ebfn \u0111i c\u1ee7a gia \u0111\u00ecnh s\u1ebd th\u00eam ph\u1ea7n tr\u1ecdn v\u1eb9n nh\u1edd s\u1ef1 k\u1ebft h\u1ee3p ho\u00e0n h\u1ea3o gi\u1eefa ki\u1ebfn tr\u00fac \u0111\u01b0\u01a1ng \u0111\u1ea1i c\u1ee7a c\u0103n h\u1ed9 03 ph\u00f2ng ng\u1ee7 h\u01b0\u1edbng bi\u1ec3n, \u0111\u1ea7y \u0111\u1ee7 ti\u1ec7n nghi trong kh\u00f4ng gian r\u1ed9ng r\u00e3i t\u1eeb ph\u00f2ng kh\u00e1ch chung \u0111\u1ebfn c\u00e1c gian ph\u00f2ng ri\u00eang bi\u1ec7t, \u0111\u1ea3m b\u1ea3o ri\u00eang t\u01b0 nh\u01b0ng v\u1eabn mang \u0111\u1ebfn s\u1ef1 \u1ea5m c\u00fang, g\u1ea7n g\u0169i cho c\u00e1c th\u00e0nh vi\u00ean.<\/p>\n<p>T\u1eadn h\u01b0\u1edfng l\u00e0n gi\u00f3 m\u00e1t l\u00e0nh c\u00f9ng bi\u1ec3n xanh tr\u00e1ng l\u1ec7 qua khung c\u1eeda, ch\u1eafc ch\u1eafn s\u1ebd l\u00e0 tr\u1ea3i nghi\u1ec7m kh\u00f3 qu\u00ean trong k\u1ef3 ngh\u1ec9 c\u1ee7a gia \u0111\u00ecnh t\u1ea1i Quy Nh\u01a1n<\/p>\n<p>Di\u1ec7n t\u00edch: 75m2<\/p>\n","protected":false},"excerpt":{"rendered":"<p>Chuy\u1ebfn \u0111i c\u1ee7a gia \u0111\u00ecnh s\u1ebd th\u00eam ph\u1ea7n tr\u1ecdn v\u1eb9n nh\u1edd s\u1ef1 k\u1ebft h\u1ee3p ho\u00e0n h\u1ea3o gi\u1eefa ki\u1ebfn tr\u00fac \u0111\u01b0\u01a1ng \u0111\u1ea1i c\u1ee7a c\u0103n h\u1ed9 03 ph\u00f2ng ng\u1ee7 h\u01b0\u1edbng bi\u1ec3n, \u0111\u1ea7y \u0111\u1ee7 ti\u1ec7n nghi trong kh\u00f4ng gian r\u1ed9ng r\u00e3i t\u1eeb ph\u00f2ng kh\u00e1ch chung \u0111\u1ebfn c\u00e1c gian ph\u00f2ng ri\u00eang bi\u1ec7t, \u0111\u1ea3m b\u1ea3o ri\u00eang t\u01b0 nh\u01b0ng v\u1eabn mang [&hellip;]<\/p>\n","protected":false},"author":368,"featured_media":1588,"parent":267,"menu_order":6,"comment_status":"closed","ping_status":"closed","template":"template-single-room.php","meta":{"footnotes":""},"acf":[],"yoast_head":"<!-- This site is optimized with the Yoast SEO plugin v22.3 - https:\/\/yoast.com\/wordpress\/plugins\/seo\/ -->\n<title>Three-bedroom Suite Oceanview - Grand Hyams Hotel<\/title>\n<meta name=\"robots\" content=\"index, follow, max-snippet:-1, max-image-preview:large, max-video-preview:-1\" \/>\n<link rel=\"canonical\" href=\"https:\/\/www.grandhyamshotel.com\/vi\/apartments-suites\/three-bedroom-suite-oceanview\/\" \/>\n<meta property=\"og:locale\" content=\"vi_VN\" \/>\n<meta property=\"og:type\" content=\"article\" \/>\n<meta property=\"og:title\" content=\"Three-bedroom Suite Oceanview - Grand Hyams Hotel\" \/>\n<meta property=\"og:description\" content=\"Chuy\u1ebfn \u0111i c\u1ee7a gia \u0111\u00ecnh s\u1ebd th\u00eam ph\u1ea7n tr\u1ecdn v\u1eb9n nh\u1edd s\u1ef1 k\u1ebft h\u1ee3p ho\u00e0n h\u1ea3o gi\u1eefa ki\u1ebfn tr\u00fac \u0111\u01b0\u01a1ng \u0111\u1ea1i c\u1ee7a c\u0103n h\u1ed9 03 ph\u00f2ng ng\u1ee7 h\u01b0\u1edbng bi\u1ec3n, \u0111\u1ea7y \u0111\u1ee7 ti\u1ec7n nghi trong kh\u00f4ng gian r\u1ed9ng r\u00e3i t\u1eeb ph\u00f2ng kh\u00e1ch chung \u0111\u1ebfn c\u00e1c gian ph\u00f2ng ri\u00eang bi\u1ec7t, \u0111\u1ea3m b\u1ea3o ri\u00eang t\u01b0 nh\u01b0ng v\u1eabn mang [&hellip;]\" \/>\n<meta property=\"og:url\" content=\"https:\/\/www.grandhyamshotel.com\/vi\/apartments-suites\/three-bedroom-suite-oceanview\/\" \/>\n<meta property=\"og:site_name\" content=\"Grand Hyams Hotel\" \/>\n<meta property=\"article:modified_time\" content=\"2023-12-15T03:18:09+00:00\" \/>\n<meta property=\"og:image\" content=\"https:\/\/www.grandhyamshotel.com\/wp-content\/uploads\/sites\/264\/2023\/06\/IMG_2926-1.jpg\" \/>\n\t<meta property=\"og:image:width\" content=\"2200\" \/>\n\t<meta property=\"og:image:height\" content=\"1467\" \/>\n\t<meta property=\"og:image:type\" content=\"image\/jpeg\" \/>\n<meta name=\"twitter:card\" content=\"summary_large_image\" \/>\n<meta name=\"twitter:label1\" content=\"Est. reading time\" \/>\n\t<meta name=\"twitter:data1\" content=\"1 minute\" \/>\n<script type=\"application\/ld+json\" class=\"yoast-schema-graph\">{\"@context\":\"https:\/\/schema.org\",\"@graph\":[{\"@type\":\"WebPage\",\"@id\":\"https:\/\/www.grandhyamshotel.com\/vi\/apartments-suites\/three-bedroom-suite-oceanview\/\",\"url\":\"https:\/\/www.grandhyamshotel.com\/vi\/apartments-suites\/three-bedroom-suite-oceanview\/\",\"name\":\"Three-bedroom Suite Oceanview - Grand Hyams Hotel\",\"isPartOf\":{\"@id\":\"https:\/\/www.grandhyamshotel.com\/vi\/#website\"},\"primaryImageOfPage\":{\"@id\":\"https:\/\/www.grandhyamshotel.com\/vi\/apartments-suites\/three-bedroom-suite-oceanview\/#primaryimage\"},\"image\":{\"@id\":\"https:\/\/www.grandhyamshotel.com\/vi\/apartments-suites\/three-bedroom-suite-oceanview\/#primaryimage\"},\"thumbnailUrl\":\"https:\/\/www.grandhyamshotel.com\/wp-content\/uploads\/sites\/264\/2023\/06\/IMG_2926-1.jpg\",\"datePublished\":\"2022-11-02T01:57:35+00:00\",\"dateModified\":\"2023-12-15T03:18:09+00:00\",\"breadcrumb\":{\"@id\":\"https:\/\/www.grandhyamshotel.com\/vi\/apartments-suites\/three-bedroom-suite-oceanview\/#breadcrumb\"},\"inLanguage\":\"vi-VN\",\"potentialAction\":[{\"@type\":\"ReadAction\",\"target\":[\"https:\/\/www.grandhyamshotel.com\/vi\/apartments-suites\/three-bedroom-suite-oceanview\/\"]}]},{\"@type\":\"ImageObject\",\"inLanguage\":\"vi-VN\",\"@id\":\"https:\/\/www.grandhyamshotel.com\/vi\/apartments-suites\/three-bedroom-suite-oceanview\/#primaryimage\",\"url\":\"https:\/\/www.grandhyamshotel.com\/wp-content\/uploads\/sites\/264\/2023\/06\/IMG_2926-1.jpg\",\"contentUrl\":\"https:\/\/www.grandhyamshotel.com\/wp-content\/uploads\/sites\/264\/2023\/06\/IMG_2926-1.jpg\",\"width\":2200,\"height\":1467},{\"@type\":\"BreadcrumbList\",\"@id\":\"https:\/\/www.grandhyamshotel.com\/vi\/apartments-suites\/three-bedroom-suite-oceanview\/#breadcrumb\",\"itemListElement\":[{\"@type\":\"ListItem\",\"position\":1,\"name\":\"Home\",\"item\":\"https:\/\/www.grandhyamshotel.com\/vi\/\"},{\"@type\":\"ListItem\",\"position\":2,\"name\":\"Ph\u00f2ng Ngh\u1ec9\",\"item\":\"https:\/\/www.grandhyamshotel.com\/vi\/apartments-suites\/\"},{\"@type\":\"ListItem\",\"position\":3,\"name\":\"Three-bedroom Suite Oceanview\"}]},{\"@type\":\"WebSite\",\"@id\":\"https:\/\/www.grandhyamshotel.com\/vi\/#website\",\"url\":\"https:\/\/www.grandhyamshotel.com\/vi\/\",\"name\":\"Grand Hyams Hotel\",\"description\":\"\",\"potentialAction\":[{\"@type\":\"SearchAction\",\"target\":{\"@type\":\"EntryPoint\",\"urlTemplate\":\"https:\/\/www.grandhyamshotel.com\/vi\/?s={search_term_string}\"},\"query-input\":\"required name=search_term_string\"}],\"inLanguage\":\"vi-VN\"}]}<\/script>\n<!-- \/ Yoast SEO plugin. -->","yoast_head_json":{"title":"Three-bedroom Suite Oceanview - Grand Hyams Hotel","robots":{"index":"index","follow":"follow","max-snippet":"max-snippet:-1","max-image-preview":"max-image-preview:large","max-video-preview":"max-video-preview:-1"},"canonical":"https:\/\/www.grandhyamshotel.com\/vi\/apartments-suites\/three-bedroom-suite-oceanview\/","og_locale":"vi_VN","og_type":"article","og_title":"Three-bedroom Suite Oceanview - Grand Hyams Hotel","og_description":"Chuy\u1ebfn \u0111i c\u1ee7a gia \u0111\u00ecnh s\u1ebd th\u00eam ph\u1ea7n tr\u1ecdn v\u1eb9n nh\u1edd s\u1ef1 k\u1ebft h\u1ee3p ho\u00e0n h\u1ea3o gi\u1eefa ki\u1ebfn tr\u00fac \u0111\u01b0\u01a1ng \u0111\u1ea1i c\u1ee7a c\u0103n h\u1ed9 03 ph\u00f2ng ng\u1ee7 h\u01b0\u1edbng bi\u1ec3n, \u0111\u1ea7y \u0111\u1ee7 ti\u1ec7n nghi trong kh\u00f4ng gian r\u1ed9ng r\u00e3i t\u1eeb ph\u00f2ng kh\u00e1ch chung \u0111\u1ebfn c\u00e1c gian ph\u00f2ng ri\u00eang bi\u1ec7t, \u0111\u1ea3m b\u1ea3o ri\u00eang t\u01b0 nh\u01b0ng v\u1eabn mang [&hellip;]","og_url":"https:\/\/www.grandhyamshotel.com\/vi\/apartments-suites\/three-bedroom-suite-oceanview\/","og_site_name":"Grand Hyams Hotel","article_modified_time":"2023-12-15T03:18:09+00:00","og_image":[{"width":2200,"height":1467,"url":"https:\/\/www.grandhyamshotel.com\/wp-content\/uploads\/sites\/264\/2023\/06\/IMG_2926-1.jpg","type":"image\/jpeg"}],"twitter_card":"summary_large_image","twitter_misc":{"Est. reading time":"1 minute"},"schema":{"@context":"https:\/\/schema.org","@graph":[{"@type":"WebPage","@id":"https:\/\/www.grandhyamshotel.com\/vi\/apartments-suites\/three-bedroom-suite-oceanview\/","url":"https:\/\/www.grandhyamshotel.com\/vi\/apartments-suites\/three-bedroom-suite-oceanview\/","name":"Three-bedroom Suite Oceanview - Grand Hyams Hotel","isPartOf":{"@id":"https:\/\/www.grandhyamshotel.com\/vi\/#website"},"primaryImageOfPage":{"@id":"https:\/\/www.grandhyamshotel.com\/vi\/apartments-suites\/three-bedroom-suite-oceanview\/#primaryimage"},"image":{"@id":"https:\/\/www.grandhyamshotel.com\/vi\/apartments-suites\/three-bedroom-suite-oceanview\/#primaryimage"},"thumbnailUrl":"https:\/\/www.grandhyamshotel.com\/wp-content\/uploads\/sites\/264\/2023\/06\/IMG_2926-1.jpg","datePublished":"2022-11-02T01:57:35+00:00","dateModified":"2023-12-15T03:18:09+00:00","breadcrumb":{"@id":"https:\/\/www.grandhyamshotel.com\/vi\/apartments-suites\/three-bedroom-suite-oceanview\/#breadcrumb"},"inLanguage":"vi-VN","potentialAction":[{"@type":"ReadAction","target":["https:\/\/www.grandhyamshotel.com\/vi\/apartments-suites\/three-bedroom-suite-oceanview\/"]}]},{"@type":"ImageObject","inLanguage":"vi-VN","@id":"https:\/\/www.grandhyamshotel.com\/vi\/apartments-suites\/three-bedroom-suite-oceanview\/#primaryimage","url":"https:\/\/www.grandhyamshotel.com\/wp-content\/uploads\/sites\/264\/2023\/06\/IMG_2926-1.jpg","contentUrl":"https:\/\/www.grandhyamshotel.com\/wp-content\/uploads\/sites\/264\/2023\/06\/IMG_2926-1.jpg","width":2200,"height":1467},{"@type":"BreadcrumbList","@id":"https:\/\/www.grandhyamshotel.com\/vi\/apartments-suites\/three-bedroom-suite-oceanview\/#breadcrumb","itemListElement":[{"@type":"ListItem","position":1,"name":"Home","item":"https:\/\/www.grandhyamshotel.com\/vi\/"},{"@type":"ListItem","position":2,"name":"Ph\u00f2ng Ngh\u1ec9","item":"https:\/\/www.grandhyamshotel.com\/vi\/apartments-suites\/"},{"@type":"ListItem","position":3,"name":"Three-bedroom Suite Oceanview"}]},{"@type":"WebSite","@id":"https:\/\/www.grandhyamshotel.com\/vi\/#website","url":"https:\/\/www.grandhyamshotel.com\/vi\/","name":"Grand Hyams Hotel","description":"","potentialAction":[{"@type":"SearchAction","target":{"@type":"EntryPoint","urlTemplate":"https:\/\/www.grandhyamshotel.com\/vi\/?s={search_term_string}"},"query-input":"required name=search_term_string"}],"inLanguage":"vi-VN"}]}},"_links":{"self":[{"href":"https:\/\/www.grandhyamshotel.com\/vi\/wp-json\/wp\/v2\/pages\/273"}],"collection":[{"href":"https:\/\/www.grandhyamshotel.com\/vi\/wp-json\/wp\/v2\/pages"}],"about":[{"href":"https:\/\/www.grandhyamshotel.com\/vi\/wp-json\/wp\/v2\/types\/page"}],"author":[{"embeddable":true,"href":"https:\/\/www.grandhyamshotel.com\/vi\/wp-json\/wp\/v2\/users\/368"}],"replies":[{"embeddable":true,"href":"https:\/\/www.grandhyamshotel.com\/vi\/wp-json\/wp\/v2\/comments?post=273"}],"version-history":[{"count":0,"href":"https:\/\/www.grandhyamshotel.com\/vi\/wp-json\/wp\/v2\/pages\/273\/revisions"}],"up":[{"embeddable":true,"href":"https:\/\/www.grandhyamshotel.com\/vi\/wp-json\/wp\/v2\/pages\/267"}],"wp:featuredmedia":[{"embeddable":true,"href":"https:\/\/www.grandhyamshotel.com\/vi\/wp-json\/wp\/v2\/media\/1588"}],"wp:attachment":[{"href":"https:\/\/www.grandhyamshotel.com\/vi\/wp-json\/wp\/v2\/media?parent=273"}],"curies":[{"name":"wp","href":"https:\/\/api.w.org\/{rel}","templated":true}]}}