{"id":274,"date":"2022-11-02T02:24:14","date_gmt":"2022-11-02T02:24:14","guid":{"rendered":"https:\/\/www.grandhyamshotel.com\/apartments-suites\/president-oceanfront\/"},"modified":"2025-04-17T10:02:33","modified_gmt":"2025-04-17T10:02:33","slug":"president-oceanfront","status":"publish","type":"page","link":"https:\/\/www.grandhyamshotel.com\/vi\/apartments-suites\/president-oceanfront\/","title":{"rendered":"Executive Suite Oceanfront"},"content":{"rendered":"<p>Executive Suite Oceanfront \u0111\u1eb3ng c\u1ea5p trong kh\u00f4ng gian, tinh x\u1ea3o v\u1ec1 thi\u1ebft k\u1ebf n\u1ed9i th\u1ea5t. C\u0103n ph\u00f2ng d\u00e0nh cho nh\u1eefng du kh\u00e1ch mu\u1ed1n tr\u1ea3i nghi\u1ec7m l\u1ed1i s\u1ed1ng sang tr\u1ecdng b\u1eadc nh\u1ea5t.<br \/>\nDi\u1ec7n t\u00edch: 105m2<\/p>\n","protected":false},"excerpt":{"rendered":"<p>Executive Suite Oceanfront \u0111\u1eb3ng c\u1ea5p trong kh\u00f4ng gian, tinh x\u1ea3o v\u1ec1 thi\u1ebft k\u1ebf n\u1ed9i th\u1ea5t. C\u0103n ph\u00f2ng d\u00e0nh cho nh\u1eefng du kh\u00e1ch mu\u1ed1n tr\u1ea3i nghi\u1ec7m l\u1ed1i s\u1ed1ng sang tr\u1ecdng b\u1eadc nh\u1ea5t. Di\u1ec7n t\u00edch: 105m2<\/p>\n","protected":false},"author":368,"featured_media":3827,"parent":267,"menu_order":7,"comment_status":"closed","ping_status":"closed","template":"template-single-room.php","meta":{"footnotes":""},"acf":[],"yoast_head":"<!-- This site is optimized with the Yoast SEO plugin v22.3 - https:\/\/yoast.com\/wordpress\/plugins\/seo\/ -->\n<title>Executive Suite Oceanfront - Grand Hyams Hotel<\/title>\n<meta name=\"robots\" content=\"index, follow, max-snippet:-1, max-image-preview:large, max-video-preview:-1\" \/>\n<link rel=\"canonical\" href=\"https:\/\/www.grandhyamshotel.com\/vi\/apartments-suites\/president-oceanfront\/\" \/>\n<meta property=\"og:locale\" content=\"vi_VN\" \/>\n<meta property=\"og:type\" content=\"article\" \/>\n<meta property=\"og:title\" content=\"Executive Suite Oceanfront - Grand Hyams Hotel\" \/>\n<meta property=\"og:description\" content=\"Executive Suite Oceanfront \u0111\u1eb3ng c\u1ea5p trong kh\u00f4ng gian, tinh x\u1ea3o v\u1ec1 thi\u1ebft k\u1ebf n\u1ed9i th\u1ea5t. C\u0103n ph\u00f2ng d\u00e0nh cho nh\u1eefng du kh\u00e1ch mu\u1ed1n tr\u1ea3i nghi\u1ec7m l\u1ed1i s\u1ed1ng sang tr\u1ecdng b\u1eadc nh\u1ea5t. Di\u1ec7n t\u00edch: 105m2\" \/>\n<meta property=\"og:url\" content=\"https:\/\/www.grandhyamshotel.com\/vi\/apartments-suites\/president-oceanfront\/\" \/>\n<meta property=\"og:site_name\" content=\"Grand Hyams Hotel\" \/>\n<meta property=\"article:modified_time\" content=\"2025-04-17T10:02:33+00:00\" \/>\n<meta property=\"og:image\" content=\"https:\/\/www.grandhyamshotel.com\/wp-content\/uploads\/sites\/264\/2025\/04\/DSC01722.jpg\" \/>\n\t<meta property=\"og:image:width\" content=\"2200\" \/>\n\t<meta property=\"og:image:height\" content=\"1466\" \/>\n\t<meta property=\"og:image:type\" content=\"image\/jpeg\" \/>\n<meta name=\"twitter:card\" content=\"summary_large_image\" \/>\n<meta name=\"twitter:label1\" content=\"Est. reading time\" \/>\n\t<meta name=\"twitter:data1\" content=\"1 minute\" \/>\n<script type=\"application\/ld+json\" class=\"yoast-schema-graph\">{\"@context\":\"https:\/\/schema.org\",\"@graph\":[{\"@type\":\"WebPage\",\"@id\":\"https:\/\/www.grandhyamshotel.com\/vi\/apartments-suites\/president-oceanfront\/\",\"url\":\"https:\/\/www.grandhyamshotel.com\/vi\/apartments-suites\/president-oceanfront\/\",\"name\":\"Executive Suite Oceanfront - Grand Hyams Hotel\",\"isPartOf\":{\"@id\":\"https:\/\/www.grandhyamshotel.com\/vi\/#website\"},\"primaryImageOfPage\":{\"@id\":\"https:\/\/www.grandhyamshotel.com\/vi\/apartments-suites\/president-oceanfront\/#primaryimage\"},\"image\":{\"@id\":\"https:\/\/www.grandhyamshotel.com\/vi\/apartments-suites\/president-oceanfront\/#primaryimage\"},\"thumbnailUrl\":\"https:\/\/www.grandhyamshotel.com\/wp-content\/uploads\/sites\/264\/2025\/04\/DSC01722.jpg\",\"datePublished\":\"2022-11-02T02:24:14+00:00\",\"dateModified\":\"2025-04-17T10:02:33+00:00\",\"breadcrumb\":{\"@id\":\"https:\/\/www.grandhyamshotel.com\/vi\/apartments-suites\/president-oceanfront\/#breadcrumb\"},\"inLanguage\":\"vi-VN\",\"potentialAction\":[{\"@type\":\"ReadAction\",\"target\":[\"https:\/\/www.grandhyamshotel.com\/vi\/apartments-suites\/president-oceanfront\/\"]}]},{\"@type\":\"ImageObject\",\"inLanguage\":\"vi-VN\",\"@id\":\"https:\/\/www.grandhyamshotel.com\/vi\/apartments-suites\/president-oceanfront\/#primaryimage\",\"url\":\"https:\/\/www.grandhyamshotel.com\/wp-content\/uploads\/sites\/264\/2025\/04\/DSC01722.jpg\",\"contentUrl\":\"https:\/\/www.grandhyamshotel.com\/wp-content\/uploads\/sites\/264\/2025\/04\/DSC01722.jpg\",\"width\":2200,\"height\":1466},{\"@type\":\"BreadcrumbList\",\"@id\":\"https:\/\/www.grandhyamshotel.com\/vi\/apartments-suites\/president-oceanfront\/#breadcrumb\",\"itemListElement\":[{\"@type\":\"ListItem\",\"position\":1,\"name\":\"Home\",\"item\":\"https:\/\/www.grandhyamshotel.com\/vi\/\"},{\"@type\":\"ListItem\",\"position\":2,\"name\":\"Ph\u00f2ng Ngh\u1ec9\",\"item\":\"https:\/\/www.grandhyamshotel.com\/vi\/apartments-suites\/\"},{\"@type\":\"ListItem\",\"position\":3,\"name\":\"Executive Suite Oceanfront\"}]},{\"@type\":\"WebSite\",\"@id\":\"https:\/\/www.grandhyamshotel.com\/vi\/#website\",\"url\":\"https:\/\/www.grandhyamshotel.com\/vi\/\",\"name\":\"Grand Hyams Hotel\",\"description\":\"\",\"potentialAction\":[{\"@type\":\"SearchAction\",\"target\":{\"@type\":\"EntryPoint\",\"urlTemplate\":\"https:\/\/www.grandhyamshotel.com\/vi\/?s={search_term_string}\"},\"query-input\":\"required name=search_term_string\"}],\"inLanguage\":\"vi-VN\"}]}<\/script>\n<!-- \/ Yoast SEO plugin. -->","yoast_head_json":{"title":"Executive Suite Oceanfront - Grand Hyams Hotel","robots":{"index":"index","follow":"follow","max-snippet":"max-snippet:-1","max-image-preview":"max-image-preview:large","max-video-preview":"max-video-preview:-1"},"canonical":"https:\/\/www.grandhyamshotel.com\/vi\/apartments-suites\/president-oceanfront\/","og_locale":"vi_VN","og_type":"article","og_title":"Executive Suite Oceanfront - Grand Hyams Hotel","og_description":"Executive Suite Oceanfront \u0111\u1eb3ng c\u1ea5p trong kh\u00f4ng gian, tinh x\u1ea3o v\u1ec1 thi\u1ebft k\u1ebf n\u1ed9i th\u1ea5t. C\u0103n ph\u00f2ng d\u00e0nh cho nh\u1eefng du kh\u00e1ch mu\u1ed1n tr\u1ea3i nghi\u1ec7m l\u1ed1i s\u1ed1ng sang tr\u1ecdng b\u1eadc nh\u1ea5t. Di\u1ec7n t\u00edch: 105m2","og_url":"https:\/\/www.grandhyamshotel.com\/vi\/apartments-suites\/president-oceanfront\/","og_site_name":"Grand Hyams Hotel","article_modified_time":"2025-04-17T10:02:33+00:00","og_image":[{"width":2200,"height":1466,"url":"https:\/\/www.grandhyamshotel.com\/wp-content\/uploads\/sites\/264\/2025\/04\/DSC01722.jpg","type":"image\/jpeg"}],"twitter_card":"summary_large_image","twitter_misc":{"Est. reading time":"1 minute"},"schema":{"@context":"https:\/\/schema.org","@graph":[{"@type":"WebPage","@id":"https:\/\/www.grandhyamshotel.com\/vi\/apartments-suites\/president-oceanfront\/","url":"https:\/\/www.grandhyamshotel.com\/vi\/apartments-suites\/president-oceanfront\/","name":"Executive Suite Oceanfront - Grand Hyams Hotel","isPartOf":{"@id":"https:\/\/www.grandhyamshotel.com\/vi\/#website"},"primaryImageOfPage":{"@id":"https:\/\/www.grandhyamshotel.com\/vi\/apartments-suites\/president-oceanfront\/#primaryimage"},"image":{"@id":"https:\/\/www.grandhyamshotel.com\/vi\/apartments-suites\/president-oceanfront\/#primaryimage"},"thumbnailUrl":"https:\/\/www.grandhyamshotel.com\/wp-content\/uploads\/sites\/264\/2025\/04\/DSC01722.jpg","datePublished":"2022-11-02T02:24:14+00:00","dateModified":"2025-04-17T10:02:33+00:00","breadcrumb":{"@id":"https:\/\/www.grandhyamshotel.com\/vi\/apartments-suites\/president-oceanfront\/#breadcrumb"},"inLanguage":"vi-VN","potentialAction":[{"@type":"ReadAction","target":["https:\/\/www.grandhyamshotel.com\/vi\/apartments-suites\/president-oceanfront\/"]}]},{"@type":"ImageObject","inLanguage":"vi-VN","@id":"https:\/\/www.grandhyamshotel.com\/vi\/apartments-suites\/president-oceanfront\/#primaryimage","url":"https:\/\/www.grandhyamshotel.com\/wp-content\/uploads\/sites\/264\/2025\/04\/DSC01722.jpg","contentUrl":"https:\/\/www.grandhyamshotel.com\/wp-content\/uploads\/sites\/264\/2025\/04\/DSC01722.jpg","width":2200,"height":1466},{"@type":"BreadcrumbList","@id":"https:\/\/www.grandhyamshotel.com\/vi\/apartments-suites\/president-oceanfront\/#breadcrumb","itemListElement":[{"@type":"ListItem","position":1,"name":"Home","item":"https:\/\/www.grandhyamshotel.com\/vi\/"},{"@type":"ListItem","position":2,"name":"Ph\u00f2ng Ngh\u1ec9","item":"https:\/\/www.grandhyamshotel.com\/vi\/apartments-suites\/"},{"@type":"ListItem","position":3,"name":"Executive Suite Oceanfront"}]},{"@type":"WebSite","@id":"https:\/\/www.grandhyamshotel.com\/vi\/#website","url":"https:\/\/www.grandhyamshotel.com\/vi\/","name":"Grand Hyams Hotel","description":"","potentialAction":[{"@type":"SearchAction","target":{"@type":"EntryPoint","urlTemplate":"https:\/\/www.grandhyamshotel.com\/vi\/?s={search_term_string}"},"query-input":"required name=search_term_string"}],"inLanguage":"vi-VN"}]}},"_links":{"self":[{"href":"https:\/\/www.grandhyamshotel.com\/vi\/wp-json\/wp\/v2\/pages\/274"}],"collection":[{"href":"https:\/\/www.grandhyamshotel.com\/vi\/wp-json\/wp\/v2\/pages"}],"about":[{"href":"https:\/\/www.grandhyamshotel.com\/vi\/wp-json\/wp\/v2\/types\/page"}],"author":[{"embeddable":true,"href":"https:\/\/www.grandhyamshotel.com\/vi\/wp-json\/wp\/v2\/users\/368"}],"replies":[{"embeddable":true,"href":"https:\/\/www.grandhyamshotel.com\/vi\/wp-json\/wp\/v2\/comments?post=274"}],"version-history":[{"count":0,"href":"https:\/\/www.grandhyamshotel.com\/vi\/wp-json\/wp\/v2\/pages\/274\/revisions"}],"up":[{"embeddable":true,"href":"https:\/\/www.grandhyamshotel.com\/vi\/wp-json\/wp\/v2\/pages\/267"}],"wp:featuredmedia":[{"embeddable":true,"href":"https:\/\/www.grandhyamshotel.com\/vi\/wp-json\/wp\/v2\/media\/3827"}],"wp:attachment":[{"href":"https:\/\/www.grandhyamshotel.com\/vi\/wp-json\/wp\/v2\/media?parent=274"}],"curies":[{"name":"wp","href":"https:\/\/api.w.org\/{rel}","templated":true}]}}