{"id":306,"date":"2022-11-02T02:39:33","date_gmt":"2022-11-02T02:39:33","guid":{"rendered":"https:\/\/www.grandhyamshotel.com\/dining\/"},"modified":"2026-03-10T07:06:14","modified_gmt":"2026-03-10T07:06:14","slug":"dining","status":"publish","type":"page","link":"https:\/\/www.grandhyamshotel.com\/vi\/dining\/","title":{"rendered":"\u1ea8m Th\u1ef1c"},"content":{"rendered":"<h1 data-path-to-node=\"3\">H\u00e0nh Tr\u00ecnh V\u1ecb Gi\u00e1c Gi\u1eefa L\u01b0ng Ch\u1eebng Tr\u1eddi T\u1ea1i Grand Hyams Hotel Quy Nhon Beach<\/h1>\n<p data-path-to-node=\"4\">Ch\u00e0o m\u1eebng b\u1ea1n \u0111\u1ebfn v\u1edbi thi\u00ean \u0111\u01b0\u1eddng \u1ea9m th\u1ef1c t\u1ea1i kh\u00e1ch s\u1ea1n 5 sao cao nh\u1ea5t Quy Nh\u01a1n. Kh\u00f4ng ch\u1ec9 \u0111\u01a1n thu\u1ea7n l\u00e0 th\u01b0\u1edfng th\u1ee9c m\u00f3n \u0103n, m\u1ed7i b\u01b0\u1edbc ch\u00e2n c\u1ee7a b\u1ea1n t\u1ea1i h\u1ec7 th\u1ed1ng nh\u00e0 h\u00e0ng v\u00e0 bar c\u1ee7a ch\u00fang t\u00f4i l\u00e0 m\u1ed9t tr\u1ea3i nghi\u1ec7m \u0111\u00e1nh th\u1ee9c m\u1ecdi gi\u00e1c quan gi\u1eefa kh\u00f4ng gian bi\u1ec3n tr\u1eddi bao la.<\/p>\n<p><img decoding=\"async\" style=\"max-width: 100%;height: auto;margin: 20px auto;border-radius: 8px\" src=\"https:\/\/www.grandhyamshotel.com\/wp-content\/uploads\/sites\/264\/2024\/07\/1-322.jpg\" alt=\"Nh\u00e0 h\u00e0ng Hy-Delight t\u1ea7ng 41 Grand Hyams Hotel Quy Nh\u01a1n\" \/><\/p>\n<hr data-path-to-node=\"6\" \/>\n<h2 data-path-to-node=\"7\">1. Nh\u00e0 H\u00e0ng Hy-Delight \u2013 Tinh Hoa \u00c1 \u00c2u H\u1ed9i T\u1ee5 (T\u1ea7ng 41)<\/h2>\n<p data-path-to-node=\"8\">T\u1ecda l\u1ea1c t\u1ea1i t\u1ea7ng cao nh\u1ea5t c\u1ee7a kh\u00e1ch s\u1ea1n, <b data-path-to-node=\"8\" data-index-in-node=\"41\">Hy-Delight<\/b> l\u00e0 n\u01a1i giao thoa gi\u1eefa h\u01b0\u01a1ng v\u1ecb \u0111\u1eb7c tr\u01b0ng c\u1ee7a mi\u1ec1n Trung duy\u00ean h\u1ea3i v\u00e0 tinh hoa \u1ea9m th\u1ef1c th\u1ebf gi\u1edbi.<\/p>\n<ul data-path-to-node=\"9\">\n<li>\n<p data-path-to-node=\"9,0,0\"><b data-path-to-node=\"9,0,0\" data-index-in-node=\"0\">Kh\u00f4ng gian:<\/b> Sang tr\u1ecdng, hi\u1ec7n \u0111\u1ea1i v\u1edbi thi\u1ebft k\u1ebf k\u00ednh ch\u1ea1m tr\u1ea7n, mang \u0111\u1ebfn t\u1ea7m nh\u00ecn bi\u1ec3n Quy Nh\u01a1n \u0111\u1eb9p ngo\u1ea1n m\u1ee5c t\u1eeb tr\u00ean cao.<\/p>\n<\/li>\n<li>\n<p data-path-to-node=\"9,1,0\"><b data-path-to-node=\"9,1,0\" data-index-in-node=\"0\">Tr\u1ea3i nghi\u1ec7m:<\/b> Ph\u1ee5c v\u1ee5 c\u1ea3 ng\u00e0y (All-day dining) v\u1edbi th\u1ef1c \u0111\u01a1n phong ph\u00fa t\u1eeb Buffet h\u1ea3i s\u1ea3n \u0111\u1ebfn c\u00e1c m\u00f3n Set Menu cao c\u1ea5p.<\/p>\n<\/li>\n<li>\n<p data-path-to-node=\"9,2,0\"><b data-path-to-node=\"9,2,0\" data-index-in-node=\"0\">\u0110i\u1ec3m nh\u1ea5n:<\/b> V\u1eeba th\u01b0\u1edfng th\u1ee9c \u1ee9c v\u1ecbt \u0111\u00fat l\u00f2 hay h\u1ea3i s\u1ea3n t\u01b0\u01a1i s\u1ed1ng, v\u1eeba thu tr\u1ecdn to\u00e0n c\u1ea3nh v\u1ecbnh bi\u1ec3n trong t\u1ea7m m\u1eaft.<\/p>\n<\/li>\n<\/ul>\n<p><img decoding=\"async\" style=\"max-width: 100%;height: auto;margin: 20px auto;border-radius: 8px\" src=\"https:\/\/www.grandhyamshotel.com\/wp-content\/uploads\/sites\/264\/2023\/03\/DSC07638.jpg\" alt=\"Nh\u00e0 h\u00e0ng Hy-Delight t\u1ea7ng 41 Grand Hyams Hotel Quy Nh\u01a1n\" \/><\/p>\n<hr data-path-to-node=\"11\" \/>\n<h2 data-path-to-node=\"12\">2. Hy-Fresh \u2013 Kh\u1edfi \u0110\u1ea7u Ng\u00e0y M\u1edbi \u0110\u1ea7y C\u1ea3m H\u1ee9ng<\/h2>\n<p data-path-to-node=\"13\">N\u1eb1m t\u1ea1i khu v\u1ef1c s\u1ea3nh \u0111\u00f3n kh\u00e1ch, <b data-path-to-node=\"13\" data-index-in-node=\"32\">Hy-Fresh<\/b> l\u00e0 kh\u00f4ng gian l\u00fd t\u01b0\u1edfng cho nh\u1eefng cu\u1ed9c h\u1eb9n c\u00f4ng vi\u1ec7c hay nh\u1eefng ph\u00fat gi\u00e2y th\u01b0 gi\u00e3n nh\u1eb9 nh\u00e0ng.<\/p>\n<ul data-path-to-node=\"14\">\n<li>\n<p data-path-to-node=\"14,0,0\"><b data-path-to-node=\"14,0,0\" data-index-in-node=\"0\">Giai \u0111i\u1ec7u:<\/b> Nh\u1eefng b\u1ea3n nh\u1ea1c du d\u01b0\u01a1ng h\u00f2a quy\u1ec7n c\u00f9ng m\u00f9i h\u01b0\u01a1ng c\u00e0 ph\u00ea rang xay th\u01a1m n\u1ed3ng.<\/p>\n<\/li>\n<li>\n<p data-path-to-node=\"14,1,0\"><b data-path-to-node=\"14,1,0\" data-index-in-node=\"0\">Th\u1ee9c u\u1ed1ng:<\/b> Th\u1ef1c \u0111\u01a1n \u0111\u1ed3 u\u1ed1ng &#8220;Fresh&#8221; \u0111\u00fang ngh\u0129a v\u1edbi c\u00e1c lo\u1ea1i n\u01b0\u1edbc \u00e9p tr\u00e1i c\u00e2y nhi\u1ec7t \u0111\u1edbi, sinh t\u1ed1 v\u00e0 tr\u00e0 cao c\u1ea5p.<\/p>\n<\/li>\n<li>\n<p data-path-to-node=\"14,2,0\"><b data-path-to-node=\"14,2,0\" data-index-in-node=\"0\">C\u1ea3m x\u00fac:<\/b> N\u01a1i tuy\u1ec7t v\u1eddi \u0111\u1ec3 b\u1eaft \u0111\u1ea7u m\u1ed9t ng\u00e0y m\u1edbi n\u0103ng \u0111\u1ed9ng ho\u1eb7c g\u1eb7p g\u1ee1 \u0111\u1ed1i t\u00e1c trong kh\u00f4ng gian l\u1ecbch thi\u1ec7p.<\/p>\n<\/li>\n<\/ul>\n<hr data-path-to-node=\"16\" \/>\n<h2 data-path-to-node=\"17\">3. Sky41 \u2013 \u0110\u1eb3ng C\u1ea5p Bar Th\u01b0\u1ee3ng Uy\u1ec3n<\/h2>\n<p data-path-to-node=\"18\">Khi \u00e1nh ho\u00e0ng h\u00f4n d\u1ea7n bu\u00f4ng tr\u00ean v\u1ecbnh Quy Nh\u01a1n c\u0169ng l\u00e0 l\u00fac <b data-path-to-node=\"18\" data-index-in-node=\"59\">Hy-Skylight<\/b> (Sky41) tr\u1edf n\u00ean quy\u1ebfn r\u0169 h\u01a1n bao gi\u1edd h\u1ebft. \u0110\u00e2y l\u00e0 \u0111\u1ecba \u0111i\u1ec3m check-in kh\u00f4ng th\u1ec3 b\u1ecf l\u1ee1 c\u1ee7a gi\u1edbi s\u00e0nh \u0111i\u1ec7u.<\/p>\n<ul data-path-to-node=\"19\">\n<li>\n<p data-path-to-node=\"19,0,0\"><b data-path-to-node=\"19,0,0\" data-index-in-node=\"0\">Ho\u00e0ng h\u00f4n tuy\u1ec7t m\u1ef9:<\/b> Ng\u1eafm nh\u00ecn m\u1eb7t tr\u1eddi l\u1eb7n t\u1eeb g\u00f3c nh\u00ecn 360 \u0111\u1ed9 \u0111\u1eb9p nh\u1ea5t th\u00e0nh ph\u1ed1.<\/p>\n<\/li>\n<li>\n<p data-path-to-node=\"19,1,0\"><b data-path-to-node=\"19,1,0\" data-index-in-node=\"0\">Phong c\u00e1ch:<\/b> Kh\u00f4ng gian hi\u1ec7n \u0111\u1ea1i, \u00e2m nh\u1ea1c trendy v\u00e0 nh\u1eefng ly Cocktails \u0111\u01b0\u1ee3c pha ch\u1ebf k\u1ef3 c\u00f4ng b\u1edfi c\u00e1c Bartender t\u00e0i hoa.<\/p>\n<\/li>\n<li>\n<p data-path-to-node=\"19,2,0\"><b data-path-to-node=\"19,2,0\" data-index-in-node=\"0\">Th\u1ef1c \u0111\u01a1n:<\/b> Nh\u00e2m nhi c\u00e1c m\u00f3n \u0103n nh\u1eb9 (Snacks) tinh t\u1ebf trong ti\u1ebfng nh\u1ea1c v\u00e0 gi\u00f3 bi\u1ec3n m\u00e1t r\u01b0\u1ee3i.<\/p>\n<\/li>\n<\/ul>\n<p><img decoding=\"async\" style=\"max-width: 100%;height: auto;margin: 20px auto;border-radius: 8px\" src=\"https:\/\/www.grandhyamshotel.com\/wp-content\/uploads\/sites\/264\/2026\/03\/GHQ00514.jpg\" alt=\"Nh\u00e0 h\u00e0ng Hy-Delight t\u1ea7ng 41 Grand Hyams Hotel Quy Nh\u01a1n\" \/><\/p>\n","protected":false},"excerpt":{"rendered":"<p>H\u00e0nh Tr\u00ecnh V\u1ecb Gi\u00e1c Gi\u1eefa L\u01b0ng Ch\u1eebng Tr\u1eddi T\u1ea1i Grand Hyams Hotel Quy Nhon Beach Ch\u00e0o m\u1eebng b\u1ea1n \u0111\u1ebfn v\u1edbi thi\u00ean \u0111\u01b0\u1eddng \u1ea9m th\u1ef1c t\u1ea1i kh\u00e1ch s\u1ea1n 5 sao cao nh\u1ea5t Quy Nh\u01a1n. Kh\u00f4ng ch\u1ec9 \u0111\u01a1n thu\u1ea7n l\u00e0 th\u01b0\u1edfng th\u1ee9c m\u00f3n \u0103n, m\u1ed7i b\u01b0\u1edbc ch\u00e2n c\u1ee7a b\u1ea1n t\u1ea1i h\u1ec7 th\u1ed1ng nh\u00e0 h\u00e0ng v\u00e0 bar c\u1ee7a [&hellip;]<\/p>\n","protected":false},"author":368,"featured_media":2180,"parent":0,"menu_order":0,"comment_status":"closed","ping_status":"closed","template":"","meta":{"footnotes":""},"acf":[],"yoast_head":"<!-- This site is optimized with the Yoast SEO plugin v22.3 - https:\/\/yoast.com\/wordpress\/plugins\/seo\/ -->\n<title>\u1ea8m Th\u1ef1c - Grand Hyams Hotel<\/title>\n<meta name=\"robots\" content=\"index, follow, max-snippet:-1, max-image-preview:large, max-video-preview:-1\" \/>\n<link rel=\"canonical\" href=\"https:\/\/www.grandhyamshotel.com\/vi\/dining\/\" \/>\n<meta property=\"og:locale\" content=\"vi_VN\" \/>\n<meta property=\"og:type\" content=\"article\" \/>\n<meta property=\"og:title\" content=\"\u1ea8m Th\u1ef1c - Grand Hyams Hotel\" \/>\n<meta property=\"og:description\" content=\"H\u00e0nh Tr\u00ecnh V\u1ecb Gi\u00e1c Gi\u1eefa L\u01b0ng Ch\u1eebng Tr\u1eddi T\u1ea1i Grand Hyams Hotel Quy Nhon Beach Ch\u00e0o m\u1eebng b\u1ea1n \u0111\u1ebfn v\u1edbi thi\u00ean \u0111\u01b0\u1eddng \u1ea9m th\u1ef1c t\u1ea1i kh\u00e1ch s\u1ea1n 5 sao cao nh\u1ea5t Quy Nh\u01a1n. Kh\u00f4ng ch\u1ec9 \u0111\u01a1n thu\u1ea7n l\u00e0 th\u01b0\u1edfng th\u1ee9c m\u00f3n \u0103n, m\u1ed7i b\u01b0\u1edbc ch\u00e2n c\u1ee7a b\u1ea1n t\u1ea1i h\u1ec7 th\u1ed1ng nh\u00e0 h\u00e0ng v\u00e0 bar c\u1ee7a [&hellip;]\" \/>\n<meta property=\"og:url\" content=\"https:\/\/www.grandhyamshotel.com\/vi\/dining\/\" \/>\n<meta property=\"og:site_name\" content=\"Grand Hyams Hotel\" \/>\n<meta property=\"article:modified_time\" content=\"2026-03-10T07:06:14+00:00\" \/>\n<meta property=\"og:image\" content=\"https:\/\/www.grandhyamshotel.com\/wp-content\/uploads\/sites\/264\/2024\/03\/DELIGHT1.jpg\" \/>\n\t<meta property=\"og:image:width\" content=\"2200\" \/>\n\t<meta property=\"og:image:height\" content=\"1467\" \/>\n\t<meta property=\"og:image:type\" content=\"image\/jpeg\" \/>\n<meta name=\"twitter:card\" content=\"summary_large_image\" \/>\n<meta name=\"twitter:label1\" content=\"Est. reading time\" \/>\n\t<meta name=\"twitter:data1\" content=\"3 minutes\" \/>\n<script type=\"application\/ld+json\" class=\"yoast-schema-graph\">{\"@context\":\"https:\/\/schema.org\",\"@graph\":[{\"@type\":\"WebPage\",\"@id\":\"https:\/\/www.grandhyamshotel.com\/vi\/dining\/\",\"url\":\"https:\/\/www.grandhyamshotel.com\/vi\/dining\/\",\"name\":\"\u1ea8m Th\u1ef1c - Grand Hyams Hotel\",\"isPartOf\":{\"@id\":\"https:\/\/www.grandhyamshotel.com\/vi\/#website\"},\"primaryImageOfPage\":{\"@id\":\"https:\/\/www.grandhyamshotel.com\/vi\/dining\/#primaryimage\"},\"image\":{\"@id\":\"https:\/\/www.grandhyamshotel.com\/vi\/dining\/#primaryimage\"},\"thumbnailUrl\":\"https:\/\/www.grandhyamshotel.com\/wp-content\/uploads\/sites\/264\/2024\/03\/DELIGHT1.jpg\",\"datePublished\":\"2022-11-02T02:39:33+00:00\",\"dateModified\":\"2026-03-10T07:06:14+00:00\",\"breadcrumb\":{\"@id\":\"https:\/\/www.grandhyamshotel.com\/vi\/dining\/#breadcrumb\"},\"inLanguage\":\"vi-VN\",\"potentialAction\":[{\"@type\":\"ReadAction\",\"target\":[\"https:\/\/www.grandhyamshotel.com\/vi\/dining\/\"]}]},{\"@type\":\"ImageObject\",\"inLanguage\":\"vi-VN\",\"@id\":\"https:\/\/www.grandhyamshotel.com\/vi\/dining\/#primaryimage\",\"url\":\"https:\/\/www.grandhyamshotel.com\/wp-content\/uploads\/sites\/264\/2024\/03\/DELIGHT1.jpg\",\"contentUrl\":\"https:\/\/www.grandhyamshotel.com\/wp-content\/uploads\/sites\/264\/2024\/03\/DELIGHT1.jpg\",\"width\":2200,\"height\":1467},{\"@type\":\"BreadcrumbList\",\"@id\":\"https:\/\/www.grandhyamshotel.com\/vi\/dining\/#breadcrumb\",\"itemListElement\":[{\"@type\":\"ListItem\",\"position\":1,\"name\":\"Home\",\"item\":\"https:\/\/www.grandhyamshotel.com\/vi\/\"},{\"@type\":\"ListItem\",\"position\":2,\"name\":\"\u1ea8m Th\u1ef1c\"}]},{\"@type\":\"WebSite\",\"@id\":\"https:\/\/www.grandhyamshotel.com\/vi\/#website\",\"url\":\"https:\/\/www.grandhyamshotel.com\/vi\/\",\"name\":\"Grand Hyams Hotel\",\"description\":\"\",\"potentialAction\":[{\"@type\":\"SearchAction\",\"target\":{\"@type\":\"EntryPoint\",\"urlTemplate\":\"https:\/\/www.grandhyamshotel.com\/vi\/?s={search_term_string}\"},\"query-input\":\"required name=search_term_string\"}],\"inLanguage\":\"vi-VN\"}]}<\/script>\n<!-- \/ Yoast SEO plugin. -->","yoast_head_json":{"title":"\u1ea8m Th\u1ef1c - Grand Hyams Hotel","robots":{"index":"index","follow":"follow","max-snippet":"max-snippet:-1","max-image-preview":"max-image-preview:large","max-video-preview":"max-video-preview:-1"},"canonical":"https:\/\/www.grandhyamshotel.com\/vi\/dining\/","og_locale":"vi_VN","og_type":"article","og_title":"\u1ea8m Th\u1ef1c - Grand Hyams Hotel","og_description":"H\u00e0nh Tr\u00ecnh V\u1ecb Gi\u00e1c Gi\u1eefa L\u01b0ng Ch\u1eebng Tr\u1eddi T\u1ea1i Grand Hyams Hotel Quy Nhon Beach Ch\u00e0o m\u1eebng b\u1ea1n \u0111\u1ebfn v\u1edbi thi\u00ean \u0111\u01b0\u1eddng \u1ea9m th\u1ef1c t\u1ea1i kh\u00e1ch s\u1ea1n 5 sao cao nh\u1ea5t Quy Nh\u01a1n. Kh\u00f4ng ch\u1ec9 \u0111\u01a1n thu\u1ea7n l\u00e0 th\u01b0\u1edfng th\u1ee9c m\u00f3n \u0103n, m\u1ed7i b\u01b0\u1edbc ch\u00e2n c\u1ee7a b\u1ea1n t\u1ea1i h\u1ec7 th\u1ed1ng nh\u00e0 h\u00e0ng v\u00e0 bar c\u1ee7a [&hellip;]","og_url":"https:\/\/www.grandhyamshotel.com\/vi\/dining\/","og_site_name":"Grand Hyams Hotel","article_modified_time":"2026-03-10T07:06:14+00:00","og_image":[{"width":2200,"height":1467,"url":"https:\/\/www.grandhyamshotel.com\/wp-content\/uploads\/sites\/264\/2024\/03\/DELIGHT1.jpg","type":"image\/jpeg"}],"twitter_card":"summary_large_image","twitter_misc":{"Est. reading time":"3 minutes"},"schema":{"@context":"https:\/\/schema.org","@graph":[{"@type":"WebPage","@id":"https:\/\/www.grandhyamshotel.com\/vi\/dining\/","url":"https:\/\/www.grandhyamshotel.com\/vi\/dining\/","name":"\u1ea8m Th\u1ef1c - Grand Hyams Hotel","isPartOf":{"@id":"https:\/\/www.grandhyamshotel.com\/vi\/#website"},"primaryImageOfPage":{"@id":"https:\/\/www.grandhyamshotel.com\/vi\/dining\/#primaryimage"},"image":{"@id":"https:\/\/www.grandhyamshotel.com\/vi\/dining\/#primaryimage"},"thumbnailUrl":"https:\/\/www.grandhyamshotel.com\/wp-content\/uploads\/sites\/264\/2024\/03\/DELIGHT1.jpg","datePublished":"2022-11-02T02:39:33+00:00","dateModified":"2026-03-10T07:06:14+00:00","breadcrumb":{"@id":"https:\/\/www.grandhyamshotel.com\/vi\/dining\/#breadcrumb"},"inLanguage":"vi-VN","potentialAction":[{"@type":"ReadAction","target":["https:\/\/www.grandhyamshotel.com\/vi\/dining\/"]}]},{"@type":"ImageObject","inLanguage":"vi-VN","@id":"https:\/\/www.grandhyamshotel.com\/vi\/dining\/#primaryimage","url":"https:\/\/www.grandhyamshotel.com\/wp-content\/uploads\/sites\/264\/2024\/03\/DELIGHT1.jpg","contentUrl":"https:\/\/www.grandhyamshotel.com\/wp-content\/uploads\/sites\/264\/2024\/03\/DELIGHT1.jpg","width":2200,"height":1467},{"@type":"BreadcrumbList","@id":"https:\/\/www.grandhyamshotel.com\/vi\/dining\/#breadcrumb","itemListElement":[{"@type":"ListItem","position":1,"name":"Home","item":"https:\/\/www.grandhyamshotel.com\/vi\/"},{"@type":"ListItem","position":2,"name":"\u1ea8m Th\u1ef1c"}]},{"@type":"WebSite","@id":"https:\/\/www.grandhyamshotel.com\/vi\/#website","url":"https:\/\/www.grandhyamshotel.com\/vi\/","name":"Grand Hyams Hotel","description":"","potentialAction":[{"@type":"SearchAction","target":{"@type":"EntryPoint","urlTemplate":"https:\/\/www.grandhyamshotel.com\/vi\/?s={search_term_string}"},"query-input":"required name=search_term_string"}],"inLanguage":"vi-VN"}]}},"_links":{"self":[{"href":"https:\/\/www.grandhyamshotel.com\/vi\/wp-json\/wp\/v2\/pages\/306"}],"collection":[{"href":"https:\/\/www.grandhyamshotel.com\/vi\/wp-json\/wp\/v2\/pages"}],"about":[{"href":"https:\/\/www.grandhyamshotel.com\/vi\/wp-json\/wp\/v2\/types\/page"}],"author":[{"embeddable":true,"href":"https:\/\/www.grandhyamshotel.com\/vi\/wp-json\/wp\/v2\/users\/368"}],"replies":[{"embeddable":true,"href":"https:\/\/www.grandhyamshotel.com\/vi\/wp-json\/wp\/v2\/comments?post=306"}],"version-history":[{"count":0,"href":"https:\/\/www.grandhyamshotel.com\/vi\/wp-json\/wp\/v2\/pages\/306\/revisions"}],"wp:featuredmedia":[{"embeddable":true,"href":"https:\/\/www.grandhyamshotel.com\/vi\/wp-json\/wp\/v2\/media\/2180"}],"wp:attachment":[{"href":"https:\/\/www.grandhyamshotel.com\/vi\/wp-json\/wp\/v2\/media?parent=306"}],"curies":[{"name":"wp","href":"https:\/\/api.w.org\/{rel}","templated":true}]}}