{"id":307,"date":"2022-11-02T07:19:43","date_gmt":"2022-11-02T07:19:43","guid":{"rendered":"https:\/\/www.grandhyamshotel.com\/dining\/hy-delight-restaurant\/"},"modified":"2026-03-10T07:20:15","modified_gmt":"2026-03-10T07:20:15","slug":"hy-delight-restaurant","status":"publish","type":"page","link":"https:\/\/www.grandhyamshotel.com\/vi\/dining\/hy-delight-restaurant\/","title":{"rendered":"Nh\u00e0 h\u00e0ng Hy-Delight"},"content":{"rendered":"<h1 data-path-to-node=\"3\">Nh\u00e0 H\u00e0ng Hy-Delight \u2013 Tinh Hoa \u1ea8m Th\u1ef1c \u00c1 \u00c2u &amp; H\u1ea3i S\u1ea3n Quy Nh\u01a1n Gi\u1eefa T\u1ea7ng M\u00e2y<\/h1>\n<p data-path-to-node=\"4\"><b data-path-to-node=\"4\" data-index-in-node=\"0\">Th\u01b0\u1edfng th\u1ee9c h\u01b0\u01a1ng v\u1ecb th\u01b0\u1ee3ng h\u1ea1ng t\u1ea1i nh\u00e0 h\u00e0ng h\u01b0\u1edbng bi\u1ec3n sang tr\u1ecdng b\u1eadc nh\u1ea5t Grand Hyams Hotel.<\/b><\/p>\n<p data-path-to-node=\"5\">T\u1ecda l\u1ea1c t\u1ea1i t\u1ea7ng cao nh\u1ea5t c\u1ee7a kh\u00e1ch s\u1ea1n 5 sao <b data-path-to-node=\"5\" data-index-in-node=\"46\">Grand Hyams Hotel \u2013 Quy Nhon Beach<\/b>, <b data-path-to-node=\"5\" data-index-in-node=\"82\">nh\u00e0 h\u00e0ng Hy-Delight<\/b> mang \u0111\u1ebfn m\u1ed9t tr\u1ea3i nghi\u1ec7m \u1ea9m th\u1ef1c \u0111\u1ed9c b\u1ea3n. T\u1ea1i \u0111\u00e2y, th\u1ef1c kh\u00e1ch kh\u00f4ng ch\u1ec9 \u0111\u01b0\u1ee3c nu\u00f4ng chi\u1ec1u v\u1ecb gi\u00e1c b\u1edfi nh\u1eefng m\u00f3n \u0103n tinh t\u1ebf m\u00e0 c\u00f2n \u0111\u01b0\u1ee3c \u0111\u1eafm m\u00ecnh trong kh\u00f4ng gian sang tr\u1ecdng v\u1edbi t\u1ea7m nh\u00ecn \u00f4m tr\u1ecdn v\u1ecbnh bi\u1ec3n Quy Nh\u01a1n \u0111\u1eb9p ngo\u1ea1n m\u1ee5c t\u1eeb tr\u00ean cao.<\/p>\n<p><img decoding=\"async\" style=\"max-width: 100%;height: auto;margin: 20px auto;border-radius: 10px\" src=\"https:\/\/www.grandhyamshotel.com\/wp-content\/uploads\/sites\/264\/2026\/03\/IMG_9006-HDR.jpg\" alt=\"Kh\u00f4ng gian nh\u00e0 h\u00e0ng Hy-Delight sang tr\u1ecdng view bi\u1ec3n t\u1ea1i Grand Hyams Hotel Quy Nh\u01a1n\" \/><\/p>\n<hr data-path-to-node=\"7\" \/>\n<h2 data-path-to-node=\"8\">H\u00e0nh Tr\u00ecnh \u1ea8m Th\u1ef1c T\u1eeb B\u1ea3n S\u1eafc \u0110\u1ecba Ph\u01b0\u01a1ng \u0110\u1ebfn Tinh Hoa Th\u1ebf Gi\u1edbi<\/h2>\n<p data-path-to-node=\"9\">T\u1ea1i Hy-Delight, m\u1ed7i m\u00f3n \u0103n l\u00e0 m\u1ed9t c\u00e2u chuy\u1ec7n \u0111\u01b0\u1ee3c k\u1ec3 b\u1edfi nh\u1eefng \u0111\u1ea7u b\u1ebfp t\u00e0i hoa. Ch\u00fang t\u00f4i t\u1ef1 h\u00e0o mang \u0111\u1ebfn th\u1ef1c \u0111\u01a1n &#8220;All-day dining&#8221; phong ph\u00fa, \u0111\u00e1p \u1ee9ng m\u1ecdi s\u1edf th\u00edch \u1ea9m th\u1ef1c c\u1ee7a du kh\u00e1ch qu\u1ed1c t\u1ebf v\u00e0 \u0111\u1ecba ph\u01b0\u01a1ng.<\/p>\n<h3 data-path-to-node=\"10\">H\u1ea3i S\u1ea3n \u0110\u1ecba Ph\u01b0\u01a1ng &amp; \u0110\u1eb7c S\u1ea3n Quy Nh\u01a1n T\u01b0\u01a1i Ngon<\/h3>\n<p data-path-to-node=\"11\">T\u1eadn d\u1ee5ng l\u1ee3i th\u1ebf t\u1eeb v\u00f9ng bi\u1ec3n duy\u00ean h\u1ea3i mi\u1ec1n Trung, Hy-Delight tuy\u1ec3n ch\u1ecdn nh\u1eefng lo\u1ea1i <b data-path-to-node=\"11\" data-index-in-node=\"85\">h\u1ea3i s\u1ea3n \u0111\u1ecba ph\u01b0\u01a1ng<\/b> t\u01b0\u01a1i r\u00f3i trong ng\u00e0y. Qua b\u00e0n tay ch\u1ebf bi\u1ebfn t\u00e0i t\u00ecnh, c\u00e1c m\u00f3n \u0103n v\u1eabn gi\u1eef nguy\u00ean \u0111\u1ed9 ng\u1ecdt t\u1ef1 nhi\u00ean nh\u01b0ng \u0111\u01b0\u1ee3c n\u00e2ng t\u1ea7m \u0111\u1eb3ng c\u1ea5p 5 sao:<\/p>\n<ul data-path-to-node=\"12\">\n<li>\n<p data-path-to-node=\"12,0,0\"><b data-path-to-node=\"12,0,0\" data-index-in-node=\"0\">T\u00f4m h\u00f9m Quy Nh\u01a1n<\/b> n\u01b0\u1edbng b\u01a1 t\u1ecfi th\u01a1m n\u1ed3ng.<\/p>\n<\/li>\n<li>\n<p data-path-to-node=\"12,1,0\"><b data-path-to-node=\"12,1,0\" data-index-in-node=\"0\">C\u00e1 ch\u1ebdm \u00e1p ch\u1ea3o<\/b> k\u00e8m s\u1ed1t \u0111\u1eb7c tr\u01b0ng.<\/p>\n<\/li>\n<li>\n<p data-path-to-node=\"12,2,0\">C\u00e1c m\u00f3n <b data-path-to-node=\"12,2,0\" data-index-in-node=\"8\">\u0111\u1eb7c s\u1ea3n B\u00ecnh \u0110\u1ecbnh<\/b> \u0111\u01b0\u1ee3c tr\u00ecnh b\u00e0y tinh t\u1ebf.<\/p>\n<\/li>\n<\/ul>\n<h3 data-path-to-node=\"13\">Tinh Hoa \u1ea8m Th\u1ef1c \u00c1 &#8211; \u00c2u \u0110a D\u1ea1ng<\/h3>\n<p data-path-to-node=\"14\">N\u1ebfu b\u1ea1n l\u00e0 t\u00edn \u0111\u1ed3 c\u1ee7a \u1ea9m th\u1ef1c qu\u1ed1c t\u1ebf, menu \u00c1 &#8211; \u00c2u t\u1ea1i \u0111\u00e2y s\u1ebd khi\u1ebfn b\u1ea1n h\u00e0i l\u00f2ng v\u1edbi:<\/p>\n<ul data-path-to-node=\"15\">\n<li>\n<p data-path-to-node=\"15,0,0\"><b data-path-to-node=\"15,0,0\" data-index-in-node=\"0\">Steak b\u00f2 \u00dac<\/b> m\u1ec1m m\u1ecdng chu\u1ea9n v\u1ecb.<\/p>\n<\/li>\n<li>\n<p data-path-to-node=\"15,1,0\"><b data-path-to-node=\"15,1,0\" data-index-in-node=\"0\">M\u00ec \u00dd &amp; Salad<\/b> t\u01b0\u01a1i m\u1edbi v\u1edbi nguy\u00ean li\u1ec7u nh\u1eadp kh\u1ea9u cao c\u1ea5p.<\/p>\n<\/li>\n<li>\n<p data-path-to-node=\"15,2,0\">C\u00e1c m\u00f3n <b data-path-to-node=\"15,2,0\" data-index-in-node=\"8\">\u0111i\u1ec3m t\u00e2m s\u00e1ng<\/b> \u0111a d\u1ea1ng v\u00e0 \u0111\u1ea7y n\u0103ng l\u01b0\u1ee3ng.<\/p>\n<\/li>\n<\/ul>\n<p><img decoding=\"async\" style=\"max-width: 100%;height: auto;margin: 20px auto;border-radius: 10px\" src=\"https:\/\/www.grandhyamshotel.com\/wp-content\/uploads\/sites\/264\/2026\/03\/RIBEYE-7.jpg\" alt=\"H\u1ea3i s\u1ea3n t\u01b0\u01a1i ngon v\u00e0 \u0111\u1eb7c s\u1ea3n Quy Nh\u01a1n \u0111\u01b0\u1ee3c ch\u1ebf bi\u1ebfn b\u1edfi \u0111\u1ea7u b\u1ebfp 5 sao t\u1ea1i Hy-Delight\" \/><\/p>\n<hr data-path-to-node=\"17\" \/>\n<h2 data-path-to-node=\"18\">Kh\u00f4ng Gian Sum V\u1ea7y L\u00fd T\u01b0\u1edfng Cho Gia \u0110\u00ecnh<\/h2>\n<p data-path-to-node=\"19\">Nh\u00e0 h\u00e0ng Hy-Delight \u0111\u01b0\u1ee3c thi\u1ebft k\u1ebf \u0111\u1ec3 tr\u1edf th\u00e0nh n\u01a1i g\u1eafn k\u1ebft t\u00ecnh th\u00e2n. V\u1edbi kh\u00f4ng gian tho\u00e1ng \u0111\u00e3ng, \u00e1nh s\u00e1ng t\u1ef1 nhi\u00ean v\u00e0 ti\u1ebfng s\u00f3ng bi\u1ec3n r\u00ec r\u00e0o t\u1eeb xa, \u0111\u00e2y l\u00e0 \u0111\u1ecba \u0111i\u1ec3m ho\u00e0n h\u1ea3o cho:<\/p>\n<ul data-path-to-node=\"20\">\n<li>\n<p data-path-to-node=\"20,0,0\">Nh\u1eefng b\u1eefa c\u01a1m gia \u0111\u00ecnh \u1ea5m c\u00fang, vui v\u1ebb.<\/p>\n<\/li>\n<li>\n<p data-path-to-node=\"20,1,0\">Nh\u1eefng bu\u1ed5i h\u1eb9n h\u00f2 l\u00e3ng m\u1ea1n d\u01b0\u1edbi \u00e1nh n\u1ebfn v\u00e0 view bi\u1ec3n \u0111\u00eam.<\/p>\n<\/li>\n<li>\n<p data-path-to-node=\"20,2,0\">Ti\u1ec7c ti\u1ebfp \u0111\u00e3i \u0111\u1ed1i t\u00e1c sang tr\u1ecdng, th\u1ec3 hi\u1ec7n \u0111\u1eb3ng c\u1ea5p.<\/p>\n<\/li>\n<\/ul>\n<blockquote data-path-to-node=\"21\">\n<p data-path-to-node=\"21,0\"><b data-path-to-node=\"21,0\" data-index-in-node=\"0\">&#8220;T\u1ea1i Hy-Delight, \u1ea9m th\u1ef1c kh\u00f4ng ch\u1ec9 l\u00e0 \u0103n u\u1ed1ng, \u0111\u00f3 l\u00e0 s\u1ef1 t\u1eadn h\u01b0\u1edfng nh\u1eefng kho\u1ea3nh kh\u1eafc h\u1ea1nh ph\u00fac nh\u1ea5t b\u00ean ng\u01b0\u1eddi th\u00e2n y\u00eau.&#8221;<\/b><\/p>\n<\/blockquote>\n<hr data-path-to-node=\"22\" \/>\n<h2 data-path-to-node=\"23\">Th\u00f4ng Tin D\u1ecbch V\u1ee5 &amp; \u0110\u1eb7t B\u00e0n<\/h2>\n<p data-path-to-node=\"24\">\u0110\u1eebng b\u1ecf l\u1ee1 c\u01a1 h\u1ed9i kh\u00e1m ph\u00e1 &#8220;thi\u00ean \u0111\u01b0\u1eddng \u1ea9m th\u1ef1c&#8221; t\u1ea1i <b data-path-to-node=\"24\" data-index-in-node=\"53\">t\u1ea7ng 41<\/b> \u2013 \u0111i\u1ec3m cao nh\u1ea5t \u0111\u1ec3 ng\u1eafm nh\u00ecn th\u00e0nh ph\u1ed1 bi\u1ec3n.<\/p>\n<ul data-path-to-node=\"25\">\n<li>\n<p data-path-to-node=\"25,0,0\"><b data-path-to-node=\"25,0,0\" data-index-in-node=\"0\">Th\u1eddi gian ph\u1ee5c v\u1ee5:<\/b> 06:00 \u2013 22:00 h\u00e0ng ng\u00e0y.<\/p>\n<\/li>\n<li>\n<p data-path-to-node=\"25,1,0\"><b data-path-to-node=\"25,1,0\" data-index-in-node=\"0\">\u0110\u1ecba ch\u1ec9:<\/b> 28 Nguy\u1ec5n Hu\u1ec7, Ph\u01b0\u1eddng Quy Nh\u01a1n, Gia Lai, Vi\u1ec7t Nam.<\/p>\n<\/li>\n<li>\n<p data-path-to-node=\"25,2,0\"><b data-path-to-node=\"25,2,0\" data-index-in-node=\"0\">Hotline \u0111\u1eb7t b\u00e0n:<\/b> 0256 390 6666<\/p>\n<\/li>\n<\/ul>\n","protected":false},"excerpt":{"rendered":"<p>Nh\u00e0 H\u00e0ng Hy-Delight \u2013 Tinh Hoa \u1ea8m Th\u1ef1c \u00c1 \u00c2u &amp; H\u1ea3i S\u1ea3n Quy Nh\u01a1n Gi\u1eefa T\u1ea7ng M\u00e2y Th\u01b0\u1edfng th\u1ee9c h\u01b0\u01a1ng v\u1ecb th\u01b0\u1ee3ng h\u1ea1ng t\u1ea1i nh\u00e0 h\u00e0ng h\u01b0\u1edbng bi\u1ec3n sang tr\u1ecdng b\u1eadc nh\u1ea5t Grand Hyams Hotel. T\u1ecda l\u1ea1c t\u1ea1i t\u1ea7ng cao nh\u1ea5t c\u1ee7a kh\u00e1ch s\u1ea1n 5 sao Grand Hyams Hotel \u2013 Quy Nhon Beach, nh\u00e0 [&hellip;]<\/p>\n","protected":false},"author":368,"featured_media":4147,"parent":306,"menu_order":1,"comment_status":"closed","ping_status":"closed","template":"","meta":{"footnotes":""},"acf":[],"yoast_head":"<!-- This site is optimized with the Yoast SEO plugin v22.3 - https:\/\/yoast.com\/wordpress\/plugins\/seo\/ -->\n<title>Nh\u00e0 h\u00e0ng Hy-Delight - Grand Hyams Hotel<\/title>\n<meta name=\"robots\" content=\"index, follow, max-snippet:-1, max-image-preview:large, max-video-preview:-1\" \/>\n<link rel=\"canonical\" href=\"https:\/\/www.grandhyamshotel.com\/vi\/dining\/hy-delight-restaurant\/\" \/>\n<meta property=\"og:locale\" content=\"vi_VN\" \/>\n<meta property=\"og:type\" content=\"article\" \/>\n<meta property=\"og:title\" content=\"Nh\u00e0 h\u00e0ng Hy-Delight - Grand Hyams Hotel\" \/>\n<meta property=\"og:description\" content=\"Nh\u00e0 H\u00e0ng Hy-Delight \u2013 Tinh Hoa \u1ea8m Th\u1ef1c \u00c1 \u00c2u &amp; H\u1ea3i S\u1ea3n Quy Nh\u01a1n Gi\u1eefa T\u1ea7ng M\u00e2y Th\u01b0\u1edfng th\u1ee9c h\u01b0\u01a1ng v\u1ecb th\u01b0\u1ee3ng h\u1ea1ng t\u1ea1i nh\u00e0 h\u00e0ng h\u01b0\u1edbng bi\u1ec3n sang tr\u1ecdng b\u1eadc nh\u1ea5t Grand Hyams Hotel. T\u1ecda l\u1ea1c t\u1ea1i t\u1ea7ng cao nh\u1ea5t c\u1ee7a kh\u00e1ch s\u1ea1n 5 sao Grand Hyams Hotel \u2013 Quy Nhon Beach, nh\u00e0 [&hellip;]\" \/>\n<meta property=\"og:url\" content=\"https:\/\/www.grandhyamshotel.com\/vi\/dining\/hy-delight-restaurant\/\" \/>\n<meta property=\"og:site_name\" content=\"Grand Hyams Hotel\" \/>\n<meta property=\"article:modified_time\" content=\"2026-03-10T07:20:15+00:00\" \/>\n<meta property=\"og:image\" content=\"https:\/\/www.grandhyamshotel.com\/wp-content\/uploads\/sites\/264\/2026\/03\/DELIGHT2.jpg\" \/>\n\t<meta property=\"og:image:width\" content=\"2200\" \/>\n\t<meta property=\"og:image:height\" content=\"1467\" \/>\n\t<meta property=\"og:image:type\" content=\"image\/jpeg\" \/>\n<meta name=\"twitter:card\" content=\"summary_large_image\" \/>\n<meta name=\"twitter:label1\" content=\"Est. reading time\" \/>\n\t<meta name=\"twitter:data1\" content=\"3 minutes\" \/>\n<script type=\"application\/ld+json\" class=\"yoast-schema-graph\">{\"@context\":\"https:\/\/schema.org\",\"@graph\":[{\"@type\":\"WebPage\",\"@id\":\"https:\/\/www.grandhyamshotel.com\/vi\/dining\/hy-delight-restaurant\/\",\"url\":\"https:\/\/www.grandhyamshotel.com\/vi\/dining\/hy-delight-restaurant\/\",\"name\":\"Nh\u00e0 h\u00e0ng Hy-Delight - Grand Hyams Hotel\",\"isPartOf\":{\"@id\":\"https:\/\/www.grandhyamshotel.com\/vi\/#website\"},\"primaryImageOfPage\":{\"@id\":\"https:\/\/www.grandhyamshotel.com\/vi\/dining\/hy-delight-restaurant\/#primaryimage\"},\"image\":{\"@id\":\"https:\/\/www.grandhyamshotel.com\/vi\/dining\/hy-delight-restaurant\/#primaryimage\"},\"thumbnailUrl\":\"https:\/\/www.grandhyamshotel.com\/wp-content\/uploads\/sites\/264\/2026\/03\/DELIGHT2.jpg\",\"datePublished\":\"2022-11-02T07:19:43+00:00\",\"dateModified\":\"2026-03-10T07:20:15+00:00\",\"breadcrumb\":{\"@id\":\"https:\/\/www.grandhyamshotel.com\/vi\/dining\/hy-delight-restaurant\/#breadcrumb\"},\"inLanguage\":\"vi-VN\",\"potentialAction\":[{\"@type\":\"ReadAction\",\"target\":[\"https:\/\/www.grandhyamshotel.com\/vi\/dining\/hy-delight-restaurant\/\"]}]},{\"@type\":\"ImageObject\",\"inLanguage\":\"vi-VN\",\"@id\":\"https:\/\/www.grandhyamshotel.com\/vi\/dining\/hy-delight-restaurant\/#primaryimage\",\"url\":\"https:\/\/www.grandhyamshotel.com\/wp-content\/uploads\/sites\/264\/2026\/03\/DELIGHT2.jpg\",\"contentUrl\":\"https:\/\/www.grandhyamshotel.com\/wp-content\/uploads\/sites\/264\/2026\/03\/DELIGHT2.jpg\",\"width\":2200,\"height\":1467},{\"@type\":\"BreadcrumbList\",\"@id\":\"https:\/\/www.grandhyamshotel.com\/vi\/dining\/hy-delight-restaurant\/#breadcrumb\",\"itemListElement\":[{\"@type\":\"ListItem\",\"position\":1,\"name\":\"Home\",\"item\":\"https:\/\/www.grandhyamshotel.com\/vi\/\"},{\"@type\":\"ListItem\",\"position\":2,\"name\":\"\u1ea8m Th\u1ef1c\",\"item\":\"https:\/\/www.grandhyamshotel.com\/vi\/dining\/\"},{\"@type\":\"ListItem\",\"position\":3,\"name\":\"Nh\u00e0 h\u00e0ng Hy-Delight\"}]},{\"@type\":\"WebSite\",\"@id\":\"https:\/\/www.grandhyamshotel.com\/vi\/#website\",\"url\":\"https:\/\/www.grandhyamshotel.com\/vi\/\",\"name\":\"Grand Hyams Hotel\",\"description\":\"\",\"potentialAction\":[{\"@type\":\"SearchAction\",\"target\":{\"@type\":\"EntryPoint\",\"urlTemplate\":\"https:\/\/www.grandhyamshotel.com\/vi\/?s={search_term_string}\"},\"query-input\":\"required name=search_term_string\"}],\"inLanguage\":\"vi-VN\"}]}<\/script>\n<!-- \/ Yoast SEO plugin. -->","yoast_head_json":{"title":"Nh\u00e0 h\u00e0ng Hy-Delight - Grand Hyams Hotel","robots":{"index":"index","follow":"follow","max-snippet":"max-snippet:-1","max-image-preview":"max-image-preview:large","max-video-preview":"max-video-preview:-1"},"canonical":"https:\/\/www.grandhyamshotel.com\/vi\/dining\/hy-delight-restaurant\/","og_locale":"vi_VN","og_type":"article","og_title":"Nh\u00e0 h\u00e0ng Hy-Delight - Grand Hyams Hotel","og_description":"Nh\u00e0 H\u00e0ng Hy-Delight \u2013 Tinh Hoa \u1ea8m Th\u1ef1c \u00c1 \u00c2u &amp; H\u1ea3i S\u1ea3n Quy Nh\u01a1n Gi\u1eefa T\u1ea7ng M\u00e2y Th\u01b0\u1edfng th\u1ee9c h\u01b0\u01a1ng v\u1ecb th\u01b0\u1ee3ng h\u1ea1ng t\u1ea1i nh\u00e0 h\u00e0ng h\u01b0\u1edbng bi\u1ec3n sang tr\u1ecdng b\u1eadc nh\u1ea5t Grand Hyams Hotel. T\u1ecda l\u1ea1c t\u1ea1i t\u1ea7ng cao nh\u1ea5t c\u1ee7a kh\u00e1ch s\u1ea1n 5 sao Grand Hyams Hotel \u2013 Quy Nhon Beach, nh\u00e0 [&hellip;]","og_url":"https:\/\/www.grandhyamshotel.com\/vi\/dining\/hy-delight-restaurant\/","og_site_name":"Grand Hyams Hotel","article_modified_time":"2026-03-10T07:20:15+00:00","og_image":[{"width":2200,"height":1467,"url":"https:\/\/www.grandhyamshotel.com\/wp-content\/uploads\/sites\/264\/2026\/03\/DELIGHT2.jpg","type":"image\/jpeg"}],"twitter_card":"summary_large_image","twitter_misc":{"Est. reading time":"3 minutes"},"schema":{"@context":"https:\/\/schema.org","@graph":[{"@type":"WebPage","@id":"https:\/\/www.grandhyamshotel.com\/vi\/dining\/hy-delight-restaurant\/","url":"https:\/\/www.grandhyamshotel.com\/vi\/dining\/hy-delight-restaurant\/","name":"Nh\u00e0 h\u00e0ng Hy-Delight - Grand Hyams Hotel","isPartOf":{"@id":"https:\/\/www.grandhyamshotel.com\/vi\/#website"},"primaryImageOfPage":{"@id":"https:\/\/www.grandhyamshotel.com\/vi\/dining\/hy-delight-restaurant\/#primaryimage"},"image":{"@id":"https:\/\/www.grandhyamshotel.com\/vi\/dining\/hy-delight-restaurant\/#primaryimage"},"thumbnailUrl":"https:\/\/www.grandhyamshotel.com\/wp-content\/uploads\/sites\/264\/2026\/03\/DELIGHT2.jpg","datePublished":"2022-11-02T07:19:43+00:00","dateModified":"2026-03-10T07:20:15+00:00","breadcrumb":{"@id":"https:\/\/www.grandhyamshotel.com\/vi\/dining\/hy-delight-restaurant\/#breadcrumb"},"inLanguage":"vi-VN","potentialAction":[{"@type":"ReadAction","target":["https:\/\/www.grandhyamshotel.com\/vi\/dining\/hy-delight-restaurant\/"]}]},{"@type":"ImageObject","inLanguage":"vi-VN","@id":"https:\/\/www.grandhyamshotel.com\/vi\/dining\/hy-delight-restaurant\/#primaryimage","url":"https:\/\/www.grandhyamshotel.com\/wp-content\/uploads\/sites\/264\/2026\/03\/DELIGHT2.jpg","contentUrl":"https:\/\/www.grandhyamshotel.com\/wp-content\/uploads\/sites\/264\/2026\/03\/DELIGHT2.jpg","width":2200,"height":1467},{"@type":"BreadcrumbList","@id":"https:\/\/www.grandhyamshotel.com\/vi\/dining\/hy-delight-restaurant\/#breadcrumb","itemListElement":[{"@type":"ListItem","position":1,"name":"Home","item":"https:\/\/www.grandhyamshotel.com\/vi\/"},{"@type":"ListItem","position":2,"name":"\u1ea8m Th\u1ef1c","item":"https:\/\/www.grandhyamshotel.com\/vi\/dining\/"},{"@type":"ListItem","position":3,"name":"Nh\u00e0 h\u00e0ng Hy-Delight"}]},{"@type":"WebSite","@id":"https:\/\/www.grandhyamshotel.com\/vi\/#website","url":"https:\/\/www.grandhyamshotel.com\/vi\/","name":"Grand Hyams Hotel","description":"","potentialAction":[{"@type":"SearchAction","target":{"@type":"EntryPoint","urlTemplate":"https:\/\/www.grandhyamshotel.com\/vi\/?s={search_term_string}"},"query-input":"required name=search_term_string"}],"inLanguage":"vi-VN"}]}},"_links":{"self":[{"href":"https:\/\/www.grandhyamshotel.com\/vi\/wp-json\/wp\/v2\/pages\/307"}],"collection":[{"href":"https:\/\/www.grandhyamshotel.com\/vi\/wp-json\/wp\/v2\/pages"}],"about":[{"href":"https:\/\/www.grandhyamshotel.com\/vi\/wp-json\/wp\/v2\/types\/page"}],"author":[{"embeddable":true,"href":"https:\/\/www.grandhyamshotel.com\/vi\/wp-json\/wp\/v2\/users\/368"}],"replies":[{"embeddable":true,"href":"https:\/\/www.grandhyamshotel.com\/vi\/wp-json\/wp\/v2\/comments?post=307"}],"version-history":[{"count":0,"href":"https:\/\/www.grandhyamshotel.com\/vi\/wp-json\/wp\/v2\/pages\/307\/revisions"}],"up":[{"embeddable":true,"href":"https:\/\/www.grandhyamshotel.com\/vi\/wp-json\/wp\/v2\/pages\/306"}],"wp:featuredmedia":[{"embeddable":true,"href":"https:\/\/www.grandhyamshotel.com\/vi\/wp-json\/wp\/v2\/media\/4147"}],"wp:attachment":[{"href":"https:\/\/www.grandhyamshotel.com\/vi\/wp-json\/wp\/v2\/media?parent=307"}],"curies":[{"name":"wp","href":"https:\/\/api.w.org\/{rel}","templated":true}]}}