{"id":308,"date":"2022-11-02T07:25:55","date_gmt":"2022-11-02T07:25:55","guid":{"rendered":"https:\/\/www.grandhyamshotel.com\/dining\/hy-skylight-rooftop-bar\/"},"modified":"2026-03-10T07:33:41","modified_gmt":"2026-03-10T07:33:41","slug":"sky-41","status":"publish","type":"page","link":"https:\/\/www.grandhyamshotel.com\/vi\/dining\/sky-41\/","title":{"rendered":"Sky 41"},"content":{"rendered":"<h1 data-path-to-node=\"3\">Sky41 \u2013 Rooftop Bar Cao Nh\u1ea5t Quy Nh\u01a1n | T\u1ea7m Nh\u00ecn 360 \u0110\u1ed9 Tuy\u1ec7t M\u1ef9<\/h1>\n<p data-path-to-node=\"4\"><b data-path-to-node=\"4\" data-index-in-node=\"0\">Kh\u00e1m ph\u00e1 \u0111i\u1ec3m ch\u1ea1m gi\u1eefa b\u1ea7u tr\u1eddi v\u00e0 \u0111\u1ea1i d\u01b0\u01a1ng t\u1ea1i t\u1ea7ng 41 c\u1ee7a Grand Hyams Hotel \u2013 Quy Nhon Beach.<\/b><\/p>\n<p data-path-to-node=\"5\">B\u1ea1n \u0111ang t\u00ecm ki\u1ebfm m\u1ed9t kh\u00f4ng gian \u0111\u1eb3ng c\u1ea5p \u0111\u1ec3 thu tr\u1ecdn v\u1ebb \u0111\u1eb9p c\u1ee7a th\u00e0nh ph\u1ed1 bi\u1ec3n v\u00e0o t\u1ea7m m\u1eaft? <b data-path-to-node=\"5\" data-index-in-node=\"93\">Sky41<\/b> ch\u00ednh l\u00e0 c\u00e2u tr\u1ea3 l\u1eddi. T\u1ef1 h\u00e0o l\u00e0 <b data-path-to-node=\"5\" data-index-in-node=\"131\">rooftop cao nh\u1ea5t Quy Nh\u01a1n<\/b>, Sky41 mang \u0111\u1ebfn m\u1ed9t tr\u1ea3i nghi\u1ec7m kh\u00f4ng gian m\u1edf hi\u1ec7n \u0111\u1ea1i, n\u01a1i b\u1ea1n c\u00f3 th\u1ec3 ch\u1ea1m tay v\u00e0o m\u00e2y tr\u1eddi v\u00e0 t\u1eadn h\u01b0\u1edfng nh\u1eefng kho\u1ea3nh kh\u1eafc \u0111\u1eaft gi\u00e1 nh\u1ea5t c\u1ee7a cu\u1ed9c s\u1ed1ng.<\/p>\n<p><img decoding=\"async\" style=\"max-width: 100%;height: auto;margin: 20px auto;border-radius: 10px\" src=\"https:\/\/www.grandhyamshotel.com\/wp-content\/uploads\/sites\/264\/2026\/03\/GHQ00519.jpg\" alt=\"T\u1ea7m nh\u00ecn 360 \u0111\u1ed9 t\u1eeb Sky41 Rooftop cao nh\u1ea5t Quy Nh\u01a1n nh\u00ecn ra \u0111\u1ea7m Th\u1ecb N\u1ea1i v\u00e0 bi\u1ec3n xanh\" \/><\/p>\n<hr data-path-to-node=\"7\" \/>\n<h2 data-path-to-node=\"8\">T\u1ecda \u0110\u1ed9 Ng\u1eafm C\u1ea3nh \u0110\u1ed9c B\u1ea3n T\u1eeb Tr\u00ean Cao<\/h2>\n<p data-path-to-node=\"9\">T\u1ecda l\u1ea1c t\u1ea1i v\u1ecb tr\u00ed &#8220;\u0111\u1ed9c t\u00f4n&#8221; tr\u00ean \u0111\u1ec9nh t\u00f2a nh\u00e0, Sky41 s\u1edf h\u1eefu t\u1ea7m nh\u00ecn panorama kh\u00f4ng g\u00f3c ch\u1ebft, cho ph\u00e9p Qu\u00fd kh\u00e1ch chi\u00eam ng\u01b0\u1ee1ng tr\u1ecdn v\u1eb9n nh\u1eefng bi\u1ec3u t\u01b0\u1ee3ng c\u1ee7a v\u00f9ng \u0111\u1ea5t v\u00f5:<\/p>\n<ul data-path-to-node=\"10\">\n<li>\n<p data-path-to-node=\"10,0,0\"><b data-path-to-node=\"10,0,0\" data-index-in-node=\"0\">Bi\u1ec3n xanh ng\u00fat ng\u00e0n:<\/b> C\u1ea3m nh\u1eadn s\u1ef1 bao la c\u1ee7a Th\u00e1i B\u00ecnh D\u01b0\u01a1ng ngay d\u01b0\u1edbi ch\u00e2n m\u00ecnh.<\/p>\n<\/li>\n<li>\n<p data-path-to-node=\"10,1,0\"><b data-path-to-node=\"10,1,0\" data-index-in-node=\"0\">\u0110\u1ea7m Th\u1ecb N\u1ea1i huy\u1ec1n b\u00ed:<\/b> Ng\u1eafm nh\u00ecn v\u1ebb \u0111\u1eb9p th\u01a1 m\u1ed9ng c\u1ee7a \u0111\u1ea7m n\u01b0\u1edbc m\u1eb7n l\u1edbn nh\u1ea5t B\u00ecnh \u0110\u1ecbnh.<\/p>\n<\/li>\n<li>\n<p data-path-to-node=\"10,2,0\"><b data-path-to-node=\"10,2,0\" data-index-in-node=\"0\">Nh\u1ecbp s\u1ed1ng th\u00e0nh ph\u1ed1:<\/b> Quan s\u00e1t Quy Nh\u01a1n s\u00f4i \u0111\u1ed9ng ban ng\u00e0y v\u00e0 r\u1ef1c r\u1ee1, lung linh \u00e1nh \u0111\u00e8n khi \u0111\u00eam v\u1ec1.<\/p>\n<\/li>\n<\/ul>\n<hr data-path-to-node=\"11\" \/>\n<h2 data-path-to-node=\"12\">Tinh Hoa Mixology &amp; \u1ea8m Th\u1ef1c Th\u01b0\u1ee3ng H\u1ea1ng<\/h2>\n<p data-path-to-node=\"13\">T\u1ea1i Sky41, m\u1ed7i ly n\u01b0\u1edbc l\u00e0 m\u1ed9t t\u00e1c ph\u1ea9m ngh\u1ec7 thu\u1eadt, m\u1ed7i m\u00f3n \u0103n l\u00e0 m\u1ed9t s\u1ef1 nu\u00f4ng chi\u1ec1u v\u1ecb gi\u00e1c:<\/p>\n<ul data-path-to-node=\"14\">\n<li>\n<p data-path-to-node=\"14,0,0\"><b data-path-to-node=\"14,0,0\" data-index-in-node=\"0\">Cocktail quy\u1ebfn r\u0169:<\/b> Th\u1ef1c \u0111\u01a1n \u0111\u1ed3 u\u1ed1ng \u0111a d\u1ea1ng t\u1eeb nh\u1eefng ly Cocktail signature \u0111\u1ed9c quy\u1ec1n \u0111\u1ebfn c\u00e1c d\u00f2ng r\u01b0\u1ee3u vang cao c\u1ea5p, \u0111\u01b0\u1ee3c pha ch\u1ebf b\u1edfi nh\u1eefng Bartender t\u00e0i hoa.<\/p>\n<\/li>\n<li>\n<p data-path-to-node=\"14,1,0\"><b data-path-to-node=\"14,1,0\" data-index-in-node=\"0\">M\u00f3n \u0103n tinh t\u1ebf:<\/b> Nh\u00e2m nhi nh\u1eefng m\u00f3n \u0103n nh\u1eb9 (Snacks) \u0111\u01b0\u1ee3c tr\u00ecnh b\u00e0y sang tr\u1ecdng, chu\u1ea9n v\u1ecb 5 sao trong l\u00e0n gi\u00f3 bi\u1ec3n m\u00e1t r\u01b0\u1ee3i.<\/p>\n<\/li>\n<\/ul>\n<p><img decoding=\"async\" style=\"max-width: 100%;height: auto;margin: 20px auto;border-radius: 10px\" src=\"https:\/\/www.grandhyamshotel.com\/wp-content\/uploads\/sites\/264\/2026\/03\/Copy-of-SKD_1675.jpg\" alt=\"Th\u01b0\u1edfng th\u1ee9c cocktail v\u00e0 \u0111\u1ed3 \u0103n nh\u1eb9 trong kh\u00f4ng gian hi\u1ec7n \u0111\u1ea1i t\u1ea1i Sky41 Grand Hyams Hotel\" \/><\/p>\n<hr data-path-to-node=\"16\" \/>\n<h2 data-path-to-node=\"17\">Kh\u00f4ng Gian K\u1ebft N\u1ed1i M\u1ecdi C\u1ea3m X\u00fac<\/h2>\n<p data-path-to-node=\"18\">V\u1edbi thi\u1ebft k\u1ebf hi\u1ec7n \u0111\u1ea1i v\u00e0 kh\u00f4ng gian m\u1edf ho\u00e0n to\u00e0n, Sky41 l\u00e0 \u0111i\u1ec3m \u0111\u1ebfn l\u00fd t\u01b0\u1edfng cho m\u1ecdi d\u1ecbp:<\/p>\n<ul data-path-to-node=\"19\">\n<li>\n<p data-path-to-node=\"19,0,0\"><b data-path-to-node=\"19,0,0\" data-index-in-node=\"0\">H\u1eb9n h\u00f2 l\u00e3ng m\u1ea1n:<\/b> C\u00f9ng ng\u01b0\u1eddi th\u01b0\u01a1ng ng\u1eafm ho\u00e0ng h\u00f4n bu\u00f4ng xu\u1ed1ng tr\u00ean v\u1ecbnh bi\u1ec3n.<\/p>\n<\/li>\n<li>\n<p data-path-to-node=\"19,1,0\"><b data-path-to-node=\"19,1,0\" data-index-in-node=\"0\">T\u1ee5 h\u1ecdp b\u1ea1n b\u00e8:<\/b> T\u1eadn h\u01b0\u1edfng kh\u00f4ng kh\u00ed \u00e2m nh\u1ea1c trendy v\u00e0 s\u00f4i \u0111\u1ed9ng.<\/p>\n<\/li>\n<li>\n<p data-path-to-node=\"19,2,0\"><b data-path-to-node=\"19,2,0\" data-index-in-node=\"0\">S\u1ef1 ki\u1ec7n \u0111\u1eb3ng c\u1ea5p:<\/b> Kh\u00f4ng gian sang tr\u1ecdng kh\u1eb3ng \u0111\u1ecbnh v\u1ecb th\u1ebf cho nh\u1eefng bu\u1ed5i ti\u1ec7c ri\u00eang t\u01b0 hay g\u1eb7p g\u1ee1 \u0111\u1ed1i t\u00e1c.<\/p>\n<\/li>\n<\/ul>\n<hr data-path-to-node=\"20\" \/>\n<h2 data-path-to-node=\"21\">Th\u00f4ng Tin D\u1ecbch V\u1ee5 &amp; \u0110\u1eb7t Ch\u1ed7<\/h2>\n<p data-path-to-node=\"22\">H\u00e3y \u0111\u1ec3 Sky41 n\u00e2ng t\u1ea7m tr\u1ea3i nghi\u1ec7m ngh\u1ec9 d\u01b0\u1ee1ng c\u1ee7a b\u1ea1n t\u1ea1i Quy Nh\u01a1n.<\/p>\n<ul data-path-to-node=\"23\">\n<li>\n<p data-path-to-node=\"23,0,0\"><b data-path-to-node=\"23,0,0\" data-index-in-node=\"0\">V\u1ecb tr\u00ed:<\/b> T\u1ea7ng 41, Grand Hyams Hotel \u2013 28 Nguy\u1ec5n Hu\u1ec7, Quy Nh\u01a1n.<\/p>\n<\/li>\n<li>\n<p data-path-to-node=\"23,1,0\"><b data-path-to-node=\"23,1,0\" data-index-in-node=\"0\">Th\u1eddi gian m\u1edf c\u1eeda:<\/b> 06:00 &#8211; 22:00<\/p>\n<\/li>\n<li>\n<p data-path-to-node=\"23,1,0\"><b data-path-to-node=\"23,2,0\" data-index-in-node=\"0\">Hotline \u0111\u1eb7t b\u00e0n:<\/b> 0256 390 6666<\/p>\n<\/li>\n<\/ul>\n","protected":false},"excerpt":{"rendered":"<p>Sky41 \u2013 Rooftop Bar Cao Nh\u1ea5t Quy Nh\u01a1n | T\u1ea7m Nh\u00ecn 360 \u0110\u1ed9 Tuy\u1ec7t M\u1ef9 Kh\u00e1m ph\u00e1 \u0111i\u1ec3m ch\u1ea1m gi\u1eefa b\u1ea7u tr\u1eddi v\u00e0 \u0111\u1ea1i d\u01b0\u01a1ng t\u1ea1i t\u1ea7ng 41 c\u1ee7a Grand Hyams Hotel \u2013 Quy Nhon Beach. B\u1ea1n \u0111ang t\u00ecm ki\u1ebfm m\u1ed9t kh\u00f4ng gian \u0111\u1eb3ng c\u1ea5p \u0111\u1ec3 thu tr\u1ecdn v\u1ebb \u0111\u1eb9p c\u1ee7a th\u00e0nh ph\u1ed1 bi\u1ec3n v\u00e0o [&hellip;]<\/p>\n","protected":false},"author":368,"featured_media":2376,"parent":306,"menu_order":2,"comment_status":"closed","ping_status":"closed","template":"","meta":{"footnotes":""},"acf":[],"yoast_head":"<!-- This site is optimized with the Yoast SEO plugin v22.3 - https:\/\/yoast.com\/wordpress\/plugins\/seo\/ -->\n<title>Sky 41 - Grand Hyams Hotel<\/title>\n<meta name=\"robots\" content=\"index, follow, max-snippet:-1, max-image-preview:large, max-video-preview:-1\" \/>\n<link rel=\"canonical\" href=\"https:\/\/www.grandhyamshotel.com\/vi\/dining\/sky-41\/\" \/>\n<meta property=\"og:locale\" content=\"vi_VN\" \/>\n<meta property=\"og:type\" content=\"article\" \/>\n<meta property=\"og:title\" content=\"Sky 41 - Grand Hyams Hotel\" \/>\n<meta property=\"og:description\" content=\"Sky41 \u2013 Rooftop Bar Cao Nh\u1ea5t Quy Nh\u01a1n | T\u1ea7m Nh\u00ecn 360 \u0110\u1ed9 Tuy\u1ec7t M\u1ef9 Kh\u00e1m ph\u00e1 \u0111i\u1ec3m ch\u1ea1m gi\u1eefa b\u1ea7u tr\u1eddi v\u00e0 \u0111\u1ea1i d\u01b0\u01a1ng t\u1ea1i t\u1ea7ng 41 c\u1ee7a Grand Hyams Hotel \u2013 Quy Nhon Beach. B\u1ea1n \u0111ang t\u00ecm ki\u1ebfm m\u1ed9t kh\u00f4ng gian \u0111\u1eb3ng c\u1ea5p \u0111\u1ec3 thu tr\u1ecdn v\u1ebb \u0111\u1eb9p c\u1ee7a th\u00e0nh ph\u1ed1 bi\u1ec3n v\u00e0o [&hellip;]\" \/>\n<meta property=\"og:url\" content=\"https:\/\/www.grandhyamshotel.com\/vi\/dining\/sky-41\/\" \/>\n<meta property=\"og:site_name\" content=\"Grand Hyams Hotel\" \/>\n<meta property=\"article:modified_time\" content=\"2026-03-10T07:33:41+00:00\" \/>\n<meta property=\"og:image\" content=\"https:\/\/www.grandhyamshotel.com\/wp-content\/uploads\/sites\/264\/2024\/07\/DSC03124-2.jpg\" \/>\n\t<meta property=\"og:image:width\" content=\"2200\" \/>\n\t<meta property=\"og:image:height\" content=\"1467\" \/>\n\t<meta property=\"og:image:type\" content=\"image\/jpeg\" \/>\n<meta name=\"twitter:card\" content=\"summary_large_image\" \/>\n<meta name=\"twitter:label1\" content=\"Est. reading time\" \/>\n\t<meta name=\"twitter:data1\" content=\"3 minutes\" \/>\n<script type=\"application\/ld+json\" class=\"yoast-schema-graph\">{\"@context\":\"https:\/\/schema.org\",\"@graph\":[{\"@type\":\"WebPage\",\"@id\":\"https:\/\/www.grandhyamshotel.com\/vi\/dining\/sky-41\/\",\"url\":\"https:\/\/www.grandhyamshotel.com\/vi\/dining\/sky-41\/\",\"name\":\"Sky 41 - Grand Hyams Hotel\",\"isPartOf\":{\"@id\":\"https:\/\/www.grandhyamshotel.com\/vi\/#website\"},\"primaryImageOfPage\":{\"@id\":\"https:\/\/www.grandhyamshotel.com\/vi\/dining\/sky-41\/#primaryimage\"},\"image\":{\"@id\":\"https:\/\/www.grandhyamshotel.com\/vi\/dining\/sky-41\/#primaryimage\"},\"thumbnailUrl\":\"https:\/\/www.grandhyamshotel.com\/wp-content\/uploads\/sites\/264\/2024\/07\/DSC03124-2.jpg\",\"datePublished\":\"2022-11-02T07:25:55+00:00\",\"dateModified\":\"2026-03-10T07:33:41+00:00\",\"breadcrumb\":{\"@id\":\"https:\/\/www.grandhyamshotel.com\/vi\/dining\/sky-41\/#breadcrumb\"},\"inLanguage\":\"vi-VN\",\"potentialAction\":[{\"@type\":\"ReadAction\",\"target\":[\"https:\/\/www.grandhyamshotel.com\/vi\/dining\/sky-41\/\"]}]},{\"@type\":\"ImageObject\",\"inLanguage\":\"vi-VN\",\"@id\":\"https:\/\/www.grandhyamshotel.com\/vi\/dining\/sky-41\/#primaryimage\",\"url\":\"https:\/\/www.grandhyamshotel.com\/wp-content\/uploads\/sites\/264\/2024\/07\/DSC03124-2.jpg\",\"contentUrl\":\"https:\/\/www.grandhyamshotel.com\/wp-content\/uploads\/sites\/264\/2024\/07\/DSC03124-2.jpg\",\"width\":2200,\"height\":1467},{\"@type\":\"BreadcrumbList\",\"@id\":\"https:\/\/www.grandhyamshotel.com\/vi\/dining\/sky-41\/#breadcrumb\",\"itemListElement\":[{\"@type\":\"ListItem\",\"position\":1,\"name\":\"Home\",\"item\":\"https:\/\/www.grandhyamshotel.com\/vi\/\"},{\"@type\":\"ListItem\",\"position\":2,\"name\":\"\u1ea8m Th\u1ef1c\",\"item\":\"https:\/\/www.grandhyamshotel.com\/vi\/dining\/\"},{\"@type\":\"ListItem\",\"position\":3,\"name\":\"Sky 41\"}]},{\"@type\":\"WebSite\",\"@id\":\"https:\/\/www.grandhyamshotel.com\/vi\/#website\",\"url\":\"https:\/\/www.grandhyamshotel.com\/vi\/\",\"name\":\"Grand Hyams Hotel\",\"description\":\"\",\"potentialAction\":[{\"@type\":\"SearchAction\",\"target\":{\"@type\":\"EntryPoint\",\"urlTemplate\":\"https:\/\/www.grandhyamshotel.com\/vi\/?s={search_term_string}\"},\"query-input\":\"required name=search_term_string\"}],\"inLanguage\":\"vi-VN\"}]}<\/script>\n<!-- \/ Yoast SEO plugin. -->","yoast_head_json":{"title":"Sky 41 - Grand Hyams Hotel","robots":{"index":"index","follow":"follow","max-snippet":"max-snippet:-1","max-image-preview":"max-image-preview:large","max-video-preview":"max-video-preview:-1"},"canonical":"https:\/\/www.grandhyamshotel.com\/vi\/dining\/sky-41\/","og_locale":"vi_VN","og_type":"article","og_title":"Sky 41 - Grand Hyams Hotel","og_description":"Sky41 \u2013 Rooftop Bar Cao Nh\u1ea5t Quy Nh\u01a1n | T\u1ea7m Nh\u00ecn 360 \u0110\u1ed9 Tuy\u1ec7t M\u1ef9 Kh\u00e1m ph\u00e1 \u0111i\u1ec3m ch\u1ea1m gi\u1eefa b\u1ea7u tr\u1eddi v\u00e0 \u0111\u1ea1i d\u01b0\u01a1ng t\u1ea1i t\u1ea7ng 41 c\u1ee7a Grand Hyams Hotel \u2013 Quy Nhon Beach. B\u1ea1n \u0111ang t\u00ecm ki\u1ebfm m\u1ed9t kh\u00f4ng gian \u0111\u1eb3ng c\u1ea5p \u0111\u1ec3 thu tr\u1ecdn v\u1ebb \u0111\u1eb9p c\u1ee7a th\u00e0nh ph\u1ed1 bi\u1ec3n v\u00e0o [&hellip;]","og_url":"https:\/\/www.grandhyamshotel.com\/vi\/dining\/sky-41\/","og_site_name":"Grand Hyams Hotel","article_modified_time":"2026-03-10T07:33:41+00:00","og_image":[{"width":2200,"height":1467,"url":"https:\/\/www.grandhyamshotel.com\/wp-content\/uploads\/sites\/264\/2024\/07\/DSC03124-2.jpg","type":"image\/jpeg"}],"twitter_card":"summary_large_image","twitter_misc":{"Est. reading time":"3 minutes"},"schema":{"@context":"https:\/\/schema.org","@graph":[{"@type":"WebPage","@id":"https:\/\/www.grandhyamshotel.com\/vi\/dining\/sky-41\/","url":"https:\/\/www.grandhyamshotel.com\/vi\/dining\/sky-41\/","name":"Sky 41 - Grand Hyams Hotel","isPartOf":{"@id":"https:\/\/www.grandhyamshotel.com\/vi\/#website"},"primaryImageOfPage":{"@id":"https:\/\/www.grandhyamshotel.com\/vi\/dining\/sky-41\/#primaryimage"},"image":{"@id":"https:\/\/www.grandhyamshotel.com\/vi\/dining\/sky-41\/#primaryimage"},"thumbnailUrl":"https:\/\/www.grandhyamshotel.com\/wp-content\/uploads\/sites\/264\/2024\/07\/DSC03124-2.jpg","datePublished":"2022-11-02T07:25:55+00:00","dateModified":"2026-03-10T07:33:41+00:00","breadcrumb":{"@id":"https:\/\/www.grandhyamshotel.com\/vi\/dining\/sky-41\/#breadcrumb"},"inLanguage":"vi-VN","potentialAction":[{"@type":"ReadAction","target":["https:\/\/www.grandhyamshotel.com\/vi\/dining\/sky-41\/"]}]},{"@type":"ImageObject","inLanguage":"vi-VN","@id":"https:\/\/www.grandhyamshotel.com\/vi\/dining\/sky-41\/#primaryimage","url":"https:\/\/www.grandhyamshotel.com\/wp-content\/uploads\/sites\/264\/2024\/07\/DSC03124-2.jpg","contentUrl":"https:\/\/www.grandhyamshotel.com\/wp-content\/uploads\/sites\/264\/2024\/07\/DSC03124-2.jpg","width":2200,"height":1467},{"@type":"BreadcrumbList","@id":"https:\/\/www.grandhyamshotel.com\/vi\/dining\/sky-41\/#breadcrumb","itemListElement":[{"@type":"ListItem","position":1,"name":"Home","item":"https:\/\/www.grandhyamshotel.com\/vi\/"},{"@type":"ListItem","position":2,"name":"\u1ea8m Th\u1ef1c","item":"https:\/\/www.grandhyamshotel.com\/vi\/dining\/"},{"@type":"ListItem","position":3,"name":"Sky 41"}]},{"@type":"WebSite","@id":"https:\/\/www.grandhyamshotel.com\/vi\/#website","url":"https:\/\/www.grandhyamshotel.com\/vi\/","name":"Grand Hyams Hotel","description":"","potentialAction":[{"@type":"SearchAction","target":{"@type":"EntryPoint","urlTemplate":"https:\/\/www.grandhyamshotel.com\/vi\/?s={search_term_string}"},"query-input":"required name=search_term_string"}],"inLanguage":"vi-VN"}]}},"_links":{"self":[{"href":"https:\/\/www.grandhyamshotel.com\/vi\/wp-json\/wp\/v2\/pages\/308"}],"collection":[{"href":"https:\/\/www.grandhyamshotel.com\/vi\/wp-json\/wp\/v2\/pages"}],"about":[{"href":"https:\/\/www.grandhyamshotel.com\/vi\/wp-json\/wp\/v2\/types\/page"}],"author":[{"embeddable":true,"href":"https:\/\/www.grandhyamshotel.com\/vi\/wp-json\/wp\/v2\/users\/368"}],"replies":[{"embeddable":true,"href":"https:\/\/www.grandhyamshotel.com\/vi\/wp-json\/wp\/v2\/comments?post=308"}],"version-history":[{"count":0,"href":"https:\/\/www.grandhyamshotel.com\/vi\/wp-json\/wp\/v2\/pages\/308\/revisions"}],"up":[{"embeddable":true,"href":"https:\/\/www.grandhyamshotel.com\/vi\/wp-json\/wp\/v2\/pages\/306"}],"wp:featuredmedia":[{"embeddable":true,"href":"https:\/\/www.grandhyamshotel.com\/vi\/wp-json\/wp\/v2\/media\/2376"}],"wp:attachment":[{"href":"https:\/\/www.grandhyamshotel.com\/vi\/wp-json\/wp\/v2\/media?parent=308"}],"curies":[{"name":"wp","href":"https:\/\/api.w.org\/{rel}","templated":true}]}}