{"id":309,"date":"2022-11-02T07:29:37","date_gmt":"2022-11-02T07:29:37","guid":{"rendered":"https:\/\/www.grandhyamshotel.com\/dining\/hy-fresh-lobby-lounge\/"},"modified":"2026-03-09T07:35:21","modified_gmt":"2026-03-09T07:35:21","slug":"hy-fresh-lobby-lounge","status":"publish","type":"page","link":"https:\/\/www.grandhyamshotel.com\/vi\/dining\/hy-fresh-lobby-lounge\/","title":{"rendered":"Hy-Fresh Lobby Lounge"},"content":{"rendered":"<p>Ho\u00e0 m\u00ecnh v\u00e0o kh\u00f4ng gian sang tr\u1ecdng, l\u1eafng nghe giai \u0111i\u1ec7u nh\u1eb9 nh\u00e0ng trong khi th\u01b0\u1edfng th\u1ee9c nh\u1eefng trang s\u00e1ch c\u00f9ng t\u00e1ch tr\u00e0 hay caf\u00e9 v\u00e0o bu\u1ed5i x\u1ebf chi\u1ec1u. Hy-Fresh Lobby Lounge, kh\u00f4ng gian l\u00fd t\u01b0\u1edfng d\u00e0nh cho Qu\u00fd kh\u00e1ch mu\u1ed1n t\u00ecm ki\u1ebfm kho\u1ea3nh kh\u1eafc b\u00ecnh y\u00ean v\u00e0 th\u01b0 th\u00e1i trong t\u00e2m h\u1ed3n.<\/p>\n","protected":false},"excerpt":{"rendered":"<p>Ho\u00e0 m\u00ecnh v\u00e0o kh\u00f4ng gian sang tr\u1ecdng, l\u1eafng nghe giai \u0111i\u1ec7u nh\u1eb9 nh\u00e0ng trong khi th\u01b0\u1edfng th\u1ee9c nh\u1eefng trang s\u00e1ch c\u00f9ng t\u00e1ch tr\u00e0 hay caf\u00e9 v\u00e0o bu\u1ed5i x\u1ebf chi\u1ec1u. Hy-Fresh Lobby Lounge, kh\u00f4ng gian l\u00fd t\u01b0\u1edfng d\u00e0nh cho Qu\u00fd kh\u00e1ch mu\u1ed1n t\u00ecm ki\u1ebfm kho\u1ea3nh kh\u1eafc b\u00ecnh y\u00ean v\u00e0 th\u01b0 th\u00e1i trong t\u00e2m h\u1ed3n.<\/p>\n","protected":false},"author":368,"featured_media":4087,"parent":306,"menu_order":3,"comment_status":"closed","ping_status":"closed","template":"template-single-restaurant.php","meta":{"footnotes":""},"acf":[],"yoast_head":"<!-- This site is optimized with the Yoast SEO plugin v22.3 - https:\/\/yoast.com\/wordpress\/plugins\/seo\/ -->\n<title>Hy-Fresh Lobby Lounge - Grand Hyams Hotel<\/title>\n<meta name=\"robots\" content=\"index, follow, max-snippet:-1, max-image-preview:large, max-video-preview:-1\" \/>\n<link rel=\"canonical\" href=\"https:\/\/www.grandhyamshotel.com\/vi\/dining\/hy-fresh-lobby-lounge\/\" \/>\n<meta property=\"og:locale\" content=\"vi_VN\" \/>\n<meta property=\"og:type\" content=\"article\" \/>\n<meta property=\"og:title\" content=\"Hy-Fresh Lobby Lounge - Grand Hyams Hotel\" \/>\n<meta property=\"og:description\" content=\"Ho\u00e0 m\u00ecnh v\u00e0o kh\u00f4ng gian sang tr\u1ecdng, l\u1eafng nghe giai \u0111i\u1ec7u nh\u1eb9 nh\u00e0ng trong khi th\u01b0\u1edfng th\u1ee9c nh\u1eefng trang s\u00e1ch c\u00f9ng t\u00e1ch tr\u00e0 hay caf\u00e9 v\u00e0o bu\u1ed5i x\u1ebf chi\u1ec1u. Hy-Fresh Lobby Lounge, kh\u00f4ng gian l\u00fd t\u01b0\u1edfng d\u00e0nh cho Qu\u00fd kh\u00e1ch mu\u1ed1n t\u00ecm ki\u1ebfm kho\u1ea3nh kh\u1eafc b\u00ecnh y\u00ean v\u00e0 th\u01b0 th\u00e1i trong t\u00e2m h\u1ed3n.\" \/>\n<meta property=\"og:url\" content=\"https:\/\/www.grandhyamshotel.com\/vi\/dining\/hy-fresh-lobby-lounge\/\" \/>\n<meta property=\"og:site_name\" content=\"Grand Hyams Hotel\" \/>\n<meta property=\"article:modified_time\" content=\"2026-03-09T07:35:21+00:00\" \/>\n<meta property=\"og:image\" content=\"https:\/\/www.grandhyamshotel.com\/wp-content\/uploads\/sites\/264\/2026\/03\/CNN_4753.jpg\" \/>\n\t<meta property=\"og:image:width\" content=\"2200\" \/>\n\t<meta property=\"og:image:height\" content=\"1469\" \/>\n\t<meta property=\"og:image:type\" content=\"image\/jpeg\" \/>\n<meta name=\"twitter:card\" content=\"summary_large_image\" \/>\n<meta name=\"twitter:label1\" content=\"Est. reading time\" \/>\n\t<meta name=\"twitter:data1\" content=\"1 minute\" \/>\n<script type=\"application\/ld+json\" class=\"yoast-schema-graph\">{\"@context\":\"https:\/\/schema.org\",\"@graph\":[{\"@type\":\"WebPage\",\"@id\":\"https:\/\/www.grandhyamshotel.com\/vi\/dining\/hy-fresh-lobby-lounge\/\",\"url\":\"https:\/\/www.grandhyamshotel.com\/vi\/dining\/hy-fresh-lobby-lounge\/\",\"name\":\"Hy-Fresh Lobby Lounge - Grand Hyams Hotel\",\"isPartOf\":{\"@id\":\"https:\/\/www.grandhyamshotel.com\/vi\/#website\"},\"primaryImageOfPage\":{\"@id\":\"https:\/\/www.grandhyamshotel.com\/vi\/dining\/hy-fresh-lobby-lounge\/#primaryimage\"},\"image\":{\"@id\":\"https:\/\/www.grandhyamshotel.com\/vi\/dining\/hy-fresh-lobby-lounge\/#primaryimage\"},\"thumbnailUrl\":\"https:\/\/www.grandhyamshotel.com\/wp-content\/uploads\/sites\/264\/2026\/03\/CNN_4753.jpg\",\"datePublished\":\"2022-11-02T07:29:37+00:00\",\"dateModified\":\"2026-03-09T07:35:21+00:00\",\"breadcrumb\":{\"@id\":\"https:\/\/www.grandhyamshotel.com\/vi\/dining\/hy-fresh-lobby-lounge\/#breadcrumb\"},\"inLanguage\":\"vi-VN\",\"potentialAction\":[{\"@type\":\"ReadAction\",\"target\":[\"https:\/\/www.grandhyamshotel.com\/vi\/dining\/hy-fresh-lobby-lounge\/\"]}]},{\"@type\":\"ImageObject\",\"inLanguage\":\"vi-VN\",\"@id\":\"https:\/\/www.grandhyamshotel.com\/vi\/dining\/hy-fresh-lobby-lounge\/#primaryimage\",\"url\":\"https:\/\/www.grandhyamshotel.com\/wp-content\/uploads\/sites\/264\/2026\/03\/CNN_4753.jpg\",\"contentUrl\":\"https:\/\/www.grandhyamshotel.com\/wp-content\/uploads\/sites\/264\/2026\/03\/CNN_4753.jpg\",\"width\":2200,\"height\":1469},{\"@type\":\"BreadcrumbList\",\"@id\":\"https:\/\/www.grandhyamshotel.com\/vi\/dining\/hy-fresh-lobby-lounge\/#breadcrumb\",\"itemListElement\":[{\"@type\":\"ListItem\",\"position\":1,\"name\":\"Home\",\"item\":\"https:\/\/www.grandhyamshotel.com\/vi\/\"},{\"@type\":\"ListItem\",\"position\":2,\"name\":\"\u1ea8m Th\u1ef1c\",\"item\":\"https:\/\/www.grandhyamshotel.com\/vi\/dining\/\"},{\"@type\":\"ListItem\",\"position\":3,\"name\":\"Hy-Fresh Lobby Lounge\"}]},{\"@type\":\"WebSite\",\"@id\":\"https:\/\/www.grandhyamshotel.com\/vi\/#website\",\"url\":\"https:\/\/www.grandhyamshotel.com\/vi\/\",\"name\":\"Grand Hyams Hotel\",\"description\":\"\",\"potentialAction\":[{\"@type\":\"SearchAction\",\"target\":{\"@type\":\"EntryPoint\",\"urlTemplate\":\"https:\/\/www.grandhyamshotel.com\/vi\/?s={search_term_string}\"},\"query-input\":\"required name=search_term_string\"}],\"inLanguage\":\"vi-VN\"}]}<\/script>\n<!-- \/ Yoast SEO plugin. -->","yoast_head_json":{"title":"Hy-Fresh Lobby Lounge - Grand Hyams Hotel","robots":{"index":"index","follow":"follow","max-snippet":"max-snippet:-1","max-image-preview":"max-image-preview:large","max-video-preview":"max-video-preview:-1"},"canonical":"https:\/\/www.grandhyamshotel.com\/vi\/dining\/hy-fresh-lobby-lounge\/","og_locale":"vi_VN","og_type":"article","og_title":"Hy-Fresh Lobby Lounge - Grand Hyams Hotel","og_description":"Ho\u00e0 m\u00ecnh v\u00e0o kh\u00f4ng gian sang tr\u1ecdng, l\u1eafng nghe giai \u0111i\u1ec7u nh\u1eb9 nh\u00e0ng trong khi th\u01b0\u1edfng th\u1ee9c nh\u1eefng trang s\u00e1ch c\u00f9ng t\u00e1ch tr\u00e0 hay caf\u00e9 v\u00e0o bu\u1ed5i x\u1ebf chi\u1ec1u. Hy-Fresh Lobby Lounge, kh\u00f4ng gian l\u00fd t\u01b0\u1edfng d\u00e0nh cho Qu\u00fd kh\u00e1ch mu\u1ed1n t\u00ecm ki\u1ebfm kho\u1ea3nh kh\u1eafc b\u00ecnh y\u00ean v\u00e0 th\u01b0 th\u00e1i trong t\u00e2m h\u1ed3n.","og_url":"https:\/\/www.grandhyamshotel.com\/vi\/dining\/hy-fresh-lobby-lounge\/","og_site_name":"Grand Hyams Hotel","article_modified_time":"2026-03-09T07:35:21+00:00","og_image":[{"width":2200,"height":1469,"url":"https:\/\/www.grandhyamshotel.com\/wp-content\/uploads\/sites\/264\/2026\/03\/CNN_4753.jpg","type":"image\/jpeg"}],"twitter_card":"summary_large_image","twitter_misc":{"Est. reading time":"1 minute"},"schema":{"@context":"https:\/\/schema.org","@graph":[{"@type":"WebPage","@id":"https:\/\/www.grandhyamshotel.com\/vi\/dining\/hy-fresh-lobby-lounge\/","url":"https:\/\/www.grandhyamshotel.com\/vi\/dining\/hy-fresh-lobby-lounge\/","name":"Hy-Fresh Lobby Lounge - Grand Hyams Hotel","isPartOf":{"@id":"https:\/\/www.grandhyamshotel.com\/vi\/#website"},"primaryImageOfPage":{"@id":"https:\/\/www.grandhyamshotel.com\/vi\/dining\/hy-fresh-lobby-lounge\/#primaryimage"},"image":{"@id":"https:\/\/www.grandhyamshotel.com\/vi\/dining\/hy-fresh-lobby-lounge\/#primaryimage"},"thumbnailUrl":"https:\/\/www.grandhyamshotel.com\/wp-content\/uploads\/sites\/264\/2026\/03\/CNN_4753.jpg","datePublished":"2022-11-02T07:29:37+00:00","dateModified":"2026-03-09T07:35:21+00:00","breadcrumb":{"@id":"https:\/\/www.grandhyamshotel.com\/vi\/dining\/hy-fresh-lobby-lounge\/#breadcrumb"},"inLanguage":"vi-VN","potentialAction":[{"@type":"ReadAction","target":["https:\/\/www.grandhyamshotel.com\/vi\/dining\/hy-fresh-lobby-lounge\/"]}]},{"@type":"ImageObject","inLanguage":"vi-VN","@id":"https:\/\/www.grandhyamshotel.com\/vi\/dining\/hy-fresh-lobby-lounge\/#primaryimage","url":"https:\/\/www.grandhyamshotel.com\/wp-content\/uploads\/sites\/264\/2026\/03\/CNN_4753.jpg","contentUrl":"https:\/\/www.grandhyamshotel.com\/wp-content\/uploads\/sites\/264\/2026\/03\/CNN_4753.jpg","width":2200,"height":1469},{"@type":"BreadcrumbList","@id":"https:\/\/www.grandhyamshotel.com\/vi\/dining\/hy-fresh-lobby-lounge\/#breadcrumb","itemListElement":[{"@type":"ListItem","position":1,"name":"Home","item":"https:\/\/www.grandhyamshotel.com\/vi\/"},{"@type":"ListItem","position":2,"name":"\u1ea8m Th\u1ef1c","item":"https:\/\/www.grandhyamshotel.com\/vi\/dining\/"},{"@type":"ListItem","position":3,"name":"Hy-Fresh Lobby Lounge"}]},{"@type":"WebSite","@id":"https:\/\/www.grandhyamshotel.com\/vi\/#website","url":"https:\/\/www.grandhyamshotel.com\/vi\/","name":"Grand Hyams Hotel","description":"","potentialAction":[{"@type":"SearchAction","target":{"@type":"EntryPoint","urlTemplate":"https:\/\/www.grandhyamshotel.com\/vi\/?s={search_term_string}"},"query-input":"required name=search_term_string"}],"inLanguage":"vi-VN"}]}},"_links":{"self":[{"href":"https:\/\/www.grandhyamshotel.com\/vi\/wp-json\/wp\/v2\/pages\/309"}],"collection":[{"href":"https:\/\/www.grandhyamshotel.com\/vi\/wp-json\/wp\/v2\/pages"}],"about":[{"href":"https:\/\/www.grandhyamshotel.com\/vi\/wp-json\/wp\/v2\/types\/page"}],"author":[{"embeddable":true,"href":"https:\/\/www.grandhyamshotel.com\/vi\/wp-json\/wp\/v2\/users\/368"}],"replies":[{"embeddable":true,"href":"https:\/\/www.grandhyamshotel.com\/vi\/wp-json\/wp\/v2\/comments?post=309"}],"version-history":[{"count":2,"href":"https:\/\/www.grandhyamshotel.com\/vi\/wp-json\/wp\/v2\/pages\/309\/revisions"}],"predecessor-version":[{"id":4146,"href":"https:\/\/www.grandhyamshotel.com\/vi\/wp-json\/wp\/v2\/pages\/309\/revisions\/4146"}],"up":[{"embeddable":true,"href":"https:\/\/www.grandhyamshotel.com\/vi\/wp-json\/wp\/v2\/pages\/306"}],"wp:featuredmedia":[{"embeddable":true,"href":"https:\/\/www.grandhyamshotel.com\/vi\/wp-json\/wp\/v2\/media\/4087"}],"wp:attachment":[{"href":"https:\/\/www.grandhyamshotel.com\/vi\/wp-json\/wp\/v2\/media?parent=309"}],"curies":[{"name":"wp","href":"https:\/\/api.w.org\/{rel}","templated":true}]}}