{"id":3126,"date":"2024-12-19T07:19:38","date_gmt":"2024-12-19T07:19:38","guid":{"rendered":"https:\/\/www.grandhyamshotel.com\/special-offers\/countdown-party-2025\/"},"modified":"2025-10-21T06:46:32","modified_gmt":"2025-10-21T06:46:32","slug":"combo-boi-ga-gion","status":"publish","type":"page","link":"https:\/\/www.grandhyamshotel.com\/vi\/special-offers\/combo-boi-ga-gion\/","title":{"rendered":"Combo B\u01a1i v\u00e0 G\u00e0 Gi\u00f2n"},"content":{"rendered":"","protected":false},"excerpt":{"rendered":"","protected":false},"author":543,"featured_media":3868,"parent":310,"menu_order":3,"comment_status":"closed","ping_status":"closed","template":"template-default-4.php","meta":{"footnotes":""},"acf":[],"yoast_head":"<!-- This site is optimized with the Yoast SEO plugin v22.3 - https:\/\/yoast.com\/wordpress\/plugins\/seo\/ -->\n<title>Combo B\u01a1i v\u00e0 G\u00e0 Gi\u00f2n - Grand Hyams Hotel<\/title>\n<meta name=\"robots\" content=\"index, follow, max-snippet:-1, max-image-preview:large, max-video-preview:-1\" \/>\n<link rel=\"canonical\" href=\"https:\/\/www.grandhyamshotel.com\/vi\/special-offers\/combo-boi-ga-gion\/\" \/>\n<meta property=\"og:locale\" content=\"vi_VN\" \/>\n<meta property=\"og:type\" content=\"article\" \/>\n<meta property=\"og:title\" content=\"Combo B\u01a1i v\u00e0 G\u00e0 Gi\u00f2n - Grand Hyams Hotel\" \/>\n<meta property=\"og:url\" content=\"https:\/\/www.grandhyamshotel.com\/vi\/special-offers\/combo-boi-ga-gion\/\" \/>\n<meta property=\"og:site_name\" content=\"Grand Hyams Hotel\" \/>\n<meta property=\"article:modified_time\" content=\"2025-10-21T06:46:32+00:00\" \/>\n<meta property=\"og:image\" content=\"https:\/\/www.grandhyamshotel.com\/wp-content\/uploads\/sites\/264\/2025\/10\/boi.png\" \/>\n\t<meta property=\"og:image:width\" content=\"1201\" \/>\n\t<meta property=\"og:image:height\" content=\"1200\" \/>\n\t<meta property=\"og:image:type\" content=\"image\/png\" \/>\n<meta name=\"twitter:card\" content=\"summary_large_image\" \/>\n<meta name=\"twitter:label1\" content=\"Est. reading time\" \/>\n\t<meta name=\"twitter:data1\" content=\"1 minute\" \/>\n<script type=\"application\/ld+json\" class=\"yoast-schema-graph\">{\"@context\":\"https:\/\/schema.org\",\"@graph\":[{\"@type\":\"WebPage\",\"@id\":\"https:\/\/www.grandhyamshotel.com\/vi\/special-offers\/combo-boi-ga-gion\/\",\"url\":\"https:\/\/www.grandhyamshotel.com\/vi\/special-offers\/combo-boi-ga-gion\/\",\"name\":\"Combo B\u01a1i v\u00e0 G\u00e0 Gi\u00f2n - Grand Hyams Hotel\",\"isPartOf\":{\"@id\":\"https:\/\/www.grandhyamshotel.com\/vi\/#website\"},\"primaryImageOfPage\":{\"@id\":\"https:\/\/www.grandhyamshotel.com\/vi\/special-offers\/combo-boi-ga-gion\/#primaryimage\"},\"image\":{\"@id\":\"https:\/\/www.grandhyamshotel.com\/vi\/special-offers\/combo-boi-ga-gion\/#primaryimage\"},\"thumbnailUrl\":\"https:\/\/www.grandhyamshotel.com\/wp-content\/uploads\/sites\/264\/2025\/10\/boi.png\",\"datePublished\":\"2024-12-19T07:19:38+00:00\",\"dateModified\":\"2025-10-21T06:46:32+00:00\",\"breadcrumb\":{\"@id\":\"https:\/\/www.grandhyamshotel.com\/vi\/special-offers\/combo-boi-ga-gion\/#breadcrumb\"},\"inLanguage\":\"vi-VN\",\"potentialAction\":[{\"@type\":\"ReadAction\",\"target\":[\"https:\/\/www.grandhyamshotel.com\/vi\/special-offers\/combo-boi-ga-gion\/\"]}]},{\"@type\":\"ImageObject\",\"inLanguage\":\"vi-VN\",\"@id\":\"https:\/\/www.grandhyamshotel.com\/vi\/special-offers\/combo-boi-ga-gion\/#primaryimage\",\"url\":\"https:\/\/www.grandhyamshotel.com\/wp-content\/uploads\/sites\/264\/2025\/10\/boi.png\",\"contentUrl\":\"https:\/\/www.grandhyamshotel.com\/wp-content\/uploads\/sites\/264\/2025\/10\/boi.png\",\"width\":1201,\"height\":1200},{\"@type\":\"BreadcrumbList\",\"@id\":\"https:\/\/www.grandhyamshotel.com\/vi\/special-offers\/combo-boi-ga-gion\/#breadcrumb\",\"itemListElement\":[{\"@type\":\"ListItem\",\"position\":1,\"name\":\"Home\",\"item\":\"https:\/\/www.grandhyamshotel.com\/vi\/\"},{\"@type\":\"ListItem\",\"position\":2,\"name\":\"\u01afu \u0110\u00e3i \u0110\u1eb7c Bi\u1ec7t\",\"item\":\"https:\/\/www.grandhyamshotel.com\/vi\/special-offers\/\"},{\"@type\":\"ListItem\",\"position\":3,\"name\":\"Combo B\u01a1i v\u00e0 G\u00e0 Gi\u00f2n\"}]},{\"@type\":\"WebSite\",\"@id\":\"https:\/\/www.grandhyamshotel.com\/vi\/#website\",\"url\":\"https:\/\/www.grandhyamshotel.com\/vi\/\",\"name\":\"Grand Hyams Hotel\",\"description\":\"\",\"potentialAction\":[{\"@type\":\"SearchAction\",\"target\":{\"@type\":\"EntryPoint\",\"urlTemplate\":\"https:\/\/www.grandhyamshotel.com\/vi\/?s={search_term_string}\"},\"query-input\":\"required name=search_term_string\"}],\"inLanguage\":\"vi-VN\"}]}<\/script>\n<!-- \/ Yoast SEO plugin. -->","yoast_head_json":{"title":"Combo B\u01a1i v\u00e0 G\u00e0 Gi\u00f2n - Grand Hyams Hotel","robots":{"index":"index","follow":"follow","max-snippet":"max-snippet:-1","max-image-preview":"max-image-preview:large","max-video-preview":"max-video-preview:-1"},"canonical":"https:\/\/www.grandhyamshotel.com\/vi\/special-offers\/combo-boi-ga-gion\/","og_locale":"vi_VN","og_type":"article","og_title":"Combo B\u01a1i v\u00e0 G\u00e0 Gi\u00f2n - Grand Hyams Hotel","og_url":"https:\/\/www.grandhyamshotel.com\/vi\/special-offers\/combo-boi-ga-gion\/","og_site_name":"Grand Hyams Hotel","article_modified_time":"2025-10-21T06:46:32+00:00","og_image":[{"width":1201,"height":1200,"url":"https:\/\/www.grandhyamshotel.com\/wp-content\/uploads\/sites\/264\/2025\/10\/boi.png","type":"image\/png"}],"twitter_card":"summary_large_image","twitter_misc":{"Est. reading time":"1 minute"},"schema":{"@context":"https:\/\/schema.org","@graph":[{"@type":"WebPage","@id":"https:\/\/www.grandhyamshotel.com\/vi\/special-offers\/combo-boi-ga-gion\/","url":"https:\/\/www.grandhyamshotel.com\/vi\/special-offers\/combo-boi-ga-gion\/","name":"Combo B\u01a1i v\u00e0 G\u00e0 Gi\u00f2n - Grand Hyams Hotel","isPartOf":{"@id":"https:\/\/www.grandhyamshotel.com\/vi\/#website"},"primaryImageOfPage":{"@id":"https:\/\/www.grandhyamshotel.com\/vi\/special-offers\/combo-boi-ga-gion\/#primaryimage"},"image":{"@id":"https:\/\/www.grandhyamshotel.com\/vi\/special-offers\/combo-boi-ga-gion\/#primaryimage"},"thumbnailUrl":"https:\/\/www.grandhyamshotel.com\/wp-content\/uploads\/sites\/264\/2025\/10\/boi.png","datePublished":"2024-12-19T07:19:38+00:00","dateModified":"2025-10-21T06:46:32+00:00","breadcrumb":{"@id":"https:\/\/www.grandhyamshotel.com\/vi\/special-offers\/combo-boi-ga-gion\/#breadcrumb"},"inLanguage":"vi-VN","potentialAction":[{"@type":"ReadAction","target":["https:\/\/www.grandhyamshotel.com\/vi\/special-offers\/combo-boi-ga-gion\/"]}]},{"@type":"ImageObject","inLanguage":"vi-VN","@id":"https:\/\/www.grandhyamshotel.com\/vi\/special-offers\/combo-boi-ga-gion\/#primaryimage","url":"https:\/\/www.grandhyamshotel.com\/wp-content\/uploads\/sites\/264\/2025\/10\/boi.png","contentUrl":"https:\/\/www.grandhyamshotel.com\/wp-content\/uploads\/sites\/264\/2025\/10\/boi.png","width":1201,"height":1200},{"@type":"BreadcrumbList","@id":"https:\/\/www.grandhyamshotel.com\/vi\/special-offers\/combo-boi-ga-gion\/#breadcrumb","itemListElement":[{"@type":"ListItem","position":1,"name":"Home","item":"https:\/\/www.grandhyamshotel.com\/vi\/"},{"@type":"ListItem","position":2,"name":"\u01afu \u0110\u00e3i \u0110\u1eb7c Bi\u1ec7t","item":"https:\/\/www.grandhyamshotel.com\/vi\/special-offers\/"},{"@type":"ListItem","position":3,"name":"Combo B\u01a1i v\u00e0 G\u00e0 Gi\u00f2n"}]},{"@type":"WebSite","@id":"https:\/\/www.grandhyamshotel.com\/vi\/#website","url":"https:\/\/www.grandhyamshotel.com\/vi\/","name":"Grand Hyams Hotel","description":"","potentialAction":[{"@type":"SearchAction","target":{"@type":"EntryPoint","urlTemplate":"https:\/\/www.grandhyamshotel.com\/vi\/?s={search_term_string}"},"query-input":"required name=search_term_string"}],"inLanguage":"vi-VN"}]}},"_links":{"self":[{"href":"https:\/\/www.grandhyamshotel.com\/vi\/wp-json\/wp\/v2\/pages\/3126"}],"collection":[{"href":"https:\/\/www.grandhyamshotel.com\/vi\/wp-json\/wp\/v2\/pages"}],"about":[{"href":"https:\/\/www.grandhyamshotel.com\/vi\/wp-json\/wp\/v2\/types\/page"}],"author":[{"embeddable":true,"href":"https:\/\/www.grandhyamshotel.com\/vi\/wp-json\/wp\/v2\/users\/543"}],"replies":[{"embeddable":true,"href":"https:\/\/www.grandhyamshotel.com\/vi\/wp-json\/wp\/v2\/comments?post=3126"}],"version-history":[{"count":0,"href":"https:\/\/www.grandhyamshotel.com\/vi\/wp-json\/wp\/v2\/pages\/3126\/revisions"}],"up":[{"embeddable":true,"href":"https:\/\/www.grandhyamshotel.com\/vi\/wp-json\/wp\/v2\/pages\/310"}],"wp:featuredmedia":[{"embeddable":true,"href":"https:\/\/www.grandhyamshotel.com\/vi\/wp-json\/wp\/v2\/media\/3868"}],"wp:attachment":[{"href":"https:\/\/www.grandhyamshotel.com\/vi\/wp-json\/wp\/v2\/media?parent=3126"}],"curies":[{"name":"wp","href":"https:\/\/api.w.org\/{rel}","templated":true}]}}