{"id":3153,"date":"2024-12-19T09:13:37","date_gmt":"2024-12-19T09:13:37","guid":{"rendered":"https:\/\/www.grandhyamshotel.com\/?page_id=3153"},"modified":"2026-03-09T08:29:07","modified_gmt":"2026-03-09T08:29:07","slug":"dai-tiec-buffet-bbq-va-acoustic","status":"publish","type":"page","link":"https:\/\/www.grandhyamshotel.com\/vi\/special-offers\/dai-tiec-buffet-bbq-va-acoustic\/","title":{"rendered":"Touch The Clouds \u2013 \u0110\u1ea1i Ti\u1ec7c Buffet H\u1ea3i S\u1ea3n Tr\u00ean M\u00e2y"},"content":{"rendered":"<p data-path-to-node=\"3\"><b data-path-to-node=\"3\" data-index-in-node=\"0\">Tr\u1ea3i nghi\u1ec7m \u1ea9m th\u1ef1c 5 sao gi\u1eefa t\u1ea7ng m\u00e2y t\u1ea1i nh\u00e0 h\u00e0ng cao nh\u1ea5t th\u00e0nh ph\u1ed1 bi\u1ec3n.<\/b><\/p>\n<p data-path-to-node=\"4\">H\u00e3y \u0111\u1ec3 h\u01b0\u01a1ng v\u1ecb \u0111\u1eadm \u0111\u00e0 c\u1ee7a bi\u1ec3n c\u1ea3 h\u00f2a quy\u1ec7n c\u00f9ng kh\u00f4ng gian kho\u00e1ng \u0111\u1ea1t c\u1ee7a m\u00e2y tr\u1eddi. T\u1ea1i <b data-path-to-node=\"4\" data-index-in-node=\"90\">Grand Hyams Hotel<\/b>, nh\u1eefng b\u1eefa ti\u1ec7c buffet h\u1ea3i s\u1ea3n kh\u00f4ng ch\u1ec9 d\u1eebng l\u1ea1i \u1edf s\u1ef1 phong ph\u00fa, t\u01b0\u01a1i m\u1edbi m\u00e0 \u0111\u01b0\u1ee3c n\u00e2ng t\u1ea7m th\u00e0nh m\u1ed9t t\u00e1c ph\u1ea9m ngh\u1ec7 thu\u1eadt th\u1ef1c th\u1ee5.<\/p>\n<p><img decoding=\"async\" style=\"max-width: 100%;height: auto;margin: 0 auto\" src=\"https:\/\/www.grandhyamshotel.com\/wp-content\/uploads\/sites\/264\/2026\/03\/GHQ06759.jpg\" alt=\"Buffet BBQ H\u1ea3i S\u1ea3n\" \/><\/p>\n<hr data-path-to-node=\"5\" \/>\n<h2 data-path-to-node=\"6\">H\u00e0nh Tr\u00ecnh V\u1ecb Gi\u00e1c Gi\u1eefa L\u01b0ng Ch\u1eebng Tr\u1eddi<\/h2>\n<p data-path-to-node=\"7\">Trong kh\u00f4ng gian tr\u00ean cao tho\u00e1ng \u0111\u00e3ng t\u1ea1i <b data-path-to-node=\"7\" data-index-in-node=\"42\">t\u1ea7ng 41<\/b>, t\u1eebng nguy\u00ean li\u1ec7u t\u01b0\u01a1i ngon \u0111\u01b0\u1ee3c tuy\u1ec3n ch\u1ecdn k\u1ef9 c\u00e0ng v\u00e0 ch\u1ebf bi\u1ebfn tinh t\u1ebf b\u1edfi nh\u1eefng \u0111\u1ea7u b\u1ebfp t\u00e0i hoa chu\u1ea9n 5 sao. H\u00e0nh tr\u00ecnh \u1ea9m th\u1ef1c c\u1ee7a b\u1ea1n s\u1ebd \u0111\u01b0\u1ee3c d\u1eabn d\u1eaft qua 3 ph\u00e2n kh\u00fac \u0111\u1eb7c s\u1eafc:<\/p>\n<ul data-path-to-node=\"8\">\n<li>\n<p data-path-to-node=\"8,0,0\"><b data-path-to-node=\"8,0,0\" data-index-in-node=\"0\">Buffet BBQ H\u1ea3i S\u1ea3n (299.000 VN\u0110):<\/b> H\u01b0\u01a1ng v\u1ecb n\u01b0\u1edbng th\u01a1m n\u1ed3ng \u0111\u1eb7c tr\u01b0ng t\u1eeb \u0111\u1ea1i d\u01b0\u01a1ng.<\/p>\n<\/li>\n<li>\n<p data-path-to-node=\"8,1,0\"><b data-path-to-node=\"8,1,0\" data-index-in-node=\"0\">Buffet BBQ &amp; S\u00fap B\u00e0o Ng\u01b0 (349.000 VN\u0110):<\/b> S\u1ef1 k\u1ebft h\u1ee3p \u0111\u1eb3ng c\u1ea5p \u0111\u1ec3 b\u1ed3i b\u1ed5 s\u1ee9c kh\u1ecfe (bao g\u1ed3m 01 \u0111\u01a1n v\u1ecb n\u01b0\u1edbc).<\/p>\n<\/li>\n<li>\n<p data-path-to-node=\"8,2,0\"><b data-path-to-node=\"8,2,0\" data-index-in-node=\"0\">Buffet BBQ &amp; Sashimi (449.000 VN\u0110):<\/b> Ch\u00fat tinh t\u1ebf, thanh tao t\u1eeb nh\u1eefng l\u00e1t c\u1eaft h\u1ea3i s\u1ea3n t\u01b0\u01a1i r\u00f3i (bao g\u1ed3m 01 \u0111\u01a1n v\u1ecb n\u01b0\u1edbc).<\/p>\n<\/li>\n<\/ul>\n<blockquote data-path-to-node=\"9\">\n<p data-path-to-node=\"9,0\"><b data-path-to-node=\"9,0\" data-index-in-node=\"0\">Th\u1eddi gian:<\/b> 18:30 \u2013 20:30 | H\u00e0ng ng\u00e0y t\u1ea1i Nh\u00e0 h\u00e0ng <b data-path-to-node=\"9,0\" data-index-in-node=\"50\">Hy-Delight<\/b>. <b data-path-to-node=\"9,0\" data-index-in-node=\"62\">Kh\u00f4ng gian:<\/b> Th\u01b0\u1edfng th\u1ee9c \u1ea9m th\u1ef1c trong giai \u0111i\u1ec7u <b data-path-to-node=\"9,0\" data-index-in-node=\"110\">Nh\u1ea1c Acoustic<\/b> nh\u1eb9 nh\u00e0ng.<\/p>\n<\/blockquote>\n<hr data-path-to-node=\"10\" \/>\n<h2 data-path-to-node=\"11\">\u00a0Th\u1ef1c \u0110\u01a1n Tinh Hoa \u2013 H\u1ed9i T\u1ee5 \u0110\u1eb7c S\u1ea3n Bi\u1ec3n Quy Nh\u01a1n<\/h2>\n<p data-path-to-node=\"12\">Kh\u00f4ng ch\u1ec9 c\u00f3 h\u1ea3i s\u1ea3n, th\u1ef1c \u0111\u01a1n buffet t\u1ea1i Grand Hyams l\u00e0 s\u1ef1 giao thoa gi\u1eefa \u1ea9m th\u1ef1c \u0111\u1ecba ph\u01b0\u01a1ng v\u00e0 qu\u1ed1c t\u1ebf:<\/p>\n<ul data-path-to-node=\"13\">\n<li>\n<p data-path-to-node=\"13,0,0\"><b data-path-to-node=\"13,0,0\" data-index-in-node=\"0\">Qu\u1ea7y BBQ Ch\u1ebf Bi\u1ebfn T\u1ea1i Ch\u1ed7:<\/b> T\u00f4m s\u00fa, h\u00e0u n\u01b0\u1edbng m\u1ee1 h\u00e0nh, b\u1ea1ch tu\u1ed9c s\u1ed1t sa t\u1ebf, c\u00e1 ch\u1ebdm n\u01b0\u1edbng gi\u1ea5y b\u1ea1c v\u00e0 s\u01b0\u1eddn b\u00f2 M\u1ef9 x\u00f4ng kh\u00f3i.<\/p>\n<\/li>\n<li>\n<p data-path-to-node=\"13,1,0\"><b data-path-to-node=\"13,1,0\" data-index-in-node=\"0\">Khai V\u1ecb &amp; Salad:<\/b> C\u00e1c lo\u1ea1i salad nhi\u1ec7t \u0111\u1edbi, n\u1ed9m m\u00edt non, g\u1ecfi h\u1ea3i s\u1ea3n v\u00e0 sushi t\u01b0\u01a1i s\u1ed1ng.<\/p>\n<\/li>\n<li>\n<p data-path-to-node=\"13,2,0\"><b data-path-to-node=\"13,2,0\" data-index-in-node=\"0\">M\u00f3n Ch\u00ednh \u0110\u1eadm \u0110\u00e0:<\/b> C\u01a1m chi\u00ean h\u1ea3i s\u1ea3n, m\u00ec x\u00e0o thanh cua, c\u00e0 ri h\u1ea3i s\u1ea3n \u0103n k\u00e8m b\u00e1nh m\u00ec n\u01b0\u1edbng b\u01a1 t\u1ecfi.<\/p>\n<\/li>\n<li>\n<p data-path-to-node=\"13,3,0\"><b data-path-to-node=\"13,3,0\" data-index-in-node=\"0\">\u0110\u1eb7c S\u1ea3n \u0110\u1ecba Ph\u01b0\u01a1ng:<\/b> B\u00fan ch\u1ea3 c\u00e1 Quy Nh\u01a1n tr\u1ee9 danh ph\u1ee5c v\u1ee5 t\u1ea1i qu\u1ea7y n\u00f3ng.<\/p>\n<\/li>\n<li>\n<p data-path-to-node=\"13,4,0\"><b data-path-to-node=\"13,4,0\" data-index-in-node=\"0\">Tr\u00e1ng Mi\u1ec7ng Ng\u1ecdt Ng\u00e0o:<\/b> Tr\u00e1i c\u00e2y nhi\u1ec7t \u0111\u1edbi theo m\u00f9a, Panna Cotta, b\u00e1nh \u00edt l\u00e1 gai v\u00e0 c\u00e1c lo\u1ea1i b\u00e1nh ng\u1ecdt cao c\u1ea5p.<\/p>\n<\/li>\n<\/ul>\n<hr data-path-to-node=\"14\" \/>\n<h2 data-path-to-node=\"15\">\u01afu \u0110\u00e3i \u0110\u1eb7c Quy\u1ec1n Ch\u1ec9 D\u00e0nh Ri\u00eang Cho B\u1ea1n<\/h2>\n<p data-path-to-node=\"16\">\u0110\u1ec3 m\u1ed7i cu\u1ed9c vui th\u00eam tr\u1ecdn v\u1eb9n, Grand Hyams mang \u0111\u1ebfn nh\u1eefng \u0111\u1eb7c quy\u1ec1n h\u1ea5p d\u1eabn:<\/p>\n<ul data-path-to-node=\"17\">\n<li>\n<p data-path-to-node=\"17,0,0\"><b data-path-to-node=\"17,0,0\" data-index-in-node=\"0\">\u01afu \u0111\u00e3i \u0111\u1eb7t s\u1edbm:<\/b> Gi\u1ea3m ngay <b data-path-to-node=\"17,0,0\" data-index-in-node=\"26\">10%<\/b> khi \u0111\u1eb7t b\u00e0n tr\u01b0\u1edbc \u00edt nh\u1ea5t 03 ng\u00e0y.<\/p>\n<\/li>\n<li>\n<p data-path-to-node=\"17,1,0\"><b data-path-to-node=\"17,1,0\" data-index-in-node=\"0\">K\u1ef7 ni\u1ec7m \u0111\u00e1ng nh\u1edb:<\/b> Mi\u1ec5n ph\u00ed g\u00f3i trang tr\u00ed sinh nh\u1eadt ho\u1eb7c k\u1ef7 ni\u1ec7m c\u01a1 b\u1ea3n.<\/p>\n<\/li>\n<li>\n<p data-path-to-node=\"17,2,0\"><b data-path-to-node=\"17,2,0\" data-index-in-node=\"0\">\u0110\u1eb7c quy\u1ec1n nh\u00f3m \u0111\u00f4ng:<\/b><\/p>\n<ul data-path-to-node=\"17,2,1\">\n<li>\n<p data-path-to-node=\"17,2,1,0,0\"><b data-path-to-node=\"17,2,1,0,0\" data-index-in-node=\"0\">Nh\u00f3m 08 kh\u00e1ch:<\/b> T\u1eb7ng ngay 01 Th\u00e1p bia Heineken m\u00e1t l\u1ea1nh.<\/p>\n<\/li>\n<li>\n<p data-path-to-node=\"17,2,1,1,0\"><b data-path-to-node=\"17,2,1,1,0\" data-index-in-node=\"0\">Nh\u00f3m 10 kh\u00e1ch:<\/b> Khai v\u1ecb \u0111\u1eb3ng c\u1ea5p v\u1edbi 01 Th\u00e1p bia ho\u1eb7c Vang \u00dac th\u01b0\u1ee3ng h\u1ea1ng.<\/p>\n<\/li>\n<\/ul>\n<\/li>\n<\/ul>\n<hr data-path-to-node=\"18\" \/>\n<h2 data-path-to-node=\"19\">\u0110\u1eb7t B\u00e0n Ngay \u0110\u1ec3 Nh\u1eadn \u01afu \u0110\u00e3i 10%<\/h2>\n<p data-path-to-node=\"20\">\u0110\u1eebng b\u1ecf l\u1ee1 c\u01a1 h\u1ed9i t\u1eadn h\u01b0\u1edfng b\u1eefa ti\u1ec7c h\u1ea3i s\u1ea3n \u0111\u1eb3ng c\u1ea5p nh\u1ea5t Quy Nh\u01a1n v\u1edbi t\u1ea7m nh\u00ecn \u00f4m tr\u1ecdn v\u1ecbnh bi\u1ec3n t\u1eeb t\u1ea7ng 41.<\/p>\n<ul data-path-to-node=\"21\">\n<li>\n<p data-path-to-node=\"21,0,0\"><b data-path-to-node=\"21,0,0\" data-index-in-node=\"0\">Hotline:<\/b> 0256 390 6666<\/p>\n<\/li>\n<li>\n<p data-path-to-node=\"21,1,0\"><b data-path-to-node=\"21,1,0\" data-index-in-node=\"0\">\u0110\u1ecba ch\u1ec9:<\/b> 28 Nguy\u1ec5n Hu\u1ec7, Ph\u01b0\u1eddng Quy Nh\u01a1n, Gia Lai, Vi\u1ec7t Nam<\/p>\n<\/li>\n<li>\n<p data-path-to-node=\"21,2,0\"><b data-path-to-node=\"21,2,0\" data-index-in-node=\"0\">Website:<\/b> <a class=\"ng-star-inserted\" href=\"https:\/\/grandhyamshotel.com\" target=\"_blank\" rel=\"noopener\" data-hveid=\"0\" data-ved=\"0CAAQ_4QMahgKEwjchZK8l5KTAxUAAAAAHQAAAAAQkgI\">grandhyamshotel.com<\/a><\/p>\n<\/li>\n<li><a href=\"https:\/\/www.facebook.com\/grandhyamshotelquynhonbeach\">\u0110\u1eb6T B\u00c0N\u00a0<\/a><\/li>\n<\/ul>\n","protected":false},"excerpt":{"rendered":"<p>Tr\u1ea3i nghi\u1ec7m \u1ea9m th\u1ef1c 5 sao gi\u1eefa t\u1ea7ng m\u00e2y t\u1ea1i nh\u00e0 h\u00e0ng cao nh\u1ea5t th\u00e0nh ph\u1ed1 bi\u1ec3n. H\u00e3y \u0111\u1ec3 h\u01b0\u01a1ng v\u1ecb \u0111\u1eadm \u0111\u00e0 c\u1ee7a bi\u1ec3n c\u1ea3 h\u00f2a quy\u1ec7n c\u00f9ng kh\u00f4ng gian kho\u00e1ng \u0111\u1ea1t c\u1ee7a m\u00e2y tr\u1eddi. T\u1ea1i Grand Hyams Hotel, nh\u1eefng b\u1eefa ti\u1ec7c buffet h\u1ea3i s\u1ea3n kh\u00f4ng ch\u1ec9 d\u1eebng l\u1ea1i \u1edf s\u1ef1 phong ph\u00fa, t\u01b0\u01a1i [&hellip;]<\/p>\n","protected":false},"author":543,"featured_media":4153,"parent":310,"menu_order":1,"comment_status":"closed","ping_status":"closed","template":"template-default-4.php","meta":{"footnotes":""},"acf":[],"yoast_head":"<!-- This site is optimized with the Yoast SEO plugin v22.3 - https:\/\/yoast.com\/wordpress\/plugins\/seo\/ -->\n<title>Touch The Clouds \u2013 \u0110\u1ea1i Ti\u1ec7c Buffet H\u1ea3i S\u1ea3n Tr\u00ean M\u00e2y - Grand Hyams Hotel<\/title>\n<meta name=\"robots\" content=\"index, follow, max-snippet:-1, max-image-preview:large, max-video-preview:-1\" \/>\n<link rel=\"canonical\" href=\"https:\/\/www.grandhyamshotel.com\/vi\/special-offers\/dai-tiec-buffet-bbq-va-acoustic\/\" \/>\n<meta property=\"og:locale\" content=\"vi_VN\" \/>\n<meta property=\"og:type\" content=\"article\" \/>\n<meta property=\"og:title\" content=\"Touch The Clouds \u2013 \u0110\u1ea1i Ti\u1ec7c Buffet H\u1ea3i S\u1ea3n Tr\u00ean M\u00e2y - Grand Hyams Hotel\" \/>\n<meta property=\"og:description\" content=\"Tr\u1ea3i nghi\u1ec7m \u1ea9m th\u1ef1c 5 sao gi\u1eefa t\u1ea7ng m\u00e2y t\u1ea1i nh\u00e0 h\u00e0ng cao nh\u1ea5t th\u00e0nh ph\u1ed1 bi\u1ec3n. H\u00e3y \u0111\u1ec3 h\u01b0\u01a1ng v\u1ecb \u0111\u1eadm \u0111\u00e0 c\u1ee7a bi\u1ec3n c\u1ea3 h\u00f2a quy\u1ec7n c\u00f9ng kh\u00f4ng gian kho\u00e1ng \u0111\u1ea1t c\u1ee7a m\u00e2y tr\u1eddi. T\u1ea1i Grand Hyams Hotel, nh\u1eefng b\u1eefa ti\u1ec7c buffet h\u1ea3i s\u1ea3n kh\u00f4ng ch\u1ec9 d\u1eebng l\u1ea1i \u1edf s\u1ef1 phong ph\u00fa, t\u01b0\u01a1i [&hellip;]\" \/>\n<meta property=\"og:url\" content=\"https:\/\/www.grandhyamshotel.com\/vi\/special-offers\/dai-tiec-buffet-bbq-va-acoustic\/\" \/>\n<meta property=\"og:site_name\" content=\"Grand Hyams Hotel\" \/>\n<meta property=\"article:modified_time\" content=\"2026-03-09T08:29:07+00:00\" \/>\n<meta property=\"og:image\" content=\"https:\/\/www.grandhyamshotel.com\/wp-content\/uploads\/sites\/264\/2026\/03\/BUFFET-MAY.png\" \/>\n\t<meta property=\"og:image:width\" content=\"1201\" \/>\n\t<meta property=\"og:image:height\" content=\"1200\" \/>\n\t<meta property=\"og:image:type\" content=\"image\/png\" \/>\n<meta name=\"twitter:card\" content=\"summary_large_image\" \/>\n<meta name=\"twitter:label1\" content=\"Est. reading time\" \/>\n\t<meta name=\"twitter:data1\" content=\"3 minutes\" \/>\n<script type=\"application\/ld+json\" class=\"yoast-schema-graph\">{\"@context\":\"https:\/\/schema.org\",\"@graph\":[{\"@type\":\"WebPage\",\"@id\":\"https:\/\/www.grandhyamshotel.com\/vi\/special-offers\/dai-tiec-buffet-bbq-va-acoustic\/\",\"url\":\"https:\/\/www.grandhyamshotel.com\/vi\/special-offers\/dai-tiec-buffet-bbq-va-acoustic\/\",\"name\":\"Touch The Clouds \u2013 \u0110\u1ea1i Ti\u1ec7c Buffet H\u1ea3i S\u1ea3n Tr\u00ean M\u00e2y - Grand Hyams Hotel\",\"isPartOf\":{\"@id\":\"https:\/\/www.grandhyamshotel.com\/vi\/#website\"},\"primaryImageOfPage\":{\"@id\":\"https:\/\/www.grandhyamshotel.com\/vi\/special-offers\/dai-tiec-buffet-bbq-va-acoustic\/#primaryimage\"},\"image\":{\"@id\":\"https:\/\/www.grandhyamshotel.com\/vi\/special-offers\/dai-tiec-buffet-bbq-va-acoustic\/#primaryimage\"},\"thumbnailUrl\":\"https:\/\/www.grandhyamshotel.com\/wp-content\/uploads\/sites\/264\/2026\/03\/BUFFET-MAY.png\",\"datePublished\":\"2024-12-19T09:13:37+00:00\",\"dateModified\":\"2026-03-09T08:29:07+00:00\",\"breadcrumb\":{\"@id\":\"https:\/\/www.grandhyamshotel.com\/vi\/special-offers\/dai-tiec-buffet-bbq-va-acoustic\/#breadcrumb\"},\"inLanguage\":\"vi-VN\",\"potentialAction\":[{\"@type\":\"ReadAction\",\"target\":[\"https:\/\/www.grandhyamshotel.com\/vi\/special-offers\/dai-tiec-buffet-bbq-va-acoustic\/\"]}]},{\"@type\":\"ImageObject\",\"inLanguage\":\"vi-VN\",\"@id\":\"https:\/\/www.grandhyamshotel.com\/vi\/special-offers\/dai-tiec-buffet-bbq-va-acoustic\/#primaryimage\",\"url\":\"https:\/\/www.grandhyamshotel.com\/wp-content\/uploads\/sites\/264\/2026\/03\/BUFFET-MAY.png\",\"contentUrl\":\"https:\/\/www.grandhyamshotel.com\/wp-content\/uploads\/sites\/264\/2026\/03\/BUFFET-MAY.png\",\"width\":1201,\"height\":1200},{\"@type\":\"BreadcrumbList\",\"@id\":\"https:\/\/www.grandhyamshotel.com\/vi\/special-offers\/dai-tiec-buffet-bbq-va-acoustic\/#breadcrumb\",\"itemListElement\":[{\"@type\":\"ListItem\",\"position\":1,\"name\":\"Home\",\"item\":\"https:\/\/www.grandhyamshotel.com\/vi\/\"},{\"@type\":\"ListItem\",\"position\":2,\"name\":\"\u01afu \u0110\u00e3i \u0110\u1eb7c Bi\u1ec7t\",\"item\":\"https:\/\/www.grandhyamshotel.com\/vi\/special-offers\/\"},{\"@type\":\"ListItem\",\"position\":3,\"name\":\"Touch The Clouds \u2013 \u0110\u1ea1i Ti\u1ec7c Buffet H\u1ea3i S\u1ea3n Tr\u00ean M\u00e2y\"}]},{\"@type\":\"WebSite\",\"@id\":\"https:\/\/www.grandhyamshotel.com\/vi\/#website\",\"url\":\"https:\/\/www.grandhyamshotel.com\/vi\/\",\"name\":\"Grand Hyams Hotel\",\"description\":\"\",\"potentialAction\":[{\"@type\":\"SearchAction\",\"target\":{\"@type\":\"EntryPoint\",\"urlTemplate\":\"https:\/\/www.grandhyamshotel.com\/vi\/?s={search_term_string}\"},\"query-input\":\"required name=search_term_string\"}],\"inLanguage\":\"vi-VN\"}]}<\/script>\n<!-- \/ Yoast SEO plugin. -->","yoast_head_json":{"title":"Touch The Clouds \u2013 \u0110\u1ea1i Ti\u1ec7c Buffet H\u1ea3i S\u1ea3n Tr\u00ean M\u00e2y - Grand Hyams Hotel","robots":{"index":"index","follow":"follow","max-snippet":"max-snippet:-1","max-image-preview":"max-image-preview:large","max-video-preview":"max-video-preview:-1"},"canonical":"https:\/\/www.grandhyamshotel.com\/vi\/special-offers\/dai-tiec-buffet-bbq-va-acoustic\/","og_locale":"vi_VN","og_type":"article","og_title":"Touch The Clouds \u2013 \u0110\u1ea1i Ti\u1ec7c Buffet H\u1ea3i S\u1ea3n Tr\u00ean M\u00e2y - Grand Hyams Hotel","og_description":"Tr\u1ea3i nghi\u1ec7m \u1ea9m th\u1ef1c 5 sao gi\u1eefa t\u1ea7ng m\u00e2y t\u1ea1i nh\u00e0 h\u00e0ng cao nh\u1ea5t th\u00e0nh ph\u1ed1 bi\u1ec3n. H\u00e3y \u0111\u1ec3 h\u01b0\u01a1ng v\u1ecb \u0111\u1eadm \u0111\u00e0 c\u1ee7a bi\u1ec3n c\u1ea3 h\u00f2a quy\u1ec7n c\u00f9ng kh\u00f4ng gian kho\u00e1ng \u0111\u1ea1t c\u1ee7a m\u00e2y tr\u1eddi. T\u1ea1i Grand Hyams Hotel, nh\u1eefng b\u1eefa ti\u1ec7c buffet h\u1ea3i s\u1ea3n kh\u00f4ng ch\u1ec9 d\u1eebng l\u1ea1i \u1edf s\u1ef1 phong ph\u00fa, t\u01b0\u01a1i [&hellip;]","og_url":"https:\/\/www.grandhyamshotel.com\/vi\/special-offers\/dai-tiec-buffet-bbq-va-acoustic\/","og_site_name":"Grand Hyams Hotel","article_modified_time":"2026-03-09T08:29:07+00:00","og_image":[{"width":1201,"height":1200,"url":"https:\/\/www.grandhyamshotel.com\/wp-content\/uploads\/sites\/264\/2026\/03\/BUFFET-MAY.png","type":"image\/png"}],"twitter_card":"summary_large_image","twitter_misc":{"Est. reading time":"3 minutes"},"schema":{"@context":"https:\/\/schema.org","@graph":[{"@type":"WebPage","@id":"https:\/\/www.grandhyamshotel.com\/vi\/special-offers\/dai-tiec-buffet-bbq-va-acoustic\/","url":"https:\/\/www.grandhyamshotel.com\/vi\/special-offers\/dai-tiec-buffet-bbq-va-acoustic\/","name":"Touch The Clouds \u2013 \u0110\u1ea1i Ti\u1ec7c Buffet H\u1ea3i S\u1ea3n Tr\u00ean M\u00e2y - Grand Hyams Hotel","isPartOf":{"@id":"https:\/\/www.grandhyamshotel.com\/vi\/#website"},"primaryImageOfPage":{"@id":"https:\/\/www.grandhyamshotel.com\/vi\/special-offers\/dai-tiec-buffet-bbq-va-acoustic\/#primaryimage"},"image":{"@id":"https:\/\/www.grandhyamshotel.com\/vi\/special-offers\/dai-tiec-buffet-bbq-va-acoustic\/#primaryimage"},"thumbnailUrl":"https:\/\/www.grandhyamshotel.com\/wp-content\/uploads\/sites\/264\/2026\/03\/BUFFET-MAY.png","datePublished":"2024-12-19T09:13:37+00:00","dateModified":"2026-03-09T08:29:07+00:00","breadcrumb":{"@id":"https:\/\/www.grandhyamshotel.com\/vi\/special-offers\/dai-tiec-buffet-bbq-va-acoustic\/#breadcrumb"},"inLanguage":"vi-VN","potentialAction":[{"@type":"ReadAction","target":["https:\/\/www.grandhyamshotel.com\/vi\/special-offers\/dai-tiec-buffet-bbq-va-acoustic\/"]}]},{"@type":"ImageObject","inLanguage":"vi-VN","@id":"https:\/\/www.grandhyamshotel.com\/vi\/special-offers\/dai-tiec-buffet-bbq-va-acoustic\/#primaryimage","url":"https:\/\/www.grandhyamshotel.com\/wp-content\/uploads\/sites\/264\/2026\/03\/BUFFET-MAY.png","contentUrl":"https:\/\/www.grandhyamshotel.com\/wp-content\/uploads\/sites\/264\/2026\/03\/BUFFET-MAY.png","width":1201,"height":1200},{"@type":"BreadcrumbList","@id":"https:\/\/www.grandhyamshotel.com\/vi\/special-offers\/dai-tiec-buffet-bbq-va-acoustic\/#breadcrumb","itemListElement":[{"@type":"ListItem","position":1,"name":"Home","item":"https:\/\/www.grandhyamshotel.com\/vi\/"},{"@type":"ListItem","position":2,"name":"\u01afu \u0110\u00e3i \u0110\u1eb7c Bi\u1ec7t","item":"https:\/\/www.grandhyamshotel.com\/vi\/special-offers\/"},{"@type":"ListItem","position":3,"name":"Touch The Clouds \u2013 \u0110\u1ea1i Ti\u1ec7c Buffet H\u1ea3i S\u1ea3n Tr\u00ean M\u00e2y"}]},{"@type":"WebSite","@id":"https:\/\/www.grandhyamshotel.com\/vi\/#website","url":"https:\/\/www.grandhyamshotel.com\/vi\/","name":"Grand Hyams Hotel","description":"","potentialAction":[{"@type":"SearchAction","target":{"@type":"EntryPoint","urlTemplate":"https:\/\/www.grandhyamshotel.com\/vi\/?s={search_term_string}"},"query-input":"required name=search_term_string"}],"inLanguage":"vi-VN"}]}},"_links":{"self":[{"href":"https:\/\/www.grandhyamshotel.com\/vi\/wp-json\/wp\/v2\/pages\/3153"}],"collection":[{"href":"https:\/\/www.grandhyamshotel.com\/vi\/wp-json\/wp\/v2\/pages"}],"about":[{"href":"https:\/\/www.grandhyamshotel.com\/vi\/wp-json\/wp\/v2\/types\/page"}],"author":[{"embeddable":true,"href":"https:\/\/www.grandhyamshotel.com\/vi\/wp-json\/wp\/v2\/users\/543"}],"replies":[{"embeddable":true,"href":"https:\/\/www.grandhyamshotel.com\/vi\/wp-json\/wp\/v2\/comments?post=3153"}],"version-history":[{"count":3,"href":"https:\/\/www.grandhyamshotel.com\/vi\/wp-json\/wp\/v2\/pages\/3153\/revisions"}],"predecessor-version":[{"id":4164,"href":"https:\/\/www.grandhyamshotel.com\/vi\/wp-json\/wp\/v2\/pages\/3153\/revisions\/4164"}],"up":[{"embeddable":true,"href":"https:\/\/www.grandhyamshotel.com\/vi\/wp-json\/wp\/v2\/pages\/310"}],"wp:featuredmedia":[{"embeddable":true,"href":"https:\/\/www.grandhyamshotel.com\/vi\/wp-json\/wp\/v2\/media\/4153"}],"wp:attachment":[{"href":"https:\/\/www.grandhyamshotel.com\/vi\/wp-json\/wp\/v2\/media?parent=3153"}],"curies":[{"name":"wp","href":"https:\/\/api.w.org\/{rel}","templated":true}]}}