{"id":332,"date":"2022-11-02T07:42:00","date_gmt":"2022-11-02T07:42:00","guid":{"rendered":"https:\/\/www.grandhyamshotel.com\/wellness\/"},"modified":"2026-03-14T04:23:38","modified_gmt":"2026-03-14T04:23:38","slug":"wellness","status":"publish","type":"page","link":"https:\/\/www.grandhyamshotel.com\/vi\/wellness\/","title":{"rendered":"S\u1ee9c Kh\u1ecfe"},"content":{"rendered":"<h2 data-path-to-node=\"3\">Hy-Halona Spa \u2013 T\u00e1i T\u1ea1o N\u0103ng L\u01b0\u1ee3ng &amp; Kh\u00e1m Ph\u00e1 B\u1ea3n Th\u00e2n<\/h2>\n<p data-path-to-node=\"4\"><b data-path-to-node=\"4\" data-index-in-node=\"0\">\u0110\u1eafm m\u00ecnh trong kh\u00f4ng gian tr\u1ecb li\u1ec7u \u0111\u1eb3ng c\u1ea5p 5 sao gi\u1eefa l\u00f2ng th\u00e0nh ph\u1ed1 bi\u1ec3n.<\/b><\/p>\n<p data-path-to-node=\"5\">T\u1ecda l\u1ea1c t\u1ea1i t\u1ea7ng 3 c\u1ee7a <b data-path-to-node=\"5\" data-index-in-node=\"23\">Grand Hyams Hotel<\/b>, <b data-path-to-node=\"5\" data-index-in-node=\"42\">Hy-Halona Spa<\/b> mang \u0111\u1ebfn m\u1ed9t kh\u00e1i ni\u1ec7m ngh\u1ec9 d\u01b0\u1ee1ng ho\u00e0n to\u00e0n kh\u00e1c bi\u1ec7t. \u0110\u00e2y kh\u00f4ng ch\u1ec9 l\u00e0 n\u01a1i th\u01b0 gi\u00e3n, m\u00e0 l\u00e0 m\u1ed9t h\u00e0nh tr\u00ecnh chuy\u00ean s\u00e2u gi\u00fap b\u1ea1n k\u1ebft n\u1ed1i l\u1ea1i v\u1edbi ch\u00ednh m\u00ecnh, xua tan m\u1ecdi \u00e1p l\u1ef1c v\u00e0 t\u00ecm v\u1ec1 tr\u1ea1ng th\u00e1i c\u00e2n b\u1eb1ng ho\u00e0n h\u1ea3o gi\u1eefa th\u00e2n \u2013 t\u00e2m \u2013 tr\u00ed.<\/p>\n<p><img decoding=\"async\" style=\"max-width: 100%;height: auto;margin: 15px auto;border-radius: 8px\" src=\"https:\/\/www.grandhyamshotel.com\/wp-content\/uploads\/sites\/264\/2026\/03\/BAMBOO-10-of-17.jpg\" alt=\"Kh\u00f4ng gian th\u01b0 gi\u00e3n sang tr\u1ecdng t\u1ea1i Hy-Halona Spa Grand Hyams Hotel Quy Nh\u01a1n\" \/><\/p>\n<h3 data-path-to-node=\"7\">T\u1ea1i sao Hy-Halona Spa l\u00e0 s\u1ef1 l\u1ef1a ch\u1ecdn h\u00e0ng \u0111\u1ea7u?<\/h3>\n<ul data-path-to-node=\"8\">\n<li>\n<p data-path-to-node=\"8,0,0\"><b data-path-to-node=\"8,0,0\" data-index-in-node=\"0\">Li\u1ec7u ph\u00e1p \u0111\u1eb7c quy\u1ec1n:<\/b> C\u00e1c li\u1ec7u tr\u00ecnh &#8220;Signature Healing&#8221; \u0111\u01b0\u1ee3c thi\u1ebft k\u1ebf ri\u00eang bi\u1ec7t, k\u1ebft h\u1ee3p tinh hoa y h\u1ecdc c\u1ed5 truy\u1ec1n v\u00e0 k\u1ef9 thu\u1eadt hi\u1ec7n \u0111\u1ea1i.<\/p>\n<\/li>\n<li>\n<p data-path-to-node=\"8,1,0\"><b data-path-to-node=\"8,1,0\" data-index-in-node=\"0\">Kh\u00f4ng gian tinh t\u1ebf:<\/b> Thi\u1ebft k\u1ebf t\u1ed1i gi\u1ea3n, h\u01b0\u01a1ng th\u01a1m th\u1ea3o m\u1ed9c d\u1ecbu nh\u1eb9 v\u00e0 \u00e2m nh\u1ea1c thi\u1ec1n \u0111\u1ecbnh gi\u00fap b\u1ea1n &#8220;ng\u1eaft k\u1ebft n\u1ed1i&#8221; ho\u00e0n to\u00e0n v\u1edbi th\u1ebf gi\u1edbi \u1ed3n \u00e0o.<\/p>\n<\/li>\n<li>\n<p data-path-to-node=\"8,2,0\"><b data-path-to-node=\"8,2,0\" data-index-in-node=\"0\">K\u1ef9 thu\u1eadt vi\u00ean chuy\u00ean nghi\u1ec7p:<\/b> \u0110\u1ed9i ng\u0169 chuy\u00ean gia gi\u00e0u kinh nghi\u1ec7m v\u1edbi \u0111\u00f4i b\u00e0n tay kh\u00e9o l\u00e9o, th\u1ea5u hi\u1ec3u t\u1eebng \u0111i\u1ec3m ch\u1ea1m tr\u00ean c\u01a1 th\u1ec3.<\/p>\n<\/li>\n<li>\n<p data-path-to-node=\"8,3,0\"><b data-path-to-node=\"8,3,0\" data-index-in-node=\"0\">Tr\u1ea3i nghi\u1ec7m kh\u00e1c bi\u1ec7t:<\/b> Nh\u1eefng li\u1ec7u ph\u00e1p &#8220;ngo\u00e0i mong \u0111\u1ee3i&#8221; (out of the ordinary) gi\u00fap c\u1ea3i thi\u1ec7n s\u1ee9c kh\u1ecfe t\u1eeb s\u00e2u b\u00ean trong.<\/p>\n<\/li>\n<\/ul>\n","protected":false},"excerpt":{"rendered":"<p>Hy-Halona Spa \u2013 T\u00e1i T\u1ea1o N\u0103ng L\u01b0\u1ee3ng &amp; Kh\u00e1m Ph\u00e1 B\u1ea3n Th\u00e2n \u0110\u1eafm m\u00ecnh trong kh\u00f4ng gian tr\u1ecb li\u1ec7u \u0111\u1eb3ng c\u1ea5p 5 sao gi\u1eefa l\u00f2ng th\u00e0nh ph\u1ed1 bi\u1ec3n. T\u1ecda l\u1ea1c t\u1ea1i t\u1ea7ng 3 c\u1ee7a Grand Hyams Hotel, Hy-Halona Spa mang \u0111\u1ebfn m\u1ed9t kh\u00e1i ni\u1ec7m ngh\u1ec9 d\u01b0\u1ee1ng ho\u00e0n to\u00e0n kh\u00e1c bi\u1ec7t. \u0110\u00e2y kh\u00f4ng ch\u1ec9 l\u00e0 n\u01a1i [&hellip;]<\/p>\n","protected":false},"author":368,"featured_media":1912,"parent":0,"menu_order":0,"comment_status":"closed","ping_status":"closed","template":"","meta":{"footnotes":""},"acf":[],"yoast_head":"<!-- This site is optimized with the Yoast SEO plugin v22.3 - https:\/\/yoast.com\/wordpress\/plugins\/seo\/ -->\n<title>S\u1ee9c Kh\u1ecfe - Grand Hyams Hotel<\/title>\n<meta name=\"robots\" content=\"index, follow, max-snippet:-1, max-image-preview:large, max-video-preview:-1\" \/>\n<link rel=\"canonical\" href=\"https:\/\/www.grandhyamshotel.com\/vi\/wellness\/\" \/>\n<meta property=\"og:locale\" content=\"vi_VN\" \/>\n<meta property=\"og:type\" content=\"article\" \/>\n<meta property=\"og:title\" content=\"S\u1ee9c Kh\u1ecfe - Grand Hyams Hotel\" \/>\n<meta property=\"og:description\" content=\"Hy-Halona Spa \u2013 T\u00e1i T\u1ea1o N\u0103ng L\u01b0\u1ee3ng &amp; Kh\u00e1m Ph\u00e1 B\u1ea3n Th\u00e2n \u0110\u1eafm m\u00ecnh trong kh\u00f4ng gian tr\u1ecb li\u1ec7u \u0111\u1eb3ng c\u1ea5p 5 sao gi\u1eefa l\u00f2ng th\u00e0nh ph\u1ed1 bi\u1ec3n. T\u1ecda l\u1ea1c t\u1ea1i t\u1ea7ng 3 c\u1ee7a Grand Hyams Hotel, Hy-Halona Spa mang \u0111\u1ebfn m\u1ed9t kh\u00e1i ni\u1ec7m ngh\u1ec9 d\u01b0\u1ee1ng ho\u00e0n to\u00e0n kh\u00e1c bi\u1ec7t. \u0110\u00e2y kh\u00f4ng ch\u1ec9 l\u00e0 n\u01a1i [&hellip;]\" \/>\n<meta property=\"og:url\" content=\"https:\/\/www.grandhyamshotel.com\/vi\/wellness\/\" \/>\n<meta property=\"og:site_name\" content=\"Grand Hyams Hotel\" \/>\n<meta property=\"article:modified_time\" content=\"2026-03-14T04:23:38+00:00\" \/>\n<meta property=\"og:image\" content=\"https:\/\/www.grandhyamshotel.com\/wp-content\/uploads\/sites\/264\/2023\/07\/Copy-of-SKD_1988.jpg\" \/>\n\t<meta property=\"og:image:width\" content=\"2200\" \/>\n\t<meta property=\"og:image:height\" content=\"1467\" \/>\n\t<meta property=\"og:image:type\" content=\"image\/jpeg\" \/>\n<meta name=\"twitter:card\" content=\"summary_large_image\" \/>\n<meta name=\"twitter:label1\" content=\"Est. reading time\" \/>\n\t<meta name=\"twitter:data1\" content=\"2 minutes\" \/>\n<script type=\"application\/ld+json\" class=\"yoast-schema-graph\">{\"@context\":\"https:\/\/schema.org\",\"@graph\":[{\"@type\":\"WebPage\",\"@id\":\"https:\/\/www.grandhyamshotel.com\/vi\/wellness\/\",\"url\":\"https:\/\/www.grandhyamshotel.com\/vi\/wellness\/\",\"name\":\"S\u1ee9c Kh\u1ecfe - Grand Hyams Hotel\",\"isPartOf\":{\"@id\":\"https:\/\/www.grandhyamshotel.com\/vi\/#website\"},\"primaryImageOfPage\":{\"@id\":\"https:\/\/www.grandhyamshotel.com\/vi\/wellness\/#primaryimage\"},\"image\":{\"@id\":\"https:\/\/www.grandhyamshotel.com\/vi\/wellness\/#primaryimage\"},\"thumbnailUrl\":\"https:\/\/www.grandhyamshotel.com\/wp-content\/uploads\/sites\/264\/2023\/07\/Copy-of-SKD_1988.jpg\",\"datePublished\":\"2022-11-02T07:42:00+00:00\",\"dateModified\":\"2026-03-14T04:23:38+00:00\",\"breadcrumb\":{\"@id\":\"https:\/\/www.grandhyamshotel.com\/vi\/wellness\/#breadcrumb\"},\"inLanguage\":\"vi-VN\",\"potentialAction\":[{\"@type\":\"ReadAction\",\"target\":[\"https:\/\/www.grandhyamshotel.com\/vi\/wellness\/\"]}]},{\"@type\":\"ImageObject\",\"inLanguage\":\"vi-VN\",\"@id\":\"https:\/\/www.grandhyamshotel.com\/vi\/wellness\/#primaryimage\",\"url\":\"https:\/\/www.grandhyamshotel.com\/wp-content\/uploads\/sites\/264\/2023\/07\/Copy-of-SKD_1988.jpg\",\"contentUrl\":\"https:\/\/www.grandhyamshotel.com\/wp-content\/uploads\/sites\/264\/2023\/07\/Copy-of-SKD_1988.jpg\",\"width\":2200,\"height\":1467},{\"@type\":\"BreadcrumbList\",\"@id\":\"https:\/\/www.grandhyamshotel.com\/vi\/wellness\/#breadcrumb\",\"itemListElement\":[{\"@type\":\"ListItem\",\"position\":1,\"name\":\"Home\",\"item\":\"https:\/\/www.grandhyamshotel.com\/vi\/\"},{\"@type\":\"ListItem\",\"position\":2,\"name\":\"S\u1ee9c Kh\u1ecfe\"}]},{\"@type\":\"WebSite\",\"@id\":\"https:\/\/www.grandhyamshotel.com\/vi\/#website\",\"url\":\"https:\/\/www.grandhyamshotel.com\/vi\/\",\"name\":\"Grand Hyams Hotel\",\"description\":\"\",\"potentialAction\":[{\"@type\":\"SearchAction\",\"target\":{\"@type\":\"EntryPoint\",\"urlTemplate\":\"https:\/\/www.grandhyamshotel.com\/vi\/?s={search_term_string}\"},\"query-input\":\"required name=search_term_string\"}],\"inLanguage\":\"vi-VN\"}]}<\/script>\n<!-- \/ Yoast SEO plugin. -->","yoast_head_json":{"title":"S\u1ee9c Kh\u1ecfe - Grand Hyams Hotel","robots":{"index":"index","follow":"follow","max-snippet":"max-snippet:-1","max-image-preview":"max-image-preview:large","max-video-preview":"max-video-preview:-1"},"canonical":"https:\/\/www.grandhyamshotel.com\/vi\/wellness\/","og_locale":"vi_VN","og_type":"article","og_title":"S\u1ee9c Kh\u1ecfe - Grand Hyams Hotel","og_description":"Hy-Halona Spa \u2013 T\u00e1i T\u1ea1o N\u0103ng L\u01b0\u1ee3ng &amp; Kh\u00e1m Ph\u00e1 B\u1ea3n Th\u00e2n \u0110\u1eafm m\u00ecnh trong kh\u00f4ng gian tr\u1ecb li\u1ec7u \u0111\u1eb3ng c\u1ea5p 5 sao gi\u1eefa l\u00f2ng th\u00e0nh ph\u1ed1 bi\u1ec3n. T\u1ecda l\u1ea1c t\u1ea1i t\u1ea7ng 3 c\u1ee7a Grand Hyams Hotel, Hy-Halona Spa mang \u0111\u1ebfn m\u1ed9t kh\u00e1i ni\u1ec7m ngh\u1ec9 d\u01b0\u1ee1ng ho\u00e0n to\u00e0n kh\u00e1c bi\u1ec7t. \u0110\u00e2y kh\u00f4ng ch\u1ec9 l\u00e0 n\u01a1i [&hellip;]","og_url":"https:\/\/www.grandhyamshotel.com\/vi\/wellness\/","og_site_name":"Grand Hyams Hotel","article_modified_time":"2026-03-14T04:23:38+00:00","og_image":[{"width":2200,"height":1467,"url":"https:\/\/www.grandhyamshotel.com\/wp-content\/uploads\/sites\/264\/2023\/07\/Copy-of-SKD_1988.jpg","type":"image\/jpeg"}],"twitter_card":"summary_large_image","twitter_misc":{"Est. reading time":"2 minutes"},"schema":{"@context":"https:\/\/schema.org","@graph":[{"@type":"WebPage","@id":"https:\/\/www.grandhyamshotel.com\/vi\/wellness\/","url":"https:\/\/www.grandhyamshotel.com\/vi\/wellness\/","name":"S\u1ee9c Kh\u1ecfe - Grand Hyams Hotel","isPartOf":{"@id":"https:\/\/www.grandhyamshotel.com\/vi\/#website"},"primaryImageOfPage":{"@id":"https:\/\/www.grandhyamshotel.com\/vi\/wellness\/#primaryimage"},"image":{"@id":"https:\/\/www.grandhyamshotel.com\/vi\/wellness\/#primaryimage"},"thumbnailUrl":"https:\/\/www.grandhyamshotel.com\/wp-content\/uploads\/sites\/264\/2023\/07\/Copy-of-SKD_1988.jpg","datePublished":"2022-11-02T07:42:00+00:00","dateModified":"2026-03-14T04:23:38+00:00","breadcrumb":{"@id":"https:\/\/www.grandhyamshotel.com\/vi\/wellness\/#breadcrumb"},"inLanguage":"vi-VN","potentialAction":[{"@type":"ReadAction","target":["https:\/\/www.grandhyamshotel.com\/vi\/wellness\/"]}]},{"@type":"ImageObject","inLanguage":"vi-VN","@id":"https:\/\/www.grandhyamshotel.com\/vi\/wellness\/#primaryimage","url":"https:\/\/www.grandhyamshotel.com\/wp-content\/uploads\/sites\/264\/2023\/07\/Copy-of-SKD_1988.jpg","contentUrl":"https:\/\/www.grandhyamshotel.com\/wp-content\/uploads\/sites\/264\/2023\/07\/Copy-of-SKD_1988.jpg","width":2200,"height":1467},{"@type":"BreadcrumbList","@id":"https:\/\/www.grandhyamshotel.com\/vi\/wellness\/#breadcrumb","itemListElement":[{"@type":"ListItem","position":1,"name":"Home","item":"https:\/\/www.grandhyamshotel.com\/vi\/"},{"@type":"ListItem","position":2,"name":"S\u1ee9c Kh\u1ecfe"}]},{"@type":"WebSite","@id":"https:\/\/www.grandhyamshotel.com\/vi\/#website","url":"https:\/\/www.grandhyamshotel.com\/vi\/","name":"Grand Hyams Hotel","description":"","potentialAction":[{"@type":"SearchAction","target":{"@type":"EntryPoint","urlTemplate":"https:\/\/www.grandhyamshotel.com\/vi\/?s={search_term_string}"},"query-input":"required name=search_term_string"}],"inLanguage":"vi-VN"}]}},"_links":{"self":[{"href":"https:\/\/www.grandhyamshotel.com\/vi\/wp-json\/wp\/v2\/pages\/332"}],"collection":[{"href":"https:\/\/www.grandhyamshotel.com\/vi\/wp-json\/wp\/v2\/pages"}],"about":[{"href":"https:\/\/www.grandhyamshotel.com\/vi\/wp-json\/wp\/v2\/types\/page"}],"author":[{"embeddable":true,"href":"https:\/\/www.grandhyamshotel.com\/vi\/wp-json\/wp\/v2\/users\/368"}],"replies":[{"embeddable":true,"href":"https:\/\/www.grandhyamshotel.com\/vi\/wp-json\/wp\/v2\/comments?post=332"}],"version-history":[{"count":2,"href":"https:\/\/www.grandhyamshotel.com\/vi\/wp-json\/wp\/v2\/pages\/332\/revisions"}],"predecessor-version":[{"id":4269,"href":"https:\/\/www.grandhyamshotel.com\/vi\/wp-json\/wp\/v2\/pages\/332\/revisions\/4269"}],"wp:featuredmedia":[{"embeddable":true,"href":"https:\/\/www.grandhyamshotel.com\/vi\/wp-json\/wp\/v2\/media\/1912"}],"wp:attachment":[{"href":"https:\/\/www.grandhyamshotel.com\/vi\/wp-json\/wp\/v2\/media?parent=332"}],"curies":[{"name":"wp","href":"https:\/\/api.w.org\/{rel}","templated":true}]}}