{"id":334,"date":"2022-11-02T07:52:14","date_gmt":"2022-11-02T07:52:14","guid":{"rendered":"https:\/\/www.grandhyamshotel.com\/wellness\/hy-halona-fitness\/"},"modified":"2023-05-13T04:18:44","modified_gmt":"2023-05-13T04:18:44","slug":"hy-halona-fitness","status":"publish","type":"page","link":"https:\/\/www.grandhyamshotel.com\/vi\/wellness\/hy-halona-fitness\/","title":{"rendered":"Ph\u00f2ng Gym Hy-Halona"},"content":{"rendered":"<p><span data-sheets-value=\"{&quot;1&quot;:2,&quot;2&quot;:&quot;Ph\u00f2ng t\u1eadp th\u1ec3 h\u00ecnh v\u1edbi h\u1ec7 th\u1ed1ng m\u00e1y m\u00f3c t\u1ed1i t\u00e2n gi\u00fap du kh\u00e1ch c\u00f3 th\u1ec3 ch\u0103m s\u00f3c th\u1ec3 ch\u1ea5t v\u00e0 n\u0103ng \u0111\u1ed9ng trong su\u1ed1t chuy\u1ebfn \u0111i.&quot;}\" data-sheets-userformat=\"{&quot;2&quot;:4993,&quot;3&quot;:{&quot;1&quot;:0},&quot;10&quot;:1,&quot;11&quot;:4,&quot;12&quot;:0,&quot;15&quot;:&quot;Montserrat&quot;}\">Ph\u00f2ng t\u1eadp th\u1ec3 h\u00ecnh v\u1edbi h\u1ec7 th\u1ed1ng m\u00e1y m\u00f3c t\u1ed1i t\u00e2n gi\u00fap du kh\u00e1ch c\u00f3 th\u1ec3 ch\u0103m s\u00f3c th\u1ec3 ch\u1ea5t v\u00e0 n\u0103ng \u0111\u1ed9ng trong su\u1ed1t chuy\u1ebfn \u0111i.<\/span><\/p>\n","protected":false},"excerpt":{"rendered":"<p>Ph\u00f2ng t\u1eadp th\u1ec3 h\u00ecnh v\u1edbi h\u1ec7 th\u1ed1ng m\u00e1y m\u00f3c t\u1ed1i t\u00e2n gi\u00fap du kh\u00e1ch c\u00f3 th\u1ec3 ch\u0103m s\u00f3c th\u1ec3 ch\u1ea5t v\u00e0 n\u0103ng \u0111\u1ed9ng trong su\u1ed1t chuy\u1ebfn \u0111i.<\/p>\n","protected":false},"author":368,"featured_media":1352,"parent":332,"menu_order":1,"comment_status":"closed","ping_status":"closed","template":"template-default-3.php","meta":{"footnotes":""},"acf":[],"yoast_head":"<!-- This site is optimized with the Yoast SEO plugin v22.3 - https:\/\/yoast.com\/wordpress\/plugins\/seo\/ -->\n<title>Ph\u00f2ng Gym Hy-Halona - Grand Hyams Hotel<\/title>\n<meta name=\"robots\" content=\"index, follow, max-snippet:-1, max-image-preview:large, max-video-preview:-1\" \/>\n<link rel=\"canonical\" href=\"https:\/\/www.grandhyamshotel.com\/vi\/wellness\/hy-halona-fitness\/\" \/>\n<meta property=\"og:locale\" content=\"vi_VN\" \/>\n<meta property=\"og:type\" content=\"article\" \/>\n<meta property=\"og:title\" content=\"Ph\u00f2ng Gym Hy-Halona - Grand Hyams Hotel\" \/>\n<meta property=\"og:description\" content=\"Ph\u00f2ng t\u1eadp th\u1ec3 h\u00ecnh v\u1edbi h\u1ec7 th\u1ed1ng m\u00e1y m\u00f3c t\u1ed1i t\u00e2n gi\u00fap du kh\u00e1ch c\u00f3 th\u1ec3 ch\u0103m s\u00f3c th\u1ec3 ch\u1ea5t v\u00e0 n\u0103ng \u0111\u1ed9ng trong su\u1ed1t chuy\u1ebfn \u0111i.\" \/>\n<meta property=\"og:url\" content=\"https:\/\/www.grandhyamshotel.com\/vi\/wellness\/hy-halona-fitness\/\" \/>\n<meta property=\"og:site_name\" content=\"Grand Hyams Hotel\" \/>\n<meta property=\"article:modified_time\" content=\"2023-05-13T04:18:44+00:00\" \/>\n<meta property=\"og:image\" content=\"https:\/\/www.grandhyamshotel.com\/wp-content\/uploads\/sites\/264\/2023\/05\/DSC06177.jpg\" \/>\n\t<meta property=\"og:image:width\" content=\"2200\" \/>\n\t<meta property=\"og:image:height\" content=\"1467\" \/>\n\t<meta property=\"og:image:type\" content=\"image\/jpeg\" \/>\n<meta name=\"twitter:card\" content=\"summary_large_image\" \/>\n<meta name=\"twitter:label1\" content=\"Est. reading time\" \/>\n\t<meta name=\"twitter:data1\" content=\"1 minute\" \/>\n<script type=\"application\/ld+json\" class=\"yoast-schema-graph\">{\"@context\":\"https:\/\/schema.org\",\"@graph\":[{\"@type\":\"WebPage\",\"@id\":\"https:\/\/www.grandhyamshotel.com\/vi\/wellness\/hy-halona-fitness\/\",\"url\":\"https:\/\/www.grandhyamshotel.com\/vi\/wellness\/hy-halona-fitness\/\",\"name\":\"Ph\u00f2ng Gym Hy-Halona - Grand Hyams Hotel\",\"isPartOf\":{\"@id\":\"https:\/\/www.grandhyamshotel.com\/vi\/#website\"},\"primaryImageOfPage\":{\"@id\":\"https:\/\/www.grandhyamshotel.com\/vi\/wellness\/hy-halona-fitness\/#primaryimage\"},\"image\":{\"@id\":\"https:\/\/www.grandhyamshotel.com\/vi\/wellness\/hy-halona-fitness\/#primaryimage\"},\"thumbnailUrl\":\"https:\/\/www.grandhyamshotel.com\/wp-content\/uploads\/sites\/264\/2023\/05\/DSC06177.jpg\",\"datePublished\":\"2022-11-02T07:52:14+00:00\",\"dateModified\":\"2023-05-13T04:18:44+00:00\",\"breadcrumb\":{\"@id\":\"https:\/\/www.grandhyamshotel.com\/vi\/wellness\/hy-halona-fitness\/#breadcrumb\"},\"inLanguage\":\"vi-VN\",\"potentialAction\":[{\"@type\":\"ReadAction\",\"target\":[\"https:\/\/www.grandhyamshotel.com\/vi\/wellness\/hy-halona-fitness\/\"]}]},{\"@type\":\"ImageObject\",\"inLanguage\":\"vi-VN\",\"@id\":\"https:\/\/www.grandhyamshotel.com\/vi\/wellness\/hy-halona-fitness\/#primaryimage\",\"url\":\"https:\/\/www.grandhyamshotel.com\/wp-content\/uploads\/sites\/264\/2023\/05\/DSC06177.jpg\",\"contentUrl\":\"https:\/\/www.grandhyamshotel.com\/wp-content\/uploads\/sites\/264\/2023\/05\/DSC06177.jpg\",\"width\":2200,\"height\":1467},{\"@type\":\"BreadcrumbList\",\"@id\":\"https:\/\/www.grandhyamshotel.com\/vi\/wellness\/hy-halona-fitness\/#breadcrumb\",\"itemListElement\":[{\"@type\":\"ListItem\",\"position\":1,\"name\":\"Home\",\"item\":\"https:\/\/www.grandhyamshotel.com\/vi\/\"},{\"@type\":\"ListItem\",\"position\":2,\"name\":\"S\u1ee9c Kh\u1ecfe\",\"item\":\"https:\/\/www.grandhyamshotel.com\/vi\/wellness\/\"},{\"@type\":\"ListItem\",\"position\":3,\"name\":\"Ph\u00f2ng Gym Hy-Halona\"}]},{\"@type\":\"WebSite\",\"@id\":\"https:\/\/www.grandhyamshotel.com\/vi\/#website\",\"url\":\"https:\/\/www.grandhyamshotel.com\/vi\/\",\"name\":\"Grand Hyams Hotel\",\"description\":\"\",\"potentialAction\":[{\"@type\":\"SearchAction\",\"target\":{\"@type\":\"EntryPoint\",\"urlTemplate\":\"https:\/\/www.grandhyamshotel.com\/vi\/?s={search_term_string}\"},\"query-input\":\"required name=search_term_string\"}],\"inLanguage\":\"vi-VN\"}]}<\/script>\n<!-- \/ Yoast SEO plugin. -->","yoast_head_json":{"title":"Ph\u00f2ng Gym Hy-Halona - Grand Hyams Hotel","robots":{"index":"index","follow":"follow","max-snippet":"max-snippet:-1","max-image-preview":"max-image-preview:large","max-video-preview":"max-video-preview:-1"},"canonical":"https:\/\/www.grandhyamshotel.com\/vi\/wellness\/hy-halona-fitness\/","og_locale":"vi_VN","og_type":"article","og_title":"Ph\u00f2ng Gym Hy-Halona - Grand Hyams Hotel","og_description":"Ph\u00f2ng t\u1eadp th\u1ec3 h\u00ecnh v\u1edbi h\u1ec7 th\u1ed1ng m\u00e1y m\u00f3c t\u1ed1i t\u00e2n gi\u00fap du kh\u00e1ch c\u00f3 th\u1ec3 ch\u0103m s\u00f3c th\u1ec3 ch\u1ea5t v\u00e0 n\u0103ng \u0111\u1ed9ng trong su\u1ed1t chuy\u1ebfn \u0111i.","og_url":"https:\/\/www.grandhyamshotel.com\/vi\/wellness\/hy-halona-fitness\/","og_site_name":"Grand Hyams Hotel","article_modified_time":"2023-05-13T04:18:44+00:00","og_image":[{"width":2200,"height":1467,"url":"https:\/\/www.grandhyamshotel.com\/wp-content\/uploads\/sites\/264\/2023\/05\/DSC06177.jpg","type":"image\/jpeg"}],"twitter_card":"summary_large_image","twitter_misc":{"Est. reading time":"1 minute"},"schema":{"@context":"https:\/\/schema.org","@graph":[{"@type":"WebPage","@id":"https:\/\/www.grandhyamshotel.com\/vi\/wellness\/hy-halona-fitness\/","url":"https:\/\/www.grandhyamshotel.com\/vi\/wellness\/hy-halona-fitness\/","name":"Ph\u00f2ng Gym Hy-Halona - Grand Hyams Hotel","isPartOf":{"@id":"https:\/\/www.grandhyamshotel.com\/vi\/#website"},"primaryImageOfPage":{"@id":"https:\/\/www.grandhyamshotel.com\/vi\/wellness\/hy-halona-fitness\/#primaryimage"},"image":{"@id":"https:\/\/www.grandhyamshotel.com\/vi\/wellness\/hy-halona-fitness\/#primaryimage"},"thumbnailUrl":"https:\/\/www.grandhyamshotel.com\/wp-content\/uploads\/sites\/264\/2023\/05\/DSC06177.jpg","datePublished":"2022-11-02T07:52:14+00:00","dateModified":"2023-05-13T04:18:44+00:00","breadcrumb":{"@id":"https:\/\/www.grandhyamshotel.com\/vi\/wellness\/hy-halona-fitness\/#breadcrumb"},"inLanguage":"vi-VN","potentialAction":[{"@type":"ReadAction","target":["https:\/\/www.grandhyamshotel.com\/vi\/wellness\/hy-halona-fitness\/"]}]},{"@type":"ImageObject","inLanguage":"vi-VN","@id":"https:\/\/www.grandhyamshotel.com\/vi\/wellness\/hy-halona-fitness\/#primaryimage","url":"https:\/\/www.grandhyamshotel.com\/wp-content\/uploads\/sites\/264\/2023\/05\/DSC06177.jpg","contentUrl":"https:\/\/www.grandhyamshotel.com\/wp-content\/uploads\/sites\/264\/2023\/05\/DSC06177.jpg","width":2200,"height":1467},{"@type":"BreadcrumbList","@id":"https:\/\/www.grandhyamshotel.com\/vi\/wellness\/hy-halona-fitness\/#breadcrumb","itemListElement":[{"@type":"ListItem","position":1,"name":"Home","item":"https:\/\/www.grandhyamshotel.com\/vi\/"},{"@type":"ListItem","position":2,"name":"S\u1ee9c Kh\u1ecfe","item":"https:\/\/www.grandhyamshotel.com\/vi\/wellness\/"},{"@type":"ListItem","position":3,"name":"Ph\u00f2ng Gym Hy-Halona"}]},{"@type":"WebSite","@id":"https:\/\/www.grandhyamshotel.com\/vi\/#website","url":"https:\/\/www.grandhyamshotel.com\/vi\/","name":"Grand Hyams Hotel","description":"","potentialAction":[{"@type":"SearchAction","target":{"@type":"EntryPoint","urlTemplate":"https:\/\/www.grandhyamshotel.com\/vi\/?s={search_term_string}"},"query-input":"required name=search_term_string"}],"inLanguage":"vi-VN"}]}},"_links":{"self":[{"href":"https:\/\/www.grandhyamshotel.com\/vi\/wp-json\/wp\/v2\/pages\/334"}],"collection":[{"href":"https:\/\/www.grandhyamshotel.com\/vi\/wp-json\/wp\/v2\/pages"}],"about":[{"href":"https:\/\/www.grandhyamshotel.com\/vi\/wp-json\/wp\/v2\/types\/page"}],"author":[{"embeddable":true,"href":"https:\/\/www.grandhyamshotel.com\/vi\/wp-json\/wp\/v2\/users\/368"}],"replies":[{"embeddable":true,"href":"https:\/\/www.grandhyamshotel.com\/vi\/wp-json\/wp\/v2\/comments?post=334"}],"version-history":[{"count":0,"href":"https:\/\/www.grandhyamshotel.com\/vi\/wp-json\/wp\/v2\/pages\/334\/revisions"}],"up":[{"embeddable":true,"href":"https:\/\/www.grandhyamshotel.com\/vi\/wp-json\/wp\/v2\/pages\/332"}],"wp:featuredmedia":[{"embeddable":true,"href":"https:\/\/www.grandhyamshotel.com\/vi\/wp-json\/wp\/v2\/media\/1352"}],"wp:attachment":[{"href":"https:\/\/www.grandhyamshotel.com\/vi\/wp-json\/wp\/v2\/media?parent=334"}],"curies":[{"name":"wp","href":"https:\/\/api.w.org\/{rel}","templated":true}]}}