{"id":335,"date":"2022-11-02T07:53:23","date_gmt":"2022-11-02T07:53:23","guid":{"rendered":"https:\/\/www.grandhyamshotel.com\/wellness\/hy-harmony-pool\/"},"modified":"2023-12-15T03:39:18","modified_gmt":"2023-12-15T03:39:18","slug":"hy-harmony-pool","status":"publish","type":"page","link":"https:\/\/www.grandhyamshotel.com\/vi\/wellness\/hy-harmony-pool\/","title":{"rendered":"H\u1ed3 B\u01a1i Hy- Harmony"},"content":{"rendered":"<p>N\u0103\u0300m ta\u0323i t\u00e2\u0300ng 3, h\u00f4\u0300 bo\u031bi Hy-Harmony v\u00f4 c\u1ef1c s\u1edf h\u1eefu t\u00e2\u0300m nhi\u0300n hu\u031b\u01a1\u0301ng bi\u00ea\u0309n tro\u0323n ve\u0323n, mang \u0111\u00ea\u0301n cho quy\u0301 kha\u0301ch m\u1ecd\u0302t ca\u0301i nhi\u0300n toa\u0300n ca\u0309nh Quy Nho\u031bn tuy\u1eb9\u0302t v\u01a1\u0300i cu\u0300ng v\u01a1\u0301i kho\u0302ng gian \u0111\u00e2\u0300y n\u0103\u0301ng gio\u0301 khi h\u00f2a m\u00ecnh v\u00e0o d\u00f2ng n\u01b0\u1edbc xanh trong m\u00e1t r\u01b0\u1ee3i.<\/p>\n","protected":false},"excerpt":{"rendered":"<p>N\u0103\u0300m ta\u0323i t\u00e2\u0300ng 3, h\u00f4\u0300 bo\u031bi Hy-Harmony v\u00f4 c\u1ef1c s\u1edf h\u1eefu t\u00e2\u0300m nhi\u0300n hu\u031b\u01a1\u0301ng bi\u00ea\u0309n tro\u0323n ve\u0323n, mang \u0111\u00ea\u0301n cho quy\u0301 kha\u0301ch m\u1ecd\u0302t ca\u0301i nhi\u0300n toa\u0300n ca\u0309nh Quy Nho\u031bn tuy\u1eb9\u0302t v\u01a1\u0300i cu\u0300ng v\u01a1\u0301i kho\u0302ng gian \u0111\u00e2\u0300y n\u0103\u0301ng gio\u0301 khi h\u00f2a m\u00ecnh v\u00e0o d\u00f2ng n\u01b0\u1edbc xanh trong m\u00e1t r\u01b0\u1ee3i.<\/p>\n","protected":false},"author":368,"featured_media":2130,"parent":332,"menu_order":2,"comment_status":"closed","ping_status":"closed","template":"template-default-3.php","meta":{"footnotes":""},"acf":[],"yoast_head":"<!-- This site is optimized with the Yoast SEO plugin v22.3 - https:\/\/yoast.com\/wordpress\/plugins\/seo\/ -->\n<title>H\u1ed3 B\u01a1i Hy- Harmony - Grand Hyams Hotel<\/title>\n<meta name=\"robots\" content=\"index, follow, max-snippet:-1, max-image-preview:large, max-video-preview:-1\" \/>\n<link rel=\"canonical\" href=\"https:\/\/www.grandhyamshotel.com\/vi\/wellness\/hy-harmony-pool\/\" \/>\n<meta property=\"og:locale\" content=\"vi_VN\" \/>\n<meta property=\"og:type\" content=\"article\" \/>\n<meta property=\"og:title\" content=\"H\u1ed3 B\u01a1i Hy- Harmony - Grand Hyams Hotel\" \/>\n<meta property=\"og:description\" content=\"N\u0103\u0300m ta\u0323i t\u00e2\u0300ng 3, h\u00f4\u0300 bo\u031bi Hy-Harmony v\u00f4 c\u1ef1c s\u1edf h\u1eefu t\u00e2\u0300m nhi\u0300n hu\u031b\u01a1\u0301ng bi\u00ea\u0309n tro\u0323n ve\u0323n, mang \u0111\u00ea\u0301n cho quy\u0301 kha\u0301ch m\u1ecd\u0302t ca\u0301i nhi\u0300n toa\u0300n ca\u0309nh Quy Nho\u031bn tuy\u1eb9\u0302t v\u01a1\u0300i cu\u0300ng v\u01a1\u0301i kho\u0302ng gian \u0111\u00e2\u0300y n\u0103\u0301ng gio\u0301 khi h\u00f2a m\u00ecnh v\u00e0o d\u00f2ng n\u01b0\u1edbc xanh trong m\u00e1t r\u01b0\u1ee3i.\" \/>\n<meta property=\"og:url\" content=\"https:\/\/www.grandhyamshotel.com\/vi\/wellness\/hy-harmony-pool\/\" \/>\n<meta property=\"og:site_name\" content=\"Grand Hyams Hotel\" \/>\n<meta property=\"article:modified_time\" content=\"2023-12-15T03:39:18+00:00\" \/>\n<meta property=\"og:image\" content=\"https:\/\/www.grandhyamshotel.com\/wp-content\/uploads\/sites\/264\/2023\/12\/IMG_1183.jpg\" \/>\n\t<meta property=\"og:image:width\" content=\"2200\" \/>\n\t<meta property=\"og:image:height\" content=\"1467\" \/>\n\t<meta property=\"og:image:type\" content=\"image\/jpeg\" \/>\n<meta name=\"twitter:card\" content=\"summary_large_image\" \/>\n<meta name=\"twitter:label1\" content=\"Est. reading time\" \/>\n\t<meta name=\"twitter:data1\" content=\"1 minute\" \/>\n<script type=\"application\/ld+json\" class=\"yoast-schema-graph\">{\"@context\":\"https:\/\/schema.org\",\"@graph\":[{\"@type\":\"WebPage\",\"@id\":\"https:\/\/www.grandhyamshotel.com\/vi\/wellness\/hy-harmony-pool\/\",\"url\":\"https:\/\/www.grandhyamshotel.com\/vi\/wellness\/hy-harmony-pool\/\",\"name\":\"H\u1ed3 B\u01a1i Hy- Harmony - Grand Hyams Hotel\",\"isPartOf\":{\"@id\":\"https:\/\/www.grandhyamshotel.com\/vi\/#website\"},\"primaryImageOfPage\":{\"@id\":\"https:\/\/www.grandhyamshotel.com\/vi\/wellness\/hy-harmony-pool\/#primaryimage\"},\"image\":{\"@id\":\"https:\/\/www.grandhyamshotel.com\/vi\/wellness\/hy-harmony-pool\/#primaryimage\"},\"thumbnailUrl\":\"https:\/\/www.grandhyamshotel.com\/wp-content\/uploads\/sites\/264\/2023\/12\/IMG_1183.jpg\",\"datePublished\":\"2022-11-02T07:53:23+00:00\",\"dateModified\":\"2023-12-15T03:39:18+00:00\",\"breadcrumb\":{\"@id\":\"https:\/\/www.grandhyamshotel.com\/vi\/wellness\/hy-harmony-pool\/#breadcrumb\"},\"inLanguage\":\"vi-VN\",\"potentialAction\":[{\"@type\":\"ReadAction\",\"target\":[\"https:\/\/www.grandhyamshotel.com\/vi\/wellness\/hy-harmony-pool\/\"]}]},{\"@type\":\"ImageObject\",\"inLanguage\":\"vi-VN\",\"@id\":\"https:\/\/www.grandhyamshotel.com\/vi\/wellness\/hy-harmony-pool\/#primaryimage\",\"url\":\"https:\/\/www.grandhyamshotel.com\/wp-content\/uploads\/sites\/264\/2023\/12\/IMG_1183.jpg\",\"contentUrl\":\"https:\/\/www.grandhyamshotel.com\/wp-content\/uploads\/sites\/264\/2023\/12\/IMG_1183.jpg\",\"width\":2200,\"height\":1467},{\"@type\":\"BreadcrumbList\",\"@id\":\"https:\/\/www.grandhyamshotel.com\/vi\/wellness\/hy-harmony-pool\/#breadcrumb\",\"itemListElement\":[{\"@type\":\"ListItem\",\"position\":1,\"name\":\"Home\",\"item\":\"https:\/\/www.grandhyamshotel.com\/vi\/\"},{\"@type\":\"ListItem\",\"position\":2,\"name\":\"S\u1ee9c Kh\u1ecfe\",\"item\":\"https:\/\/www.grandhyamshotel.com\/vi\/wellness\/\"},{\"@type\":\"ListItem\",\"position\":3,\"name\":\"H\u1ed3 B\u01a1i Hy- Harmony\"}]},{\"@type\":\"WebSite\",\"@id\":\"https:\/\/www.grandhyamshotel.com\/vi\/#website\",\"url\":\"https:\/\/www.grandhyamshotel.com\/vi\/\",\"name\":\"Grand Hyams Hotel\",\"description\":\"\",\"potentialAction\":[{\"@type\":\"SearchAction\",\"target\":{\"@type\":\"EntryPoint\",\"urlTemplate\":\"https:\/\/www.grandhyamshotel.com\/vi\/?s={search_term_string}\"},\"query-input\":\"required name=search_term_string\"}],\"inLanguage\":\"vi-VN\"}]}<\/script>\n<!-- \/ Yoast SEO plugin. -->","yoast_head_json":{"title":"H\u1ed3 B\u01a1i Hy- Harmony - Grand Hyams Hotel","robots":{"index":"index","follow":"follow","max-snippet":"max-snippet:-1","max-image-preview":"max-image-preview:large","max-video-preview":"max-video-preview:-1"},"canonical":"https:\/\/www.grandhyamshotel.com\/vi\/wellness\/hy-harmony-pool\/","og_locale":"vi_VN","og_type":"article","og_title":"H\u1ed3 B\u01a1i Hy- Harmony - Grand Hyams Hotel","og_description":"N\u0103\u0300m ta\u0323i t\u00e2\u0300ng 3, h\u00f4\u0300 bo\u031bi Hy-Harmony v\u00f4 c\u1ef1c s\u1edf h\u1eefu t\u00e2\u0300m nhi\u0300n hu\u031b\u01a1\u0301ng bi\u00ea\u0309n tro\u0323n ve\u0323n, mang \u0111\u00ea\u0301n cho quy\u0301 kha\u0301ch m\u1ecd\u0302t ca\u0301i nhi\u0300n toa\u0300n ca\u0309nh Quy Nho\u031bn tuy\u1eb9\u0302t v\u01a1\u0300i cu\u0300ng v\u01a1\u0301i kho\u0302ng gian \u0111\u00e2\u0300y n\u0103\u0301ng gio\u0301 khi h\u00f2a m\u00ecnh v\u00e0o d\u00f2ng n\u01b0\u1edbc xanh trong m\u00e1t r\u01b0\u1ee3i.","og_url":"https:\/\/www.grandhyamshotel.com\/vi\/wellness\/hy-harmony-pool\/","og_site_name":"Grand Hyams Hotel","article_modified_time":"2023-12-15T03:39:18+00:00","og_image":[{"width":2200,"height":1467,"url":"https:\/\/www.grandhyamshotel.com\/wp-content\/uploads\/sites\/264\/2023\/12\/IMG_1183.jpg","type":"image\/jpeg"}],"twitter_card":"summary_large_image","twitter_misc":{"Est. reading time":"1 minute"},"schema":{"@context":"https:\/\/schema.org","@graph":[{"@type":"WebPage","@id":"https:\/\/www.grandhyamshotel.com\/vi\/wellness\/hy-harmony-pool\/","url":"https:\/\/www.grandhyamshotel.com\/vi\/wellness\/hy-harmony-pool\/","name":"H\u1ed3 B\u01a1i Hy- Harmony - Grand Hyams Hotel","isPartOf":{"@id":"https:\/\/www.grandhyamshotel.com\/vi\/#website"},"primaryImageOfPage":{"@id":"https:\/\/www.grandhyamshotel.com\/vi\/wellness\/hy-harmony-pool\/#primaryimage"},"image":{"@id":"https:\/\/www.grandhyamshotel.com\/vi\/wellness\/hy-harmony-pool\/#primaryimage"},"thumbnailUrl":"https:\/\/www.grandhyamshotel.com\/wp-content\/uploads\/sites\/264\/2023\/12\/IMG_1183.jpg","datePublished":"2022-11-02T07:53:23+00:00","dateModified":"2023-12-15T03:39:18+00:00","breadcrumb":{"@id":"https:\/\/www.grandhyamshotel.com\/vi\/wellness\/hy-harmony-pool\/#breadcrumb"},"inLanguage":"vi-VN","potentialAction":[{"@type":"ReadAction","target":["https:\/\/www.grandhyamshotel.com\/vi\/wellness\/hy-harmony-pool\/"]}]},{"@type":"ImageObject","inLanguage":"vi-VN","@id":"https:\/\/www.grandhyamshotel.com\/vi\/wellness\/hy-harmony-pool\/#primaryimage","url":"https:\/\/www.grandhyamshotel.com\/wp-content\/uploads\/sites\/264\/2023\/12\/IMG_1183.jpg","contentUrl":"https:\/\/www.grandhyamshotel.com\/wp-content\/uploads\/sites\/264\/2023\/12\/IMG_1183.jpg","width":2200,"height":1467},{"@type":"BreadcrumbList","@id":"https:\/\/www.grandhyamshotel.com\/vi\/wellness\/hy-harmony-pool\/#breadcrumb","itemListElement":[{"@type":"ListItem","position":1,"name":"Home","item":"https:\/\/www.grandhyamshotel.com\/vi\/"},{"@type":"ListItem","position":2,"name":"S\u1ee9c Kh\u1ecfe","item":"https:\/\/www.grandhyamshotel.com\/vi\/wellness\/"},{"@type":"ListItem","position":3,"name":"H\u1ed3 B\u01a1i Hy- Harmony"}]},{"@type":"WebSite","@id":"https:\/\/www.grandhyamshotel.com\/vi\/#website","url":"https:\/\/www.grandhyamshotel.com\/vi\/","name":"Grand Hyams Hotel","description":"","potentialAction":[{"@type":"SearchAction","target":{"@type":"EntryPoint","urlTemplate":"https:\/\/www.grandhyamshotel.com\/vi\/?s={search_term_string}"},"query-input":"required name=search_term_string"}],"inLanguage":"vi-VN"}]}},"_links":{"self":[{"href":"https:\/\/www.grandhyamshotel.com\/vi\/wp-json\/wp\/v2\/pages\/335"}],"collection":[{"href":"https:\/\/www.grandhyamshotel.com\/vi\/wp-json\/wp\/v2\/pages"}],"about":[{"href":"https:\/\/www.grandhyamshotel.com\/vi\/wp-json\/wp\/v2\/types\/page"}],"author":[{"embeddable":true,"href":"https:\/\/www.grandhyamshotel.com\/vi\/wp-json\/wp\/v2\/users\/368"}],"replies":[{"embeddable":true,"href":"https:\/\/www.grandhyamshotel.com\/vi\/wp-json\/wp\/v2\/comments?post=335"}],"version-history":[{"count":0,"href":"https:\/\/www.grandhyamshotel.com\/vi\/wp-json\/wp\/v2\/pages\/335\/revisions"}],"up":[{"embeddable":true,"href":"https:\/\/www.grandhyamshotel.com\/vi\/wp-json\/wp\/v2\/pages\/332"}],"wp:featuredmedia":[{"embeddable":true,"href":"https:\/\/www.grandhyamshotel.com\/vi\/wp-json\/wp\/v2\/media\/2130"}],"wp:attachment":[{"href":"https:\/\/www.grandhyamshotel.com\/vi\/wp-json\/wp\/v2\/media?parent=335"}],"curies":[{"name":"wp","href":"https:\/\/api.w.org\/{rel}","templated":true}]}}