{"id":350,"date":"2022-11-02T08:15:34","date_gmt":"2022-11-02T08:15:34","guid":{"rendered":"https:\/\/www.grandhyamshotel.com\/legal-notice\/"},"modified":"2023-03-10T06:10:42","modified_gmt":"2023-03-10T06:10:42","slug":"terms-policy","status":"publish","type":"page","link":"https:\/\/www.grandhyamshotel.com\/vi\/terms-policy\/","title":{"rendered":"\u0110i\u1ec1u kho\u1ea3n d\u1ecbch v\u1ee5"},"content":{"rendered":"<p><strong>Quy \u0111\u1ecbnh chung<\/strong><\/p>\n<p>Kh\u00f4ng \u0111\u01b0\u1ee3c ph\u00e9p mang th\u00fa nu\u00f4i v\u00e0o khu v\u1ef1c Kh\u00e1ch s\u1ea1n.<\/p>\n<p>H\u00fat thu\u1ed1c ch\u1ec9 \u0111\u01b0\u1ee3c cho ph\u00e9p t\u1ea1i khu v\u1ef1c cho ph\u00e9p h\u00fat thu\u1ed1c v\u00e0\/ho\u1eb7c \u1edf b\u00ean ngo\u00e0i ban c\u00f4ng (sau khi \u0111\u00f3ng k\u00edn c\u1eeda ban c\u00f4ng). Ph\u1ee5 ph\u00ed Qu\u00fd kh\u00e1ch s\u1ebd ph\u1ea3i thanh to\u00e1n n\u1ebfu c\u00f3 m\u00f9i thu\u1ed1c l\u00e1 trong ph\u00f2ng l\u00e0 VND 5,000,000.<\/p>\n<p>Vui l\u00f2ng h\u00e0nh x\u1eed v\u0103n minh t\u1ea1i n\u01a1i c\u00f4ng c\u1ed9ng: t\u00f4n tr\u1ecdng th\u1ee9 t\u1ef1 kh\u00e1ch \u0111\u1ebfn tr\u01b0\u1edbc \u0111\u1ebfn sau, \u01b0u ti\u00ean ph\u1ee5 n\u1eef mang thai, ng\u01b0\u1eddi khuy\u1ebft t\u1eadt, ng\u01b0\u1eddi l\u1edbn tu\u1ed5i, kh\u00f4ng g\u00e2y m\u1ea5t tr\u1eadt t\u1ef1, kh\u00f4ng c\u1eed x\u1eed thi\u1ebfu v\u0103n h\u00f3a t\u1ea1i n\u01a1i c\u00f4ng c\u1ed9ng, qu\u1ea3n l\u00fd tr\u1ebb em t\u1ea1i nh\u1eefng n\u01a1i c\u00f4ng c\u1ed9ng.<\/p>\n<p>Vui l\u00f2ng g\u1eedi l\u1ea1i ch\u00eca kh\u00f3a\/ th\u1ebb t\u1eeb cho nh\u00e2n vi\u00ean L\u1ec5 t\u00e2n khi l\u00e0m th\u1ee7 t\u1ee5c tr\u1ea3 ph\u00f2ng.<\/p>\n<p>Vui l\u00f2ng c\u1ea5t gi\u1eef nh\u1eefng v\u1eadt d\u1ee5ng c\u00f3 gi\u00e1 tr\u1ecb trong k\u00e9t an to\u00e0n t\u1ea1i ph\u00f2ng ho\u1eb7c g\u1eedi t\u1ea1i s\u1ea3nh L\u1ec5 t\u00e2n. Kh\u00e1ch s\u1ea1n kh\u00f4ng c\u00f3 tr\u00e1ch nhi\u1ec7m ph\u00e1p l\u00fd \u0111\u1ed1i v\u1edbi nh\u1eefng m\u1ea5t m\u00e1t hay h\u01b0 h\u1ea1i v\u1ec1 t\u00e0i s\u1ea3n c\u00e1 nh\u00e2n c\u1ee7a Qu\u00fd kh\u00e1ch trong tr\u01b0\u1eddng h\u1ee3p Qu\u00fd kh\u00e1ch kh\u00f4ng th\u1ef1c hi\u1ec7n theo quy \u0111\u1ecbnh.<\/p>\n<p>Kh\u00f4ng \u0111\u01b0\u1ee3c ph\u00e9p mang b\u1ea5t k\u1ef3 lo\u1ea1i v\u0169 kh\u00ed, h\u00f3a ch\u1ea5t, ch\u1ea5t k\u00edch th\u00edch hay ch\u1ea5t g\u00e2y ch\u00e1y n\u1ed5 v\u00e0o khu v\u1ef1c Kh\u00e1ch s\u1ea1n trong b\u1ea5t k\u00ec th\u1eddi \u0111i\u1ec3m n\u00e0o<\/p>\n<p>Nghi\u00eam c\u1ea5m c\u00e1c ho\u1ea1t \u0111\u1ed9ng vi ph\u1ea1m ph\u00e1p lu\u1eadt trong Kh\u00e1ch s\u1ea1n nh\u01b0 \u0111\u00e1nh b\u1ea1c, m\u1ea1i d\u00e2m hay s\u1eed d\u1ee5ng ch\u1ea5t k\u00edch th\u00edch.<\/p>\n<p>Trong tr\u01b0\u1eddng h\u1ee3p Qu\u00fd kh\u00e1ch c\u00f3 ng\u01b0\u1eddi ngo\u00e0i \u0111\u1ebfn th\u0103m, vui l\u00f2ng th\u00f4ng b\u00e1o, xu\u1ea5t tr\u00ecnh gi\u1ea5y t\u1edd t\u00f9y th\u00e2n c\u1ee7a ng\u01b0\u1eddi \u0111i c\u00f9ng v\u1edbi L\u1ec5 t\u00e2n v\u00e0 tu\u00e2n th\u1ee7 quy \u0111\u1ecbnh vi\u1ebfng th\u0103m c\u1ee7a Kh\u00e1ch s\u1ea1n. N\u1ebfu Qu\u00fd kh\u00e1ch mu\u1ed1n m\u1eddi kh\u00e1ch \u1edf l\u1ea1i qua \u0111\u00eam, vui l\u00f2ng li\u00ean h\u1ec7 v\u00e0 \u0111\u0103ng k\u00fd v\u1edbi L\u1ec5 t\u00e2n Kh\u00e1ch s\u1ea1n \u0111\u1ec3 tr\u1ea3 ph\u00ed l\u01b0u tr\u00fa.<\/p>\n<p><strong>Quy \u0111\u1ecbnh \u0111\u1eb7t ph\u00f2ng<\/strong><\/p>\n<p>Gi\u00e1 ph\u00f2ng \u0111\u01b0\u1ee3c t\u00ednh b\u1eb1ng Vi\u1ec7t Nam \u0111\u1ed3ng v\u00e0 ch\u1ecbu ph\u00ed ph\u1ee5c v\u1ee5 &amp; thu\u1ebf hi\u1ec7n h\u00e0nh, bao g\u1ed3m \u0103n s\u00e1ng cho kh\u00e1ch theo ti\u00eau chu\u1ea9n trong ph\u00f2ng.<\/p>\n<p>Thanh to\u00e1n \u0111\u01b0\u1ee3c th\u1ef1c hi\u1ec7n b\u1eb1ng Vi\u1ec7t Nam \u0111\u1ed3ng (VND). Kh\u00e1ch s\u1ea1n ch\u1ea5p nh\u1eadn c\u00e1c h\u00ecnh th\u1ee9c thanh to\u00e1n b\u1eb1ng ti\u1ec1n m\u1eb7t, th\u1ebb credit ho\u1eb7c chuy\u1ec3n kho\u1ea3n ng\u00e2n h\u00e0ng.<\/p>\n<p>\u0110\u1eb7t ph\u00f2ng kh\u00f4ng \u0111\u01b0\u1ee3c t\u00ednh l\u00e0 \u0111\u00e3 x\u00e1c nh\u1eadn cho \u0111\u1ebfn khi Qu\u00fd kh\u00e1ch nh\u1eadn \u0111\u01b0\u1ee3c x\u00e1c nh\u1eadn \u0111\u1eb7t ph\u00f2ng b\u1eb1ng v\u0103n b\u1ea3n t\u1eeb Kh\u00e1ch s\u1ea1n. Ki\u1ec3m tra t\u00ecnh tr\u1ea1ng ph\u00f2ng qua \u0111i\u1ec7n tho\u1ea1i ho\u1eb7c tin nh\u1eafn kh\u00f4ng \u0111\u01b0\u1ee3c t\u00ednh l\u00e0 th\u1ecfa thu\u1eadn \u0111\u1eb7t ph\u00f2ng.<\/p>\n<p>C\u00e1c y\u00eau c\u1ea7u v\u1ec1 ph\u00f2ng (lo\u1ea1i gi\u01b0\u1eddng, kh\u00f4ng h\u00fat thu\u1ed1c, \u2026) c\u00f3 th\u1ec3 y\u00eau c\u1ea7u r\u00f5 trong \u0111\u01a1n \u0111\u1eb7t ph\u00f2ng. Tuy nhi\u00ean, s\u1eafp x\u1ebfp t\u00f9y thu\u1ed9c v\u00e0o t\u00ecnh tr\u1ea1ng ph\u00f2ng c\u1ee7a kh\u00e1ch s\u1ea1n v\u00e0 \u0111\u01b0\u1ee3c x\u00e1c nh\u1eadn b\u1edfi b\u1ed9 ph\u1eadn \u0111\u1eb7t ph\u00f2ng.<\/p>\n<p>C\u00e1c chi ph\u00ed kh\u00e1c v\u00e0 c\u00e1c d\u1ecbch v\u1ee5 ph\u00e1t sinh Qu\u00fd kh\u00e1ch y\u00eau c\u1ea7u trong qu\u00e1 tr\u00ecnh l\u01b0u tr\u00fa t\u1ea1i kh\u00e1ch s\u1ea1n ph\u1ea3i \u0111\u01b0\u1ee3c thanh to\u00e1n tr\u1ef1c ti\u1ebfp b\u1edfi Kh\u00e1ch h\u00e0ng l\u00fac tr\u1ea3 ph\u00f2ng.<\/p>\n<p>\u0110\u1ed1i v\u1edbi c\u00e1c \u0111\u1eb7t ph\u00f2ng cho \u0111o\u00e0n t\u1eeb 10 ph\u00f2ng tr\u1edf l\u00ean, vui l\u00f2ng li\u00ean h\u1ec7 ph\u00f2ng Kinh doanh qua \u0111\u1ecba ch\u1ec9 email\u00a0<a href=\"mailto:info@grandhyamshotel.com\"><u>info@grandhyamshotel.com<\/u><\/a> ho\u1eb7c\u00a0<a href=\"mailto:asm@grandhyamshotel.com\"><u>asm@grandhyamshotel.com<\/u><\/a>\u00a0\u0111\u1ec3 t\u1ed5 ch\u1ee9c c\u00e1c s\u1ef1 ki\u1ec7n, ti\u1ec7c c\u01b0\u1edbi, h\u1ed9i h\u1ecdp v\u00e0 h\u1ed9i ngh\u1ecb.<\/p>\n<p><strong>Quy \u0111\u1ecbnh v\u1ec1 Nh\u1eadn v\u00e0 Tr\u1ea3 ph\u00f2ng<\/strong><\/p>\n<p>Gi\u1edd nh\u1eadn ph\u00f2ng: t\u1eeb 14h00. Nh\u1eadn ph\u00f2ng s\u1edbm c\u00f3 th\u1ec3 \u0111\u01b0\u1ee3c s\u1eafp x\u1ebfp n\u1ebfu Kh\u00e1ch s\u1ea1n c\u00f3 s\u1eb5n ph\u00f2ng. Kh\u00e1ch s\u1ea1n s\u1ebd t\u00ednh ph\u1ee5 ph\u00ed n\u1ebfu Qu\u00fd kh\u00e1ch mu\u1ed1n nh\u1eadn ph\u00f2ng tr\u01b0\u1edbc 14h00.<\/p>\n<p>Gi\u1edd tr\u1ea3 ph\u00f2ng l\u00fac 11h00. Kh\u00e1ch s\u1ea1n s\u1ebd \u00e1p d\u1ee5ng ph\u1ee5 ph\u00ed n\u1ebfu Qu\u00fd kh\u00e1ch tr\u1ea3 ph\u00f2ng tr\u1ec5 sau 11h00 v\u00e0 thu to\u00e0n b\u1ed9 gi\u00e1 ph\u00f2ng n\u1ebfu Qu\u00fd kh\u00e1ch tr\u1ea3 ph\u00f2ng sau 18h00.<\/p>\n<p><strong>Quy \u0111\u1ecbnh v\u1ec1 tr\u1ebb em v\u00e0 gi\u01b0\u1eddng ph\u1ee5<\/strong><\/p>\n<p>Tr\u1ebb em d\u01b0\u1edbi 06 tu\u1ed5i \u0111\u01b0\u1ee3c \u1edf mi\u1ec5n ph\u00ed 02 b\u00e9, ng\u1ee7 chung gi\u01b0\u1eddng v\u1edbi b\u1ed1 m\u1eb9.<\/p>\n<p>Tr\u1ebb em t\u1eeb 06 \u0111\u1ebfn 11 tu\u1ed5i y\u00eau c\u1ea7u ph\u1ee5 ph\u00ed VND 450,000\/b\u00e9\/ng\u00e0y.<\/p>\n<p>Tr\u1ebb em t\u1eeb 12 tu\u1ed5i tr\u1edf l\u00ean \u0111\u01b0\u1ee3c xem nh\u01b0 ng\u01b0\u1eddi l\u1edbn, ph\u1ee5 ph\u00ed VND 750,000\/kh\u00e1ch\/ng\u00e0y (kh\u00f4ng k\u00ea gi\u01b0\u1eddng)<\/p>\n<p>Ph\u1ee5 ph\u00ed k\u00ea th\u00eam gi\u01b0\u1eddng VND 750,000\/ng\u00e0y<\/p>\n<p>Ph\u1ee5 ph\u00ed cho vi\u1ec7c k\u00ea th\u00eam gi\u01b0\u1eddng ph\u1ee5 ch\u01b0a bao g\u1ed3m trong gi\u00e1 ph\u00f2ng v\u00e0 \u0111\u01b0\u1ee3c y\u00eau c\u1ea7u thanh to\u00e1n tr\u1ef1c ti\u1ebfp t\u1ea1i kh\u00e1ch s\u1ea1n. K\u00ea gi\u01b0\u1eddng ph\u1ee5 s\u1ebd c\u00f2n t\u00f9y thu\u1ed9c v\u00e0o t\u1eebng lo\u1ea1i ph\u00f2ng. Vui l\u00f2ng li\u00ean h\u1ec7 b\u1ed9 ph\u1eadn \u0111\u1eb7t ph\u00f2ng \u0111\u1ec3 \u0111\u01b0\u1ee3c t\u01b0 v\u1ea5n chi ti\u1ebft.<\/p>\n<p><strong>Tr\u01b0\u1eddng h\u1ee3p b\u1ea5t kh\u1ea3 kh\u00e1ng<\/strong><\/p>\n<p>Trong c\u00e1c tr\u01b0\u1eddng h\u1ee3p b\u1ea5t kh\u1ea3 kh\u00e1ng (c\u00e1c ho\u00e0n c\u1ea3nh kh\u00e1ch quan nh\u01b0 thi\u00ean tai, h\u1ecfa ho\u1ea1n, r\u1ed1i lo\u1ea1n nh\u00e2n s\u1ef1, chi\u1ebfn tranh, c\u00e1c tr\u01b0\u1eddng h\u1ee3p kh\u1ea9n c\u1ea5p kh\u00e1c ho\u1eb7c b\u1ea5t k\u1ef3 s\u1ef1 ch\u1eadm tr\u1ec5 n\u00e0o trong vi\u1ec7c s\u1eeda ch\u1eefa c\u1ea7n thi\u1ebft v\u00e0 thi\u1ebft y\u1ebfu c\u1ee7a kh\u00e1ch s\u1ea1n, \u2026) khi\u1ebfn cho Kh\u00e1ch s\u1ea1n kh\u00f4ng th\u1ec3 th\u1ef1c hi\u1ec7n ngh\u0129a v\u1ee5 \u0111\u01b0\u1ee3c n\u00eau, Kh\u00e1ch s\u1ea1n s\u1ebd kh\u00f4ng ch\u1ecbu tr\u00e1ch nhi\u1ec7m v\u1ec1 b\u1ea5t k\u00ec s\u1ef1 t\u1ed5n th\u1ea5t, thi\u1ec7t h\u1ea1i, chi ph\u00ed, khi\u1ebfu n\u1ea1i, \u2026v\u01b0\u1ee3t ngo\u00e0i t\u1ea7m ki\u1ec3m so\u00e1t c\u1ee7a ch\u00fang t\u00f4i.<\/p>\n","protected":false},"excerpt":{"rendered":"<p>Quy \u0111\u1ecbnh chung Kh\u00f4ng \u0111\u01b0\u1ee3c ph\u00e9p mang th\u00fa nu\u00f4i v\u00e0o khu v\u1ef1c Kh\u00e1ch s\u1ea1n. H\u00fat thu\u1ed1c ch\u1ec9 \u0111\u01b0\u1ee3c cho ph\u00e9p t\u1ea1i khu v\u1ef1c cho ph\u00e9p h\u00fat thu\u1ed1c v\u00e0\/ho\u1eb7c \u1edf b\u00ean ngo\u00e0i ban c\u00f4ng (sau khi \u0111\u00f3ng k\u00edn c\u1eeda ban c\u00f4ng). Ph\u1ee5 ph\u00ed Qu\u00fd kh\u00e1ch s\u1ebd ph\u1ea3i thanh to\u00e1n n\u1ebfu c\u00f3 m\u00f9i thu\u1ed1c l\u00e1 trong ph\u00f2ng [&hellip;]<\/p>\n","protected":false},"author":368,"featured_media":0,"parent":0,"menu_order":0,"comment_status":"closed","ping_status":"closed","template":"","meta":{"footnotes":""},"acf":[],"yoast_head":"<!-- This site is optimized with the Yoast SEO plugin v22.3 - https:\/\/yoast.com\/wordpress\/plugins\/seo\/ -->\n<title>\u0110i\u1ec1u kho\u1ea3n d\u1ecbch v\u1ee5 - Grand Hyams Hotel<\/title>\n<meta name=\"robots\" content=\"index, follow, max-snippet:-1, max-image-preview:large, max-video-preview:-1\" \/>\n<link rel=\"canonical\" href=\"https:\/\/www.grandhyamshotel.com\/vi\/terms-policy\/\" \/>\n<meta property=\"og:locale\" content=\"vi_VN\" \/>\n<meta property=\"og:type\" content=\"article\" \/>\n<meta property=\"og:title\" content=\"\u0110i\u1ec1u kho\u1ea3n d\u1ecbch v\u1ee5 - Grand Hyams Hotel\" \/>\n<meta property=\"og:description\" content=\"Quy \u0111\u1ecbnh chung Kh\u00f4ng \u0111\u01b0\u1ee3c ph\u00e9p mang th\u00fa nu\u00f4i v\u00e0o khu v\u1ef1c Kh\u00e1ch s\u1ea1n. H\u00fat thu\u1ed1c ch\u1ec9 \u0111\u01b0\u1ee3c cho ph\u00e9p t\u1ea1i khu v\u1ef1c cho ph\u00e9p h\u00fat thu\u1ed1c v\u00e0\/ho\u1eb7c \u1edf b\u00ean ngo\u00e0i ban c\u00f4ng (sau khi \u0111\u00f3ng k\u00edn c\u1eeda ban c\u00f4ng). Ph\u1ee5 ph\u00ed Qu\u00fd kh\u00e1ch s\u1ebd ph\u1ea3i thanh to\u00e1n n\u1ebfu c\u00f3 m\u00f9i thu\u1ed1c l\u00e1 trong ph\u00f2ng [&hellip;]\" \/>\n<meta property=\"og:url\" content=\"https:\/\/www.grandhyamshotel.com\/vi\/terms-policy\/\" \/>\n<meta property=\"og:site_name\" content=\"Grand Hyams Hotel\" \/>\n<meta property=\"article:modified_time\" content=\"2023-03-10T06:10:42+00:00\" \/>\n<meta name=\"twitter:card\" content=\"summary_large_image\" \/>\n<meta name=\"twitter:label1\" content=\"Est. reading time\" \/>\n\t<meta name=\"twitter:data1\" content=\"4 minutes\" \/>\n<script type=\"application\/ld+json\" class=\"yoast-schema-graph\">{\"@context\":\"https:\/\/schema.org\",\"@graph\":[{\"@type\":\"WebPage\",\"@id\":\"https:\/\/www.grandhyamshotel.com\/vi\/terms-policy\/\",\"url\":\"https:\/\/www.grandhyamshotel.com\/vi\/terms-policy\/\",\"name\":\"\u0110i\u1ec1u kho\u1ea3n d\u1ecbch v\u1ee5 - Grand Hyams Hotel\",\"isPartOf\":{\"@id\":\"https:\/\/www.grandhyamshotel.com\/vi\/#website\"},\"datePublished\":\"2022-11-02T08:15:34+00:00\",\"dateModified\":\"2023-03-10T06:10:42+00:00\",\"breadcrumb\":{\"@id\":\"https:\/\/www.grandhyamshotel.com\/vi\/terms-policy\/#breadcrumb\"},\"inLanguage\":\"vi-VN\",\"potentialAction\":[{\"@type\":\"ReadAction\",\"target\":[\"https:\/\/www.grandhyamshotel.com\/vi\/terms-policy\/\"]}]},{\"@type\":\"BreadcrumbList\",\"@id\":\"https:\/\/www.grandhyamshotel.com\/vi\/terms-policy\/#breadcrumb\",\"itemListElement\":[{\"@type\":\"ListItem\",\"position\":1,\"name\":\"Home\",\"item\":\"https:\/\/www.grandhyamshotel.com\/vi\/\"},{\"@type\":\"ListItem\",\"position\":2,\"name\":\"\u0110i\u1ec1u kho\u1ea3n d\u1ecbch v\u1ee5\"}]},{\"@type\":\"WebSite\",\"@id\":\"https:\/\/www.grandhyamshotel.com\/vi\/#website\",\"url\":\"https:\/\/www.grandhyamshotel.com\/vi\/\",\"name\":\"Grand Hyams Hotel\",\"description\":\"\",\"potentialAction\":[{\"@type\":\"SearchAction\",\"target\":{\"@type\":\"EntryPoint\",\"urlTemplate\":\"https:\/\/www.grandhyamshotel.com\/vi\/?s={search_term_string}\"},\"query-input\":\"required name=search_term_string\"}],\"inLanguage\":\"vi-VN\"}]}<\/script>\n<!-- \/ Yoast SEO plugin. -->","yoast_head_json":{"title":"\u0110i\u1ec1u kho\u1ea3n d\u1ecbch v\u1ee5 - Grand Hyams Hotel","robots":{"index":"index","follow":"follow","max-snippet":"max-snippet:-1","max-image-preview":"max-image-preview:large","max-video-preview":"max-video-preview:-1"},"canonical":"https:\/\/www.grandhyamshotel.com\/vi\/terms-policy\/","og_locale":"vi_VN","og_type":"article","og_title":"\u0110i\u1ec1u kho\u1ea3n d\u1ecbch v\u1ee5 - Grand Hyams Hotel","og_description":"Quy \u0111\u1ecbnh chung Kh\u00f4ng \u0111\u01b0\u1ee3c ph\u00e9p mang th\u00fa nu\u00f4i v\u00e0o khu v\u1ef1c Kh\u00e1ch s\u1ea1n. H\u00fat thu\u1ed1c ch\u1ec9 \u0111\u01b0\u1ee3c cho ph\u00e9p t\u1ea1i khu v\u1ef1c cho ph\u00e9p h\u00fat thu\u1ed1c v\u00e0\/ho\u1eb7c \u1edf b\u00ean ngo\u00e0i ban c\u00f4ng (sau khi \u0111\u00f3ng k\u00edn c\u1eeda ban c\u00f4ng). Ph\u1ee5 ph\u00ed Qu\u00fd kh\u00e1ch s\u1ebd ph\u1ea3i thanh to\u00e1n n\u1ebfu c\u00f3 m\u00f9i thu\u1ed1c l\u00e1 trong ph\u00f2ng [&hellip;]","og_url":"https:\/\/www.grandhyamshotel.com\/vi\/terms-policy\/","og_site_name":"Grand Hyams Hotel","article_modified_time":"2023-03-10T06:10:42+00:00","twitter_card":"summary_large_image","twitter_misc":{"Est. reading time":"4 minutes"},"schema":{"@context":"https:\/\/schema.org","@graph":[{"@type":"WebPage","@id":"https:\/\/www.grandhyamshotel.com\/vi\/terms-policy\/","url":"https:\/\/www.grandhyamshotel.com\/vi\/terms-policy\/","name":"\u0110i\u1ec1u kho\u1ea3n d\u1ecbch v\u1ee5 - Grand Hyams Hotel","isPartOf":{"@id":"https:\/\/www.grandhyamshotel.com\/vi\/#website"},"datePublished":"2022-11-02T08:15:34+00:00","dateModified":"2023-03-10T06:10:42+00:00","breadcrumb":{"@id":"https:\/\/www.grandhyamshotel.com\/vi\/terms-policy\/#breadcrumb"},"inLanguage":"vi-VN","potentialAction":[{"@type":"ReadAction","target":["https:\/\/www.grandhyamshotel.com\/vi\/terms-policy\/"]}]},{"@type":"BreadcrumbList","@id":"https:\/\/www.grandhyamshotel.com\/vi\/terms-policy\/#breadcrumb","itemListElement":[{"@type":"ListItem","position":1,"name":"Home","item":"https:\/\/www.grandhyamshotel.com\/vi\/"},{"@type":"ListItem","position":2,"name":"\u0110i\u1ec1u kho\u1ea3n d\u1ecbch v\u1ee5"}]},{"@type":"WebSite","@id":"https:\/\/www.grandhyamshotel.com\/vi\/#website","url":"https:\/\/www.grandhyamshotel.com\/vi\/","name":"Grand Hyams Hotel","description":"","potentialAction":[{"@type":"SearchAction","target":{"@type":"EntryPoint","urlTemplate":"https:\/\/www.grandhyamshotel.com\/vi\/?s={search_term_string}"},"query-input":"required name=search_term_string"}],"inLanguage":"vi-VN"}]}},"_links":{"self":[{"href":"https:\/\/www.grandhyamshotel.com\/vi\/wp-json\/wp\/v2\/pages\/350"}],"collection":[{"href":"https:\/\/www.grandhyamshotel.com\/vi\/wp-json\/wp\/v2\/pages"}],"about":[{"href":"https:\/\/www.grandhyamshotel.com\/vi\/wp-json\/wp\/v2\/types\/page"}],"author":[{"embeddable":true,"href":"https:\/\/www.grandhyamshotel.com\/vi\/wp-json\/wp\/v2\/users\/368"}],"replies":[{"embeddable":true,"href":"https:\/\/www.grandhyamshotel.com\/vi\/wp-json\/wp\/v2\/comments?post=350"}],"version-history":[{"count":0,"href":"https:\/\/www.grandhyamshotel.com\/vi\/wp-json\/wp\/v2\/pages\/350\/revisions"}],"wp:attachment":[{"href":"https:\/\/www.grandhyamshotel.com\/vi\/wp-json\/wp\/v2\/media?parent=350"}],"curies":[{"name":"wp","href":"https:\/\/api.w.org\/{rel}","templated":true}]}}