{"id":354,"date":"2022-11-02T08:14:57","date_gmt":"2022-11-02T08:14:57","guid":{"rendered":"https:\/\/www.grandhyamshotel.com\/contact-us\/"},"modified":"2023-07-26T07:44:32","modified_gmt":"2023-07-26T07:44:32","slug":"contact-us","status":"publish","type":"page","link":"https:\/\/www.grandhyamshotel.com\/vi\/contact-us\/","title":{"rendered":"Li\u00ean h\u1ec7 v\u1edbi ch\u00fang t\u00f4i"},"content":{"rendered":"<p style=\"text-align: center\">Nh\u1eb9 nh\u00e0ng t\u00f4n l\u00ean nh\u1eefng \u0111\u01b0\u1eddng n\u00e9t v\u1eeba h\u00f9ng v\u0129 v\u00e0 n\u00ean th\u01a1 c\u1ee7a n\u00fai r\u1eebng xu\u1ed1ng bi\u1ec3n c\u1ea3, Quy Nh\u01a1n tr\u1edf th\u00e0nh m\u1ed9t trong nh\u1eefng t\u1ec9nh ven bi\u1ec3n mi\u1ec1n Trung thu h\u00fat r\u1ea5t nhi\u1ec1u s\u1ef1 ch\u00fa \u00fd t\u1eeb du kh\u00e1ch g\u1ea7n xa.<\/p>\n","protected":false},"excerpt":{"rendered":"<p>Nh\u1eb9 nh\u00e0ng t\u00f4n l\u00ean nh\u1eefng \u0111\u01b0\u1eddng n\u00e9t v\u1eeba h\u00f9ng v\u0129 v\u00e0 n\u00ean th\u01a1 c\u1ee7a n\u00fai r\u1eebng xu\u1ed1ng bi\u1ec3n c\u1ea3, Quy Nh\u01a1n tr\u1edf th\u00e0nh m\u1ed9t trong nh\u1eefng t\u1ec9nh ven bi\u1ec3n mi\u1ec1n Trung thu h\u00fat r\u1ea5t nhi\u1ec1u s\u1ef1 ch\u00fa \u00fd t\u1eeb du kh\u00e1ch g\u1ea7n xa.<\/p>\n","protected":false},"author":368,"featured_media":1860,"parent":0,"menu_order":0,"comment_status":"closed","ping_status":"closed","template":"template-contacts.php","meta":{"footnotes":""},"acf":[],"yoast_head":"<!-- This site is optimized with the Yoast SEO plugin v22.3 - https:\/\/yoast.com\/wordpress\/plugins\/seo\/ -->\n<title>Li\u00ean h\u1ec7 v\u1edbi ch\u00fang t\u00f4i - Grand Hyams Hotel<\/title>\n<meta name=\"robots\" content=\"index, follow, max-snippet:-1, max-image-preview:large, max-video-preview:-1\" \/>\n<link rel=\"canonical\" href=\"https:\/\/www.grandhyamshotel.com\/vi\/contact-us\/\" \/>\n<meta property=\"og:locale\" content=\"vi_VN\" \/>\n<meta property=\"og:type\" content=\"article\" \/>\n<meta property=\"og:title\" content=\"Li\u00ean h\u1ec7 v\u1edbi ch\u00fang t\u00f4i - Grand Hyams Hotel\" \/>\n<meta property=\"og:description\" content=\"Nh\u1eb9 nh\u00e0ng t\u00f4n l\u00ean nh\u1eefng \u0111\u01b0\u1eddng n\u00e9t v\u1eeba h\u00f9ng v\u0129 v\u00e0 n\u00ean th\u01a1 c\u1ee7a n\u00fai r\u1eebng xu\u1ed1ng bi\u1ec3n c\u1ea3, Quy Nh\u01a1n tr\u1edf th\u00e0nh m\u1ed9t trong nh\u1eefng t\u1ec9nh ven bi\u1ec3n mi\u1ec1n Trung thu h\u00fat r\u1ea5t nhi\u1ec1u s\u1ef1 ch\u00fa \u00fd t\u1eeb du kh\u00e1ch g\u1ea7n xa.\" \/>\n<meta property=\"og:url\" content=\"https:\/\/www.grandhyamshotel.com\/vi\/contact-us\/\" \/>\n<meta property=\"og:site_name\" content=\"Grand Hyams Hotel\" \/>\n<meta property=\"article:modified_time\" content=\"2023-07-26T07:44:32+00:00\" \/>\n<meta property=\"og:image\" content=\"https:\/\/www.grandhyamshotel.com\/wp-content\/uploads\/sites\/264\/2023\/07\/Quy-Nhon-Binh-Dinh-giap-tinh-nao-Vi-tri-dia-ly-thuoc-mien-nao-o-Viet-Nam.jpeg\" \/>\n\t<meta property=\"og:image:width\" content=\"2000\" \/>\n\t<meta property=\"og:image:height\" content=\"1500\" \/>\n\t<meta property=\"og:image:type\" content=\"image\/jpeg\" \/>\n<meta name=\"twitter:card\" content=\"summary_large_image\" \/>\n<meta name=\"twitter:label1\" content=\"Est. reading time\" \/>\n\t<meta name=\"twitter:data1\" content=\"1 minute\" \/>\n<script type=\"application\/ld+json\" class=\"yoast-schema-graph\">{\"@context\":\"https:\/\/schema.org\",\"@graph\":[{\"@type\":\"WebPage\",\"@id\":\"https:\/\/www.grandhyamshotel.com\/vi\/contact-us\/\",\"url\":\"https:\/\/www.grandhyamshotel.com\/vi\/contact-us\/\",\"name\":\"Li\u00ean h\u1ec7 v\u1edbi ch\u00fang t\u00f4i - Grand Hyams Hotel\",\"isPartOf\":{\"@id\":\"https:\/\/www.grandhyamshotel.com\/vi\/#website\"},\"primaryImageOfPage\":{\"@id\":\"https:\/\/www.grandhyamshotel.com\/vi\/contact-us\/#primaryimage\"},\"image\":{\"@id\":\"https:\/\/www.grandhyamshotel.com\/vi\/contact-us\/#primaryimage\"},\"thumbnailUrl\":\"https:\/\/www.grandhyamshotel.com\/wp-content\/uploads\/sites\/264\/2023\/07\/Quy-Nhon-Binh-Dinh-giap-tinh-nao-Vi-tri-dia-ly-thuoc-mien-nao-o-Viet-Nam.jpeg\",\"datePublished\":\"2022-11-02T08:14:57+00:00\",\"dateModified\":\"2023-07-26T07:44:32+00:00\",\"breadcrumb\":{\"@id\":\"https:\/\/www.grandhyamshotel.com\/vi\/contact-us\/#breadcrumb\"},\"inLanguage\":\"vi-VN\",\"potentialAction\":[{\"@type\":\"ReadAction\",\"target\":[\"https:\/\/www.grandhyamshotel.com\/vi\/contact-us\/\"]}]},{\"@type\":\"ImageObject\",\"inLanguage\":\"vi-VN\",\"@id\":\"https:\/\/www.grandhyamshotel.com\/vi\/contact-us\/#primaryimage\",\"url\":\"https:\/\/www.grandhyamshotel.com\/wp-content\/uploads\/sites\/264\/2023\/07\/Quy-Nhon-Binh-Dinh-giap-tinh-nao-Vi-tri-dia-ly-thuoc-mien-nao-o-Viet-Nam.jpeg\",\"contentUrl\":\"https:\/\/www.grandhyamshotel.com\/wp-content\/uploads\/sites\/264\/2023\/07\/Quy-Nhon-Binh-Dinh-giap-tinh-nao-Vi-tri-dia-ly-thuoc-mien-nao-o-Viet-Nam.jpeg\",\"width\":2000,\"height\":1500},{\"@type\":\"BreadcrumbList\",\"@id\":\"https:\/\/www.grandhyamshotel.com\/vi\/contact-us\/#breadcrumb\",\"itemListElement\":[{\"@type\":\"ListItem\",\"position\":1,\"name\":\"Home\",\"item\":\"https:\/\/www.grandhyamshotel.com\/vi\/\"},{\"@type\":\"ListItem\",\"position\":2,\"name\":\"Li\u00ean h\u1ec7 v\u1edbi ch\u00fang t\u00f4i\"}]},{\"@type\":\"WebSite\",\"@id\":\"https:\/\/www.grandhyamshotel.com\/vi\/#website\",\"url\":\"https:\/\/www.grandhyamshotel.com\/vi\/\",\"name\":\"Grand Hyams Hotel\",\"description\":\"\",\"potentialAction\":[{\"@type\":\"SearchAction\",\"target\":{\"@type\":\"EntryPoint\",\"urlTemplate\":\"https:\/\/www.grandhyamshotel.com\/vi\/?s={search_term_string}\"},\"query-input\":\"required name=search_term_string\"}],\"inLanguage\":\"vi-VN\"}]}<\/script>\n<!-- \/ Yoast SEO plugin. -->","yoast_head_json":{"title":"Li\u00ean h\u1ec7 v\u1edbi ch\u00fang t\u00f4i - Grand Hyams Hotel","robots":{"index":"index","follow":"follow","max-snippet":"max-snippet:-1","max-image-preview":"max-image-preview:large","max-video-preview":"max-video-preview:-1"},"canonical":"https:\/\/www.grandhyamshotel.com\/vi\/contact-us\/","og_locale":"vi_VN","og_type":"article","og_title":"Li\u00ean h\u1ec7 v\u1edbi ch\u00fang t\u00f4i - Grand Hyams Hotel","og_description":"Nh\u1eb9 nh\u00e0ng t\u00f4n l\u00ean nh\u1eefng \u0111\u01b0\u1eddng n\u00e9t v\u1eeba h\u00f9ng v\u0129 v\u00e0 n\u00ean th\u01a1 c\u1ee7a n\u00fai r\u1eebng xu\u1ed1ng bi\u1ec3n c\u1ea3, Quy Nh\u01a1n tr\u1edf th\u00e0nh m\u1ed9t trong nh\u1eefng t\u1ec9nh ven bi\u1ec3n mi\u1ec1n Trung thu h\u00fat r\u1ea5t nhi\u1ec1u s\u1ef1 ch\u00fa \u00fd t\u1eeb du kh\u00e1ch g\u1ea7n xa.","og_url":"https:\/\/www.grandhyamshotel.com\/vi\/contact-us\/","og_site_name":"Grand Hyams Hotel","article_modified_time":"2023-07-26T07:44:32+00:00","og_image":[{"width":2000,"height":1500,"url":"https:\/\/www.grandhyamshotel.com\/wp-content\/uploads\/sites\/264\/2023\/07\/Quy-Nhon-Binh-Dinh-giap-tinh-nao-Vi-tri-dia-ly-thuoc-mien-nao-o-Viet-Nam.jpeg","type":"image\/jpeg"}],"twitter_card":"summary_large_image","twitter_misc":{"Est. reading time":"1 minute"},"schema":{"@context":"https:\/\/schema.org","@graph":[{"@type":"WebPage","@id":"https:\/\/www.grandhyamshotel.com\/vi\/contact-us\/","url":"https:\/\/www.grandhyamshotel.com\/vi\/contact-us\/","name":"Li\u00ean h\u1ec7 v\u1edbi ch\u00fang t\u00f4i - Grand Hyams Hotel","isPartOf":{"@id":"https:\/\/www.grandhyamshotel.com\/vi\/#website"},"primaryImageOfPage":{"@id":"https:\/\/www.grandhyamshotel.com\/vi\/contact-us\/#primaryimage"},"image":{"@id":"https:\/\/www.grandhyamshotel.com\/vi\/contact-us\/#primaryimage"},"thumbnailUrl":"https:\/\/www.grandhyamshotel.com\/wp-content\/uploads\/sites\/264\/2023\/07\/Quy-Nhon-Binh-Dinh-giap-tinh-nao-Vi-tri-dia-ly-thuoc-mien-nao-o-Viet-Nam.jpeg","datePublished":"2022-11-02T08:14:57+00:00","dateModified":"2023-07-26T07:44:32+00:00","breadcrumb":{"@id":"https:\/\/www.grandhyamshotel.com\/vi\/contact-us\/#breadcrumb"},"inLanguage":"vi-VN","potentialAction":[{"@type":"ReadAction","target":["https:\/\/www.grandhyamshotel.com\/vi\/contact-us\/"]}]},{"@type":"ImageObject","inLanguage":"vi-VN","@id":"https:\/\/www.grandhyamshotel.com\/vi\/contact-us\/#primaryimage","url":"https:\/\/www.grandhyamshotel.com\/wp-content\/uploads\/sites\/264\/2023\/07\/Quy-Nhon-Binh-Dinh-giap-tinh-nao-Vi-tri-dia-ly-thuoc-mien-nao-o-Viet-Nam.jpeg","contentUrl":"https:\/\/www.grandhyamshotel.com\/wp-content\/uploads\/sites\/264\/2023\/07\/Quy-Nhon-Binh-Dinh-giap-tinh-nao-Vi-tri-dia-ly-thuoc-mien-nao-o-Viet-Nam.jpeg","width":2000,"height":1500},{"@type":"BreadcrumbList","@id":"https:\/\/www.grandhyamshotel.com\/vi\/contact-us\/#breadcrumb","itemListElement":[{"@type":"ListItem","position":1,"name":"Home","item":"https:\/\/www.grandhyamshotel.com\/vi\/"},{"@type":"ListItem","position":2,"name":"Li\u00ean h\u1ec7 v\u1edbi ch\u00fang t\u00f4i"}]},{"@type":"WebSite","@id":"https:\/\/www.grandhyamshotel.com\/vi\/#website","url":"https:\/\/www.grandhyamshotel.com\/vi\/","name":"Grand Hyams Hotel","description":"","potentialAction":[{"@type":"SearchAction","target":{"@type":"EntryPoint","urlTemplate":"https:\/\/www.grandhyamshotel.com\/vi\/?s={search_term_string}"},"query-input":"required name=search_term_string"}],"inLanguage":"vi-VN"}]}},"_links":{"self":[{"href":"https:\/\/www.grandhyamshotel.com\/vi\/wp-json\/wp\/v2\/pages\/354"}],"collection":[{"href":"https:\/\/www.grandhyamshotel.com\/vi\/wp-json\/wp\/v2\/pages"}],"about":[{"href":"https:\/\/www.grandhyamshotel.com\/vi\/wp-json\/wp\/v2\/types\/page"}],"author":[{"embeddable":true,"href":"https:\/\/www.grandhyamshotel.com\/vi\/wp-json\/wp\/v2\/users\/368"}],"replies":[{"embeddable":true,"href":"https:\/\/www.grandhyamshotel.com\/vi\/wp-json\/wp\/v2\/comments?post=354"}],"version-history":[{"count":0,"href":"https:\/\/www.grandhyamshotel.com\/vi\/wp-json\/wp\/v2\/pages\/354\/revisions"}],"wp:featuredmedia":[{"embeddable":true,"href":"https:\/\/www.grandhyamshotel.com\/vi\/wp-json\/wp\/v2\/media\/1860"}],"wp:attachment":[{"href":"https:\/\/www.grandhyamshotel.com\/vi\/wp-json\/wp\/v2\/media?parent=354"}],"curies":[{"name":"wp","href":"https:\/\/api.w.org\/{rel}","templated":true}]}}