{"id":4116,"date":"2026-03-10T05:58:39","date_gmt":"2026-03-10T05:58:39","guid":{"rendered":"https:\/\/www.grandhyamshotel.com\/?page_id=4116"},"modified":"2026-03-10T07:37:23","modified_gmt":"2026-03-10T07:37:23","slug":"tiec-cuoi-sang-trong-tai-quy-nhon","status":"publish","type":"page","link":"https:\/\/www.grandhyamshotel.com\/vi\/special-offers\/tiec-cuoi-sang-trong-tai-quy-nhon\/","title":{"rendered":"Ti\u1ec7c C\u01b0\u1edbi Sang Tr\u1ecdng T\u1ea1i Quy Nh\u01a1n"},"content":{"rendered":"<p><img decoding=\"async\" style=\"max-width: 100%;height: auto;margin: 0 auto\" src=\"https:\/\/www.grandhyamshotel.com\/wp-content\/uploads\/sites\/264\/2026\/03\/tiec-cuoi-1.png\" alt=\"Wedding package\" \/><\/p>\n<h1 data-path-to-node=\"2\">G\u00d3I TI\u1ec6C C\u01af\u1edaI TR\u1eccN G\u00d3I HO\u00c0N H\u1ea2O<\/h1>\n<p data-path-to-node=\"3\"><b data-path-to-node=\"3\" data-index-in-node=\"0\">Ch\u1ec9 t\u1eeb 299.000 VN\u0110 \/ Kh\u00e1ch<\/b><\/p>\n<h3 data-path-to-node=\"4\">Trang Tr\u00ed Ti\u1ec7c C\u01b0\u1edbi Cao C\u1ea5p<\/h3>\n<ul data-path-to-node=\"5\">\n<li>\n<p data-path-to-node=\"5,0,0\"><b data-path-to-node=\"5,0,0\" data-index-in-node=\"0\">C\u1ed5ng hoa \u0111\u00f3n kh\u00e1ch r\u1ea1ng r\u1ee1<\/b><\/p>\n<\/li>\n<li>\n<p data-path-to-node=\"5,1,0\"><b data-path-to-node=\"5,1,0\" data-index-in-node=\"0\">Th\u1ea3m \u0111\u1ecf l\u1ed1i \u0111i sang tr\u1ecdng<\/b><\/p>\n<\/li>\n<li>\n<p data-path-to-node=\"5,2,0\"><b data-path-to-node=\"5,2,0\" data-index-in-node=\"0\">B\u00e0n k\u00fd t\u00ean \u0111\u00f3n kh\u00e1ch<\/b><\/p>\n<\/li>\n<li>\n<p data-path-to-node=\"5,3,0\"><b data-path-to-node=\"5,3,0\" data-index-in-node=\"0\">Hoa t\u01b0\u01a1i trang tr\u00ed b\u00e0n ti\u1ec7c<\/b><\/p>\n<\/li>\n<li>\n<p data-path-to-node=\"5,4,0\"><b data-path-to-node=\"5,4,0\" data-index-in-node=\"0\">B\u00e0n Gallery &amp; Khu v\u1ef1c ch\u1ee5p \u1ea3nh (Photo Booth)<\/b><\/p>\n<\/li>\n<li>\n<p data-path-to-node=\"5,5,0\"><b data-path-to-node=\"5,5,0\" data-index-in-node=\"0\">B\u00e1nh kem &amp; Th\u00e1p ly Champagne<\/b><\/p>\n<\/li>\n<li>\n<p data-path-to-node=\"5,6,0\"><b data-path-to-node=\"5,6,0\" data-index-in-node=\"0\">Hi\u1ec7u \u1ee9ng ph\u00e1o s\u00e1ng ch\u00fac m\u1eebng<\/b><\/p>\n<\/li>\n<\/ul>\n<h3 data-path-to-node=\"6\">D\u1ecbch V\u1ee5 To\u00e0n Di\u1ec7n<\/h3>\n<ul data-path-to-node=\"7\">\n<li>\n<p data-path-to-node=\"7,0,0\"><b data-path-to-node=\"7,0,0\" data-index-in-node=\"0\">Mi\u1ec5n ph\u00ed d\u00f9ng th\u1eed th\u1ef1c \u0111\u01a1n<\/b> (\u00c1p d\u1ee5ng cho c\u00e1c th\u1ef1c \u0111\u01a1n t\u1eeb 500.000 VN\u0110)<\/p>\n<\/li>\n<li>\n<p data-path-to-node=\"7,1,0\"><b data-path-to-node=\"7,1,0\" data-index-in-node=\"0\">H\u1ec7 th\u1ed1ng m\u00e1y chi\u1ebfu &amp; m\u00e0n h\u00ecnh hi\u1ec7n \u0111\u1ea1i<\/b><\/p>\n<\/li>\n<li>\n<p data-path-to-node=\"7,2,0\"><b data-path-to-node=\"7,2,0\" data-index-in-node=\"0\">Mi\u1ec5n ph\u00ed \u0111\u1ecba \u0111i\u1ec3m ch\u1ee5p \u1ea3nh c\u01b0\u1edbi<\/b> (T\u1ea1i s\u1ea3nh kh\u00e1ch s\u1ea1n v\u00e0 h\u1ed3 b\u01a1i Hy-Harmony t\u1ea1i t\u1ea7ng 3)<\/p>\n<\/li>\n<li>\n<p data-path-to-node=\"7,3,0\"><b data-path-to-node=\"7,3,0\" data-index-in-node=\"0\">Trang tr\u00ed b\u00e0n gia \u0111\u00ecnh<\/b> (Theo y\u00eau c\u1ea7u)<\/p>\n<\/li>\n<li>\n<p data-path-to-node=\"7,4,0\"><b data-path-to-node=\"7,4,0\" data-index-in-node=\"0\">\u01afu \u0111\u00e3i gi\u00e1 ph\u00f2ng l\u01b0u tr\u00fa<\/b> d\u00e0nh ri\u00eang cho kh\u00e1ch m\u1eddi d\u1ef1 ti\u1ec7c<\/p>\n<\/li>\n<\/ul>\n<hr data-path-to-node=\"8\" \/>\n<h3 data-path-to-node=\"9\">B\u1ea3ng So S\u00e1nh C\u00e1c G\u00f3i Ti\u1ec7c C\u01b0\u1edbi<\/h3>\n<table data-path-to-node=\"10\">\n<thead>\n<tr>\n<td><strong>N\u1ed8I DUNG<\/strong><\/td>\n<td><strong>S\u1ed0 L\u01af\u1ee2NG KH\u00c1CH<\/strong><\/td>\n<td><strong>100 &#8211; 150<\/strong><\/td>\n<td><strong>160 &#8211; 200<\/strong><\/td>\n<td><strong>210 &#8211; 250<\/strong><\/td>\n<\/tr>\n<\/thead>\n<tbody>\n<tr>\n<td><span data-path-to-node=\"10,1,0,0\"><b data-path-to-node=\"10,1,0,0\" data-index-in-node=\"0\">Combo trang tr\u00ed c\u01a1 b\u1ea3n<\/b><\/span><\/td>\n<td><\/td>\n<td><span data-path-to-node=\"10,1,2,0\">\u2713<\/span><\/td>\n<td><span data-path-to-node=\"10,1,3,0\">\u2713<\/span><\/td>\n<td><span data-path-to-node=\"10,1,4,0\">\u2713<\/span><\/td>\n<\/tr>\n<tr>\n<td><span data-path-to-node=\"10,2,0,0\"><b data-path-to-node=\"10,2,0,0\" data-index-in-node=\"0\">Ti\u1ec7c tr\u00e0 nh\u1eb9 cho C\u00f4 d\u00e2u &amp; Ch\u00fa r\u1ec3<\/b><\/span><\/td>\n<td><\/td>\n<td><span data-path-to-node=\"10,2,2,0\">\u2713<\/span><\/td>\n<td><span data-path-to-node=\"10,2,3,0\">\u2713<\/span><\/td>\n<td><span data-path-to-node=\"10,2,4,0\">\u2713<\/span><\/td>\n<\/tr>\n<tr>\n<td><span data-path-to-node=\"10,3,0,0\"><b data-path-to-node=\"10,3,0,0\" data-index-in-node=\"0\">Mi\u1ec5n ph\u00ed h\u1ec7 th\u1ed1ng \u00e2m thanh &amp; \u00e1nh s\u00e1ng<\/b><\/span><\/td>\n<td><\/td>\n<td><span data-path-to-node=\"10,3,2,0\">\u2713<\/span><\/td>\n<td><span data-path-to-node=\"10,3,3,0\">\u2713<\/span><\/td>\n<td><span data-path-to-node=\"10,3,4,0\">\u2713<\/span><\/td>\n<\/tr>\n<tr>\n<td><span data-path-to-node=\"10,4,0,0\"><b data-path-to-node=\"10,4,0,0\" data-index-in-node=\"0\">Voucher gi\u1ea3m gi\u00e1 10% d\u1ecbch v\u1ee5 \u1ea9m th\u1ef1c<\/b><\/span><\/td>\n<td><\/td>\n<td><span data-path-to-node=\"10,4,2,0\">\u2713<\/span><\/td>\n<td><span data-path-to-node=\"10,4,3,0\">\u2713<\/span><\/td>\n<td><span data-path-to-node=\"10,4,4,0\">\u2713<\/span><\/td>\n<\/tr>\n<tr>\n<td><span data-path-to-node=\"10,5,0,0\"><b data-path-to-node=\"10,5,0,0\" data-index-in-node=\"0\">Ban nh\u1ea1c c\u01a1 b\u1ea3n (Organ &amp; MC)<\/b><\/span><\/td>\n<td><\/td>\n<td><span data-path-to-node=\"10,5,2,0\"><b data-path-to-node=\"10,5,2,0\" data-index-in-node=\"0\">GI\u1ea2M 30%<\/b><\/span><\/td>\n<td><span data-path-to-node=\"10,5,3,0\">\u2713<\/span><\/td>\n<td><span data-path-to-node=\"10,5,4,0\">\u2713<\/span><\/td>\n<\/tr>\n<tr>\n<td><span data-path-to-node=\"10,6,0,0\"><b data-path-to-node=\"10,6,0,0\" data-index-in-node=\"0\">M\u00e0n h\u00ecnh LED s\u00e2n kh\u1ea5u<\/b><\/span><\/td>\n<td><\/td>\n<td><span data-path-to-node=\"10,6,2,0\"><b data-path-to-node=\"10,6,2,0\" data-index-in-node=\"0\">GI\u1ea2M 30%<\/b><\/span><\/td>\n<td><span data-path-to-node=\"10,6,3,0\"><b data-path-to-node=\"10,6,3,0\" data-index-in-node=\"0\">GI\u1ea2M 50%<\/b><\/span><\/td>\n<td><span data-path-to-node=\"10,6,4,0\">\u2713<\/span><\/td>\n<\/tr>\n<tr>\n<td><span data-path-to-node=\"10,7,0,0\"><b data-path-to-node=\"10,7,0,0\" data-index-in-node=\"0\">02 Voucher: Tr\u1ecb li\u1ec7u to\u00e0n th\u00e2n 60 ph\u00fat<\/b><\/span><\/td>\n<td><span data-path-to-node=\"10,7,1,0\">(T\u1ea1i Hy-Halona Spa)<\/span><\/td>\n<td><span data-path-to-node=\"10,7,2,0\">\u2715<\/span><\/td>\n<td><span data-path-to-node=\"10,7,3,0\">\u2715<\/span><\/td>\n<td><span data-path-to-node=\"10,7,4,0\">\u2713<\/span><\/td>\n<\/tr>\n<tr>\n<td><span data-path-to-node=\"10,8,0,0\"><b data-path-to-node=\"10,8,0,0\" data-index-in-node=\"0\">Ph\u00f2ng T\u00e2n h\u00f4n (Bao g\u1ed3m b\u1eefa s\u00e1ng)<\/b><\/span><\/td>\n<td><\/td>\n<td><span data-path-to-node=\"10,8,2,0\">\u2715<\/span><\/td>\n<td><span data-path-to-node=\"10,8,3,0\">\u2715<\/span><\/td>\n<td><span data-path-to-node=\"10,8,4,0\">\u2713<\/span><\/td>\n<\/tr>\n<tr>\n<td><span data-path-to-node=\"10,9,0,0\"><b data-path-to-node=\"10,9,0,0\" data-index-in-node=\"0\">\u0110\u1ed9i kh\u00e1nh ti\u1ebft &amp; Nghi th\u1ee9c khai ti\u1ec7c<\/b><\/span><\/td>\n<td><\/td>\n<td><span data-path-to-node=\"10,9,2,0\"><b data-path-to-node=\"10,9,2,0\" data-index-in-node=\"0\">GI\u1ea2M 30%<\/b><\/span><\/td>\n<td><span data-path-to-node=\"10,9,3,0\"><b data-path-to-node=\"10,9,3,0\" data-index-in-node=\"0\">GI\u1ea2M 50%<\/b><\/span><\/td>\n<td><span data-path-to-node=\"10,9,4,0\">\u2713<\/span><\/td>\n<\/tr>\n<tr>\n<td><span data-path-to-node=\"10,10,0,0\"><b data-path-to-node=\"10,10,0,0\" data-index-in-node=\"0\">Ph\u00f2ng l\u01b0u tr\u00fa cho ng\u01b0\u1eddi th\u00e2n<\/b><\/span><\/td>\n<td><\/td>\n<td><span data-path-to-node=\"10,10,2,0\"><b data-path-to-node=\"10,10,2,0\" data-index-in-node=\"0\">GI\u1ea2M 10%<\/b><\/span><\/td>\n<td><span data-path-to-node=\"10,10,3,0\"><b data-path-to-node=\"10,10,3,0\" data-index-in-node=\"0\">GI\u1ea2M 10%<\/b><\/span><\/td>\n<td><span data-path-to-node=\"10,10,4,0\"><b data-path-to-node=\"10,10,4,0\" data-index-in-node=\"0\">GI\u1ea2M 10%<\/b><\/span><\/td>\n<\/tr>\n<\/tbody>\n<\/table>\n<p data-path-to-node=\"12\"><b data-path-to-node=\"12\" data-index-in-node=\"0\">Grand Hyams Hotel \u2013 Quy Nhon Beach<\/b><\/p>\n<ul data-path-to-node=\"13\">\n<li>\n<p data-path-to-node=\"13,0,0\"><b data-path-to-node=\"13,0,0\" data-index-in-node=\"0\">\u0110\u1ecba ch\u1ec9:<\/b> 28 Nguy\u1ec5n Hu\u1ec7, TP. Quy Nh\u01a1n, B\u00ecnh \u0110\u1ecbnh, Vi\u1ec7t Nam<\/p>\n<\/li>\n<li>\n<p data-path-to-node=\"13,1,0\"><b data-path-to-node=\"13,1,0\" data-index-in-node=\"0\">S\u1ea3nh ti\u1ec7c:<\/b> Hy-Zone Ballroom (T\u1ea7ng 2)<\/p>\n<\/li>\n<\/ul>\n","protected":false},"excerpt":{"rendered":"<p>G\u00d3I TI\u1ec6C C\u01af\u1edaI TR\u1eccN G\u00d3I HO\u00c0N H\u1ea2O Ch\u1ec9 t\u1eeb 299.000 VN\u0110 \/ Kh\u00e1ch Trang Tr\u00ed Ti\u1ec7c C\u01b0\u1edbi Cao C\u1ea5p C\u1ed5ng hoa \u0111\u00f3n kh\u00e1ch r\u1ea1ng r\u1ee1 Th\u1ea3m \u0111\u1ecf l\u1ed1i \u0111i sang tr\u1ecdng B\u00e0n k\u00fd t\u00ean \u0111\u00f3n kh\u00e1ch Hoa t\u01b0\u01a1i trang tr\u00ed b\u00e0n ti\u1ec7c B\u00e0n Gallery &amp; Khu v\u1ef1c ch\u1ee5p \u1ea3nh (Photo Booth) B\u00e1nh kem &amp; Th\u00e1p [&hellip;]<\/p>\n","protected":false},"author":543,"featured_media":4192,"parent":310,"menu_order":1,"comment_status":"closed","ping_status":"closed","template":"template-landing-page.php","meta":{"footnotes":""},"acf":[],"yoast_head":"<!-- This site is optimized with the Yoast SEO plugin v22.3 - https:\/\/yoast.com\/wordpress\/plugins\/seo\/ -->\n<title>Ti\u1ec7c C\u01b0\u1edbi Sang Tr\u1ecdng T\u1ea1i Quy Nh\u01a1n - Grand Hyams Hotel<\/title>\n<meta name=\"robots\" content=\"index, follow, max-snippet:-1, max-image-preview:large, max-video-preview:-1\" \/>\n<link rel=\"canonical\" href=\"https:\/\/www.grandhyamshotel.com\/vi\/special-offers\/tiec-cuoi-sang-trong-tai-quy-nhon\/\" \/>\n<meta property=\"og:locale\" content=\"vi_VN\" \/>\n<meta property=\"og:type\" content=\"article\" \/>\n<meta property=\"og:title\" content=\"Ti\u1ec7c C\u01b0\u1edbi Sang Tr\u1ecdng T\u1ea1i Quy Nh\u01a1n - Grand Hyams Hotel\" \/>\n<meta property=\"og:description\" content=\"G\u00d3I TI\u1ec6C C\u01af\u1edaI TR\u1eccN G\u00d3I HO\u00c0N H\u1ea2O Ch\u1ec9 t\u1eeb 299.000 VN\u0110 \/ Kh\u00e1ch Trang Tr\u00ed Ti\u1ec7c C\u01b0\u1edbi Cao C\u1ea5p C\u1ed5ng hoa \u0111\u00f3n kh\u00e1ch r\u1ea1ng r\u1ee1 Th\u1ea3m \u0111\u1ecf l\u1ed1i \u0111i sang tr\u1ecdng B\u00e0n k\u00fd t\u00ean \u0111\u00f3n kh\u00e1ch Hoa t\u01b0\u01a1i trang tr\u00ed b\u00e0n ti\u1ec7c B\u00e0n Gallery &amp; Khu v\u1ef1c ch\u1ee5p \u1ea3nh (Photo Booth) B\u00e1nh kem &amp; Th\u00e1p [&hellip;]\" \/>\n<meta property=\"og:url\" content=\"https:\/\/www.grandhyamshotel.com\/vi\/special-offers\/tiec-cuoi-sang-trong-tai-quy-nhon\/\" \/>\n<meta property=\"og:site_name\" content=\"Grand Hyams Hotel\" \/>\n<meta property=\"article:modified_time\" content=\"2026-03-10T07:37:23+00:00\" \/>\n<meta property=\"og:image\" content=\"https:\/\/www.grandhyamshotel.com\/wp-content\/uploads\/sites\/264\/2026\/03\/GOI-CUOI.png\" \/>\n\t<meta property=\"og:image:width\" content=\"1200\" \/>\n\t<meta property=\"og:image:height\" content=\"1201\" \/>\n\t<meta property=\"og:image:type\" content=\"image\/png\" \/>\n<meta name=\"twitter:card\" content=\"summary_large_image\" \/>\n<meta name=\"twitter:label1\" content=\"Est. reading time\" \/>\n\t<meta name=\"twitter:data1\" content=\"2 minutes\" \/>\n<script type=\"application\/ld+json\" class=\"yoast-schema-graph\">{\"@context\":\"https:\/\/schema.org\",\"@graph\":[{\"@type\":\"WebPage\",\"@id\":\"https:\/\/www.grandhyamshotel.com\/vi\/special-offers\/tiec-cuoi-sang-trong-tai-quy-nhon\/\",\"url\":\"https:\/\/www.grandhyamshotel.com\/vi\/special-offers\/tiec-cuoi-sang-trong-tai-quy-nhon\/\",\"name\":\"Ti\u1ec7c C\u01b0\u1edbi Sang Tr\u1ecdng T\u1ea1i Quy Nh\u01a1n - Grand Hyams Hotel\",\"isPartOf\":{\"@id\":\"https:\/\/www.grandhyamshotel.com\/vi\/#website\"},\"primaryImageOfPage\":{\"@id\":\"https:\/\/www.grandhyamshotel.com\/vi\/special-offers\/tiec-cuoi-sang-trong-tai-quy-nhon\/#primaryimage\"},\"image\":{\"@id\":\"https:\/\/www.grandhyamshotel.com\/vi\/special-offers\/tiec-cuoi-sang-trong-tai-quy-nhon\/#primaryimage\"},\"thumbnailUrl\":\"https:\/\/www.grandhyamshotel.com\/wp-content\/uploads\/sites\/264\/2026\/03\/GOI-CUOI.png\",\"datePublished\":\"2026-03-10T05:58:39+00:00\",\"dateModified\":\"2026-03-10T07:37:23+00:00\",\"breadcrumb\":{\"@id\":\"https:\/\/www.grandhyamshotel.com\/vi\/special-offers\/tiec-cuoi-sang-trong-tai-quy-nhon\/#breadcrumb\"},\"inLanguage\":\"vi-VN\",\"potentialAction\":[{\"@type\":\"ReadAction\",\"target\":[\"https:\/\/www.grandhyamshotel.com\/vi\/special-offers\/tiec-cuoi-sang-trong-tai-quy-nhon\/\"]}]},{\"@type\":\"ImageObject\",\"inLanguage\":\"vi-VN\",\"@id\":\"https:\/\/www.grandhyamshotel.com\/vi\/special-offers\/tiec-cuoi-sang-trong-tai-quy-nhon\/#primaryimage\",\"url\":\"https:\/\/www.grandhyamshotel.com\/wp-content\/uploads\/sites\/264\/2026\/03\/GOI-CUOI.png\",\"contentUrl\":\"https:\/\/www.grandhyamshotel.com\/wp-content\/uploads\/sites\/264\/2026\/03\/GOI-CUOI.png\",\"width\":1200,\"height\":1201},{\"@type\":\"BreadcrumbList\",\"@id\":\"https:\/\/www.grandhyamshotel.com\/vi\/special-offers\/tiec-cuoi-sang-trong-tai-quy-nhon\/#breadcrumb\",\"itemListElement\":[{\"@type\":\"ListItem\",\"position\":1,\"name\":\"Home\",\"item\":\"https:\/\/www.grandhyamshotel.com\/vi\/\"},{\"@type\":\"ListItem\",\"position\":2,\"name\":\"\u01afu \u0110\u00e3i \u0110\u1eb7c Bi\u1ec7t\",\"item\":\"https:\/\/www.grandhyamshotel.com\/vi\/special-offers\/\"},{\"@type\":\"ListItem\",\"position\":3,\"name\":\"Ti\u1ec7c C\u01b0\u1edbi Sang Tr\u1ecdng T\u1ea1i Quy Nh\u01a1n\"}]},{\"@type\":\"WebSite\",\"@id\":\"https:\/\/www.grandhyamshotel.com\/vi\/#website\",\"url\":\"https:\/\/www.grandhyamshotel.com\/vi\/\",\"name\":\"Grand Hyams Hotel\",\"description\":\"\",\"potentialAction\":[{\"@type\":\"SearchAction\",\"target\":{\"@type\":\"EntryPoint\",\"urlTemplate\":\"https:\/\/www.grandhyamshotel.com\/vi\/?s={search_term_string}\"},\"query-input\":\"required name=search_term_string\"}],\"inLanguage\":\"vi-VN\"}]}<\/script>\n<!-- \/ Yoast SEO plugin. -->","yoast_head_json":{"title":"Ti\u1ec7c C\u01b0\u1edbi Sang Tr\u1ecdng T\u1ea1i Quy Nh\u01a1n - Grand Hyams Hotel","robots":{"index":"index","follow":"follow","max-snippet":"max-snippet:-1","max-image-preview":"max-image-preview:large","max-video-preview":"max-video-preview:-1"},"canonical":"https:\/\/www.grandhyamshotel.com\/vi\/special-offers\/tiec-cuoi-sang-trong-tai-quy-nhon\/","og_locale":"vi_VN","og_type":"article","og_title":"Ti\u1ec7c C\u01b0\u1edbi Sang Tr\u1ecdng T\u1ea1i Quy Nh\u01a1n - Grand Hyams Hotel","og_description":"G\u00d3I TI\u1ec6C C\u01af\u1edaI TR\u1eccN G\u00d3I HO\u00c0N H\u1ea2O Ch\u1ec9 t\u1eeb 299.000 VN\u0110 \/ Kh\u00e1ch Trang Tr\u00ed Ti\u1ec7c C\u01b0\u1edbi Cao C\u1ea5p C\u1ed5ng hoa \u0111\u00f3n kh\u00e1ch r\u1ea1ng r\u1ee1 Th\u1ea3m \u0111\u1ecf l\u1ed1i \u0111i sang tr\u1ecdng B\u00e0n k\u00fd t\u00ean \u0111\u00f3n kh\u00e1ch Hoa t\u01b0\u01a1i trang tr\u00ed b\u00e0n ti\u1ec7c B\u00e0n Gallery &amp; Khu v\u1ef1c ch\u1ee5p \u1ea3nh (Photo Booth) B\u00e1nh kem &amp; Th\u00e1p [&hellip;]","og_url":"https:\/\/www.grandhyamshotel.com\/vi\/special-offers\/tiec-cuoi-sang-trong-tai-quy-nhon\/","og_site_name":"Grand Hyams Hotel","article_modified_time":"2026-03-10T07:37:23+00:00","og_image":[{"width":1200,"height":1201,"url":"https:\/\/www.grandhyamshotel.com\/wp-content\/uploads\/sites\/264\/2026\/03\/GOI-CUOI.png","type":"image\/png"}],"twitter_card":"summary_large_image","twitter_misc":{"Est. reading time":"2 minutes"},"schema":{"@context":"https:\/\/schema.org","@graph":[{"@type":"WebPage","@id":"https:\/\/www.grandhyamshotel.com\/vi\/special-offers\/tiec-cuoi-sang-trong-tai-quy-nhon\/","url":"https:\/\/www.grandhyamshotel.com\/vi\/special-offers\/tiec-cuoi-sang-trong-tai-quy-nhon\/","name":"Ti\u1ec7c C\u01b0\u1edbi Sang Tr\u1ecdng T\u1ea1i Quy Nh\u01a1n - Grand Hyams Hotel","isPartOf":{"@id":"https:\/\/www.grandhyamshotel.com\/vi\/#website"},"primaryImageOfPage":{"@id":"https:\/\/www.grandhyamshotel.com\/vi\/special-offers\/tiec-cuoi-sang-trong-tai-quy-nhon\/#primaryimage"},"image":{"@id":"https:\/\/www.grandhyamshotel.com\/vi\/special-offers\/tiec-cuoi-sang-trong-tai-quy-nhon\/#primaryimage"},"thumbnailUrl":"https:\/\/www.grandhyamshotel.com\/wp-content\/uploads\/sites\/264\/2026\/03\/GOI-CUOI.png","datePublished":"2026-03-10T05:58:39+00:00","dateModified":"2026-03-10T07:37:23+00:00","breadcrumb":{"@id":"https:\/\/www.grandhyamshotel.com\/vi\/special-offers\/tiec-cuoi-sang-trong-tai-quy-nhon\/#breadcrumb"},"inLanguage":"vi-VN","potentialAction":[{"@type":"ReadAction","target":["https:\/\/www.grandhyamshotel.com\/vi\/special-offers\/tiec-cuoi-sang-trong-tai-quy-nhon\/"]}]},{"@type":"ImageObject","inLanguage":"vi-VN","@id":"https:\/\/www.grandhyamshotel.com\/vi\/special-offers\/tiec-cuoi-sang-trong-tai-quy-nhon\/#primaryimage","url":"https:\/\/www.grandhyamshotel.com\/wp-content\/uploads\/sites\/264\/2026\/03\/GOI-CUOI.png","contentUrl":"https:\/\/www.grandhyamshotel.com\/wp-content\/uploads\/sites\/264\/2026\/03\/GOI-CUOI.png","width":1200,"height":1201},{"@type":"BreadcrumbList","@id":"https:\/\/www.grandhyamshotel.com\/vi\/special-offers\/tiec-cuoi-sang-trong-tai-quy-nhon\/#breadcrumb","itemListElement":[{"@type":"ListItem","position":1,"name":"Home","item":"https:\/\/www.grandhyamshotel.com\/vi\/"},{"@type":"ListItem","position":2,"name":"\u01afu \u0110\u00e3i \u0110\u1eb7c Bi\u1ec7t","item":"https:\/\/www.grandhyamshotel.com\/vi\/special-offers\/"},{"@type":"ListItem","position":3,"name":"Ti\u1ec7c C\u01b0\u1edbi Sang Tr\u1ecdng T\u1ea1i Quy Nh\u01a1n"}]},{"@type":"WebSite","@id":"https:\/\/www.grandhyamshotel.com\/vi\/#website","url":"https:\/\/www.grandhyamshotel.com\/vi\/","name":"Grand Hyams Hotel","description":"","potentialAction":[{"@type":"SearchAction","target":{"@type":"EntryPoint","urlTemplate":"https:\/\/www.grandhyamshotel.com\/vi\/?s={search_term_string}"},"query-input":"required name=search_term_string"}],"inLanguage":"vi-VN"}]}},"_links":{"self":[{"href":"https:\/\/www.grandhyamshotel.com\/vi\/wp-json\/wp\/v2\/pages\/4116"}],"collection":[{"href":"https:\/\/www.grandhyamshotel.com\/vi\/wp-json\/wp\/v2\/pages"}],"about":[{"href":"https:\/\/www.grandhyamshotel.com\/vi\/wp-json\/wp\/v2\/types\/page"}],"author":[{"embeddable":true,"href":"https:\/\/www.grandhyamshotel.com\/vi\/wp-json\/wp\/v2\/users\/543"}],"replies":[{"embeddable":true,"href":"https:\/\/www.grandhyamshotel.com\/vi\/wp-json\/wp\/v2\/comments?post=4116"}],"version-history":[{"count":2,"href":"https:\/\/www.grandhyamshotel.com\/vi\/wp-json\/wp\/v2\/pages\/4116\/revisions"}],"predecessor-version":[{"id":4203,"href":"https:\/\/www.grandhyamshotel.com\/vi\/wp-json\/wp\/v2\/pages\/4116\/revisions\/4203"}],"up":[{"embeddable":true,"href":"https:\/\/www.grandhyamshotel.com\/vi\/wp-json\/wp\/v2\/pages\/310"}],"wp:featuredmedia":[{"embeddable":true,"href":"https:\/\/www.grandhyamshotel.com\/vi\/wp-json\/wp\/v2\/media\/4192"}],"wp:attachment":[{"href":"https:\/\/www.grandhyamshotel.com\/vi\/wp-json\/wp\/v2\/media?parent=4116"}],"curies":[{"name":"wp","href":"https:\/\/api.w.org\/{rel}","templated":true}]}}