{"id":574,"date":"2023-01-27T09:44:49","date_gmt":"2023-01-27T09:44:49","guid":{"rendered":"https:\/\/www.grandhyamshotel.com\/special-offers\/bittersweet-taste-of-life\/"},"modified":"2026-03-09T09:01:14","modified_gmt":"2026-03-09T09:01:14","slug":"set-menu-private","status":"publish","type":"page","link":"https:\/\/www.grandhyamshotel.com\/vi\/special-offers\/set-menu-private\/","title":{"rendered":"Set Menu \u0110\u1eb3ng C\u1ea5p T\u1ea1i Hy-Delight"},"content":{"rendered":"<p data-path-to-node=\"3\"><b data-path-to-node=\"3\" data-index-in-node=\"0\">Th\u01b0\u1edfng th\u1ee9c b\u1ea3n giao h\u01b0\u1edfng v\u1ecb gi\u00e1c \u0111\u1ea7y m\u00ea ho\u1eb7c t\u1ea1i t\u1ea7ng 41 c\u1ee7a Grand Hyams Hotel \u2013 n\u01a1i ngh\u1ec7 thu\u1eadt \u1ea9m th\u1ef1c h\u00f2a quy\u1ec7n c\u00f9ng t\u1ea7m nh\u00ecn \u00f4m tr\u1ecdn v\u1ecbnh bi\u1ec3n Quy Nh\u01a1n.<\/b><\/p>\n<p data-path-to-node=\"4\">N\u1ebfu b\u1ea1n \u0111ang t\u00ecm ki\u1ebfm m\u1ed9t kh\u00f4ng gian l\u00e3ng m\u1ea1n cho bu\u1ed5i h\u1eb9n h\u00f2, hay m\u1ed9t b\u1eefa ti\u1ec7c k\u1ef7 ni\u1ec7m \u1ea5m c\u00fang v\u00e0 sang tr\u1ecdng, hai tuy\u1ec7t ph\u1ea9m <b data-path-to-node=\"4\" data-index-in-node=\"126\">Set Menu<\/b> m\u1edbi t\u1ea1i nh\u00e0 h\u00e0ng <b data-path-to-node=\"4\" data-index-in-node=\"152\">Hy-Delight<\/b> ch\u00ednh l\u00e0 l\u1ef1a ch\u1ecdn kh\u00f4ng th\u1ec3 ch\u1ed1i t\u1eeb.<\/p>\n<p><img decoding=\"async\" style=\"max-width: 100%;height: auto;margin: 0 auto\" src=\"https:\/\/www.grandhyamshotel.com\/wp-content\/uploads\/sites\/264\/2026\/03\/GHQ07478.jpg\" alt=\"Set menu hydelight restaurant\" \/><\/p>\n<hr data-path-to-node=\"5\" \/>\n<h2 data-path-to-node=\"6\">Kh\u00e1m Ph\u00e1 Hai Tuy\u1ec7t Ph\u1ea9m Set Menu<\/h2>\n<p data-path-to-node=\"7\">M\u1ed7i Set Menu l\u00e0 m\u1ed9t h\u00e0nh tr\u00ecnh d\u1eabn d\u1eaft th\u1ef1c kh\u00e1ch \u0111i qua nh\u1eefng cung b\u1eadc c\u1ea3m x\u00fac kh\u00e1c nhau, t\u1eeb khai v\u1ecb thanh tao \u0111\u1ebfn m\u00f3n ch\u00ednh \u0111\u1eadm \u0111\u00e0 v\u00e0 k\u1ebft th\u00fac b\u1eb1ng tr\u00e1ng mi\u1ec7ng ng\u1ecdt ng\u00e0o.<\/p>\n<h3 data-path-to-node=\"8\">1. Golden Harmony \u2013 B\u1ea3n H\u00f2a T\u1ea5u Ho\u00e0ng Kim<\/h3>\n<p data-path-to-node=\"9\"><b data-path-to-node=\"9\" data-index-in-node=\"0\">Gi\u00e1 ch\u1ec9: 450.000 VN\u0110 \/ Kh\u00e1ch<\/b><\/p>\n<p data-path-to-node=\"10\">S\u1ef1 k\u1ebft h\u1ee3p ho\u00e0n h\u1ea3o gi\u1eefa c\u00e1c nguy\u00ean li\u1ec7u cao c\u1ea5p, mang \u0111\u1ebfn s\u1ef1 c\u00e2n b\u1eb1ng tuy\u1ec7t \u0111\u1ed1i cho v\u1ecb gi\u00e1c:<\/p>\n<ul data-path-to-node=\"11\">\n<li>\n<p data-path-to-node=\"11,0,0\"><b data-path-to-node=\"11,0,0\" data-index-in-node=\"0\">Appetizer (Khai v\u1ecb):<\/b> Salad Caprese ki\u1ec3u \u00dd v\u1edbi s\u1ed1t gi\u1ea5m Balsamic thanh m\u00e1t.<\/p>\n<\/li>\n<li>\n<p data-path-to-node=\"11,1,0\"><b data-path-to-node=\"11,1,0\" data-index-in-node=\"0\">Soup (S\u00fap):<\/b> S\u00fap khoai t\u00e2y b\u00e9o ng\u1eady k\u1ebft h\u1ee3p c\u00f9ng th\u1ecbt x\u00f4ng kh\u00f3i v\u00e0 h\u1ea1t \u0111i\u1ec1u b\u00f9i th\u01a1m.<\/p>\n<\/li>\n<li>\n<p data-path-to-node=\"11,2,0\"><b data-path-to-node=\"11,2,0\" data-index-in-node=\"0\">Main Course (M\u00f3n ch\u00ednh):<\/b> \u1ee8c v\u1ecbt \u1ee7 kh\u00f4 \u0111\u00fat l\u00f2 m\u1ec1m m\u1ecdng, \u0103n k\u00e8m Puree c\u1ee7 d\u1ec1n v\u00e0 s\u1ed1t vang \u0111\u1ecf n\u1ed3ng n\u00e0n.<\/p>\n<\/li>\n<li>\n<p data-path-to-node=\"11,3,0\"><b data-path-to-node=\"11,3,0\" data-index-in-node=\"0\">Dessert (Tr\u00e1ng mi\u1ec7ng):<\/b> B\u00e1nh tr\u1ee9ng n\u01b0\u1edbng v\u1ecb chanh (Lemon Cr\u00e8me Br\u00fbl\u00e9e) tan ch\u1ea3y.<\/p>\n<\/li>\n<\/ul>\n<h3 data-path-to-node=\"12\">2. Ruby Symphony \u2013 B\u1ea3n Giao H\u01b0\u1edfng H\u1ed3ng Ng\u1ecdc<\/h3>\n<p data-path-to-node=\"13\"><b data-path-to-node=\"13\" data-index-in-node=\"0\">Gi\u00e1 ch\u1ec9: 500.000 VN\u0110 \/ Kh\u00e1ch<\/b><\/p>\n<p data-path-to-node=\"14\">D\u00e0nh cho nh\u1eefng t\u00e2m h\u1ed3n s\u00e0nh \u0103n y\u00eau th\u00edch s\u1ef1 \u0111\u1ed9t ph\u00e1 v\u00e0 \u0111\u1eb3ng c\u1ea5p:<\/p>\n<ul data-path-to-node=\"15\">\n<li>\n<p data-path-to-node=\"15,0,0\"><b data-path-to-node=\"15,0,0\" data-index-in-node=\"0\">Appetizer (Khai v\u1ecb):<\/b> Salad tr\u00e1i b\u01a1 rong nho k\u1ebft h\u1ee3p s\u1ed1t m\u1eadt ong m\u00f9 t\u1ea1t l\u1ea1 mi\u1ec7ng.<\/p>\n<\/li>\n<li>\n<p data-path-to-node=\"15,1,0\"><b data-path-to-node=\"15,1,0\" data-index-in-node=\"0\">Soup (S\u00fap):<\/b> S\u00fap b\u00ed \u0111\u1ecf s\u00e1nh m\u1ecbn c\u00f9ng t\u00f4m s\u00fa t\u01b0\u01a1i ngon v\u00e0 h\u1ea1t \u0111i\u1ec1u.<\/p>\n<\/li>\n<li>\n<p data-path-to-node=\"15,2,0\"><b data-path-to-node=\"15,2,0\" data-index-in-node=\"0\">Main Course (M\u00f3n ch\u00ednh):<\/b> B\u00f2 Fuji s\u1ed1t ti\u00eau th\u01b0\u1ee3ng h\u1ea1ng, d\u00f9ng k\u00e8m khoai t\u00e2y nghi\u1ec1n b\u1ecf l\u00f2 th\u01a1m ph\u1ee9c.<\/p>\n<\/li>\n<li>\n<p data-path-to-node=\"15,3,0\"><b data-path-to-node=\"15,3,0\" data-index-in-node=\"0\">Dessert (Tr\u00e1ng mi\u1ec7ng):<\/b> B\u00e1nh Panna Cotta m\u1ec1m m\u1ea1i th\u01b0\u1edfng th\u1ee9c c\u00f9ng tr\u00e0 d\u00e2u t\u1eb1m thanh khi\u1ebft.<\/p>\n<\/li>\n<\/ul>\n<hr data-path-to-node=\"16\" \/>\n<h2 data-path-to-node=\"17\">T\u1ea1i Sao N\u00ean Ch\u1ecdn Tr\u1ea3i Nghi\u1ec7m Set Menu T\u1ea1i Hy-Delight?<\/h2>\n<ul data-path-to-node=\"18\">\n<li>\n<p data-path-to-node=\"18,0,0\"><b data-path-to-node=\"18,0,0\" data-index-in-node=\"0\">V\u1ecb tr\u00ed \u0111\u1ed9c b\u1ea3n:<\/b> T\u1ecda l\u1ea1c t\u1ea1i <b data-path-to-node=\"18,0,0\" data-index-in-node=\"28\">t\u1ea7ng 41<\/b>, nh\u00e0 h\u00e0ng mang \u0111\u1ebfn kh\u00f4ng gian ng\u1eafm nh\u00ecn to\u00e0n c\u1ea3nh th\u00e0nh ph\u1ed1 v\u00e0 bi\u1ec3n Quy Nh\u01a1n t\u1eeb \u0111\u1ed9 cao \u1ea5n t\u01b0\u1ee3ng.<\/p>\n<\/li>\n<li>\n<p data-path-to-node=\"18,1,0\"><b data-path-to-node=\"18,1,0\" data-index-in-node=\"0\">Ti\u00eau chu\u1ea9n 5 sao:<\/b> T\u1eebng m\u00f3n \u0103n \u0111\u01b0\u1ee3c tr\u00ecnh b\u00e0y nh\u01b0 m\u1ed9t t\u00e1c ph\u1ea9m ngh\u1ec7 thu\u1eadt, ch\u1ebf bi\u1ebfn t\u1eeb ngu\u1ed3n nguy\u00ean li\u1ec7u tuy\u1ec3n ch\u1ecdn b\u1edfi \u0111\u1ed9i ng\u0169 \u0111\u1ea7u b\u1ebfp danh ti\u1ebfng.<\/p>\n<\/li>\n<li>\n<p data-path-to-node=\"18,2,0\"><b data-path-to-node=\"18,2,0\" data-index-in-node=\"0\">Kh\u00f4ng gian l\u00fd t\u01b0\u1edfng:<\/b> S\u1ef1 k\u1ebft h\u1ee3p gi\u1eefa \u00e1nh n\u1ebfn lung linh, \u00e2m nh\u1ea1c nh\u1eb9 nh\u00e0ng v\u00e0 ph\u1ee5c v\u1ee5 t\u1eadn t\u00e2m, t\u1ea1o n\u00ean nh\u1eefng kho\u1ea3nh kh\u1eafc \u0111\u00e1ng nh\u1edb.<\/p>\n<\/li>\n<\/ul>\n<hr data-path-to-node=\"19\" \/>\n<h2 data-path-to-node=\"20\">\u0110\u1eb7t B\u00e0n \u0110\u1ec3 T\u1eadn H\u01b0\u1edfng Kh\u00f4ng Gian L\u00e3ng M\u1ea1n<\/h2>\n<p data-path-to-node=\"21\">H\u00e3y \u0111\u1ec3 <b data-path-to-node=\"21\" data-index-in-node=\"7\">Grand Hyams Hotel<\/b> chu\u1ea9n b\u1ecb cho b\u1ea1n m\u1ed9t bu\u1ed5i t\u1ed1i tr\u1ecdn v\u1eb9n v\u00e0 \u0111\u1ea7y c\u1ea3m x\u00fac.<\/p>\n<ul data-path-to-node=\"22\">\n<li>\n<p data-path-to-node=\"22,0,0\"><b data-path-to-node=\"22,0,0\" data-index-in-node=\"0\">\u0110\u1ecba ch\u1ec9:<\/b> 28 Nguy\u1ec5n Hu\u1ec7, Ph\u01b0\u1eddng Quy Nh\u01a1n, Gia Lai, Vi\u1ec7t Nam<\/p>\n<\/li>\n<li>\n<p data-path-to-node=\"22,1,0\"><b data-path-to-node=\"22,1,0\" data-index-in-node=\"0\">Hotline t\u01b0 v\u1ea5n &amp; \u0110\u1eb7t b\u00e0n:<\/b> 0256 390 6666<\/p>\n<\/li>\n<li>\n<p data-path-to-node=\"22,2,0\"><a href=\"https:\/\/www.facebook.com\/grandhyamshotelquynhonbeach\"><b>\u0110\u1eb6T NGAY<\/b><\/a><\/p>\n<\/li>\n<\/ul>\n","protected":false},"excerpt":{"rendered":"<p>Th\u01b0\u1edfng th\u1ee9c b\u1ea3n giao h\u01b0\u1edfng v\u1ecb gi\u00e1c \u0111\u1ea7y m\u00ea ho\u1eb7c t\u1ea1i t\u1ea7ng 41 c\u1ee7a Grand Hyams Hotel \u2013 n\u01a1i ngh\u1ec7 thu\u1eadt \u1ea9m th\u1ef1c h\u00f2a quy\u1ec7n c\u00f9ng t\u1ea7m nh\u00ecn \u00f4m tr\u1ecdn v\u1ecbnh bi\u1ec3n Quy Nh\u01a1n. N\u1ebfu b\u1ea1n \u0111ang t\u00ecm ki\u1ebfm m\u1ed9t kh\u00f4ng gian l\u00e3ng m\u1ea1n cho bu\u1ed5i h\u1eb9n h\u00f2, hay m\u1ed9t b\u1eefa ti\u1ec7c k\u1ef7 ni\u1ec7m \u1ea5m [&hellip;]<\/p>\n","protected":false},"author":368,"featured_media":4174,"parent":310,"menu_order":3,"comment_status":"closed","ping_status":"closed","template":"template-default-4.php","meta":{"footnotes":""},"acf":[],"yoast_head":"<!-- This site is optimized with the Yoast SEO plugin v22.3 - https:\/\/yoast.com\/wordpress\/plugins\/seo\/ -->\n<title>Set Menu \u0110\u1eb3ng C\u1ea5p T\u1ea1i Hy-Delight - Grand Hyams Hotel<\/title>\n<meta name=\"robots\" content=\"index, follow, max-snippet:-1, max-image-preview:large, max-video-preview:-1\" \/>\n<link rel=\"canonical\" href=\"https:\/\/www.grandhyamshotel.com\/vi\/special-offers\/set-menu-private\/\" \/>\n<meta property=\"og:locale\" content=\"vi_VN\" \/>\n<meta property=\"og:type\" content=\"article\" \/>\n<meta property=\"og:title\" content=\"Set Menu \u0110\u1eb3ng C\u1ea5p T\u1ea1i Hy-Delight - Grand Hyams Hotel\" \/>\n<meta property=\"og:description\" content=\"Th\u01b0\u1edfng th\u1ee9c b\u1ea3n giao h\u01b0\u1edfng v\u1ecb gi\u00e1c \u0111\u1ea7y m\u00ea ho\u1eb7c t\u1ea1i t\u1ea7ng 41 c\u1ee7a Grand Hyams Hotel \u2013 n\u01a1i ngh\u1ec7 thu\u1eadt \u1ea9m th\u1ef1c h\u00f2a quy\u1ec7n c\u00f9ng t\u1ea7m nh\u00ecn \u00f4m tr\u1ecdn v\u1ecbnh bi\u1ec3n Quy Nh\u01a1n. N\u1ebfu b\u1ea1n \u0111ang t\u00ecm ki\u1ebfm m\u1ed9t kh\u00f4ng gian l\u00e3ng m\u1ea1n cho bu\u1ed5i h\u1eb9n h\u00f2, hay m\u1ed9t b\u1eefa ti\u1ec7c k\u1ef7 ni\u1ec7m \u1ea5m [&hellip;]\" \/>\n<meta property=\"og:url\" content=\"https:\/\/www.grandhyamshotel.com\/vi\/special-offers\/set-menu-private\/\" \/>\n<meta property=\"og:site_name\" content=\"Grand Hyams Hotel\" \/>\n<meta property=\"article:modified_time\" content=\"2026-03-09T09:01:14+00:00\" \/>\n<meta property=\"og:image\" content=\"https:\/\/www.grandhyamshotel.com\/wp-content\/uploads\/sites\/264\/2026\/03\/set-menu-2.png\" \/>\n\t<meta property=\"og:image:width\" content=\"1200\" \/>\n\t<meta property=\"og:image:height\" content=\"1201\" \/>\n\t<meta property=\"og:image:type\" content=\"image\/png\" \/>\n<meta name=\"twitter:card\" content=\"summary_large_image\" \/>\n<meta name=\"twitter:label1\" content=\"Est. reading time\" \/>\n\t<meta name=\"twitter:data1\" content=\"3 minutes\" \/>\n<script type=\"application\/ld+json\" class=\"yoast-schema-graph\">{\"@context\":\"https:\/\/schema.org\",\"@graph\":[{\"@type\":\"WebPage\",\"@id\":\"https:\/\/www.grandhyamshotel.com\/vi\/special-offers\/set-menu-private\/\",\"url\":\"https:\/\/www.grandhyamshotel.com\/vi\/special-offers\/set-menu-private\/\",\"name\":\"Set Menu \u0110\u1eb3ng C\u1ea5p T\u1ea1i Hy-Delight - Grand Hyams Hotel\",\"isPartOf\":{\"@id\":\"https:\/\/www.grandhyamshotel.com\/vi\/#website\"},\"primaryImageOfPage\":{\"@id\":\"https:\/\/www.grandhyamshotel.com\/vi\/special-offers\/set-menu-private\/#primaryimage\"},\"image\":{\"@id\":\"https:\/\/www.grandhyamshotel.com\/vi\/special-offers\/set-menu-private\/#primaryimage\"},\"thumbnailUrl\":\"https:\/\/www.grandhyamshotel.com\/wp-content\/uploads\/sites\/264\/2026\/03\/set-menu-2.png\",\"datePublished\":\"2023-01-27T09:44:49+00:00\",\"dateModified\":\"2026-03-09T09:01:14+00:00\",\"breadcrumb\":{\"@id\":\"https:\/\/www.grandhyamshotel.com\/vi\/special-offers\/set-menu-private\/#breadcrumb\"},\"inLanguage\":\"vi-VN\",\"potentialAction\":[{\"@type\":\"ReadAction\",\"target\":[\"https:\/\/www.grandhyamshotel.com\/vi\/special-offers\/set-menu-private\/\"]}]},{\"@type\":\"ImageObject\",\"inLanguage\":\"vi-VN\",\"@id\":\"https:\/\/www.grandhyamshotel.com\/vi\/special-offers\/set-menu-private\/#primaryimage\",\"url\":\"https:\/\/www.grandhyamshotel.com\/wp-content\/uploads\/sites\/264\/2026\/03\/set-menu-2.png\",\"contentUrl\":\"https:\/\/www.grandhyamshotel.com\/wp-content\/uploads\/sites\/264\/2026\/03\/set-menu-2.png\",\"width\":1200,\"height\":1201},{\"@type\":\"BreadcrumbList\",\"@id\":\"https:\/\/www.grandhyamshotel.com\/vi\/special-offers\/set-menu-private\/#breadcrumb\",\"itemListElement\":[{\"@type\":\"ListItem\",\"position\":1,\"name\":\"Home\",\"item\":\"https:\/\/www.grandhyamshotel.com\/vi\/\"},{\"@type\":\"ListItem\",\"position\":2,\"name\":\"\u01afu \u0110\u00e3i \u0110\u1eb7c Bi\u1ec7t\",\"item\":\"https:\/\/www.grandhyamshotel.com\/vi\/special-offers\/\"},{\"@type\":\"ListItem\",\"position\":3,\"name\":\"Set Menu \u0110\u1eb3ng C\u1ea5p T\u1ea1i Hy-Delight\"}]},{\"@type\":\"WebSite\",\"@id\":\"https:\/\/www.grandhyamshotel.com\/vi\/#website\",\"url\":\"https:\/\/www.grandhyamshotel.com\/vi\/\",\"name\":\"Grand Hyams Hotel\",\"description\":\"\",\"potentialAction\":[{\"@type\":\"SearchAction\",\"target\":{\"@type\":\"EntryPoint\",\"urlTemplate\":\"https:\/\/www.grandhyamshotel.com\/vi\/?s={search_term_string}\"},\"query-input\":\"required name=search_term_string\"}],\"inLanguage\":\"vi-VN\"}]}<\/script>\n<!-- \/ Yoast SEO plugin. -->","yoast_head_json":{"title":"Set Menu \u0110\u1eb3ng C\u1ea5p T\u1ea1i Hy-Delight - Grand Hyams Hotel","robots":{"index":"index","follow":"follow","max-snippet":"max-snippet:-1","max-image-preview":"max-image-preview:large","max-video-preview":"max-video-preview:-1"},"canonical":"https:\/\/www.grandhyamshotel.com\/vi\/special-offers\/set-menu-private\/","og_locale":"vi_VN","og_type":"article","og_title":"Set Menu \u0110\u1eb3ng C\u1ea5p T\u1ea1i Hy-Delight - Grand Hyams Hotel","og_description":"Th\u01b0\u1edfng th\u1ee9c b\u1ea3n giao h\u01b0\u1edfng v\u1ecb gi\u00e1c \u0111\u1ea7y m\u00ea ho\u1eb7c t\u1ea1i t\u1ea7ng 41 c\u1ee7a Grand Hyams Hotel \u2013 n\u01a1i ngh\u1ec7 thu\u1eadt \u1ea9m th\u1ef1c h\u00f2a quy\u1ec7n c\u00f9ng t\u1ea7m nh\u00ecn \u00f4m tr\u1ecdn v\u1ecbnh bi\u1ec3n Quy Nh\u01a1n. N\u1ebfu b\u1ea1n \u0111ang t\u00ecm ki\u1ebfm m\u1ed9t kh\u00f4ng gian l\u00e3ng m\u1ea1n cho bu\u1ed5i h\u1eb9n h\u00f2, hay m\u1ed9t b\u1eefa ti\u1ec7c k\u1ef7 ni\u1ec7m \u1ea5m [&hellip;]","og_url":"https:\/\/www.grandhyamshotel.com\/vi\/special-offers\/set-menu-private\/","og_site_name":"Grand Hyams Hotel","article_modified_time":"2026-03-09T09:01:14+00:00","og_image":[{"width":1200,"height":1201,"url":"https:\/\/www.grandhyamshotel.com\/wp-content\/uploads\/sites\/264\/2026\/03\/set-menu-2.png","type":"image\/png"}],"twitter_card":"summary_large_image","twitter_misc":{"Est. reading time":"3 minutes"},"schema":{"@context":"https:\/\/schema.org","@graph":[{"@type":"WebPage","@id":"https:\/\/www.grandhyamshotel.com\/vi\/special-offers\/set-menu-private\/","url":"https:\/\/www.grandhyamshotel.com\/vi\/special-offers\/set-menu-private\/","name":"Set Menu \u0110\u1eb3ng C\u1ea5p T\u1ea1i Hy-Delight - Grand Hyams Hotel","isPartOf":{"@id":"https:\/\/www.grandhyamshotel.com\/vi\/#website"},"primaryImageOfPage":{"@id":"https:\/\/www.grandhyamshotel.com\/vi\/special-offers\/set-menu-private\/#primaryimage"},"image":{"@id":"https:\/\/www.grandhyamshotel.com\/vi\/special-offers\/set-menu-private\/#primaryimage"},"thumbnailUrl":"https:\/\/www.grandhyamshotel.com\/wp-content\/uploads\/sites\/264\/2026\/03\/set-menu-2.png","datePublished":"2023-01-27T09:44:49+00:00","dateModified":"2026-03-09T09:01:14+00:00","breadcrumb":{"@id":"https:\/\/www.grandhyamshotel.com\/vi\/special-offers\/set-menu-private\/#breadcrumb"},"inLanguage":"vi-VN","potentialAction":[{"@type":"ReadAction","target":["https:\/\/www.grandhyamshotel.com\/vi\/special-offers\/set-menu-private\/"]}]},{"@type":"ImageObject","inLanguage":"vi-VN","@id":"https:\/\/www.grandhyamshotel.com\/vi\/special-offers\/set-menu-private\/#primaryimage","url":"https:\/\/www.grandhyamshotel.com\/wp-content\/uploads\/sites\/264\/2026\/03\/set-menu-2.png","contentUrl":"https:\/\/www.grandhyamshotel.com\/wp-content\/uploads\/sites\/264\/2026\/03\/set-menu-2.png","width":1200,"height":1201},{"@type":"BreadcrumbList","@id":"https:\/\/www.grandhyamshotel.com\/vi\/special-offers\/set-menu-private\/#breadcrumb","itemListElement":[{"@type":"ListItem","position":1,"name":"Home","item":"https:\/\/www.grandhyamshotel.com\/vi\/"},{"@type":"ListItem","position":2,"name":"\u01afu \u0110\u00e3i \u0110\u1eb7c Bi\u1ec7t","item":"https:\/\/www.grandhyamshotel.com\/vi\/special-offers\/"},{"@type":"ListItem","position":3,"name":"Set Menu \u0110\u1eb3ng C\u1ea5p T\u1ea1i Hy-Delight"}]},{"@type":"WebSite","@id":"https:\/\/www.grandhyamshotel.com\/vi\/#website","url":"https:\/\/www.grandhyamshotel.com\/vi\/","name":"Grand Hyams Hotel","description":"","potentialAction":[{"@type":"SearchAction","target":{"@type":"EntryPoint","urlTemplate":"https:\/\/www.grandhyamshotel.com\/vi\/?s={search_term_string}"},"query-input":"required name=search_term_string"}],"inLanguage":"vi-VN"}]}},"_links":{"self":[{"href":"https:\/\/www.grandhyamshotel.com\/vi\/wp-json\/wp\/v2\/pages\/574"}],"collection":[{"href":"https:\/\/www.grandhyamshotel.com\/vi\/wp-json\/wp\/v2\/pages"}],"about":[{"href":"https:\/\/www.grandhyamshotel.com\/vi\/wp-json\/wp\/v2\/types\/page"}],"author":[{"embeddable":true,"href":"https:\/\/www.grandhyamshotel.com\/vi\/wp-json\/wp\/v2\/users\/368"}],"replies":[{"embeddable":true,"href":"https:\/\/www.grandhyamshotel.com\/vi\/wp-json\/wp\/v2\/comments?post=574"}],"version-history":[{"count":2,"href":"https:\/\/www.grandhyamshotel.com\/vi\/wp-json\/wp\/v2\/pages\/574\/revisions"}],"predecessor-version":[{"id":4177,"href":"https:\/\/www.grandhyamshotel.com\/vi\/wp-json\/wp\/v2\/pages\/574\/revisions\/4177"}],"up":[{"embeddable":true,"href":"https:\/\/www.grandhyamshotel.com\/vi\/wp-json\/wp\/v2\/pages\/310"}],"wp:featuredmedia":[{"embeddable":true,"href":"https:\/\/www.grandhyamshotel.com\/vi\/wp-json\/wp\/v2\/media\/4174"}],"wp:attachment":[{"href":"https:\/\/www.grandhyamshotel.com\/vi\/wp-json\/wp\/v2\/media?parent=574"}],"curies":[{"name":"wp","href":"https:\/\/api.w.org\/{rel}","templated":true}]}}