{"id":698,"date":"2023-02-22T09:21:25","date_gmt":"2023-02-22T09:21:25","guid":{"rendered":"https:\/\/www.grandhyamshotel.com\/wellness\/hy-halona-wellness\/"},"modified":"2024-07-08T08:59:18","modified_gmt":"2024-07-08T08:59:18","slug":"hy-halona-wellness","status":"publish","type":"page","link":"https:\/\/www.grandhyamshotel.com\/vi\/wellness\/hy-halona-wellness\/","title":{"rendered":"Hy Halona Wellness"},"content":{"rendered":"<p>Chu\u0301ng to\u0302i ta\u0323o ra nh\u01b0\u0303ng li\u1eb9\u0302u tri\u0300nh cha\u0306m so\u0301c s\u01b0\u0301c kho\u0309e \u0111\u1ecd\u0302c \u0111a\u0301o vu\u031b\u01a1\u0323t ngoa\u0300i ca\u0301c phu\u031bo\u031bng pha\u0301p tr\u1ecb li\u1ec7u spa th\u00f4ng th\u01b0\u1eddng v\u00e0 \u0111u\u031b\u01a1\u0323c thi\u00ea\u0301t k\u00ea\u0301 \u0111\u00ea\u0309 gia\u0309m b\u01a1\u0301t ca\u0306ng th\u0103\u0309ng ha\u0300ng nga\u0300y. Mang \u0111\u1ebfn tra\u0309i nghi\u1eb9\u0302m thu\u031b gia\u0303n hoa\u0300n toa\u0300n m\u01a1\u0301i me\u0309, du kh\u00e1ch c\u00f3 th\u1ec3 t\u1eadn h\u01b0\u1edfng li\u1ec7u tr\u00ecnh spa tr\u1ecdn g\u00f3i h\u1eb1ng ng\u00e0y khi \u0111\u00e3 \u0111\u01b0\u1ee3c bao g\u1ed3m trong gi\u00e1 ph\u00f2ng.<\/p>\n<div id=\"eJOY__extension_root\" class=\"eJOY__extension_root_class\"><\/div>\n","protected":false},"excerpt":{"rendered":"<p>Chu\u0301ng to\u0302i ta\u0323o ra nh\u01b0\u0303ng li\u1eb9\u0302u tri\u0300nh cha\u0306m so\u0301c s\u01b0\u0301c kho\u0309e \u0111\u1ecd\u0302c \u0111a\u0301o vu\u031b\u01a1\u0323t ngoa\u0300i ca\u0301c phu\u031bo\u031bng pha\u0301p tr\u1ecb li\u1ec7u spa th\u00f4ng th\u01b0\u1eddng v\u00e0 \u0111u\u031b\u01a1\u0323c thi\u00ea\u0301t k\u00ea\u0301 \u0111\u00ea\u0309 gia\u0309m b\u01a1\u0301t ca\u0306ng th\u0103\u0309ng ha\u0300ng nga\u0300y. Mang \u0111\u1ebfn tra\u0309i nghi\u1eb9\u0302m thu\u031b gia\u0303n hoa\u0300n toa\u0300n m\u01a1\u0301i me\u0309, du kh\u00e1ch c\u00f3 th\u1ec3 t\u1eadn h\u01b0\u1edfng li\u1ec7u tr\u00ecnh spa tr\u1ecdn g\u00f3i [&hellip;]<\/p>\n","protected":false},"author":368,"featured_media":2421,"parent":332,"menu_order":0,"comment_status":"closed","ping_status":"closed","template":"template-default-3.php","meta":{"footnotes":""},"acf":[],"yoast_head":"<!-- This site is optimized with the Yoast SEO plugin v22.3 - https:\/\/yoast.com\/wordpress\/plugins\/seo\/ -->\n<title>Hy Halona Wellness - Grand Hyams Hotel<\/title>\n<meta name=\"description\" content=\"nh\u01b0\u0303ng li\u1eb9\u0302u tri\u0300nh cha\u0306m so\u0301c s\u01b0\u0301c kho\u0309e \u0111\u1ecd\u0302c \u0111a\u0301o vu\u031b\u01a1\u0323t ngoa\u0300i ca\u0301c phu\u031bo\u031bng pha\u0301p tr\u1ecb li\u1ec7u spa th\u00f4ng th\u01b0\u1eddng v\u00e0 \u0111u\u031b\u01a1\u0323c thi\u00ea\u0301t k\u00ea\u0301 \u0111\u00ea\u0309 gia\u0309m b\u01a1\u0301t ca\u0306ng th\u0103\u0309ng ha\u0300ng nga\u0300y. Mang \u0111\u1ebfn tra\u0309i nghi\u1eb9\u0302m thu\u031b gia\u0303n hoa\u0300n toa\u0300n m\u01a1\u0301i me\u0309, du kh\u00e1ch c\u00f3 th\u1ec3 t\u1eadn h\u01b0\u1edfng li\u1ec7u tr\u00ecnh spa tr\u1ecdn g\u00f3i h\u1eb1ng ng\u00e0y khi \u0111\u00e3 \u0111\u01b0\u1ee3c bao g\u1ed3m trong gi\u00e1 ph\u00f2ng.\" \/>\n<meta name=\"robots\" content=\"index, follow, max-snippet:-1, max-image-preview:large, max-video-preview:-1\" \/>\n<link rel=\"canonical\" href=\"https:\/\/www.grandhyamshotel.com\/vi\/wellness\/hy-halona-wellness\/\" \/>\n<meta property=\"og:locale\" content=\"vi_VN\" \/>\n<meta property=\"og:type\" content=\"article\" \/>\n<meta property=\"og:title\" content=\"Hy Halona Wellness - Grand Hyams Hotel\" \/>\n<meta property=\"og:description\" content=\"nh\u01b0\u0303ng li\u1eb9\u0302u tri\u0300nh cha\u0306m so\u0301c s\u01b0\u0301c kho\u0309e \u0111\u1ecd\u0302c \u0111a\u0301o vu\u031b\u01a1\u0323t ngoa\u0300i ca\u0301c phu\u031bo\u031bng pha\u0301p tr\u1ecb li\u1ec7u spa th\u00f4ng th\u01b0\u1eddng v\u00e0 \u0111u\u031b\u01a1\u0323c thi\u00ea\u0301t k\u00ea\u0301 \u0111\u00ea\u0309 gia\u0309m b\u01a1\u0301t ca\u0306ng th\u0103\u0309ng ha\u0300ng nga\u0300y. Mang \u0111\u1ebfn tra\u0309i nghi\u1eb9\u0302m thu\u031b gia\u0303n hoa\u0300n toa\u0300n m\u01a1\u0301i me\u0309, du kh\u00e1ch c\u00f3 th\u1ec3 t\u1eadn h\u01b0\u1edfng li\u1ec7u tr\u00ecnh spa tr\u1ecdn g\u00f3i h\u1eb1ng ng\u00e0y khi \u0111\u00e3 \u0111\u01b0\u1ee3c bao g\u1ed3m trong gi\u00e1 ph\u00f2ng.\" \/>\n<meta property=\"og:url\" content=\"https:\/\/www.grandhyamshotel.com\/vi\/wellness\/hy-halona-wellness\/\" \/>\n<meta property=\"og:site_name\" content=\"Grand Hyams Hotel\" \/>\n<meta property=\"article:modified_time\" content=\"2024-07-08T08:59:18+00:00\" \/>\n<meta property=\"og:image\" content=\"https:\/\/www.grandhyamshotel.com\/wp-content\/uploads\/sites\/264\/2024\/07\/Teaser-30s.00_05_52_21.Still038-1024x540.png\" \/>\n\t<meta property=\"og:image:width\" content=\"1024\" \/>\n\t<meta property=\"og:image:height\" content=\"540\" \/>\n\t<meta property=\"og:image:type\" content=\"image\/png\" \/>\n<meta name=\"twitter:card\" content=\"summary_large_image\" \/>\n<meta name=\"twitter:label1\" content=\"Est. reading time\" \/>\n\t<meta name=\"twitter:data1\" content=\"1 minute\" \/>\n<script type=\"application\/ld+json\" class=\"yoast-schema-graph\">{\"@context\":\"https:\/\/schema.org\",\"@graph\":[{\"@type\":\"WebPage\",\"@id\":\"https:\/\/www.grandhyamshotel.com\/vi\/wellness\/hy-halona-wellness\/\",\"url\":\"https:\/\/www.grandhyamshotel.com\/vi\/wellness\/hy-halona-wellness\/\",\"name\":\"Hy Halona Wellness - Grand Hyams Hotel\",\"isPartOf\":{\"@id\":\"https:\/\/www.grandhyamshotel.com\/vi\/#website\"},\"primaryImageOfPage\":{\"@id\":\"https:\/\/www.grandhyamshotel.com\/vi\/wellness\/hy-halona-wellness\/#primaryimage\"},\"image\":{\"@id\":\"https:\/\/www.grandhyamshotel.com\/vi\/wellness\/hy-halona-wellness\/#primaryimage\"},\"thumbnailUrl\":\"https:\/\/www.grandhyamshotel.com\/wp-content\/uploads\/sites\/264\/2024\/07\/Teaser-30s.00_05_52_21.Still038.png\",\"datePublished\":\"2023-02-22T09:21:25+00:00\",\"dateModified\":\"2024-07-08T08:59:18+00:00\",\"description\":\"nh\u01b0\u0303ng li\u1eb9\u0302u tri\u0300nh cha\u0306m so\u0301c s\u01b0\u0301c kho\u0309e \u0111\u1ecd\u0302c \u0111a\u0301o vu\u031b\u01a1\u0323t ngoa\u0300i ca\u0301c phu\u031bo\u031bng pha\u0301p tr\u1ecb li\u1ec7u spa th\u00f4ng th\u01b0\u1eddng v\u00e0 \u0111u\u031b\u01a1\u0323c thi\u00ea\u0301t k\u00ea\u0301 \u0111\u00ea\u0309 gia\u0309m b\u01a1\u0301t ca\u0306ng th\u0103\u0309ng ha\u0300ng nga\u0300y. Mang \u0111\u1ebfn tra\u0309i nghi\u1eb9\u0302m thu\u031b gia\u0303n hoa\u0300n toa\u0300n m\u01a1\u0301i me\u0309, du kh\u00e1ch c\u00f3 th\u1ec3 t\u1eadn h\u01b0\u1edfng li\u1ec7u tr\u00ecnh spa tr\u1ecdn g\u00f3i h\u1eb1ng ng\u00e0y khi \u0111\u00e3 \u0111\u01b0\u1ee3c bao g\u1ed3m trong gi\u00e1 ph\u00f2ng.\",\"breadcrumb\":{\"@id\":\"https:\/\/www.grandhyamshotel.com\/vi\/wellness\/hy-halona-wellness\/#breadcrumb\"},\"inLanguage\":\"vi-VN\",\"potentialAction\":[{\"@type\":\"ReadAction\",\"target\":[\"https:\/\/www.grandhyamshotel.com\/vi\/wellness\/hy-halona-wellness\/\"]}]},{\"@type\":\"ImageObject\",\"inLanguage\":\"vi-VN\",\"@id\":\"https:\/\/www.grandhyamshotel.com\/vi\/wellness\/hy-halona-wellness\/#primaryimage\",\"url\":\"https:\/\/www.grandhyamshotel.com\/wp-content\/uploads\/sites\/264\/2024\/07\/Teaser-30s.00_05_52_21.Still038.png\",\"contentUrl\":\"https:\/\/www.grandhyamshotel.com\/wp-content\/uploads\/sites\/264\/2024\/07\/Teaser-30s.00_05_52_21.Still038.png\",\"width\":2200,\"height\":1160},{\"@type\":\"BreadcrumbList\",\"@id\":\"https:\/\/www.grandhyamshotel.com\/vi\/wellness\/hy-halona-wellness\/#breadcrumb\",\"itemListElement\":[{\"@type\":\"ListItem\",\"position\":1,\"name\":\"Home\",\"item\":\"https:\/\/www.grandhyamshotel.com\/vi\/\"},{\"@type\":\"ListItem\",\"position\":2,\"name\":\"S\u1ee9c Kh\u1ecfe\",\"item\":\"https:\/\/www.grandhyamshotel.com\/vi\/wellness\/\"},{\"@type\":\"ListItem\",\"position\":3,\"name\":\"Hy Halona Wellness\"}]},{\"@type\":\"WebSite\",\"@id\":\"https:\/\/www.grandhyamshotel.com\/vi\/#website\",\"url\":\"https:\/\/www.grandhyamshotel.com\/vi\/\",\"name\":\"Grand Hyams Hotel\",\"description\":\"\",\"potentialAction\":[{\"@type\":\"SearchAction\",\"target\":{\"@type\":\"EntryPoint\",\"urlTemplate\":\"https:\/\/www.grandhyamshotel.com\/vi\/?s={search_term_string}\"},\"query-input\":\"required name=search_term_string\"}],\"inLanguage\":\"vi-VN\"}]}<\/script>\n<!-- \/ Yoast SEO plugin. -->","yoast_head_json":{"title":"Hy Halona Wellness - Grand Hyams Hotel","description":"nh\u01b0\u0303ng li\u1eb9\u0302u tri\u0300nh cha\u0306m so\u0301c s\u01b0\u0301c kho\u0309e \u0111\u1ecd\u0302c \u0111a\u0301o vu\u031b\u01a1\u0323t ngoa\u0300i ca\u0301c phu\u031bo\u031bng pha\u0301p tr\u1ecb li\u1ec7u spa th\u00f4ng th\u01b0\u1eddng v\u00e0 \u0111u\u031b\u01a1\u0323c thi\u00ea\u0301t k\u00ea\u0301 \u0111\u00ea\u0309 gia\u0309m b\u01a1\u0301t ca\u0306ng th\u0103\u0309ng ha\u0300ng nga\u0300y. Mang \u0111\u1ebfn tra\u0309i nghi\u1eb9\u0302m thu\u031b gia\u0303n hoa\u0300n toa\u0300n m\u01a1\u0301i me\u0309, du kh\u00e1ch c\u00f3 th\u1ec3 t\u1eadn h\u01b0\u1edfng li\u1ec7u tr\u00ecnh spa tr\u1ecdn g\u00f3i h\u1eb1ng ng\u00e0y khi \u0111\u00e3 \u0111\u01b0\u1ee3c bao g\u1ed3m trong gi\u00e1 ph\u00f2ng.","robots":{"index":"index","follow":"follow","max-snippet":"max-snippet:-1","max-image-preview":"max-image-preview:large","max-video-preview":"max-video-preview:-1"},"canonical":"https:\/\/www.grandhyamshotel.com\/vi\/wellness\/hy-halona-wellness\/","og_locale":"vi_VN","og_type":"article","og_title":"Hy Halona Wellness - Grand Hyams Hotel","og_description":"nh\u01b0\u0303ng li\u1eb9\u0302u tri\u0300nh cha\u0306m so\u0301c s\u01b0\u0301c kho\u0309e \u0111\u1ecd\u0302c \u0111a\u0301o vu\u031b\u01a1\u0323t ngoa\u0300i ca\u0301c phu\u031bo\u031bng pha\u0301p tr\u1ecb li\u1ec7u spa th\u00f4ng th\u01b0\u1eddng v\u00e0 \u0111u\u031b\u01a1\u0323c thi\u00ea\u0301t k\u00ea\u0301 \u0111\u00ea\u0309 gia\u0309m b\u01a1\u0301t ca\u0306ng th\u0103\u0309ng ha\u0300ng nga\u0300y. Mang \u0111\u1ebfn tra\u0309i nghi\u1eb9\u0302m thu\u031b gia\u0303n hoa\u0300n toa\u0300n m\u01a1\u0301i me\u0309, du kh\u00e1ch c\u00f3 th\u1ec3 t\u1eadn h\u01b0\u1edfng li\u1ec7u tr\u00ecnh spa tr\u1ecdn g\u00f3i h\u1eb1ng ng\u00e0y khi \u0111\u00e3 \u0111\u01b0\u1ee3c bao g\u1ed3m trong gi\u00e1 ph\u00f2ng.","og_url":"https:\/\/www.grandhyamshotel.com\/vi\/wellness\/hy-halona-wellness\/","og_site_name":"Grand Hyams Hotel","article_modified_time":"2024-07-08T08:59:18+00:00","og_image":[{"width":1024,"height":540,"url":"https:\/\/www.grandhyamshotel.com\/wp-content\/uploads\/sites\/264\/2024\/07\/Teaser-30s.00_05_52_21.Still038-1024x540.png","type":"image\/png"}],"twitter_card":"summary_large_image","twitter_misc":{"Est. reading time":"1 minute"},"schema":{"@context":"https:\/\/schema.org","@graph":[{"@type":"WebPage","@id":"https:\/\/www.grandhyamshotel.com\/vi\/wellness\/hy-halona-wellness\/","url":"https:\/\/www.grandhyamshotel.com\/vi\/wellness\/hy-halona-wellness\/","name":"Hy Halona Wellness - Grand Hyams Hotel","isPartOf":{"@id":"https:\/\/www.grandhyamshotel.com\/vi\/#website"},"primaryImageOfPage":{"@id":"https:\/\/www.grandhyamshotel.com\/vi\/wellness\/hy-halona-wellness\/#primaryimage"},"image":{"@id":"https:\/\/www.grandhyamshotel.com\/vi\/wellness\/hy-halona-wellness\/#primaryimage"},"thumbnailUrl":"https:\/\/www.grandhyamshotel.com\/wp-content\/uploads\/sites\/264\/2024\/07\/Teaser-30s.00_05_52_21.Still038.png","datePublished":"2023-02-22T09:21:25+00:00","dateModified":"2024-07-08T08:59:18+00:00","description":"nh\u01b0\u0303ng li\u1eb9\u0302u tri\u0300nh cha\u0306m so\u0301c s\u01b0\u0301c kho\u0309e \u0111\u1ecd\u0302c \u0111a\u0301o vu\u031b\u01a1\u0323t ngoa\u0300i ca\u0301c phu\u031bo\u031bng pha\u0301p tr\u1ecb li\u1ec7u spa th\u00f4ng th\u01b0\u1eddng v\u00e0 \u0111u\u031b\u01a1\u0323c thi\u00ea\u0301t k\u00ea\u0301 \u0111\u00ea\u0309 gia\u0309m b\u01a1\u0301t ca\u0306ng th\u0103\u0309ng ha\u0300ng nga\u0300y. Mang \u0111\u1ebfn tra\u0309i nghi\u1eb9\u0302m thu\u031b gia\u0303n hoa\u0300n toa\u0300n m\u01a1\u0301i me\u0309, du kh\u00e1ch c\u00f3 th\u1ec3 t\u1eadn h\u01b0\u1edfng li\u1ec7u tr\u00ecnh spa tr\u1ecdn g\u00f3i h\u1eb1ng ng\u00e0y khi \u0111\u00e3 \u0111\u01b0\u1ee3c bao g\u1ed3m trong gi\u00e1 ph\u00f2ng.","breadcrumb":{"@id":"https:\/\/www.grandhyamshotel.com\/vi\/wellness\/hy-halona-wellness\/#breadcrumb"},"inLanguage":"vi-VN","potentialAction":[{"@type":"ReadAction","target":["https:\/\/www.grandhyamshotel.com\/vi\/wellness\/hy-halona-wellness\/"]}]},{"@type":"ImageObject","inLanguage":"vi-VN","@id":"https:\/\/www.grandhyamshotel.com\/vi\/wellness\/hy-halona-wellness\/#primaryimage","url":"https:\/\/www.grandhyamshotel.com\/wp-content\/uploads\/sites\/264\/2024\/07\/Teaser-30s.00_05_52_21.Still038.png","contentUrl":"https:\/\/www.grandhyamshotel.com\/wp-content\/uploads\/sites\/264\/2024\/07\/Teaser-30s.00_05_52_21.Still038.png","width":2200,"height":1160},{"@type":"BreadcrumbList","@id":"https:\/\/www.grandhyamshotel.com\/vi\/wellness\/hy-halona-wellness\/#breadcrumb","itemListElement":[{"@type":"ListItem","position":1,"name":"Home","item":"https:\/\/www.grandhyamshotel.com\/vi\/"},{"@type":"ListItem","position":2,"name":"S\u1ee9c Kh\u1ecfe","item":"https:\/\/www.grandhyamshotel.com\/vi\/wellness\/"},{"@type":"ListItem","position":3,"name":"Hy Halona Wellness"}]},{"@type":"WebSite","@id":"https:\/\/www.grandhyamshotel.com\/vi\/#website","url":"https:\/\/www.grandhyamshotel.com\/vi\/","name":"Grand Hyams Hotel","description":"","potentialAction":[{"@type":"SearchAction","target":{"@type":"EntryPoint","urlTemplate":"https:\/\/www.grandhyamshotel.com\/vi\/?s={search_term_string}"},"query-input":"required name=search_term_string"}],"inLanguage":"vi-VN"}]}},"_links":{"self":[{"href":"https:\/\/www.grandhyamshotel.com\/vi\/wp-json\/wp\/v2\/pages\/698"}],"collection":[{"href":"https:\/\/www.grandhyamshotel.com\/vi\/wp-json\/wp\/v2\/pages"}],"about":[{"href":"https:\/\/www.grandhyamshotel.com\/vi\/wp-json\/wp\/v2\/types\/page"}],"author":[{"embeddable":true,"href":"https:\/\/www.grandhyamshotel.com\/vi\/wp-json\/wp\/v2\/users\/368"}],"replies":[{"embeddable":true,"href":"https:\/\/www.grandhyamshotel.com\/vi\/wp-json\/wp\/v2\/comments?post=698"}],"version-history":[{"count":0,"href":"https:\/\/www.grandhyamshotel.com\/vi\/wp-json\/wp\/v2\/pages\/698\/revisions"}],"up":[{"embeddable":true,"href":"https:\/\/www.grandhyamshotel.com\/vi\/wp-json\/wp\/v2\/pages\/332"}],"wp:featuredmedia":[{"embeddable":true,"href":"https:\/\/www.grandhyamshotel.com\/vi\/wp-json\/wp\/v2\/media\/2421"}],"wp:attachment":[{"href":"https:\/\/www.grandhyamshotel.com\/vi\/wp-json\/wp\/v2\/media?parent=698"}],"curies":[{"name":"wp","href":"https:\/\/api.w.org\/{rel}","templated":true}]}}